{"id":2350,"date":"2023-06-30T07:44:09","date_gmt":"2023-06-30T07:44:09","guid":{"rendered":"https:\/\/satisfybot.com\/?post_type=product&#038;p=2350"},"modified":"2023-06-30T07:44:10","modified_gmt":"2023-06-30T07:44:10","slug":"shantui-sd10-small-bulldozer","status":"publish","type":"product","link":"https:\/\/satisfybot.com\/ar\/product\/shantui-sd10-small-bulldozer\/","title":{"rendered":"\u062c\u0631\u0627\u0641\u0629 \u0635\u063a\u064a\u0631\u0629 \u0634\u0627\u0646\u062a\u0648\u064a SD10"},"content":{"rendered":"<p>TQ \uff1a<\/p>\n<table width=\"441\">\n<colgroup>\n<col width=\"313\" \/>\n<col width=\"128\" \/><\/colgroup>\n<tbody>\n<tr class=\"firstRow\">\n<td class=\"et2\" width=\"313\" height=\"27\">\u0627\u0644\u062a\u0641\u0627\u0635\u064a\u0644 \/ \u0627\u0644\u0646\u0645\u0648\u0630\u062c<\/td>\n<td class=\"et2\" width=\"128\" height=\"27\">SD10YE \/ YS<\/td>\n<\/tr>\n<tr>\n<td class=\"et1\" width=\"313\" height=\"36\">\u0627\u0644\u0623\u0628\u0639\u0627\u062f (L * W * H)<\/td>\n<td class=\"et3\" width=\"128\" height=\"36\">4406 \u00d7 2860 \u00d7 2763 4406 \u00d7 3200 \u00d7 2763<\/td>\n<\/tr>\n<tr>\n<td class=\"et4\" width=\"313\" height=\"19\">\u0648\u0632\u0646 \u0627\u0644\u062a\u0634\u063a\u064a\u0644 (\u0631)<\/td>\n<td class=\"et4\" width=\"128\" height=\"19\">9.2\/9.5<\/td>\n<\/tr>\n<tr>\n<td class=\"et1\" width=\"313\" height=\"19\">\u0645\u062d\u0631\u0643<\/td>\n<td height=\"19\"><\/td>\n<\/tr>\n<tr>\n<td class=\"et1\" width=\"313\" height=\"19\">\u0627\u0644\u0637\u0627\u0642\u0629 (kw \/ rpm)<\/td>\n<td class=\"et1\" width=\"128\" height=\"19\">74\/2200<\/td>\n<\/tr>\n<tr>\n<td class=\"et1\" width=\"313\" height=\"19\">\u0637\u0648\u0644 \u0627\u0644\u0623\u0631\u0636 \/ \u0627\u0644\u0636\u063a\u0637 (\u0645\u0645 \/ \u0645\u064a\u062c\u0627 \u0628\u0627\u0633\u0643\u0627\u0644)<\/td>\n<td class=\"et1\" width=\"128\" height=\"19\">2360&#8211;0.04\/0.03<\/td>\n<\/tr>\n<tr>\n<td class=\"et1\" width=\"313\" height=\"19\"><span class=\"font3\">\u0642\u062f\u0631\u0629 \u0627\u0644\u0635\u0639\u0648\u062f (<\/span><span class=\"font0\">\u00b0<\/span><span class=\"font3\">)<\/span><\/td>\n<td class=\"et1\" width=\"128\" height=\"19\">30<\/td>\n<\/tr>\n<tr>\n<td class=\"et1\" width=\"313\" height=\"19\">\u0643\u0645\u064a\u0629 \u0627\u0644\u0632\u0627\u062d\u0641 \u0639\u0644\u0649 \u0643\u0644 \u062c\u0627\u0646\u0628<\/td>\n<td class=\"et1\" width=\"128\" height=\"19\">39<\/td>\n<\/tr>\n<tr>\n<td class=\"et1\" width=\"313\" height=\"19\">\u0639\u0631\u0636 \u0645\u062f\u0627\u0633\u0627\u062a \u0627\u0644\u062c\u0646\u0632\u064a\u0631 (\u0645\u0645)<\/td>\n<td class=\"et1\" width=\"128\" height=\"19\">460\/660<\/td>\n<\/tr>\n<tr>\n<td class=\"et1\" width=\"313\" height=\"19\">\u0645\u0642\u064a\u0627\u0633 \u0627\u0644\u0645\u0633\u0627\u0631 (\u0645\u0645)<\/td>\n<td class=\"et1\" width=\"128\" height=\"19\">1650\/1790<\/td>\n<\/tr>\n<tr>\n<td class=\"et1\" width=\"313\" height=\"19\">\u064a\u0642\u0630\u0641<\/td>\n<td class=\"et1\" width=\"128\" height=\"19\">171.45<\/td>\n<\/tr>\n<tr>\n<td class=\"et1\" width=\"313\" height=\"19\">\u0639\u062f\u062f \u0628\u0643\u0631\u0627\u062a \u0627\u0644\u062d\u0627\u0645\u0644 (\u0643\u0644 \u062c\u0627\u0646\u0628)<\/td>\n<td class=\"et1\" width=\"128\" height=\"19\">2<\/td>\n<\/tr>\n<tr>\n<td class=\"et1\" width=\"313\" height=\"19\">\u0639\u062f\u062f \u0628\u0643\u0631\u0627\u062a \u0627\u0644\u062c\u0646\u0632\u064a\u0631 (\u0643\u0644 \u062c\u0627\u0646\u0628)<\/td>\n<td class=\"et1\" width=\"128\" height=\"19\">6<\/td>\n<\/tr>\n<tr>\n<td class=\"et3\" width=\"313\" height=\"36\">\u0646\u0648\u0639 \u0627\u0644\u0634\u0641\u0631\u0629<\/td>\n<td class=\"et3\" width=\"128\" height=\"36\">\u0645\u062c\u0631\u0641\u0629 \u0639\u0627\u0644\u0645\u064a\u0629<\/td>\n<\/tr>\n<tr>\n<td class=\"et3\" width=\"313\" height=\"72\">\u0637\u0648\u0644 \u0627\u0644\u0646\u0635\u0644 \u0648\u0645\u0631\u062a\u0641\u0639\u0647 (\u0645\u0645)<\/td>\n<td class=\"et3\" width=\"128\" height=\"72\">2860&#215;1020 \u00a0 \u00a0 \u00a03200&#215;1020<\/td>\n<\/tr>\n<tr>\n<td class=\"et1\" width=\"313\" height=\"19\"><span class=\"font3\">\u0642\u062f\u0631\u0629 \u0627\u0644\u0634\u0641\u0631\u0629 (\u0645<\/span><span class=\"font0\">\u00b3<\/span><span class=\"font3\">)<\/span><\/td>\n<td class=\"et1\" width=\"128\" height=\"19\">2.38\/2.66<\/td>\n<\/tr>\n<tr>\n<td class=\"et1\" width=\"313\" height=\"19\">\u0627\u0631\u062a\u0641\u0627\u0639 \u0631\u0641\u0639 \u0627\u0644\u0634\u0641\u0631\u0629 (\u0645\u0645)<\/td>\n<td class=\"et1\" width=\"128\" height=\"19\">900<\/td>\n<\/tr>\n<tr>\n<td class=\"et1\" width=\"313\" height=\"19\">\u0623\u0642\u0635\u0649 \u0642\u0637\u0631\u0629 \u062a\u062d\u062a \u0627\u0644\u0623\u0631\u0636 (\u0645\u0645)<\/td>\n<td class=\"et1\" width=\"128\" height=\"19\">450<\/td>\n<\/tr>\n<tr>\n<td class=\"et1\" width=\"313\" height=\"19\">\u062e\u062f\u0634<\/td>\n<td class=\"et1\" width=\"128\" height=\"19\">\/<\/td>\n<\/tr>\n<tr>\n<td class=\"et1\" width=\"313\" height=\"19\">\u0639\u0645\u0642 \u0627\u0644\u062e\u062f\u0634 (\u0645\u0645)<\/td>\n<td class=\"et1\" width=\"128\" height=\"19\">\/<\/td>\n<\/tr>\n<tr>\n<td class=\"et1\" width=\"313\" height=\"19\">\u0627\u0631\u062a\u0641\u0627\u0639 \u0631\u0641\u0639 \u0627\u0644\u0645\u062e\u062f\u0634 (\u0645\u0645)<\/td>\n<td class=\"et1\" width=\"128\" height=\"19\">\/<\/td>\n<\/tr>\n<tr>\n<td height=\"19\"><\/td>\n<td class=\"et1\" width=\"128\" height=\"19\">\u0633\u0631\u0639\u0629 \u0633\u062a\u0628\u0644\u064a\u0633<\/td>\n<\/tr>\n<tr>\n<td class=\"et1\" width=\"313\" height=\"19\">\u0633\u0631\u0639\u0629 \u0627\u0644\u062a\u0631\u0633 \u0627\u0644\u0623\u0645\u0627\u0645\u064a (\u0643\u0645 \/ \u0633\u0627\u0639\u0629)<\/td>\n<td class=\"et1\" width=\"128\" height=\"19\">\u064a\u062a\u063a\u064a\u0631<\/td>\n<\/tr>\n<tr>\n<td height=\"19\"><\/td>\n<td class=\"et1\" width=\"128\" height=\"19\">0-9.0<\/td>\n<\/tr>\n<tr>\n<td height=\"18\"><\/td>\n<td height=\"18\"><\/td>\n<\/tr>\n<tr>\n<td class=\"et1\" width=\"313\" height=\"19\">\u0633\u0631\u0639\u0629 \u0627\u0644\u062a\u0631\u0633 \u0627\u0644\u062e\u0644\u0641\u064a (\u0643\u0645 \/ \u0633\u0627\u0639\u0629)<\/td>\n<td class=\"et1\" width=\"128\" height=\"19\">\u0633\u0631\u0639\u0629 \u0633\u062a\u0628\u0644\u064a\u0633<\/td>\n<\/tr>\n<tr>\n<td height=\"19\"><\/td>\n<td class=\"et1\" width=\"128\" height=\"19\">\u064a\u062a\u063a\u064a\u0631<\/td>\n<\/tr>\n<tr>\n<td height=\"19\"><\/td>\n<td class=\"et1\" width=\"128\" height=\"19\">0-9.0<\/td>\n<\/tr>\n<\/tbody>\n<\/table>","protected":false},"excerpt":{"rendered":"<p>TQ\uff1a Detail\/Model SD10YE\/YS Dimensions(L*W*H) 4406X2860X2763 \u00a04406x3200x2763 Operating weight(t) 9.2\/9.5 Engine Power(kw\/rpm) 74\/2200 Ground length\/Pressure(mm\/Mpa) 2360&#8211;0.04\/0.03 Gradeability(&amp;deg;) 30 Quantity of crawler each side 39 Width of track shoes(mm) 460\/660 Track gauge(mm) 1650\/1790 Pitch 171.45 Number of carrier rollers(each side) 2 Number of track rollers(each side) 6 Type of blade Universal shovel Length and hight of blade(mm) [&hellip;]<\/p>","protected":false},"featured_media":2351,"template":"","meta":{"site-sidebar-layout":"default","site-content-layout":"default","ast-site-content-layout":"default","site-content-style":"default","site-sidebar-style":"default","ast-global-header-display":"","ast-banner-title-visibility":"","ast-main-header-display":"","ast-hfb-above-header-display":"","ast-hfb-below-header-display":"","ast-hfb-mobile-header-display":"","site-post-title":"","ast-breadcrumbs-content":"","ast-featured-img":"","footer-sml-layout":"","ast-disable-related-posts":"","theme-transparent-header-meta":"default","adv-header-id-meta":"","stick-header-meta":"","header-above-stick-meta":"","header-main-stick-meta":"","header-below-stick-meta":"","astra-migrate-meta-layouts":"default","ast-page-background-enabled":"default","ast-page-background-meta":{"desktop":{"background-color":"","background-image":"","background-repeat":"repeat","background-position":"center center","background-size":"auto","background-attachment":"scroll","background-type":"","background-media":"","overlay-type":"","overlay-color":"","overlay-opacity":"","overlay-gradient":""},"tablet":{"background-color":"","background-image":"","background-repeat":"repeat","background-position":"center center","background-size":"auto","background-attachment":"scroll","background-type":"","background-media":"","overlay-type":"","overlay-color":"","overlay-opacity":"","overlay-gradient":""},"mobile":{"background-color":"","background-image":"","background-repeat":"repeat","background-position":"center center","background-size":"auto","background-attachment":"scroll","background-type":"","background-media":"","overlay-type":"","overlay-color":"","overlay-opacity":"","overlay-gradient":""}},"ast-content-background-meta":{"desktop":{"background-color":"var(--ast-global-color-5)","background-image":"","background-repeat":"repeat","background-position":"center center","background-size":"auto","background-attachment":"scroll","background-type":"","background-media":"","overlay-type":"","overlay-color":"","overlay-opacity":"","overlay-gradient":""},"tablet":{"background-color":"var(--ast-global-color-5)","background-image":"","background-repeat":"repeat","background-position":"center center","background-size":"auto","background-attachment":"scroll","background-type":"","background-media":"","overlay-type":"","overlay-color":"","overlay-opacity":"","overlay-gradient":""},"mobile":{"background-color":"var(--ast-global-color-5)","background-image":"","background-repeat":"repeat","background-position":"center center","background-size":"auto","background-attachment":"scroll","background-type":"","background-media":"","overlay-type":"","overlay-color":"","overlay-opacity":"","overlay-gradient":""}}},"product_brand":[],"product_cat":[28],"product_tag":[],"class_list":{"0":"post-2350","1":"product","2":"type-product","3":"status-publish","4":"has-post-thumbnail","6":"product_cat-excavator","7":"desktop-align-left","8":"tablet-align-left","9":"mobile-align-left","11":"first","12":"instock","13":"shipping-taxable","14":"product-type-simple"},"_links":{"self":[{"href":"https:\/\/satisfybot.com\/ar\/wp-json\/wp\/v2\/product\/2350","targetHints":{"allow":["GET"]}}],"collection":[{"href":"https:\/\/satisfybot.com\/ar\/wp-json\/wp\/v2\/product"}],"about":[{"href":"https:\/\/satisfybot.com\/ar\/wp-json\/wp\/v2\/types\/product"}],"version-history":[{"count":0,"href":"https:\/\/satisfybot.com\/ar\/wp-json\/wp\/v2\/product\/2350\/revisions"}],"wp:featuredmedia":[{"embeddable":true,"href":"https:\/\/satisfybot.com\/ar\/wp-json\/wp\/v2\/media\/2351"}],"wp:attachment":[{"href":"https:\/\/satisfybot.com\/ar\/wp-json\/wp\/v2\/media?parent=2350"}],"wp:term":[{"taxonomy":"product_brand","embeddable":true,"href":"https:\/\/satisfybot.com\/ar\/wp-json\/wp\/v2\/product_brand?post=2350"},{"taxonomy":"product_cat","embeddable":true,"href":"https:\/\/satisfybot.com\/ar\/wp-json\/wp\/v2\/product_cat?post=2350"},{"taxonomy":"product_tag","embeddable":true,"href":"https:\/\/satisfybot.com\/ar\/wp-json\/wp\/v2\/product_tag?post=2350"}],"curies":[{"name":"wp","href":"https:\/\/api.w.org\/{rel}","templated":true}]}}