{"id":2039,"date":"2023-06-25T13:17:25","date_gmt":"2023-06-25T13:17:25","guid":{"rendered":"https:\/\/satisfybot.com\/?post_type=product&#038;p=2039"},"modified":"2023-06-25T13:27:17","modified_gmt":"2023-06-25T13:27:17","slug":"sinotruk-howo-heavy-dump-truck","status":"publish","type":"product","link":"https:\/\/satisfybot.com\/de\/produkt\/sinotruk-howo-heavy-dump-truck\/","title":{"rendered":"Schwerer Muldenkipper Sinotruk Howo"},"content":{"rendered":"<p>Merkmale des schweren Sinotruk Howo Muldenkippers<br \/>\nDer 1,6 x 4-Muldenkipper kann vorne oder in der Mitte angehoben werden, 8 x 4 wird f\u00fcr den Fronthub empfohlen. Wir empfehlen Ihnen entsprechend Ihren Bed\u00fcrfnissen den f\u00fcr Sie am besten geeigneten Muldenkipper.<br \/>\n2. Standard-Einzelkabine mit Klimaanlage. Scheibenwischereinrichtung mit dreistufigem Doppelarm, laminierte Windschutzscheibe mit projizierter Antenne, hydraulisch ged\u00e4mpfter verstellbarer Fahrersitz und starr verstellbarer Beifahrersitz mit Heizung und Bel\u00fcftung, \u00e4u\u00dfere Sonnenblenden, verstellbare Dachklappen mit Stereoradio\/Kassettenspieler, verstellbares F\u00fchrungsrad, Lufthupe, komplett schwimmende Aufh\u00e4ngung mit 2-Punkt-Federbeinen.<br \/>\n3. Reifenoptionen: Diagonalreifen 12.00-20, Radialreifen 12.00R20, schlauchlose Reifen 12R22.5, 13R22.5 und 315\/80R22.5.<br \/>\n4. Hochleistungs-F\u00fcnfplattenfeder: Hochleistungsachse HF6-HF16, robuste Tragf\u00e4higkeit, kann schwere Minen und Sand unterst\u00fctzen und ziehen.<br \/>\n5. Schnelles Entladen: besonderes Haltungsdesign, sauberer und besonders praktisches Entladen.<\/p>\n<h2><strong>Spezifikation des schweren Muldenkippers Sinotruk Howo<\/strong><\/h2>\n<table border=\"1\" cellspacing=\"0\" cellpadding=\"0\" align=\"center\">\n<tbody>\n<tr>\n<td class=\"et2\" width=\"277\" height=\"18\">LKW-Modell<\/td>\n<td class=\"et3\" width=\"315\">ZZ3257N3647A<\/td>\n<\/tr>\n<tr>\n<td class=\"et2\" width=\"277\" height=\"18\">LKW-Marke<\/td>\n<td class=\"et3\">SINOTRUCK HOWO<\/td>\n<\/tr>\n<tr>\n<td class=\"et2\" width=\"277\" height=\"18\">Frachtk\u00f6rpergr\u00f6\u00dfe<\/td>\n<td class=\"et3\">5400*2300*1500mm<\/td>\n<\/tr>\n<tr>\n<td class=\"et2\" width=\"277\" height=\"18\">Dicke des Ladek\u00f6rpers<\/td>\n<td class=\"et3\">unten: 8 mm; Seite: 6 mm<\/td>\n<\/tr>\n<tr>\n<td class=\"et2\" width=\"277\" height=\"18\">Hebewagentyp<\/td>\n<td class=\"et3\">Frontanhebung<\/td>\n<\/tr>\n<tr>\n<td class=\"et2\" width=\"277\" height=\"18\">Kapazit\u00e4t des Kraftstofftankers<\/td>\n<td class=\"et3\">300L mit abschlie\u00dfbarem Tankdeckel<\/td>\n<\/tr>\n<tr>\n<td class=\"et2\" width=\"277\" height=\"18\">Motormodell<\/td>\n<td class=\"et3\">D10.38<\/td>\n<\/tr>\n<tr>\n<td class=\"et2\" width=\"277\" height=\"18\">Pferdest\u00e4rke<\/td>\n<td class=\"et3\">380 PS<\/td>\n<\/tr>\n<tr>\n<td class=\"et2\" width=\"277\" height=\"18\">Abgasnorm<\/td>\n<td class=\"et3\">EURO4<\/td>\n<\/tr>\n<tr>\n<td class=\"et2\" width=\"277\" height=\"18\">\u00dcbertragung<\/td>\n<td class=\"et3\">HW19710,10 Vorw\u00e4rts- und 2 R\u00fcckw\u00e4rtsg\u00e4nge<\/td>\n<\/tr>\n<tr>\n<td class=\"et2\" width=\"277\" height=\"18\">Steuersystem<\/td>\n<td class=\"et3\">ZF8118<\/td>\n<\/tr>\n<tr>\n<td class=\"et2\" width=\"277\" height=\"18\">Fahren<\/td>\n<td class=\"et3\">6*4<\/td>\n<\/tr>\n<tr>\n<td class=\"et2\" width=\"277\" height=\"18\">Vorderachse<\/td>\n<td class=\"et3\">HF9<\/td>\n<\/tr>\n<tr>\n<td class=\"et2\" width=\"277\" height=\"18\">Hinterachse<\/td>\n<td class=\"et3\">HC16<\/td>\n<\/tr>\n<tr>\n<td class=\"et2\" width=\"277\" height=\"18\">Reifen<\/td>\n<td class=\"et3\">12.00R20<\/td>\n<\/tr>\n<tr>\n<td class=\"et2\" width=\"277\" height=\"18\">Taxi<\/td>\n<td class=\"et3\">HW76, ein Schlafplatz, mit Klimaanlage<\/td>\n<\/tr>\n<tr>\n<td class=\"et2\" width=\"277\" height=\"18\">Fahrtyp<\/td>\n<td class=\"et3\">Linkslenker<\/td>\n<\/tr>\n<\/tbody>\n<\/table>\n<h2>Anwendung<\/h2>\n<p>Die schweren Muldenkipper von Sinotruk Howo verf\u00fcgen \u00fcber starke PS und hochfeste Reifen, die auf verschiedenen Stra\u00dfenabschnitten transportiert werden k\u00f6nnen. Es kann f\u00fcr den Stra\u00dfentransport \u00fcber mittlere und kurze Entfernungen, den Transport von Kohlebergwerken, den Sandtransport und den st\u00e4dtischen Drecktransport eingesetzt werden.<\/p>\n<p><img fetchpriority=\"high\" decoding=\"async\" class=\"aligncenter wp-image-2042 size-large\" src=\"https:\/\/satisfybot.com\/wp-content\/uploads\/2023\/06\/Sinotruk-Howo-A7-Dump-Truck-7-1024x370.png\" alt=\"Sinotruk Howo Heavy Dump Truck\" width=\"1024\" height=\"370\" srcset=\"https:\/\/satisfybot.com\/wp-content\/uploads\/2023\/06\/Sinotruk-Howo-A7-Dump-Truck-7-1024x370.png 1024w, https:\/\/satisfybot.com\/wp-content\/uploads\/2023\/06\/Sinotruk-Howo-A7-Dump-Truck-7-600x217.png 600w, https:\/\/satisfybot.com\/wp-content\/uploads\/2023\/06\/Sinotruk-Howo-A7-Dump-Truck-7-300x108.png 300w, https:\/\/satisfybot.com\/wp-content\/uploads\/2023\/06\/Sinotruk-Howo-A7-Dump-Truck-7-768x278.png 768w, https:\/\/satisfybot.com\/wp-content\/uploads\/2023\/06\/Sinotruk-Howo-A7-Dump-Truck-7.png 1264w\" sizes=\"(max-width: 1024px) 100vw, 1024px\" \/><\/p>","protected":false},"excerpt":{"rendered":"<p>Features of Sinotruk Howo heavy Dump Truck 1.6X4 Dump Truck can pick to elevate in the front or middle, 8&#215;4 is encouraged for the front lift. We will advise the most appropriate dump truck for you in accordance with your needs. 2. Standard single-sleeper cab with air conditioner. Windshield wiper device with three-speed dual-arm, laminated [&hellip;]<\/p>","protected":false},"featured_media":2054,"template":"","meta":{"site-sidebar-layout":"default","site-content-layout":"default","ast-site-content-layout":"default","site-content-style":"default","site-sidebar-style":"default","ast-global-header-display":"","ast-banner-title-visibility":"","ast-main-header-display":"","ast-hfb-above-header-display":"","ast-hfb-below-header-display":"","ast-hfb-mobile-header-display":"","site-post-title":"","ast-breadcrumbs-content":"","ast-featured-img":"","footer-sml-layout":"","ast-disable-related-posts":"","theme-transparent-header-meta":"default","adv-header-id-meta":"","stick-header-meta":"","header-above-stick-meta":"","header-main-stick-meta":"","header-below-stick-meta":"","astra-migrate-meta-layouts":"default","ast-page-background-enabled":"default","ast-page-background-meta":{"desktop":{"background-color":"","background-image":"","background-repeat":"repeat","background-position":"center center","background-size":"auto","background-attachment":"scroll","background-type":"","background-media":"","overlay-type":"","overlay-color":"","overlay-opacity":"","overlay-gradient":""},"tablet":{"background-color":"","background-image":"","background-repeat":"repeat","background-position":"center center","background-size":"auto","background-attachment":"scroll","background-type":"","background-media":"","overlay-type":"","overlay-color":"","overlay-opacity":"","overlay-gradient":""},"mobile":{"background-color":"","background-image":"","background-repeat":"repeat","background-position":"center center","background-size":"auto","background-attachment":"scroll","background-type":"","background-media":"","overlay-type":"","overlay-color":"","overlay-opacity":"","overlay-gradient":""}},"ast-content-background-meta":{"desktop":{"background-color":"var(--ast-global-color-5)","background-image":"","background-repeat":"repeat","background-position":"center center","background-size":"auto","background-attachment":"scroll","background-type":"","background-media":"","overlay-type":"","overlay-color":"","overlay-opacity":"","overlay-gradient":""},"tablet":{"background-color":"var(--ast-global-color-5)","background-image":"","background-repeat":"repeat","background-position":"center center","background-size":"auto","background-attachment":"scroll","background-type":"","background-media":"","overlay-type":"","overlay-color":"","overlay-opacity":"","overlay-gradient":""},"mobile":{"background-color":"var(--ast-global-color-5)","background-image":"","background-repeat":"repeat","background-position":"center center","background-size":"auto","background-attachment":"scroll","background-type":"","background-media":"","overlay-type":"","overlay-color":"","overlay-opacity":"","overlay-gradient":""}}},"product_brand":[],"product_cat":[23],"product_tag":[],"class_list":{"0":"post-2039","1":"product","2":"type-product","3":"status-publish","4":"has-post-thumbnail","6":"product_cat-dump-truck","7":"desktop-align-left","8":"tablet-align-left","9":"mobile-align-left","11":"first","12":"instock","13":"shipping-taxable","14":"product-type-simple"},"_links":{"self":[{"href":"https:\/\/satisfybot.com\/de\/wp-json\/wp\/v2\/product\/2039","targetHints":{"allow":["GET"]}}],"collection":[{"href":"https:\/\/satisfybot.com\/de\/wp-json\/wp\/v2\/product"}],"about":[{"href":"https:\/\/satisfybot.com\/de\/wp-json\/wp\/v2\/types\/product"}],"version-history":[{"count":0,"href":"https:\/\/satisfybot.com\/de\/wp-json\/wp\/v2\/product\/2039\/revisions"}],"wp:featuredmedia":[{"embeddable":true,"href":"https:\/\/satisfybot.com\/de\/wp-json\/wp\/v2\/media\/2054"}],"wp:attachment":[{"href":"https:\/\/satisfybot.com\/de\/wp-json\/wp\/v2\/media?parent=2039"}],"wp:term":[{"taxonomy":"product_brand","embeddable":true,"href":"https:\/\/satisfybot.com\/de\/wp-json\/wp\/v2\/product_brand?post=2039"},{"taxonomy":"product_cat","embeddable":true,"href":"https:\/\/satisfybot.com\/de\/wp-json\/wp\/v2\/product_cat?post=2039"},{"taxonomy":"product_tag","embeddable":true,"href":"https:\/\/satisfybot.com\/de\/wp-json\/wp\/v2\/product_tag?post=2039"}],"curies":[{"name":"wp","href":"https:\/\/api.w.org\/{rel}","templated":true}]}}