{"id":2045,"date":"2023-06-25T13:21:39","date_gmt":"2023-06-25T13:21:39","guid":{"rendered":"https:\/\/satisfybot.com\/?post_type=product&#038;p=2045"},"modified":"2023-06-25T13:24:42","modified_gmt":"2023-06-25T13:24:42","slug":"sinotruk-heavy-dump-truck","status":"publish","type":"product","link":"https:\/\/satisfybot.com\/de\/produkt\/sinotruk-heavy-dump-truck\/","title":{"rendered":"Schwerer Sinotruk-Muldenkipper"},"content":{"rendered":"<p>Sinotruk ist eine Weltklasse-Lkw-Marke mit erstklassigen F\u00e4higkeiten und Spitzentechnologie. Sie k\u00f6nnen sich auf die technische St\u00e4rke und Produktqualit\u00e4t von HOWO verlassen. Die schweren Muldenkipper von Sinotruk eignen sich f\u00fcr den Transport von Kohle, Erz, Erdarbeiten, Baumaterialien und anderen Masseng\u00fctern. Es zeichnet sich durch \u00fcberm\u00e4\u00dfige Festigkeit, starke Hubkraft, angemessene Steifigkeit, ausgezeichnete Z\u00e4higkeit, stabile Tragf\u00e4higkeit und keine Verformung aus. Alle Hebesteuerungen der Richtmaschine funktionieren zuverl\u00e4ssig und k\u00f6nnen zuverl\u00e4ssig erkannt und bedient werden.<\/p>\n<p>F\u00fcr Muldenkipper k\u00f6nnen wir je nach Kundenwunsch unterschiedliche PS-Leistungen und Ladegewichte anbieten.<br \/>\nNeben der Bereitstellung schwerer Sinotruk-Muldenkipper bieten wir auch Shacman, Dongfeng und Beiben an, um den Markenanforderungen der Kunden gerecht zu werden.<\/p>\n<h2>Spezifikation des schweren Sinotruk-Muldenkippers<\/h2>\n<table border=\"1\" cellspacing=\"0\" cellpadding=\"0\" align=\"center\">\n<tbody>\n<tr>\n<td class=\"et2\" width=\"277\" height=\"18\">Marke<\/td>\n<td class=\"et2\" width=\"315\">SINOTRUCK HOWO<\/td>\n<\/tr>\n<tr>\n<td class=\"et2\" width=\"277\" height=\"18\">Fahrtyp<\/td>\n<td class=\"et2\" width=\"315\">6\u00d74<\/td>\n<\/tr>\n<tr>\n<td class=\"et2\" width=\"277\" height=\"18\">Kabine<\/td>\n<td class=\"et2\" width=\"315\">Flach, Einzelbett<\/td>\n<\/tr>\n<tr>\n<td class=\"et2\" width=\"277\" height=\"18\">Motor<\/td>\n<td class=\"et2\" width=\"315\">Sinotruk Steyr<\/td>\n<\/tr>\n<tr>\n<td class=\"et2\" width=\"277\" height=\"18\">Emissionsnormen<\/td>\n<td class=\"et2\" width=\"315\">Euro II<\/td>\n<\/tr>\n<tr>\n<td class=\"et2\" width=\"277\" height=\"18\">Pferdest\u00e4rken<\/td>\n<td class=\"et2\" width=\"315\">371 PS\/375 PS\/420 PS<\/td>\n<\/tr>\n<tr>\n<td class=\"et2\" width=\"277\" height=\"18\">Reifenspezifikationen<\/td>\n<td class=\"et2\" width=\"315\">12.00R20\/12R22.5<\/td>\n<\/tr>\n<tr>\n<td class=\"et2\" width=\"277\" height=\"18\">Gesamtabmessungen<\/td>\n<td class=\"et2\" width=\"315\">11\u00d72,5\u00d73,45M<\/td>\n<\/tr>\n<tr>\n<td class=\"et2\" width=\"277\" height=\"18\">Herstellungsjahr<\/td>\n<td class=\"et2\" width=\"315\">2010-2017<\/td>\n<\/tr>\n<tr>\n<td class=\"et2\" width=\"277\" height=\"18\">Getriebetyp<\/td>\n<td class=\"et2\" width=\"315\">HW19712L<\/td>\n<\/tr>\n<tr>\n<td class=\"et2\" width=\"277\" height=\"18\">\u00dcbertragungsart<\/td>\n<td class=\"et2\" width=\"315\">Handbuch<\/td>\n<\/tr>\n<\/tbody>\n<\/table>\n<h2><strong>Verpackung und Versand<\/strong><\/h2>\n<p>1. Wir sind auf den Export von Schiffsfahrzeugen spezialisiert. Wir verf\u00fcgen \u00fcber langj\u00e4hrige kooperative Reedereien, um die Sicherheit unserer Kunden zu gew\u00e4hrleisten<br \/>\n2. Wir bieten unseren Kunden eine zufriedenstellende M\u00f6glichkeit, das Auto mit der aggressivsten Fracht zu beliefern. Zum Beispiel per Container oder Massengutschiff.<br \/>\n3. Wir versenden regelm\u00e4\u00dfig Transportdaten an unsere Kunden.<\/p>\n<p><img fetchpriority=\"high\" decoding=\"async\" class=\"aligncenter wp-image-2048 size-large\" src=\"https:\/\/satisfybot.com\/wp-content\/uploads\/2023\/06\/Sinotruk-Heavy-Dump-Truck-4-1024x537.png\" alt=\"Sinotruk Heavy Dump Truck\" width=\"1024\" height=\"537\" srcset=\"https:\/\/satisfybot.com\/wp-content\/uploads\/2023\/06\/Sinotruk-Heavy-Dump-Truck-4-1024x537.png 1024w, https:\/\/satisfybot.com\/wp-content\/uploads\/2023\/06\/Sinotruk-Heavy-Dump-Truck-4-600x315.png 600w, https:\/\/satisfybot.com\/wp-content\/uploads\/2023\/06\/Sinotruk-Heavy-Dump-Truck-4-300x157.png 300w, https:\/\/satisfybot.com\/wp-content\/uploads\/2023\/06\/Sinotruk-Heavy-Dump-Truck-4-768x403.png 768w, https:\/\/satisfybot.com\/wp-content\/uploads\/2023\/06\/Sinotruk-Heavy-Dump-Truck-4.png 1228w\" sizes=\"(max-width: 1024px) 100vw, 1024px\" \/><\/p>\n<h2><strong>Warum uns w\u00e4hlen?<\/strong><\/h2>\n<p>1 Wir sind der Vertreter von Sinotruk und der Preis ist besonders wettbewerbsf\u00e4hig.<br \/>\n2 Qualit\u00e4t: Nutzen Sie die Inspektionsmaschine der China National Heavy Duty Truck Group und f\u00fchren Sie vor dem Export eine Reihe von Inspektionen durch.<br \/>\n3. Garantie: Die drei Schl\u00fcsselfaktoren Achse, Technik und Getriebe oder die sechsmonatige Garantie innerhalb von 50.000 km stehen an erster Stelle.<br \/>\n4. After-Sales: Ein einzigartiges Dienstleistungsteam mit technischen Ingenieuren ist jederzeit f\u00fcr Sie da. Sollte es eine gro\u00dfe Beschwerde geben, wird diese erneut bearbeitet und innerhalb von 48 Stunden gel\u00f6st.<br \/>\n5 Versand: Eine Expertengruppe f\u00fcr Logistik arbeitet mit globalen Transportunternehmen zusammen, um Ihre Transporter erfolgreich zu liefern.<br \/>\n6. Stellen Sie zu einem bestimmten Zeitpunkt im gesamten Lebenszyklus von Fahrzeugen und Anh\u00e4ngern Ersatzkomponenten und einen kostenlosen technischen Leitfaden zum Herstellerpreis bereit.<\/p>","protected":false},"excerpt":{"rendered":"<p>Sinotruk is a world-class truck brand with first-class capabilities and top technology. You can rely on HOWO&#8217;s technical strength and product quality. Sinotruk heavy dump trucks are suitable for the transportation of coal, ore, earthwork, building materials, and other bulk and bulk goods. It has the traits of excessive strength, sturdy lifting force, suitable rigidity, [&hellip;]<\/p>","protected":false},"featured_media":2051,"template":"","meta":{"site-sidebar-layout":"default","site-content-layout":"default","ast-site-content-layout":"default","site-content-style":"default","site-sidebar-style":"default","ast-global-header-display":"","ast-banner-title-visibility":"","ast-main-header-display":"","ast-hfb-above-header-display":"","ast-hfb-below-header-display":"","ast-hfb-mobile-header-display":"","site-post-title":"","ast-breadcrumbs-content":"","ast-featured-img":"","footer-sml-layout":"","ast-disable-related-posts":"","theme-transparent-header-meta":"default","adv-header-id-meta":"","stick-header-meta":"","header-above-stick-meta":"","header-main-stick-meta":"","header-below-stick-meta":"","astra-migrate-meta-layouts":"default","ast-page-background-enabled":"default","ast-page-background-meta":{"desktop":{"background-color":"","background-image":"","background-repeat":"repeat","background-position":"center center","background-size":"auto","background-attachment":"scroll","background-type":"","background-media":"","overlay-type":"","overlay-color":"","overlay-opacity":"","overlay-gradient":""},"tablet":{"background-color":"","background-image":"","background-repeat":"repeat","background-position":"center center","background-size":"auto","background-attachment":"scroll","background-type":"","background-media":"","overlay-type":"","overlay-color":"","overlay-opacity":"","overlay-gradient":""},"mobile":{"background-color":"","background-image":"","background-repeat":"repeat","background-position":"center center","background-size":"auto","background-attachment":"scroll","background-type":"","background-media":"","overlay-type":"","overlay-color":"","overlay-opacity":"","overlay-gradient":""}},"ast-content-background-meta":{"desktop":{"background-color":"var(--ast-global-color-5)","background-image":"","background-repeat":"repeat","background-position":"center center","background-size":"auto","background-attachment":"scroll","background-type":"","background-media":"","overlay-type":"","overlay-color":"","overlay-opacity":"","overlay-gradient":""},"tablet":{"background-color":"var(--ast-global-color-5)","background-image":"","background-repeat":"repeat","background-position":"center center","background-size":"auto","background-attachment":"scroll","background-type":"","background-media":"","overlay-type":"","overlay-color":"","overlay-opacity":"","overlay-gradient":""},"mobile":{"background-color":"var(--ast-global-color-5)","background-image":"","background-repeat":"repeat","background-position":"center center","background-size":"auto","background-attachment":"scroll","background-type":"","background-media":"","overlay-type":"","overlay-color":"","overlay-opacity":"","overlay-gradient":""}}},"product_brand":[],"product_cat":[23],"product_tag":[],"class_list":{"0":"post-2045","1":"product","2":"type-product","3":"status-publish","4":"has-post-thumbnail","6":"product_cat-dump-truck","7":"desktop-align-left","8":"tablet-align-left","9":"mobile-align-left","11":"first","12":"instock","13":"shipping-taxable","14":"product-type-simple"},"_links":{"self":[{"href":"https:\/\/satisfybot.com\/de\/wp-json\/wp\/v2\/product\/2045","targetHints":{"allow":["GET"]}}],"collection":[{"href":"https:\/\/satisfybot.com\/de\/wp-json\/wp\/v2\/product"}],"about":[{"href":"https:\/\/satisfybot.com\/de\/wp-json\/wp\/v2\/types\/product"}],"version-history":[{"count":0,"href":"https:\/\/satisfybot.com\/de\/wp-json\/wp\/v2\/product\/2045\/revisions"}],"wp:featuredmedia":[{"embeddable":true,"href":"https:\/\/satisfybot.com\/de\/wp-json\/wp\/v2\/media\/2051"}],"wp:attachment":[{"href":"https:\/\/satisfybot.com\/de\/wp-json\/wp\/v2\/media?parent=2045"}],"wp:term":[{"taxonomy":"product_brand","embeddable":true,"href":"https:\/\/satisfybot.com\/de\/wp-json\/wp\/v2\/product_brand?post=2045"},{"taxonomy":"product_cat","embeddable":true,"href":"https:\/\/satisfybot.com\/de\/wp-json\/wp\/v2\/product_cat?post=2045"},{"taxonomy":"product_tag","embeddable":true,"href":"https:\/\/satisfybot.com\/de\/wp-json\/wp\/v2\/product_tag?post=2045"}],"curies":[{"name":"wp","href":"https:\/\/api.w.org\/{rel}","templated":true}]}}