{"id":2066,"date":"2023-06-25T13:34:48","date_gmt":"2023-06-25T13:34:48","guid":{"rendered":"https:\/\/satisfybot.com\/?post_type=product&#038;p=2066"},"modified":"2023-06-25T13:34:48","modified_gmt":"2023-06-25T13:34:48","slug":"howo-380-dump-truck","status":"publish","type":"product","link":"https:\/\/satisfybot.com\/de\/produkt\/howo-380-dump-truck\/","title":{"rendered":"Howo 380 Muldenkipper"},"content":{"rendered":"<p>Der Muldenkipper HOWO 380 wird im Allgemeinen f\u00fcr den Transport von Masseng\u00fctern (wie Sand, Erde, Mineralien usw.) verwendet und wird in den meisten F\u00e4llen im Bergbau, auf Entwicklungsstandorten usw. eingesetzt. Die Kapazit\u00e4t des Howo-Muldenkippers betr\u00e4gt 25 bis 30 Tonnen, was Ihren Anforderungen gerecht werden kann. Verschiedene Frachtgeb\u00e4ude k\u00f6nnen entsprechend Ihren Anforderungen entworfen und hergestellt werden, sodass sie ein geringes Leergewicht, hohe Steifigkeit und hohe Tragf\u00e4higkeit aufweisen.<\/p>\n<h2><strong>Spezifikation des Howo 380 Muldenkippers<\/strong><\/h2>\n<table border=\"1\" cellspacing=\"0\" cellpadding=\"0\" align=\"center\">\n<tbody>\n<tr>\n<td class=\"et2\" width=\"277\" height=\"18\">LKW-Modell<\/td>\n<td class=\"et3\" width=\"315\">ZZ3257N3647A<\/td>\n<\/tr>\n<tr>\n<td class=\"et2\" width=\"277\" height=\"18\">LKW-Marke<\/td>\n<td class=\"et3\">SINOTRUCK HOWO<\/td>\n<\/tr>\n<tr>\n<td class=\"et2\" width=\"277\" height=\"18\">Frachtk\u00f6rpergr\u00f6\u00dfe<\/td>\n<td class=\"et3\">5400*2300*1500mm<\/td>\n<\/tr>\n<tr>\n<td class=\"et2\" width=\"277\" height=\"18\">Dicke des Ladek\u00f6rpers<\/td>\n<td class=\"et3\">unten: 8 mm; Seite: 6 mm<\/td>\n<\/tr>\n<tr>\n<td class=\"et2\" width=\"277\" height=\"18\">Hebewagentyp<\/td>\n<td class=\"et3\">Frontanhebung<\/td>\n<\/tr>\n<tr>\n<td class=\"et2\" width=\"277\" height=\"18\">Kapazit\u00e4t des Kraftstofftankers<\/td>\n<td class=\"et3\">300L mit abschlie\u00dfbarem Tankdeckel<\/td>\n<\/tr>\n<tr>\n<td class=\"et2\" width=\"277\" height=\"18\">Motormodell<\/td>\n<td class=\"et3\">D10.38<\/td>\n<\/tr>\n<tr>\n<td class=\"et2\" width=\"277\" height=\"18\">Pferdest\u00e4rke<\/td>\n<td class=\"et3\">380 PS<\/td>\n<\/tr>\n<tr>\n<td class=\"et2\" width=\"277\" height=\"18\">Abgasnorm<\/td>\n<td class=\"et3\">EURO4<\/td>\n<\/tr>\n<tr>\n<td class=\"et2\" width=\"277\" height=\"18\">\u00dcbertragung<\/td>\n<td class=\"et3\">HW19710,10 Vorw\u00e4rts- und 2 R\u00fcckw\u00e4rtsg\u00e4nge<\/td>\n<\/tr>\n<tr>\n<td class=\"et2\" width=\"277\" height=\"18\">Steuersystem<\/td>\n<td class=\"et3\">ZF8118<\/td>\n<\/tr>\n<tr>\n<td class=\"et2\" width=\"277\" height=\"18\">Fahren<\/td>\n<td class=\"et3\">6*4<\/td>\n<\/tr>\n<tr>\n<td class=\"et2\" width=\"277\" height=\"18\">Vorderachse<\/td>\n<td class=\"et3\">HF9<\/td>\n<\/tr>\n<tr>\n<td class=\"et2\" width=\"277\" height=\"18\">Hinterachse<\/td>\n<td class=\"et3\">HC16<\/td>\n<\/tr>\n<tr>\n<td class=\"et2\" width=\"277\" height=\"18\">Reifen<\/td>\n<td class=\"et3\">12.00R20<\/td>\n<\/tr>\n<tr>\n<td class=\"et2\" width=\"277\" height=\"18\">Taxi<\/td>\n<td class=\"et3\">HW76, ein Schlafplatz, mit Klimaanlage<\/td>\n<\/tr>\n<tr>\n<td class=\"et2\" width=\"277\" height=\"18\">Fahrtyp<\/td>\n<td class=\"et3\">Linkslenker<\/td>\n<\/tr>\n<\/tbody>\n<\/table>\n<h2><strong>Verpackung und Versand<\/strong><\/h2>\n<p>Verpackungsdetails: Ro-Ro- oder Bulk- oder Containerbasis im Schiff und Hafen Ihres Landes. Wenn der LKW oder Laptop an Deck steht, spr\u00fchen wir kostenlos Rostschutzfarbe auf. Normalerweise stellen wir den LKW oder Desktop in die Kabine.<\/p>\n<p><img fetchpriority=\"high\" decoding=\"async\" class=\"aligncenter size-large wp-image-2071\" src=\"https:\/\/satisfybot.com\/wp-content\/uploads\/2023\/06\/\u5fae\u4fe1\u622a\u56fe_20230625213252-1024x639.png\" alt=\"Howo 380 Dump Truck\" width=\"1024\" height=\"639\" srcset=\"https:\/\/satisfybot.com\/wp-content\/uploads\/2023\/06\/\u5fae\u4fe1\u622a\u56fe_20230625213252-1024x639.png 1024w, https:\/\/satisfybot.com\/wp-content\/uploads\/2023\/06\/\u5fae\u4fe1\u622a\u56fe_20230625213252-600x374.png 600w, https:\/\/satisfybot.com\/wp-content\/uploads\/2023\/06\/\u5fae\u4fe1\u622a\u56fe_20230625213252-300x187.png 300w, https:\/\/satisfybot.com\/wp-content\/uploads\/2023\/06\/\u5fae\u4fe1\u622a\u56fe_20230625213252-768x479.png 768w, https:\/\/satisfybot.com\/wp-content\/uploads\/2023\/06\/\u5fae\u4fe1\u622a\u56fe_20230625213252.png 1247w\" sizes=\"(max-width: 1024px) 100vw, 1024px\" \/><\/p>","protected":false},"excerpt":{"rendered":"<p>HOWO 380 Dump Truck is broadly speaking used to transport bulk objects (such as sand, soil, minerals, etc.), in most cases used in mining, development sites, etc. Howo dump truck ability is 25-30 tons, which can meet your needs. Various cargo physique buildings can be designed and produced in accordance with your necessities so that [&hellip;]<\/p>","protected":false},"featured_media":2069,"template":"","meta":{"site-sidebar-layout":"default","site-content-layout":"default","ast-site-content-layout":"default","site-content-style":"default","site-sidebar-style":"default","ast-global-header-display":"","ast-banner-title-visibility":"","ast-main-header-display":"","ast-hfb-above-header-display":"","ast-hfb-below-header-display":"","ast-hfb-mobile-header-display":"","site-post-title":"","ast-breadcrumbs-content":"","ast-featured-img":"","footer-sml-layout":"","ast-disable-related-posts":"","theme-transparent-header-meta":"default","adv-header-id-meta":"","stick-header-meta":"","header-above-stick-meta":"","header-main-stick-meta":"","header-below-stick-meta":"","astra-migrate-meta-layouts":"default","ast-page-background-enabled":"default","ast-page-background-meta":{"desktop":{"background-color":"","background-image":"","background-repeat":"repeat","background-position":"center center","background-size":"auto","background-attachment":"scroll","background-type":"","background-media":"","overlay-type":"","overlay-color":"","overlay-opacity":"","overlay-gradient":""},"tablet":{"background-color":"","background-image":"","background-repeat":"repeat","background-position":"center center","background-size":"auto","background-attachment":"scroll","background-type":"","background-media":"","overlay-type":"","overlay-color":"","overlay-opacity":"","overlay-gradient":""},"mobile":{"background-color":"","background-image":"","background-repeat":"repeat","background-position":"center center","background-size":"auto","background-attachment":"scroll","background-type":"","background-media":"","overlay-type":"","overlay-color":"","overlay-opacity":"","overlay-gradient":""}},"ast-content-background-meta":{"desktop":{"background-color":"var(--ast-global-color-5)","background-image":"","background-repeat":"repeat","background-position":"center center","background-size":"auto","background-attachment":"scroll","background-type":"","background-media":"","overlay-type":"","overlay-color":"","overlay-opacity":"","overlay-gradient":""},"tablet":{"background-color":"var(--ast-global-color-5)","background-image":"","background-repeat":"repeat","background-position":"center center","background-size":"auto","background-attachment":"scroll","background-type":"","background-media":"","overlay-type":"","overlay-color":"","overlay-opacity":"","overlay-gradient":""},"mobile":{"background-color":"var(--ast-global-color-5)","background-image":"","background-repeat":"repeat","background-position":"center center","background-size":"auto","background-attachment":"scroll","background-type":"","background-media":"","overlay-type":"","overlay-color":"","overlay-opacity":"","overlay-gradient":""}}},"product_brand":[],"product_cat":[23],"product_tag":[],"class_list":{"0":"post-2066","1":"product","2":"type-product","3":"status-publish","4":"has-post-thumbnail","6":"product_cat-dump-truck","7":"desktop-align-left","8":"tablet-align-left","9":"mobile-align-left","11":"first","12":"instock","13":"shipping-taxable","14":"product-type-simple"},"_links":{"self":[{"href":"https:\/\/satisfybot.com\/de\/wp-json\/wp\/v2\/product\/2066","targetHints":{"allow":["GET"]}}],"collection":[{"href":"https:\/\/satisfybot.com\/de\/wp-json\/wp\/v2\/product"}],"about":[{"href":"https:\/\/satisfybot.com\/de\/wp-json\/wp\/v2\/types\/product"}],"version-history":[{"count":0,"href":"https:\/\/satisfybot.com\/de\/wp-json\/wp\/v2\/product\/2066\/revisions"}],"wp:featuredmedia":[{"embeddable":true,"href":"https:\/\/satisfybot.com\/de\/wp-json\/wp\/v2\/media\/2069"}],"wp:attachment":[{"href":"https:\/\/satisfybot.com\/de\/wp-json\/wp\/v2\/media?parent=2066"}],"wp:term":[{"taxonomy":"product_brand","embeddable":true,"href":"https:\/\/satisfybot.com\/de\/wp-json\/wp\/v2\/product_brand?post=2066"},{"taxonomy":"product_cat","embeddable":true,"href":"https:\/\/satisfybot.com\/de\/wp-json\/wp\/v2\/product_cat?post=2066"},{"taxonomy":"product_tag","embeddable":true,"href":"https:\/\/satisfybot.com\/de\/wp-json\/wp\/v2\/product_tag?post=2066"}],"curies":[{"name":"wp","href":"https:\/\/api.w.org\/{rel}","templated":true}]}}