{"id":2077,"date":"2023-06-25T13:47:11","date_gmt":"2023-06-25T13:47:11","guid":{"rendered":"https:\/\/satisfybot.com\/?post_type=product&#038;p=2077"},"modified":"2023-06-25T13:47:12","modified_gmt":"2023-06-25T13:47:12","slug":"oil-tanker-trucks","status":"publish","type":"product","link":"https:\/\/satisfybot.com\/de\/produkt\/oil-tanker-trucks\/","title":{"rendered":"\u00d6ltankwagen"},"content":{"rendered":"<h2>\u00d6ltankwagen<\/h2>\n<p>SINOTRUCK HOWO 4X2 \u00d6ltanker-LKW-Preis, fragen Sie uns gerne. Ein erfahrenes und technologisches Team passt die besten Produktionen f\u00fcr Kunden an. Unsere LKWs werden auf dem internationalen Markt, wie dem afrikanischen Markt (Tansania, Kenia, Angola, Algerien usw.), hei\u00df verkauft. .Mittlerer Osten, S\u00fcdasien (Burma, Vietnam, Thailand\u2026) und S\u00fcdamerika-Markt. Je nach Verwendungszweck k\u00f6nnen wir auch eine andere Kabine verwenden. Kurzstreckentransport mit einer einzelnen Liegekabine. Ferntransport mit Doppelliegekabine.<\/p>\n<p><img fetchpriority=\"high\" decoding=\"async\" class=\"aligncenter\" title=\"\u00d6ltankwagen\" src=\"https:\/\/bsg-i.nbxc.com\/product\/77\/e5\/b6\/7d55d72d814a029456f6a89aa6.png\" alt=\"Oil Tanker Trucks\" width=\"800\" height=\"796\" \/><\/p>\n<p>Je nach Verwendungszweck und Einsatzumgebung verf\u00fcgt es \u00fcber eine Vielzahl von Betankungs- oder \u00d6ltransportfunktionen, darunter \u00d6lansaugung, \u00d6lpumpen, mehrfache \u00d6lunterladung, Unterentladung und andere Funktionen. Der besondere Teil des \u00d6ltankers besteht aus Tankk\u00f6rper, Zapfwelle, Getriebewelle, Getriebe\u00f6lpumpe, Rohrnetzsystem und anderen Komponenten. Das Rohrnetzsystem besteht aus einer \u00d6lpumpe, einem Dreiwege-Kugelhahn mit vier Stellungen, einem Zweiwege-Kugelhahn, einem Filtersieb und einer Rohrleitung.<\/p>","protected":false},"excerpt":{"rendered":"<p>Oil tanker trucks SINOTRUCK HOWO 4X2 oil Tanker Truck price ,welcome to ask us .Experienced and technological team customize the best productions for customers.Our trucks are hot sale in the international market,such as Africa market(Tanzania,Kenya,Angola,Algeria and so on).Mid-east,South-Asia (Burma,Vietnamese,Thailand&#8230;) and South America market.Depending on the use, we can also use a different cab. Short distance [&hellip;]<\/p>","protected":false},"featured_media":2078,"template":"","meta":{"site-sidebar-layout":"default","site-content-layout":"default","ast-site-content-layout":"default","site-content-style":"default","site-sidebar-style":"default","ast-global-header-display":"","ast-banner-title-visibility":"","ast-main-header-display":"","ast-hfb-above-header-display":"","ast-hfb-below-header-display":"","ast-hfb-mobile-header-display":"","site-post-title":"","ast-breadcrumbs-content":"","ast-featured-img":"","footer-sml-layout":"","ast-disable-related-posts":"","theme-transparent-header-meta":"default","adv-header-id-meta":"","stick-header-meta":"","header-above-stick-meta":"","header-main-stick-meta":"","header-below-stick-meta":"","astra-migrate-meta-layouts":"default","ast-page-background-enabled":"default","ast-page-background-meta":{"desktop":{"background-color":"","background-image":"","background-repeat":"repeat","background-position":"center center","background-size":"auto","background-attachment":"scroll","background-type":"","background-media":"","overlay-type":"","overlay-color":"","overlay-opacity":"","overlay-gradient":""},"tablet":{"background-color":"","background-image":"","background-repeat":"repeat","background-position":"center center","background-size":"auto","background-attachment":"scroll","background-type":"","background-media":"","overlay-type":"","overlay-color":"","overlay-opacity":"","overlay-gradient":""},"mobile":{"background-color":"","background-image":"","background-repeat":"repeat","background-position":"center center","background-size":"auto","background-attachment":"scroll","background-type":"","background-media":"","overlay-type":"","overlay-color":"","overlay-opacity":"","overlay-gradient":""}},"ast-content-background-meta":{"desktop":{"background-color":"var(--ast-global-color-5)","background-image":"","background-repeat":"repeat","background-position":"center center","background-size":"auto","background-attachment":"scroll","background-type":"","background-media":"","overlay-type":"","overlay-color":"","overlay-opacity":"","overlay-gradient":""},"tablet":{"background-color":"var(--ast-global-color-5)","background-image":"","background-repeat":"repeat","background-position":"center center","background-size":"auto","background-attachment":"scroll","background-type":"","background-media":"","overlay-type":"","overlay-color":"","overlay-opacity":"","overlay-gradient":""},"mobile":{"background-color":"var(--ast-global-color-5)","background-image":"","background-repeat":"repeat","background-position":"center center","background-size":"auto","background-attachment":"scroll","background-type":"","background-media":"","overlay-type":"","overlay-color":"","overlay-opacity":"","overlay-gradient":""}}},"product_brand":[],"product_cat":[24],"product_tag":[],"class_list":{"0":"post-2077","1":"product","2":"type-product","3":"status-publish","4":"has-post-thumbnail","6":"product_cat-tank-truck","7":"desktop-align-left","8":"tablet-align-left","9":"mobile-align-left","11":"first","12":"instock","13":"shipping-taxable","14":"product-type-simple"},"_links":{"self":[{"href":"https:\/\/satisfybot.com\/de\/wp-json\/wp\/v2\/product\/2077","targetHints":{"allow":["GET"]}}],"collection":[{"href":"https:\/\/satisfybot.com\/de\/wp-json\/wp\/v2\/product"}],"about":[{"href":"https:\/\/satisfybot.com\/de\/wp-json\/wp\/v2\/types\/product"}],"version-history":[{"count":0,"href":"https:\/\/satisfybot.com\/de\/wp-json\/wp\/v2\/product\/2077\/revisions"}],"wp:featuredmedia":[{"embeddable":true,"href":"https:\/\/satisfybot.com\/de\/wp-json\/wp\/v2\/media\/2078"}],"wp:attachment":[{"href":"https:\/\/satisfybot.com\/de\/wp-json\/wp\/v2\/media?parent=2077"}],"wp:term":[{"taxonomy":"product_brand","embeddable":true,"href":"https:\/\/satisfybot.com\/de\/wp-json\/wp\/v2\/product_brand?post=2077"},{"taxonomy":"product_cat","embeddable":true,"href":"https:\/\/satisfybot.com\/de\/wp-json\/wp\/v2\/product_cat?post=2077"},{"taxonomy":"product_tag","embeddable":true,"href":"https:\/\/satisfybot.com\/de\/wp-json\/wp\/v2\/product_tag?post=2077"}],"curies":[{"name":"wp","href":"https:\/\/api.w.org\/{rel}","templated":true}]}}