{"id":2080,"date":"2023-06-25T13:53:15","date_gmt":"2023-06-25T13:53:15","guid":{"rendered":"https:\/\/satisfybot.com\/?post_type=product&#038;p=2080"},"modified":"2023-06-25T13:53:16","modified_gmt":"2023-06-25T13:53:16","slug":"petrol-tankers","status":"publish","type":"product","link":"https:\/\/satisfybot.com\/de\/produkt\/petrol-tankers\/","title":{"rendered":"Benzintanker"},"content":{"rendered":"<h2 style=\"text-align: left;\">Benzintanker<\/h2>\n<p>Der von uns verwendete Benzintankwagen HOWO76-Kabine (Einzelschlafplatz, mit Klimaanlage), Ganzstahl-Frontlenker, hydraulisch um 55\u00b0 nach vorne kippbar, 2-armiges Scheibenwischersystem mit drei Geschwindigkeiten, laminierte Windschutzscheibe mit eingegossener Funkantenne, hydraulisch ged\u00e4mpfter verstellbarer Fahrersitz und starrer verstellbarer Beifahrersitz, mit Heiz- und L\u00fcftungssystem, \u00e4u\u00dferer Sonnenblende, verstellbarer Dachklappe, mit Stereoradio\/Kassettenrecorder, Sicherheitsgurten und verstellbarem Lenkrad, Drucklufthupe, mit 4-Punkt-Auflage voll schwebend Federung und Sto\u00dfd\u00e4mpfer<\/p>\n<p>&nbsp;<\/p>\n<table>\n<tbody>\n<tr>\n<td colspan=\"5\" valign=\"center\" width=\"352\">LKW-Modell<\/td>\n<td valign=\"center\" width=\"328\"><strong>ZZ1257N4647D1B<\/strong><\/td>\n<\/tr>\n<tr>\n<td colspan=\"5\" valign=\"center\" width=\"352\">Abmessungen (L x B x H) (unbeladen) (mm)<\/td>\n<td valign=\"center\" width=\"328\">8800\u00d72490\u00d73428<\/td>\n<\/tr>\n<tr>\n<td colspan=\"5\" valign=\"center\" width=\"352\">Tankervolumen(m\u00b3)(m\u00b3)<\/td>\n<td valign=\"center\" width=\"328\">15<\/td>\n<\/tr>\n<tr>\n<td colspan=\"5\" valign=\"center\" width=\"352\">Ann\u00e4herungswinkel\/Abfahrtswinkel (\u00b0)<\/p>\n<p>&nbsp;<\/td>\n<td valign=\"center\" width=\"328\">16\/26<\/td>\n<\/tr>\n<tr>\n<td colspan=\"4\" valign=\"center\" width=\"351\">\u00dcberhang (vorne\/hinten) (mm)<\/td>\n<td colspan=\"2\" valign=\"center\" width=\"328\">1500\/2100<\/td>\n<\/tr>\n<tr>\n<td colspan=\"4\" valign=\"center\" width=\"351\">Radstand (mm)<\/td>\n<td colspan=\"2\" valign=\"top\" width=\"328\">3800+1400<\/td>\n<\/tr>\n<tr>\n<td colspan=\"4\" valign=\"center\" width=\"351\">H\u00f6chstgeschwindigkeit (km\/h) (km\/h)<\/td>\n<td colspan=\"2\" valign=\"top\" width=\"328\">90\/102<\/td>\n<\/tr>\n<tr>\n<td colspan=\"4\" valign=\"center\" width=\"351\">Leergewicht (kg)<\/td>\n<td colspan=\"2\" valign=\"top\" width=\"328\">10380<\/td>\n<\/tr>\n<tr>\n<td colspan=\"4\" valign=\"center\" width=\"351\">Nennladegewicht (kg)<\/td>\n<td colspan=\"2\" valign=\"top\" width=\"328\">14490<\/td>\n<\/tr>\n<tr>\n<td rowspan=\"4\" valign=\"center\" width=\"96\">Motor<\/p>\n<p>(Steyr-Technologie, hergestellt in China)<\/td>\n<td colspan=\"3\" valign=\"center\" width=\"254\">Modell<\/td>\n<td colspan=\"2\" valign=\"top\" width=\"328\"><strong>WD615<\/strong>,wassergek\u00fchlt, vier Takte, 6 Zylinder in Reihe mit Wasserk\u00fchlung, Direkteinspritzung<\/td>\n<\/tr>\n<tr>\n<td colspan=\"3\" valign=\"top\" width=\"254\">Treibstoffart<\/td>\n<td colspan=\"2\" valign=\"top\" width=\"328\">Diesel<\/td>\n<\/tr>\n<tr>\n<td colspan=\"3\" valign=\"top\" width=\"254\">Pferdest\u00e4rke, max. (kW\/U\/min)<\/td>\n<td colspan=\"2\" valign=\"center\" width=\"328\"><strong>336 PS<\/strong><\/td>\n<\/tr>\n<tr>\n<td colspan=\"3\" valign=\"center\" width=\"254\">Emission<\/td>\n<td colspan=\"2\" valign=\"center\" width=\"328\"><strong>EURO2<\/strong><\/td>\n<\/tr>\n<tr>\n<td colspan=\"4\" valign=\"top\" width=\"351\">Kapazit\u00e4t des Kraftstofftankers<\/td>\n<td colspan=\"2\" valign=\"center\" width=\"328\">300<\/td>\n<\/tr>\n<tr>\n<td colspan=\"2\" valign=\"center\" width=\"190\">\u00dcbertragung<\/td>\n<td colspan=\"2\" valign=\"center\" width=\"160\">Modell<\/td>\n<td colspan=\"2\" valign=\"top\" width=\"328\"><strong>HW13710<\/strong><\/td>\n<\/tr>\n<tr>\n<td colspan=\"2\" rowspan=\"2\" valign=\"center\" width=\"190\">Bremssystem<\/p>\n<p>&nbsp;<\/td>\n<td colspan=\"2\" valign=\"center\" width=\"160\">Betriebsbremse<\/td>\n<td colspan=\"2\" valign=\"center\" width=\"328\">Zweikreis-Druckluftbremse<\/td>\n<\/tr>\n<tr>\n<td colspan=\"2\" valign=\"center\" width=\"160\">Feststellbremse<\/td>\n<td colspan=\"2\" valign=\"center\" width=\"328\">Federenergie, Druckluft wirkt auf die Hinterr\u00e4der<\/p>\n<p>&nbsp;<\/td>\n<\/tr>\n<tr>\n<td colspan=\"2\" valign=\"center\" width=\"190\">Steuersystem<\/p>\n<p>&nbsp;<\/td>\n<td colspan=\"2\" valign=\"center\" width=\"160\">Modell<\/td>\n<td colspan=\"2\" valign=\"center\" width=\"328\"><strong>ZF8118<\/strong><\/td>\n<\/tr>\n<tr>\n<td colspan=\"2\" valign=\"center\" width=\"190\">Vorderachse<\/td>\n<td colspan=\"4\" valign=\"top\" width=\"489\"><strong>HR9\u00a0<\/strong>, Lenkung mit Doppel-T-Querschnittsbalken<\/td>\n<\/tr>\n<tr>\n<td colspan=\"2\" valign=\"center\" width=\"190\">Hinterachse<\/td>\n<td colspan=\"4\" valign=\"top\" width=\"489\"><strong>ST16<\/strong><\/td>\n<\/tr>\n<tr>\n<td colspan=\"2\" valign=\"center\" width=\"190\">Farbe<\/td>\n<td colspan=\"4\" valign=\"top\" width=\"489\">Wei\u00df Rot<\/td>\n<\/tr>\n<tr>\n<td colspan=\"2\" valign=\"center\" width=\"190\">Reifen<\/td>\n<td colspan=\"4\" valign=\"top\" width=\"489\"><strong>1200R22.5 schlauchloser Reifen<\/strong><\/td>\n<\/tr>\n<tr>\n<td colspan=\"2\" valign=\"center\" width=\"190\">Tankervolumen<\/td>\n<td colspan=\"4\" valign=\"top\" width=\"489\"><strong>20000L<\/strong><\/td>\n<\/tr>\n<tr>\n<td colspan=\"2\" rowspan=\"3\" valign=\"center\" width=\"190\">Elektrisches System<\/p>\n<p>&nbsp;<\/td>\n<td valign=\"center\" width=\"148\">Batterie<\/td>\n<td colspan=\"3\" valign=\"top\" width=\"341\">2X12V\/165Ah<\/td>\n<\/tr>\n<tr>\n<td valign=\"center\" width=\"148\">Generator<\/td>\n<td colspan=\"3\" valign=\"top\" width=\"341\">28V-1500kw<\/td>\n<\/tr>\n<tr>\n<td valign=\"center\" width=\"148\">Anlasser<\/td>\n<td colspan=\"3\" valign=\"top\" width=\"341\">7,5 kW\/24 V<\/td>\n<\/tr>\n<tr>\n<td colspan=\"2\" valign=\"center\" width=\"190\">Taxi<\/td>\n<td colspan=\"4\" valign=\"top\" width=\"489\">HOWO76-Kabine (Einzelschlafplatz, mit Klimaanlage), Ganzstahl-Frontlenker, hydraulisch um 55\u00b0 nach vorne kippbar, 2-armiges Scheibenwischersystem mit drei Geschwindigkeiten, laminierte Windschutzscheibe mit eingegossener Radioantenne, hydraulisch ged\u00e4mpfter verstellbarer Fahrersitz und Starrer, verstellbarer Beifahrersitz, mit Heiz- und L\u00fcftungssystem, \u00e4u\u00dferer Sonnenblende, verstellbarer Dachklappe, mit Stereo-Radio\/Kassettenrecorder, Sicherheitsgurten und verstellbarem Lenkrad, Lufthupe, mit 4-Punkt-Auflage, vollschwimmender Federung und Sto\u00dfd\u00e4mpfern<\/td>\n<\/tr>\n<\/tbody>\n<\/table>\n<p><img fetchpriority=\"high\" decoding=\"async\" class=\"aligncenter size-full wp-image-2081\" src=\"https:\/\/satisfybot.com\/wp-content\/uploads\/2023\/06\/7c849bbb50ad466e8b5407dad0.jpg\" alt=\"Petrol Tankers\" width=\"1000\" height=\"900\" srcset=\"https:\/\/satisfybot.com\/wp-content\/uploads\/2023\/06\/7c849bbb50ad466e8b5407dad0.jpg 1000w, https:\/\/satisfybot.com\/wp-content\/uploads\/2023\/06\/7c849bbb50ad466e8b5407dad0-600x540.jpg 600w, https:\/\/satisfybot.com\/wp-content\/uploads\/2023\/06\/7c849bbb50ad466e8b5407dad0-300x270.jpg 300w, https:\/\/satisfybot.com\/wp-content\/uploads\/2023\/06\/7c849bbb50ad466e8b5407dad0-768x691.jpg 768w\" sizes=\"(max-width: 1000px) 100vw, 1000px\" \/><\/p>","protected":false},"excerpt":{"rendered":"<p>Petrol Tankers The petrol tanker we use HOWO76 cab, (single sleeping, with air-condition), all-steel forward control,55\u00bahydraulically tiltable to the front, 2- arm windscreen wiper system with three speeds, laminated windscreen with casted-in radio aerial, hydraulically damped adjustable driver\u2019s seat and rigid adjustable co-driver\u2019s seat, with heating and ventilating system, outer sun visor, adjustable roof flap, [&hellip;]<\/p>","protected":false},"featured_media":2082,"template":"","meta":{"site-sidebar-layout":"default","site-content-layout":"default","ast-site-content-layout":"default","site-content-style":"default","site-sidebar-style":"default","ast-global-header-display":"","ast-banner-title-visibility":"","ast-main-header-display":"","ast-hfb-above-header-display":"","ast-hfb-below-header-display":"","ast-hfb-mobile-header-display":"","site-post-title":"","ast-breadcrumbs-content":"","ast-featured-img":"","footer-sml-layout":"","ast-disable-related-posts":"","theme-transparent-header-meta":"default","adv-header-id-meta":"","stick-header-meta":"","header-above-stick-meta":"","header-main-stick-meta":"","header-below-stick-meta":"","astra-migrate-meta-layouts":"default","ast-page-background-enabled":"default","ast-page-background-meta":{"desktop":{"background-color":"","background-image":"","background-repeat":"repeat","background-position":"center center","background-size":"auto","background-attachment":"scroll","background-type":"","background-media":"","overlay-type":"","overlay-color":"","overlay-opacity":"","overlay-gradient":""},"tablet":{"background-color":"","background-image":"","background-repeat":"repeat","background-position":"center center","background-size":"auto","background-attachment":"scroll","background-type":"","background-media":"","overlay-type":"","overlay-color":"","overlay-opacity":"","overlay-gradient":""},"mobile":{"background-color":"","background-image":"","background-repeat":"repeat","background-position":"center center","background-size":"auto","background-attachment":"scroll","background-type":"","background-media":"","overlay-type":"","overlay-color":"","overlay-opacity":"","overlay-gradient":""}},"ast-content-background-meta":{"desktop":{"background-color":"var(--ast-global-color-5)","background-image":"","background-repeat":"repeat","background-position":"center center","background-size":"auto","background-attachment":"scroll","background-type":"","background-media":"","overlay-type":"","overlay-color":"","overlay-opacity":"","overlay-gradient":""},"tablet":{"background-color":"var(--ast-global-color-5)","background-image":"","background-repeat":"repeat","background-position":"center center","background-size":"auto","background-attachment":"scroll","background-type":"","background-media":"","overlay-type":"","overlay-color":"","overlay-opacity":"","overlay-gradient":""},"mobile":{"background-color":"var(--ast-global-color-5)","background-image":"","background-repeat":"repeat","background-position":"center center","background-size":"auto","background-attachment":"scroll","background-type":"","background-media":"","overlay-type":"","overlay-color":"","overlay-opacity":"","overlay-gradient":""}}},"product_brand":[],"product_cat":[24],"product_tag":[],"class_list":{"0":"post-2080","1":"product","2":"type-product","3":"status-publish","4":"has-post-thumbnail","6":"product_cat-tank-truck","7":"desktop-align-left","8":"tablet-align-left","9":"mobile-align-left","11":"first","12":"instock","13":"shipping-taxable","14":"product-type-simple"},"_links":{"self":[{"href":"https:\/\/satisfybot.com\/de\/wp-json\/wp\/v2\/product\/2080","targetHints":{"allow":["GET"]}}],"collection":[{"href":"https:\/\/satisfybot.com\/de\/wp-json\/wp\/v2\/product"}],"about":[{"href":"https:\/\/satisfybot.com\/de\/wp-json\/wp\/v2\/types\/product"}],"version-history":[{"count":0,"href":"https:\/\/satisfybot.com\/de\/wp-json\/wp\/v2\/product\/2080\/revisions"}],"wp:featuredmedia":[{"embeddable":true,"href":"https:\/\/satisfybot.com\/de\/wp-json\/wp\/v2\/media\/2082"}],"wp:attachment":[{"href":"https:\/\/satisfybot.com\/de\/wp-json\/wp\/v2\/media?parent=2080"}],"wp:term":[{"taxonomy":"product_brand","embeddable":true,"href":"https:\/\/satisfybot.com\/de\/wp-json\/wp\/v2\/product_brand?post=2080"},{"taxonomy":"product_cat","embeddable":true,"href":"https:\/\/satisfybot.com\/de\/wp-json\/wp\/v2\/product_cat?post=2080"},{"taxonomy":"product_tag","embeddable":true,"href":"https:\/\/satisfybot.com\/de\/wp-json\/wp\/v2\/product_tag?post=2080"}],"curies":[{"name":"wp","href":"https:\/\/api.w.org\/{rel}","templated":true}]}}