{"id":2085,"date":"2023-06-25T13:56:15","date_gmt":"2023-06-25T13:56:15","guid":{"rendered":"https:\/\/satisfybot.com\/?post_type=product&#038;p=2085"},"modified":"2023-06-25T13:56:27","modified_gmt":"2023-06-25T13:56:27","slug":"fuel-tank-truck","status":"publish","type":"product","link":"https:\/\/satisfybot.com\/de\/produkt\/fuel-tank-truck\/","title":{"rendered":"Kraftstofftankwagen"},"content":{"rendered":"<p><strong><span class=\"keywords_replace\">Kraftstofftankwagen<\/span><\/strong><\/p>\n<p>SPEZIFIKATION DES SINOTRUK HOWO 10 Wheeler 22000 Liter Heiz\u00f6ltankers\u00a0<span class=\"keywords_replace\">\u00d6ltankwagen<\/span>,Es kann als mobile Tankstelle verwendet werden,Gilt f\u00fcr jede Tankstelle.Unser LKW verf\u00fcgt \u00fcber eine HOWO76-Kabine mit einem Schlafplatz und Klimaanlage, Ganzstahl-Vorw\u00e4rtslenkung, hydraulisch um 55\u00b0 nach vorne neigbar, 2-armiges Scheibenwischersystem mit drei Geschwindigkeiten, laminierte Windschutzscheibe mit eingegossener Radioantenne, hydraulisch ged\u00e4mpfter verstellbarer Fahrersitz und starrer verstellbarer Beifahrersitz, mit Heiz- und L\u00fcftungssystem, \u00e4u\u00dfere Sonnenblende, verstellbare Dachklappe, mit Stereoradio \/Kassettenrekorder, Sicherheitsgurte und verstellbares Lenkrad, Drucklufthupe, mit 4-Punkt-Aufh\u00e4ngung, vollschwimmender Federung und Sto\u00dfd\u00e4mpfern.<\/p>\n<table class=\"aliDataTable\" border=\"1\" cellspacing=\"0\" cellpadding=\"0\">\n<tbody>\n<tr>\n<td colspan=\"5\">LKW-Modell<\/td>\n<td colspan=\"2\">ZZ5317M4667C<\/td>\n<\/tr>\n<tr>\n<td colspan=\"5\">LKW-Marke<\/td>\n<td colspan=\"2\">SINOTRUK \u2013 HOWO-Kraftstoff\u00a0<span class=\"keywords_replace\">Tankwagen<\/span><\/td>\n<\/tr>\n<tr>\n<td colspan=\"5\">Fahrtyp<\/td>\n<td colspan=\"2\">Fahren mit der linken Hand<\/td>\n<\/tr>\n<tr>\n<td colspan=\"5\">Abmessungen (L x B x H) (unbeladen (mm)<\/td>\n<td colspan=\"2\">11980x2496x3700<\/td>\n<\/tr>\n<tr>\n<td colspan=\"5\">Wageninnenma\u00dfe (LxBxH)(mm)<\/td>\n<td colspan=\"2\">9150*2400*1500<\/td>\n<\/tr>\n<tr>\n<td colspan=\"5\">Ann\u00e4herungswinkel\/Abfahrtswinkel (\u00b0)<\/p>\n<p align=\"left\">\n<\/td>\n<td colspan=\"2\">19\/19<\/td>\n<\/tr>\n<tr>\n<td colspan=\"5\">V\/R-Schienenbasis (mm)<\/td>\n<td colspan=\"2\">2022\/1830<\/td>\n<\/tr>\n<tr>\n<td colspan=\"5\">Tankinhalt (m3)<\/td>\n<td colspan=\"2\">37<\/td>\n<\/tr>\n<tr>\n<td colspan=\"5\">Mittel<\/td>\n<td colspan=\"2\">Benzin<\/td>\n<\/tr>\n<tr>\n<td colspan=\"2\" rowspan=\"4\">Getriebe\u00f6lpumpe<\/td>\n<td colspan=\"3\">Modell<\/td>\n<td colspan=\"2\">76YCB-40(F)<\/td>\n<\/tr>\n<tr>\n<td colspan=\"3\">Flussmittel m3\/h<\/td>\n<td colspan=\"2\">40<\/td>\n<\/tr>\n<tr>\n<td colspan=\"3\">Ein-\/Auskabine mm<\/td>\n<td colspan=\"2\">76<\/td>\n<\/tr>\n<tr>\n<td colspan=\"3\">U\/min U\/min<\/td>\n<td colspan=\"2\">960<\/td>\n<\/tr>\n<tr>\n<td colspan=\"7\">Anmerkungen: \u00d6lpumpenmodell mit F, stellt \u00dcberdruckventil dar, verwendet f\u00fcr \u00d6ltankwagen mit \u00d6lpistole.<\/td>\n<\/tr>\n<tr>\n<td colspan=\"6\">Radstand (mm)<\/td>\n<td valign=\"top\">1800+4600+1350<\/td>\n<\/tr>\n<tr>\n<td colspan=\"6\">H\u00f6chstgeschwindigkeit (km\/h)<\/td>\n<td valign=\"top\">90<\/td>\n<\/tr>\n<tr>\n<td colspan=\"6\">Leergewicht (kg)<\/td>\n<td valign=\"top\">16360<\/td>\n<\/tr>\n<tr>\n<td colspan=\"6\">Ladegewicht (kg)<\/td>\n<td valign=\"top\">31000<\/td>\n<\/tr>\n<tr>\n<td rowspan=\"4\">Motor<\/p>\n<p align=\"left\">(Steyr-Technologie, hergestellt in China)<\/p>\n<\/td>\n<td colspan=\"5\">Modell<\/td>\n<td valign=\"top\">WD615, wassergek\u00fchlt, Viertaktmotor, 6 Reihenzylinder mit Wasserk\u00fchlung, Turbolader und Ladeluftk\u00fchlung, Direkteinspritzung<\/td>\n<\/tr>\n<tr>\n<td colspan=\"5\" valign=\"top\">Treibstoffart<\/td>\n<td valign=\"top\">Diesel<\/td>\n<\/tr>\n<tr>\n<td colspan=\"5\" valign=\"top\">Pferdest\u00e4rke, max. (kW\/U\/min)<\/td>\n<td>266 PS. 290 PS, 336 PS<\/td>\n<\/tr>\n<tr>\n<td colspan=\"5\">Emission<\/td>\n<td>EURO II<\/td>\n<\/tr>\n<tr>\n<td colspan=\"6\" valign=\"top\">Fassungsverm\u00f6gen des Kraftstofftanks (L)<\/td>\n<td>300<\/td>\n<\/tr>\n<tr>\n<td colspan=\"3\">\u00dcbertragung<\/td>\n<td colspan=\"3\">Modell<\/td>\n<td valign=\"top\">HW13710CL, 10 Vorw\u00e4rtsg\u00e4nge und 2 R\u00fcckw\u00e4rtsg\u00e4nge<\/td>\n<\/tr>\n<tr>\n<td colspan=\"3\" rowspan=\"3\">Bremssystem<\/p>\n<p align=\"left\">\n<\/td>\n<td colspan=\"3\">Betriebsbremse<\/td>\n<td>Zweikreis-Druckluftbremse<\/td>\n<\/tr>\n<tr>\n<td colspan=\"3\">Feststellbremse<\/td>\n<td>Federenergie, Druckluft wirkt auf die Hinterr\u00e4der<\/p>\n<p align=\"left\">\n<\/td>\n<\/tr>\n<tr>\n<td colspan=\"3\">Hilfsbremse<\/td>\n<td>Motorabgasbremse<\/td>\n<\/tr>\n<tr>\n<td colspan=\"3\">Steuersystem<\/p>\n<p>&nbsp;<\/td>\n<td colspan=\"3\">Modell<\/td>\n<td>ZF8098<\/td>\n<\/tr>\n<tr>\n<td colspan=\"3\">Vorderachse<\/td>\n<td colspan=\"4\" valign=\"top\">HF7<\/td>\n<\/tr>\n<tr>\n<td colspan=\"3\">Hinterachse<\/td>\n<td colspan=\"4\" valign=\"top\">MCY13Q<\/td>\n<\/tr>\n<tr>\n<td colspan=\"3\">Farbe<\/td>\n<td colspan=\"4\" valign=\"top\">Optional<\/td>\n<\/tr>\n<tr>\n<td colspan=\"3\">Reifen<\/td>\n<td colspan=\"4\" valign=\"top\">11.00-20 \/ 12.00-20\/ 295\/80R22.5<\/td>\n<\/tr>\n<tr>\n<td colspan=\"3\">Reifenmenge<\/td>\n<td colspan=\"4\" valign=\"top\">12+1 Ersatz<\/td>\n<\/tr>\n<tr>\n<td colspan=\"3\" rowspan=\"3\">Elektrisches System<\/p>\n<p>&nbsp;<\/td>\n<td>Batterie<\/td>\n<td colspan=\"3\" valign=\"top\">2X12V\/165Ah<\/td>\n<\/tr>\n<tr>\n<td>Generator<\/td>\n<td colspan=\"3\" valign=\"top\">28V-1500kw<\/td>\n<\/tr>\n<tr>\n<td>Anlasser<\/td>\n<td colspan=\"3\" valign=\"top\">7,5 kW\/24 V<\/td>\n<\/tr>\n<tr>\n<td colspan=\"3\">Taxi<\/td>\n<td colspan=\"4\" valign=\"top\">HOWO76-Fahrerhaus mit einem Schlafplatz und Klimaanlage, Ganzstahl-Frontlenker, hydraulisch um 55\u00b0 nach vorne neigbar, 2-armiges Scheibenwischersystem mit drei Geschwindigkeiten, laminierte Windschutzscheibe mit eingegossener Radioantenne, hydraulisch ged\u00e4mpfter verstellbarer Fahrersitz und starrer verstellbarer Beifahrersitz, mit Heiz- und L\u00fcftungssystem, \u00e4u\u00dfere Sonnenblende, verstellbare Dachklappe, mit Stereo-Radio\/Kassettenrecorder, Sicherheitsgurten und verstellbarem Lenkrad, Lufthupe, mit 4- Punktlager, vollschwimmende Federung und Sto\u00dfd\u00e4mpfer<\/td>\n<\/tr>\n<\/tbody>\n<\/table>\n<p>&nbsp;<\/p>","protected":false},"excerpt":{"rendered":"<p>Fuel Tank Truck SPECIFICATION Of SINOTRUK HOWO 10 wheeler 22000 liters fuel oil tanker\u00a0Oil Tank Truck,It can be used as a mobile gas station,Applicable to each gas station.Our truck use\u00a0HOWO76 cab with one sleeper and air conditioner, all-steel forward control,55\u00bahydraulically tiltable to the front, 2- arm windscreen wiper system with three speeds, laminated windscreen with [&hellip;]<\/p>","protected":false},"featured_media":2086,"template":"","meta":{"site-sidebar-layout":"default","site-content-layout":"default","ast-site-content-layout":"default","site-content-style":"default","site-sidebar-style":"default","ast-global-header-display":"","ast-banner-title-visibility":"","ast-main-header-display":"","ast-hfb-above-header-display":"","ast-hfb-below-header-display":"","ast-hfb-mobile-header-display":"","site-post-title":"","ast-breadcrumbs-content":"","ast-featured-img":"","footer-sml-layout":"","ast-disable-related-posts":"","theme-transparent-header-meta":"default","adv-header-id-meta":"","stick-header-meta":"","header-above-stick-meta":"","header-main-stick-meta":"","header-below-stick-meta":"","astra-migrate-meta-layouts":"default","ast-page-background-enabled":"default","ast-page-background-meta":{"desktop":{"background-color":"","background-image":"","background-repeat":"repeat","background-position":"center center","background-size":"auto","background-attachment":"scroll","background-type":"","background-media":"","overlay-type":"","overlay-color":"","overlay-opacity":"","overlay-gradient":""},"tablet":{"background-color":"","background-image":"","background-repeat":"repeat","background-position":"center center","background-size":"auto","background-attachment":"scroll","background-type":"","background-media":"","overlay-type":"","overlay-color":"","overlay-opacity":"","overlay-gradient":""},"mobile":{"background-color":"","background-image":"","background-repeat":"repeat","background-position":"center center","background-size":"auto","background-attachment":"scroll","background-type":"","background-media":"","overlay-type":"","overlay-color":"","overlay-opacity":"","overlay-gradient":""}},"ast-content-background-meta":{"desktop":{"background-color":"var(--ast-global-color-5)","background-image":"","background-repeat":"repeat","background-position":"center center","background-size":"auto","background-attachment":"scroll","background-type":"","background-media":"","overlay-type":"","overlay-color":"","overlay-opacity":"","overlay-gradient":""},"tablet":{"background-color":"var(--ast-global-color-5)","background-image":"","background-repeat":"repeat","background-position":"center center","background-size":"auto","background-attachment":"scroll","background-type":"","background-media":"","overlay-type":"","overlay-color":"","overlay-opacity":"","overlay-gradient":""},"mobile":{"background-color":"var(--ast-global-color-5)","background-image":"","background-repeat":"repeat","background-position":"center center","background-size":"auto","background-attachment":"scroll","background-type":"","background-media":"","overlay-type":"","overlay-color":"","overlay-opacity":"","overlay-gradient":""}}},"product_brand":[],"product_cat":[24],"product_tag":[],"class_list":{"0":"post-2085","1":"product","2":"type-product","3":"status-publish","4":"has-post-thumbnail","6":"product_cat-tank-truck","7":"desktop-align-left","8":"tablet-align-left","9":"mobile-align-left","11":"first","12":"instock","13":"shipping-taxable","14":"product-type-simple"},"_links":{"self":[{"href":"https:\/\/satisfybot.com\/de\/wp-json\/wp\/v2\/product\/2085","targetHints":{"allow":["GET"]}}],"collection":[{"href":"https:\/\/satisfybot.com\/de\/wp-json\/wp\/v2\/product"}],"about":[{"href":"https:\/\/satisfybot.com\/de\/wp-json\/wp\/v2\/types\/product"}],"version-history":[{"count":0,"href":"https:\/\/satisfybot.com\/de\/wp-json\/wp\/v2\/product\/2085\/revisions"}],"wp:featuredmedia":[{"embeddable":true,"href":"https:\/\/satisfybot.com\/de\/wp-json\/wp\/v2\/media\/2086"}],"wp:attachment":[{"href":"https:\/\/satisfybot.com\/de\/wp-json\/wp\/v2\/media?parent=2085"}],"wp:term":[{"taxonomy":"product_brand","embeddable":true,"href":"https:\/\/satisfybot.com\/de\/wp-json\/wp\/v2\/product_brand?post=2085"},{"taxonomy":"product_cat","embeddable":true,"href":"https:\/\/satisfybot.com\/de\/wp-json\/wp\/v2\/product_cat?post=2085"},{"taxonomy":"product_tag","embeddable":true,"href":"https:\/\/satisfybot.com\/de\/wp-json\/wp\/v2\/product_tag?post=2085"}],"curies":[{"name":"wp","href":"https:\/\/api.w.org\/{rel}","templated":true}]}}