{"id":2092,"date":"2023-06-25T14:05:14","date_gmt":"2023-06-25T14:05:14","guid":{"rendered":"https:\/\/satisfybot.com\/?post_type=product&#038;p=2092"},"modified":"2023-06-25T14:05:14","modified_gmt":"2023-06-25T14:05:14","slug":"beiben-8x4-tractor-unit-2","status":"publish","type":"product","link":"https:\/\/satisfybot.com\/de\/produkt\/beiben-8x4-tractor-unit-2\/","title":{"rendered":"Beiben 8\u00d74 Sattelzugmaschine"},"content":{"rendered":"<p>Der Shacman-Traktorkopf, Shaanxi Steam Dragon, ist ein High-End-Schwerlastfahrzeug und ein tats\u00e4chlicher Ersatz f\u00fcr importierte Produkte. Dieses Modell ist das Modell der chinesisch-deutschen technischen Zusammenarbeit. Das gesamte Auto wurde von der deutschen Manufaktur entworfen und spiegelt den europ\u00e4ischen Stil wider. Bekannt als \u201eDeutsche Technologie sammeln, den Transporttrend informieren\u201c.<\/p>\n<p><img decoding=\"async\" class=\"aligncenter\" title=\"Shacman Traktorkopf 2 Jpg\" src=\"https:\/\/bsg-i.nbxc.com\/product\/88\/56\/a3\/fb64b45237eb9430f24e0cc0f3.jpg\" alt=\"Shacman Tractor Head 2 Jpg\" \/><\/p>\n<p>Shacman\u00a0<span class=\"keywords_replace\">Sattelzugmaschine<\/span>\u00a0Das Shaanxi Automobile Engineering Research Institute hat den Leichtbau-Skizzenzweck des F3000-Traktors durch systematische Analyse erfolgreich umgesetzt. Unter der Notwendigkeit der Verallgemeinerung und Serialisierung und der Notwendigkeit, die einzigartige Fahrzeugkonfiguration und -struktur nicht mehr zu ver\u00e4ndern, hat das Shaanxi Automobile Automotive Engineering Research Institute das Gewicht des Fahrzeugs durch Topologieoptimierung und Druckbewertung der Fahrzeugteile verringert. Das Gewicht von SX4187NR361 konnte um 400 kg, von SX4257NR279 um 670 kg und von SX4257NR324 um 750 kg gesenkt werden, und zwar durch die Strukturanpassung von Fahrzeugteilen, den Einsatz neuer Materialien, das ultimative Matching-Diagramm der \u00dcbertragungstechnik und den Nutzen der CAE-Stromanalyse. Unter ihnen ist die Marktnachfrage nach dem 6\u00d74-Traktor am dringendsten. Unter Ber\u00fccksichtigung des Gewichts vor und nach dem Umbau des Modellfahrzeugs betr\u00e4gt das tats\u00e4chliche Gewicht des Modellfahrzeugs 8,59 t (mit Reserverad und Sattel, etwa 100 l Kraftstoff), und die Gesamtkonfiguration vor der Gewichtsreduzierung betr\u00e4gt etwa 9,4 t. Der richtige Gewichtsnachlass des 6\u00d74-Traktors betr\u00e4gt 760 kg.<\/p>\n<p><img decoding=\"async\" class=\"aligncenter\" title=\"Shacman-Traktorkopf\" src=\"https:\/\/bsg-i.nbxc.com\/product\/ab\/ca\/fb\/7a02024740477f259fee5fb277.jpg\" alt=\"shacman tractor head\" \/><\/p>\n<p>Shacman-Traktor-LKW-Diagramm mit gro\u00dfer Kabine und Klimaanlage. Wird h\u00e4ufig f\u00fcr den Transport \u00fcber einen l\u00e4ngeren Zeitraum verwendet. Hydraulischer Hauptsitz, hydraulisch gefederte Vierpunktkabine, Handsch\u00fcttel-Fensterheber, Kabinenf\u00fchrungsklappe, t\u00e4gliche Warmluft, Wachstumsschachtsteuerung, normaler Luftfilter, F3000-K\u00fchlsystem, rechteckiger Schalld\u00e4mpfer, allt\u00e4glicher Ninety-Sattel, flache Montageplatte, wartungsfreie 165-Ah-Batterie, Metallsto\u00dfstange, aufklappbares Pedal, SHACMAN-Logo, Schilder in englischer Sprache.<\/p>\n<p><img decoding=\"async\" class=\"aligncenter\" title=\"Shacman-Traktorkopf\" src=\"https:\/\/bsg-i.nbxc.com\/product\/f1\/db\/1f\/3017c014f7b0c7ee8cf04b922f.jpg\" alt=\"shacman tractor head\" \/><\/p>\n<p><strong><u>Spezifikation<\/u><\/strong><\/p>\n<p>&nbsp;<\/p>\n<table class=\"ke-zeroborder\" border=\"0\" width=\"577\" cellspacing=\"0\" cellpadding=\"0\">\n<tbody>\n<tr>\n<td class=\"et2\" colspan=\"2\" width=\"577\" height=\"34\">Shacman X3000 550 PS\u00a0<span class=\"keywords_replace\">6\u00d74 Sattelzugmaschine<\/span><\/td>\n<\/tr>\n<tr>\n<td class=\"et4\" height=\"27\">Maximale Geschwindigkeit:<\/td>\n<td class=\"et4\">110 km\/h<\/td>\n<\/tr>\n<tr>\n<td class=\"et4\" height=\"27\">Ladekapazit\u00e4t:<\/td>\n<td class=\"et4\">40000 kg<\/td>\n<\/tr>\n<tr>\n<td class=\"et4\" height=\"27\">Kabinentyp:<\/td>\n<td class=\"et4\">Hoch<\/td>\n<\/tr>\n<tr>\n<td class=\"et4\" height=\"27\">Menschen:<\/td>\n<td class=\"et4\">3<\/td>\n<\/tr>\n<tr>\n<td class=\"et4\" height=\"27\">Motor:<\/td>\n<td class=\"et4\">WeichaiWP13.550E501<\/td>\n<\/tr>\n<tr>\n<td class=\"et4\" height=\"27\">Motorleistung:<\/td>\n<td class=\"et4\">405 kW<\/td>\n<\/tr>\n<tr>\n<td class=\"et4\" height=\"27\">Maximaler Drehmoment:<\/td>\n<td class=\"et4\">2550 N\u00b7m<\/td>\n<\/tr>\n<tr>\n<td class=\"et4\" height=\"27\">Pferdest\u00e4rke:<\/td>\n<td class=\"et4\">550 PS<\/td>\n<\/tr>\n<tr>\n<td class=\"et4\" height=\"27\">Emission:<\/td>\n<td class=\"et4\">5 Euro<\/td>\n<\/tr>\n<\/tbody>\n<\/table>","protected":false},"excerpt":{"rendered":"<p>Shacman tractor head,Shaanxi Steam Dragon is a high-end heavy obligation vehicle, is a actual replacement for imported products. This mannequin is the mannequin of Sino-German technical cooperation, the complete automobile is designed by using the German man company, displaying the European style. Known as &#8220;gather German technology, information the transport trend.&#8221; Shacman\u00a0Tractor Truck\u00a0Shaanxi Automobile Engineering [&hellip;]<\/p>","protected":false},"featured_media":2095,"template":"","meta":{"site-sidebar-layout":"default","site-content-layout":"default","ast-site-content-layout":"default","site-content-style":"default","site-sidebar-style":"default","ast-global-header-display":"","ast-banner-title-visibility":"","ast-main-header-display":"","ast-hfb-above-header-display":"","ast-hfb-below-header-display":"","ast-hfb-mobile-header-display":"","site-post-title":"","ast-breadcrumbs-content":"","ast-featured-img":"","footer-sml-layout":"","ast-disable-related-posts":"","theme-transparent-header-meta":"default","adv-header-id-meta":"","stick-header-meta":"","header-above-stick-meta":"","header-main-stick-meta":"","header-below-stick-meta":"","astra-migrate-meta-layouts":"default","ast-page-background-enabled":"default","ast-page-background-meta":{"desktop":{"background-color":"","background-image":"","background-repeat":"repeat","background-position":"center center","background-size":"auto","background-attachment":"scroll","background-type":"","background-media":"","overlay-type":"","overlay-color":"","overlay-opacity":"","overlay-gradient":""},"tablet":{"background-color":"","background-image":"","background-repeat":"repeat","background-position":"center center","background-size":"auto","background-attachment":"scroll","background-type":"","background-media":"","overlay-type":"","overlay-color":"","overlay-opacity":"","overlay-gradient":""},"mobile":{"background-color":"","background-image":"","background-repeat":"repeat","background-position":"center center","background-size":"auto","background-attachment":"scroll","background-type":"","background-media":"","overlay-type":"","overlay-color":"","overlay-opacity":"","overlay-gradient":""}},"ast-content-background-meta":{"desktop":{"background-color":"var(--ast-global-color-5)","background-image":"","background-repeat":"repeat","background-position":"center center","background-size":"auto","background-attachment":"scroll","background-type":"","background-media":"","overlay-type":"","overlay-color":"","overlay-opacity":"","overlay-gradient":""},"tablet":{"background-color":"var(--ast-global-color-5)","background-image":"","background-repeat":"repeat","background-position":"center center","background-size":"auto","background-attachment":"scroll","background-type":"","background-media":"","overlay-type":"","overlay-color":"","overlay-opacity":"","overlay-gradient":""},"mobile":{"background-color":"var(--ast-global-color-5)","background-image":"","background-repeat":"repeat","background-position":"center center","background-size":"auto","background-attachment":"scroll","background-type":"","background-media":"","overlay-type":"","overlay-color":"","overlay-opacity":"","overlay-gradient":""}}},"product_brand":[],"product_cat":[25],"product_tag":[],"class_list":{"0":"post-2092","1":"product","2":"type-product","3":"status-publish","4":"has-post-thumbnail","6":"product_cat-tractor-truck","7":"desktop-align-left","8":"tablet-align-left","9":"mobile-align-left","11":"first","12":"instock","13":"shipping-taxable","14":"product-type-simple"},"_links":{"self":[{"href":"https:\/\/satisfybot.com\/de\/wp-json\/wp\/v2\/product\/2092","targetHints":{"allow":["GET"]}}],"collection":[{"href":"https:\/\/satisfybot.com\/de\/wp-json\/wp\/v2\/product"}],"about":[{"href":"https:\/\/satisfybot.com\/de\/wp-json\/wp\/v2\/types\/product"}],"version-history":[{"count":0,"href":"https:\/\/satisfybot.com\/de\/wp-json\/wp\/v2\/product\/2092\/revisions"}],"wp:featuredmedia":[{"embeddable":true,"href":"https:\/\/satisfybot.com\/de\/wp-json\/wp\/v2\/media\/2095"}],"wp:attachment":[{"href":"https:\/\/satisfybot.com\/de\/wp-json\/wp\/v2\/media?parent=2092"}],"wp:term":[{"taxonomy":"product_brand","embeddable":true,"href":"https:\/\/satisfybot.com\/de\/wp-json\/wp\/v2\/product_brand?post=2092"},{"taxonomy":"product_cat","embeddable":true,"href":"https:\/\/satisfybot.com\/de\/wp-json\/wp\/v2\/product_cat?post=2092"},{"taxonomy":"product_tag","embeddable":true,"href":"https:\/\/satisfybot.com\/de\/wp-json\/wp\/v2\/product_tag?post=2092"}],"curies":[{"name":"wp","href":"https:\/\/api.w.org\/{rel}","templated":true}]}}