{"id":2097,"date":"2023-06-25T14:10:45","date_gmt":"2023-06-25T14:10:45","guid":{"rendered":"https:\/\/satisfybot.com\/?post_type=product&#038;p=2097"},"modified":"2023-06-25T14:14:10","modified_gmt":"2023-06-25T14:14:10","slug":"dongfeng-tractor-head","status":"publish","type":"product","link":"https:\/\/satisfybot.com\/de\/produkt\/dongfeng-tractor-head\/","title":{"rendered":"Dongfeng Traktorkopf"},"content":{"rendered":"<h3 style=\"font-weight: 400; text-align: center;\">Dongfeng Traktorkopf<\/h3>\n<p><img fetchpriority=\"high\" decoding=\"async\" class=\"aligncenter wp-image-2098\" src=\"https:\/\/satisfybot.com\/wp-content\/uploads\/2023\/06\/0af6af46250b108dad27858126.jpg\" alt=\"Dongfeng Tractor Head\" width=\"1200\" height=\"800\" srcset=\"https:\/\/satisfybot.com\/wp-content\/uploads\/2023\/06\/0af6af46250b108dad27858126.jpg 800w, https:\/\/satisfybot.com\/wp-content\/uploads\/2023\/06\/0af6af46250b108dad27858126-600x400.jpg 600w, https:\/\/satisfybot.com\/wp-content\/uploads\/2023\/06\/0af6af46250b108dad27858126-300x200.jpg 300w, https:\/\/satisfybot.com\/wp-content\/uploads\/2023\/06\/0af6af46250b108dad27858126-768x512.jpg 768w\" sizes=\"(max-width: 1200px) 100vw, 1200px\" \/><\/p>\n<p style=\"font-weight: 400;\">Der Dongfeng-Traktor-LKW verf\u00fcgt \u00fcber ein Mehrblattfeder-Design und kann mit einem Weichai-Motor mit 300 bis 480 PS ausgestattet werden, der im Wesentlichen Ihre unterschiedlichen Automobilanforderungen erf\u00fcllen kann. \u00dcber unser Unternehmen gekaufte Dongfeng-Traktor-LKW-Fahrzeuge bestehen jetzt nicht nur aus Dongfeng-Traktor-LKW , Schwerlast-Muldenkipper von Dongfeng Tractor Truck, aber auch Muldenkipper im Angebot.<\/p>\n<p><img decoding=\"async\" class=\"aligncenter wp-image-2100\" src=\"https:\/\/satisfybot.com\/wp-content\/uploads\/2023\/06\/9179e5a127c7baa63b6c52e842.jpg\" alt=\"Dongfeng Tractor Head\" width=\"1100\" height=\"744\" srcset=\"https:\/\/satisfybot.com\/wp-content\/uploads\/2023\/06\/9179e5a127c7baa63b6c52e842.jpg 686w, https:\/\/satisfybot.com\/wp-content\/uploads\/2023\/06\/9179e5a127c7baa63b6c52e842-600x406.jpg 600w, https:\/\/satisfybot.com\/wp-content\/uploads\/2023\/06\/9179e5a127c7baa63b6c52e842-300x203.jpg 300w\" sizes=\"(max-width: 1100px) 100vw, 1100px\" \/><\/p>\n<p><b><strong>Merkmale und Vorteile von\u00a0<\/strong><\/b><b><strong>Dongfeng-Traktor-LKW<\/strong><\/b><br \/>\n1. Der Dongfeng-Traktor-LKW verwendet einen Weichai-Hochleistungsmotor, einen Doppelzylinder-Entladeluftkompressor mit starker Leistung.<br \/>\n2. Die Kabine des Dongfeng Tractor Truck verf\u00fcgt \u00fcber ein neues Kabinendesign im europ\u00e4ischen Stil, eine vollst\u00e4ndige CFD-Optimierung und einen geringeren Widerstand.<br \/>\n3. Hande 7,5-Tonnen-Achse und 13-Tonnen-wartungsfreie 2.714-Achse haben eine h\u00f6here Tragf\u00e4higkeit als einzelne Untersetzungsachsen.<br \/>\n4. Der Dongfeng Tractor Truck Kipper Truck wird aus den besten Teilen der Welt zusammengebaut.<\/p>\n<p><b><strong>Spezifikationen<\/strong><\/b><\/p>\n<table>\n<tbody>\n<tr>\n<td colspan=\"4\" width=\"978\">Motor<\/td>\n<\/tr>\n<tr>\n<td width=\"192\">Modell<\/td>\n<td width=\"295\">WP10.340E32<\/td>\n<td width=\"175\">Marke<\/td>\n<td width=\"316\">Dongfeng-Traktor-LKW<\/td>\n<\/tr>\n<tr>\n<td width=\"192\">Emission<\/td>\n<td width=\"295\">Euro II<\/td>\n<td width=\"175\">Motormarke<\/td>\n<td width=\"316\">WEICHAI<\/td>\n<\/tr>\n<tr>\n<td width=\"192\">Treibstoffart<\/td>\n<td width=\"295\">Diesel<\/td>\n<td width=\"175\">Hubraum<\/td>\n<td width=\"316\">11.596 Liter<\/td>\n<\/tr>\n<tr>\n<td colspan=\"4\" width=\"978\">Chassis<\/td>\n<\/tr>\n<tr>\n<td width=\"192\">Achse<\/td>\n<td width=\"295\">Vordere 7,5-Tonnen-MAN-Achse<\/td>\n<td colspan=\"2\" width=\"491\">Hintere 13-Tonnen-STR-Doppeluntersetzungsachse, \u00dcbersetzung: 5,73<\/td>\n<\/tr>\n<tr>\n<td width=\"192\">Kabine<\/td>\n<td width=\"295\">Dongfeng-Traktor-LKW-Flachkabine, ein Schlafplatz, Klimaanlage<\/td>\n<td width=\"175\">Max. Laufgeschwindigkeit (km\/h)<\/td>\n<td width=\"316\">77<\/td>\n<\/tr>\n<\/tbody>\n<\/table>\n<p><b><strong>P<\/strong><\/b><b><strong>Acking &amp; S<\/strong><\/b><b><strong>hippen<\/strong><\/b><\/p>\n<p><img decoding=\"async\" class=\"aligncenter wp-image-2099\" src=\"https:\/\/satisfybot.com\/wp-content\/uploads\/2023\/06\/0d9312e54956a736606398b78c-1024x418.jpg\" alt=\"Dongfeng Tractor Head\" width=\"1200\" height=\"490\" srcset=\"https:\/\/satisfybot.com\/wp-content\/uploads\/2023\/06\/0d9312e54956a736606398b78c-1024x418.jpg 1024w, https:\/\/satisfybot.com\/wp-content\/uploads\/2023\/06\/0d9312e54956a736606398b78c-600x245.jpg 600w, https:\/\/satisfybot.com\/wp-content\/uploads\/2023\/06\/0d9312e54956a736606398b78c-300x123.jpg 300w, https:\/\/satisfybot.com\/wp-content\/uploads\/2023\/06\/0d9312e54956a736606398b78c-768x314.jpg 768w, https:\/\/satisfybot.com\/wp-content\/uploads\/2023\/06\/0d9312e54956a736606398b78c.jpg 1200w\" sizes=\"(max-width: 1200px) 100vw, 1200px\" \/><\/p>\n<p><b><strong>Normalerweise k\u00f6nnen unsere Muldenkipper per RoRo, Massengutfrachter oder Container transportiert werden.<\/strong><\/b><br \/>\n<b><strong>Verpackungsdetails: Ro-Ro oder Bulk auf Schiffen und H\u00e4fen in Ihrem Land. Wenn der LKW auf dem Deck steht, spr\u00fchen wir kostenlos Rostschutzfarbe auf. Normalerweise stellen wir den LKW in die Kabine.<\/strong><\/b><\/p>","protected":false},"excerpt":{"rendered":"<p>Dongfeng Tractor Head Dongfeng\u00a0Tractor Truck\u00a0adopts multi-leaf spring design, and can be geared up with 300~480 hP Weichai engine, which can essentially meet your a variety of automobile needs.Dongfeng Tractor Truck\u00a0vehicles bought via our enterprise now not solely consist of\u00a0Dongfeng Tractor Truck,\u00a0Dongfeng Tractor Truck\u00a0heavy-duty dump trucks, however additionally dump vans on sale. Features and advantages of\u00a0Dongfeng [&hellip;]<\/p>","protected":false},"featured_media":2101,"template":"","meta":{"site-sidebar-layout":"default","site-content-layout":"default","ast-site-content-layout":"default","site-content-style":"default","site-sidebar-style":"default","ast-global-header-display":"","ast-banner-title-visibility":"","ast-main-header-display":"","ast-hfb-above-header-display":"","ast-hfb-below-header-display":"","ast-hfb-mobile-header-display":"","site-post-title":"","ast-breadcrumbs-content":"","ast-featured-img":"","footer-sml-layout":"","ast-disable-related-posts":"","theme-transparent-header-meta":"default","adv-header-id-meta":"","stick-header-meta":"","header-above-stick-meta":"","header-main-stick-meta":"","header-below-stick-meta":"","astra-migrate-meta-layouts":"default","ast-page-background-enabled":"default","ast-page-background-meta":{"desktop":{"background-color":"","background-image":"","background-repeat":"repeat","background-position":"center center","background-size":"auto","background-attachment":"scroll","background-type":"","background-media":"","overlay-type":"","overlay-color":"","overlay-opacity":"","overlay-gradient":""},"tablet":{"background-color":"","background-image":"","background-repeat":"repeat","background-position":"center center","background-size":"auto","background-attachment":"scroll","background-type":"","background-media":"","overlay-type":"","overlay-color":"","overlay-opacity":"","overlay-gradient":""},"mobile":{"background-color":"","background-image":"","background-repeat":"repeat","background-position":"center center","background-size":"auto","background-attachment":"scroll","background-type":"","background-media":"","overlay-type":"","overlay-color":"","overlay-opacity":"","overlay-gradient":""}},"ast-content-background-meta":{"desktop":{"background-color":"var(--ast-global-color-5)","background-image":"","background-repeat":"repeat","background-position":"center center","background-size":"auto","background-attachment":"scroll","background-type":"","background-media":"","overlay-type":"","overlay-color":"","overlay-opacity":"","overlay-gradient":""},"tablet":{"background-color":"var(--ast-global-color-5)","background-image":"","background-repeat":"repeat","background-position":"center center","background-size":"auto","background-attachment":"scroll","background-type":"","background-media":"","overlay-type":"","overlay-color":"","overlay-opacity":"","overlay-gradient":""},"mobile":{"background-color":"var(--ast-global-color-5)","background-image":"","background-repeat":"repeat","background-position":"center center","background-size":"auto","background-attachment":"scroll","background-type":"","background-media":"","overlay-type":"","overlay-color":"","overlay-opacity":"","overlay-gradient":""}}},"product_brand":[],"product_cat":[25],"product_tag":[],"class_list":{"0":"post-2097","1":"product","2":"type-product","3":"status-publish","4":"has-post-thumbnail","6":"product_cat-tractor-truck","7":"desktop-align-left","8":"tablet-align-left","9":"mobile-align-left","11":"first","12":"instock","13":"shipping-taxable","14":"product-type-simple"},"_links":{"self":[{"href":"https:\/\/satisfybot.com\/de\/wp-json\/wp\/v2\/product\/2097","targetHints":{"allow":["GET"]}}],"collection":[{"href":"https:\/\/satisfybot.com\/de\/wp-json\/wp\/v2\/product"}],"about":[{"href":"https:\/\/satisfybot.com\/de\/wp-json\/wp\/v2\/types\/product"}],"version-history":[{"count":0,"href":"https:\/\/satisfybot.com\/de\/wp-json\/wp\/v2\/product\/2097\/revisions"}],"wp:featuredmedia":[{"embeddable":true,"href":"https:\/\/satisfybot.com\/de\/wp-json\/wp\/v2\/media\/2101"}],"wp:attachment":[{"href":"https:\/\/satisfybot.com\/de\/wp-json\/wp\/v2\/media?parent=2097"}],"wp:term":[{"taxonomy":"product_brand","embeddable":true,"href":"https:\/\/satisfybot.com\/de\/wp-json\/wp\/v2\/product_brand?post=2097"},{"taxonomy":"product_cat","embeddable":true,"href":"https:\/\/satisfybot.com\/de\/wp-json\/wp\/v2\/product_cat?post=2097"},{"taxonomy":"product_tag","embeddable":true,"href":"https:\/\/satisfybot.com\/de\/wp-json\/wp\/v2\/product_tag?post=2097"}],"curies":[{"name":"wp","href":"https:\/\/api.w.org\/{rel}","templated":true}]}}