{"id":2103,"date":"2023-06-25T14:13:53","date_gmt":"2023-06-25T14:13:53","guid":{"rendered":"https:\/\/satisfybot.com\/?post_type=product&#038;p=2103"},"modified":"2023-06-25T14:13:54","modified_gmt":"2023-06-25T14:13:54","slug":"howo-371-tractor-head","status":"publish","type":"product","link":"https:\/\/satisfybot.com\/de\/produkt\/howo-371-tractor-head\/","title":{"rendered":"Howo 371 Traktorkopf"},"content":{"rendered":"<h2 style=\"font-weight: 400; text-align: center;\">Howo 371 Traktorkopf<\/h2>\n<p><img fetchpriority=\"high\" decoding=\"async\" class=\"aligncenter size-large wp-image-2104\" src=\"https:\/\/satisfybot.com\/wp-content\/uploads\/2023\/06\/ac26a15ee50077ac5847a442ae-1024x1024.webp\" alt=\"Howo 371 Tractor Head\" width=\"1024\" height=\"1024\" srcset=\"https:\/\/satisfybot.com\/wp-content\/uploads\/2023\/06\/ac26a15ee50077ac5847a442ae-1024x1024.webp 1024w, https:\/\/satisfybot.com\/wp-content\/uploads\/2023\/06\/ac26a15ee50077ac5847a442ae-300x300.webp 300w, https:\/\/satisfybot.com\/wp-content\/uploads\/2023\/06\/ac26a15ee50077ac5847a442ae-scaled-100x100.webp 100w, https:\/\/satisfybot.com\/wp-content\/uploads\/2023\/06\/ac26a15ee50077ac5847a442ae-scaled-600x600.webp 600w, https:\/\/satisfybot.com\/wp-content\/uploads\/2023\/06\/ac26a15ee50077ac5847a442ae-150x150.webp 150w, https:\/\/satisfybot.com\/wp-content\/uploads\/2023\/06\/ac26a15ee50077ac5847a442ae-768x768.webp 768w, https:\/\/satisfybot.com\/wp-content\/uploads\/2023\/06\/ac26a15ee50077ac5847a442ae-1536x1536.webp 1536w, https:\/\/satisfybot.com\/wp-content\/uploads\/2023\/06\/ac26a15ee50077ac5847a442ae-2048x2048.webp 2048w\" sizes=\"(max-width: 1024px) 100vw, 1024px\" \/><\/p>\n<p style=\"font-weight: 400;\">Howo Truck verf\u00fcgt \u00fcber ein Mehrblattfederdesign und kann mit einem 300\u2013480 PS starken Weichai-Motor ausgestattet werden, der im Wesentlichen Ihre unterschiedlichen Automobilanforderungen erf\u00fcllen kann. Howo-Fahrzeuge, die \u00fcber unser Unternehmen gekauft werden, bestehen nicht nur aus Howo-Sattelzugmaschinen und Howo-Lastkraftwagen , aber auch Howo Truck Transporter im Angebot.<\/p>\n<p><b><strong>Merkmale und Vorteile von Howo Truck<\/strong><\/b><br \/>\n1. Howo Truck verwendet einen Weichai-Hochleistungsmotor, einen Doppelzylinder-Entladeluftkompressor mit starker Leistung.<br \/>\n2. Die Howo Truck-Kabine verf\u00fcgt \u00fcber ein neues Kabinendesign im europ\u00e4ischen Stil, eine vollst\u00e4ndige CFD-Optimierung und einen geringeren Widerstand.<br \/>\n3. Hande 7,5-Tonnen-Achse und 13-Tonnen-wartungsfreie 2.714-Achse haben eine h\u00f6here Tragf\u00e4higkeit als einzelne Untersetzungsachsen.<br \/>\n4. Howo Truck wird aus den besten Teilen der Welt zusammengebaut.<\/p>\n<p><b><strong>Spezifikationen<\/strong><\/b><\/p>\n<table>\n<tbody>\n<tr>\n<td colspan=\"4\" width=\"978\">Motor<\/td>\n<\/tr>\n<tr>\n<td width=\"192\">Modell<\/td>\n<td width=\"295\">WP10.340E32<\/td>\n<td width=\"175\">Marke<\/td>\n<td width=\"316\">Howo Truck<\/td>\n<\/tr>\n<tr>\n<td width=\"192\">Emission<\/td>\n<td width=\"295\">Euro II<\/td>\n<td width=\"175\">Motormarke<\/td>\n<td width=\"316\">WEICHAI<\/td>\n<\/tr>\n<tr>\n<td width=\"192\">Treibstoffart<\/td>\n<td width=\"295\">Diesel<\/td>\n<td width=\"175\">Hubraum<\/td>\n<td width=\"316\">11.596 Liter<\/td>\n<\/tr>\n<tr>\n<td colspan=\"4\" width=\"978\">Chassis<\/td>\n<\/tr>\n<tr>\n<td width=\"192\">Achse<\/td>\n<td width=\"295\">Vordere 7,5-Tonnen-MAN-Achse<\/td>\n<td colspan=\"2\" width=\"491\">Hintere 13-Tonnen-STR-Doppeluntersetzungsachse, \u00dcbersetzung: 5,73<\/td>\n<\/tr>\n<tr>\n<td width=\"192\">Kabine<\/td>\n<td width=\"295\">Howo Truck Flat Cabin, ein Schlafplatz, Klimaanlage<\/td>\n<td width=\"175\">Max. Laufgeschwindigkeit (km\/h)<\/td>\n<td width=\"316\">77<\/td>\n<\/tr>\n<\/tbody>\n<\/table>\n<p><b><strong>P<\/strong><\/b><b><strong>Acking &amp; S<\/strong><\/b><b><strong>hippen<\/strong><\/b><\/p>\n<p><img decoding=\"async\" class=\"aligncenter size-large wp-image-2099\" src=\"https:\/\/satisfybot.com\/wp-content\/uploads\/2023\/06\/0d9312e54956a736606398b78c-1024x418.jpg\" alt=\"Dongfeng Tractor Head\" width=\"1024\" height=\"418\" srcset=\"https:\/\/satisfybot.com\/wp-content\/uploads\/2023\/06\/0d9312e54956a736606398b78c-1024x418.jpg 1024w, https:\/\/satisfybot.com\/wp-content\/uploads\/2023\/06\/0d9312e54956a736606398b78c-600x245.jpg 600w, https:\/\/satisfybot.com\/wp-content\/uploads\/2023\/06\/0d9312e54956a736606398b78c-300x123.jpg 300w, https:\/\/satisfybot.com\/wp-content\/uploads\/2023\/06\/0d9312e54956a736606398b78c-768x314.jpg 768w, https:\/\/satisfybot.com\/wp-content\/uploads\/2023\/06\/0d9312e54956a736606398b78c.jpg 1200w\" sizes=\"(max-width: 1024px) 100vw, 1024px\" \/><\/p>\n<p><b><strong>Normalerweise k\u00f6nnen unsere Muldenkipper per RoRo, Massengutfrachter oder Container transportiert werden.<\/strong><\/b><br \/>\n<b><strong>Verpackungsdetails: Ro-Ro oder Bulk auf Schiffen und H\u00e4fen in Ihrem Land. Wenn der LKW auf dem Deck steht, spr\u00fchen wir kostenlos Rostschutzfarbe auf. Normalerweise stellen wir den LKW in die Kabine.<\/strong><\/b><\/p>","protected":false},"excerpt":{"rendered":"<p>Howo 371 Tractor Head Howo Truck adopts multi-leaf spring design, and can be geared up with 300~480 hP Weichai engine, which can essentially meet your a variety of automobile needs.Howo\u00a0vehicles bought via our enterprise now not solely consist of\u00a0Howo\u00a0tractor trucks,\u00a0Howo\u00a0trucks, however additionally\u00a0Howo Truck\u00a0vans on sale. Features and advantages of\u00a0Howo Truck 1.\u00a0Howo Truck\u00a0uses Weichai high-power engine, [&hellip;]<\/p>","protected":false},"featured_media":2105,"template":"","meta":{"site-sidebar-layout":"default","site-content-layout":"default","ast-site-content-layout":"default","site-content-style":"default","site-sidebar-style":"default","ast-global-header-display":"","ast-banner-title-visibility":"","ast-main-header-display":"","ast-hfb-above-header-display":"","ast-hfb-below-header-display":"","ast-hfb-mobile-header-display":"","site-post-title":"","ast-breadcrumbs-content":"","ast-featured-img":"","footer-sml-layout":"","ast-disable-related-posts":"","theme-transparent-header-meta":"default","adv-header-id-meta":"","stick-header-meta":"","header-above-stick-meta":"","header-main-stick-meta":"","header-below-stick-meta":"","astra-migrate-meta-layouts":"default","ast-page-background-enabled":"default","ast-page-background-meta":{"desktop":{"background-color":"","background-image":"","background-repeat":"repeat","background-position":"center center","background-size":"auto","background-attachment":"scroll","background-type":"","background-media":"","overlay-type":"","overlay-color":"","overlay-opacity":"","overlay-gradient":""},"tablet":{"background-color":"","background-image":"","background-repeat":"repeat","background-position":"center center","background-size":"auto","background-attachment":"scroll","background-type":"","background-media":"","overlay-type":"","overlay-color":"","overlay-opacity":"","overlay-gradient":""},"mobile":{"background-color":"","background-image":"","background-repeat":"repeat","background-position":"center center","background-size":"auto","background-attachment":"scroll","background-type":"","background-media":"","overlay-type":"","overlay-color":"","overlay-opacity":"","overlay-gradient":""}},"ast-content-background-meta":{"desktop":{"background-color":"var(--ast-global-color-5)","background-image":"","background-repeat":"repeat","background-position":"center center","background-size":"auto","background-attachment":"scroll","background-type":"","background-media":"","overlay-type":"","overlay-color":"","overlay-opacity":"","overlay-gradient":""},"tablet":{"background-color":"var(--ast-global-color-5)","background-image":"","background-repeat":"repeat","background-position":"center center","background-size":"auto","background-attachment":"scroll","background-type":"","background-media":"","overlay-type":"","overlay-color":"","overlay-opacity":"","overlay-gradient":""},"mobile":{"background-color":"var(--ast-global-color-5)","background-image":"","background-repeat":"repeat","background-position":"center center","background-size":"auto","background-attachment":"scroll","background-type":"","background-media":"","overlay-type":"","overlay-color":"","overlay-opacity":"","overlay-gradient":""}}},"product_brand":[],"product_cat":[25],"product_tag":[],"class_list":{"0":"post-2103","1":"product","2":"type-product","3":"status-publish","4":"has-post-thumbnail","6":"product_cat-tractor-truck","7":"desktop-align-left","8":"tablet-align-left","9":"mobile-align-left","11":"first","12":"instock","13":"shipping-taxable","14":"product-type-simple"},"_links":{"self":[{"href":"https:\/\/satisfybot.com\/de\/wp-json\/wp\/v2\/product\/2103","targetHints":{"allow":["GET"]}}],"collection":[{"href":"https:\/\/satisfybot.com\/de\/wp-json\/wp\/v2\/product"}],"about":[{"href":"https:\/\/satisfybot.com\/de\/wp-json\/wp\/v2\/types\/product"}],"version-history":[{"count":0,"href":"https:\/\/satisfybot.com\/de\/wp-json\/wp\/v2\/product\/2103\/revisions"}],"wp:featuredmedia":[{"embeddable":true,"href":"https:\/\/satisfybot.com\/de\/wp-json\/wp\/v2\/media\/2105"}],"wp:attachment":[{"href":"https:\/\/satisfybot.com\/de\/wp-json\/wp\/v2\/media?parent=2103"}],"wp:term":[{"taxonomy":"product_brand","embeddable":true,"href":"https:\/\/satisfybot.com\/de\/wp-json\/wp\/v2\/product_brand?post=2103"},{"taxonomy":"product_cat","embeddable":true,"href":"https:\/\/satisfybot.com\/de\/wp-json\/wp\/v2\/product_cat?post=2103"},{"taxonomy":"product_tag","embeddable":true,"href":"https:\/\/satisfybot.com\/de\/wp-json\/wp\/v2\/product_tag?post=2103"}],"curies":[{"name":"wp","href":"https:\/\/api.w.org\/{rel}","templated":true}]}}