{"id":2109,"date":"2023-06-25T14:16:56","date_gmt":"2023-06-25T14:16:56","guid":{"rendered":"https:\/\/satisfybot.com\/?post_type=product&#038;p=2109"},"modified":"2023-06-25T14:17:09","modified_gmt":"2023-06-25T14:17:09","slug":"howo-a7-420-tractor-truck","status":"publish","type":"product","link":"https:\/\/satisfybot.com\/de\/produkt\/howo-a7-420-tractor-truck\/","title":{"rendered":"Howo A7 420 Sattelzugmaschine"},"content":{"rendered":"<p>Wir liefern Howo A7 420\u00a0<span class=\"keywords_replace\">Sattelzugmaschinen zu verkaufen<\/span>. Wir haben gro\u00dfe Erfolge in Senegal, Burkina Faso, Guinea, Sierra Leone, Liberia, Benin, Kamerun, Togo, der Demokratischen Republik Kongo und der Demokratischen Republik Kongo erzielt.<\/p>\n<p>Der Howo A7 420\u00a0<span class=\"keywords_replace\">Sattelzugmaschine<\/span>\u00a0ist ein bew\u00e4hrtes Produkt von Sinotruck, das sich durch eine zuverl\u00e4ssige Struktur, gro\u00dfe Ladekapazit\u00e4t, hervorragende Leistung von 420 PS und zuverl\u00e4ssige Leistung auszeichnet. Dieses Modell kann den Anforderungen unterschiedlicher Stra\u00dfenverh\u00e4ltnisse gerecht werden. Dieses Modell kann Ihren Bedarf an Ferntransporten auf der Autobahn decken.<\/p>\n<h2><strong>Spezifikation des Howo A7 420 Traktor-LKW<\/strong><\/h2>\n<p>&nbsp;<\/p>\n<table border=\"1\" cellspacing=\"0\" cellpadding=\"0\" align=\"center\">\n<tbody>\n<tr>\n<td class=\"et2\" width=\"235\" height=\"54\">Kabine<\/td>\n<td class=\"et3\" width=\"459\">Fahrtyp 6\u00d74 LHD<\/td>\n<td class=\"et3\" width=\"358\">Standardkabine mit einem Bett und Klimaanlage, hydraulisch um 70\u00b0 nach vorne neigbar, siehe beigef\u00fcgtes Foto f\u00fcr Referenz.<\/td>\n<\/tr>\n<tr>\n<td class=\"et2\" rowspan=\"3\" height=\"54\">Hauptabmessungen des Fahrzeugs<\/td>\n<td class=\"et3\" width=\"459\">Gesamtabmessungen (L x B x H) mm<\/td>\n<td class=\"et3\" width=\"358\">6900x2500x3350<\/td>\n<\/tr>\n<tr>\n<td class=\"et3\" width=\"459\">Radstand (mm)<\/td>\n<td class=\"et3\" width=\"358\">3200+1400<\/td>\n<\/tr>\n<tr>\n<td class=\"et3\" width=\"459\">Spurweite (vorne\/hinten) (mm)<\/td>\n<td class=\"et3\" width=\"358\">2022\/1830<\/td>\n<\/tr>\n<tr>\n<td class=\"et2\" rowspan=\"4\" height=\"72\">Gewicht in KG<\/td>\n<td class=\"et3\" width=\"459\">Taragewicht<\/td>\n<td class=\"et3\" width=\"358\">9210<\/td>\n<\/tr>\n<tr>\n<td class=\"et3\" width=\"459\">Transportkapazit\u00e4t<\/td>\n<td class=\"et3\" width=\"358\">45000<\/td>\n<\/tr>\n<tr>\n<td class=\"et3\" width=\"459\">Ladekapazit\u00e4t der Vorderachsen<\/td>\n<td class=\"et3\" width=\"358\">1&#215;9000<\/td>\n<\/tr>\n<tr>\n<td class=\"et3\" width=\"459\">Ladekapazit\u00e4t der Hinterachsen<\/td>\n<td class=\"et3\" width=\"358\">2&#215;16000<\/td>\n<\/tr>\n<tr>\n<td class=\"et2\" rowspan=\"5\" height=\"126\">Motor<\/td>\n<td class=\"et3\" width=\"459\">Marke<\/td>\n<td class=\"et3\" width=\"358\">Sinotruk<\/td>\n<\/tr>\n<tr>\n<td class=\"et3\" width=\"459\">Modell<\/td>\n<td class=\"et3\" width=\"358\">WD615.47<\/td>\n<\/tr>\n<tr>\n<td class=\"et3\" width=\"459\">Typ<\/td>\n<td class=\"et3\" width=\"358\">4-Takt-Direkteinspritzer, 6-Zylinder-Reihenmotor mit Wasserk\u00fchlung, Turboaufladung und Ladeluftk\u00fchlung<\/td>\n<\/tr>\n<tr>\n<td class=\"et3\" width=\"459\">Pferdest\u00e4rke (HP)<\/td>\n<td class=\"et3\" width=\"358\">371 PS<\/td>\n<\/tr>\n<tr>\n<td class=\"et3\" width=\"459\">Abgasnorm<\/td>\n<td class=\"et3\" width=\"358\">Euro 2<\/td>\n<\/tr>\n<tr>\n<td class=\"et2\" height=\"18\">Getriebe<\/td>\n<td class=\"et3\" colspan=\"2\" width=\"817\">HW19710, 10 Vorw\u00e4rtsg\u00e4nge und 2 R\u00fcckw\u00e4rtsg\u00e4nge<\/td>\n<\/tr>\n<tr>\n<td class=\"et2\" height=\"18\">Kupplung<\/td>\n<td class=\"et3\" colspan=\"2\" width=\"817\">Verst\u00e4rkte Membrankupplung, Durchmesser 430 mm<\/td>\n<\/tr>\n<tr>\n<td class=\"et2\" height=\"18\">Lenkgetriebe<\/td>\n<td class=\"et3\" colspan=\"2\" width=\"817\">ZF 8098, Servolenkung, hydraulische Lenkung mit Servounterst\u00fctzung<\/td>\n<\/tr>\n<tr>\n<td class=\"et2\" height=\"18\">Kraftstofftank (L)<\/td>\n<td class=\"et3\" colspan=\"2\" width=\"817\">400<\/td>\n<\/tr>\n<tr>\n<td class=\"et2\" height=\"18\">Reifen<\/td>\n<td class=\"et3\" colspan=\"2\" width=\"817\">12R22.5 Reifen 11 St\u00fcck inklusive einem Ersatzreifen,<\/td>\n<\/tr>\n<tr>\n<td class=\"et2\" height=\"18\">Bremsen<\/td>\n<td class=\"et3\" colspan=\"2\" width=\"817\">Betriebsbremse: Zweikreis-Druckluftbremse<br \/>\nFeststellbremse: (Notbremse): Federenergie, Druckluft wirkt auf die Hinterr\u00e4der<br \/>\nHilfsbremse: Motorabgasbremse<\/td>\n<\/tr>\n<\/tbody>\n<\/table>\n<p>&nbsp;<\/p>\n<h2><strong>Verpackung &amp; Versand<\/strong><\/h2>\n<p>1) Wachs: Um zu verhindern, dass der K\u00f6rper w\u00e4hrend des Transports durch Meerwasser korrodiert, wird das Wachs aufgespr\u00fcht.<br \/>\n2) Transport: Namhafte Frachtlieferanten bieten zuverl\u00e4ssige Logistikdienstleistungen. Der Transportprozess ist sicher und p\u00fcnktlich.<\/p>\n<p><img fetchpriority=\"high\" decoding=\"async\" class=\"aligncenter size-large wp-image-2099\" src=\"https:\/\/satisfybot.com\/wp-content\/uploads\/2023\/06\/0d9312e54956a736606398b78c-1024x418.jpg\" alt=\"Dongfeng Tractor Head\" width=\"1024\" height=\"418\" srcset=\"https:\/\/satisfybot.com\/wp-content\/uploads\/2023\/06\/0d9312e54956a736606398b78c-1024x418.jpg 1024w, https:\/\/satisfybot.com\/wp-content\/uploads\/2023\/06\/0d9312e54956a736606398b78c-600x245.jpg 600w, https:\/\/satisfybot.com\/wp-content\/uploads\/2023\/06\/0d9312e54956a736606398b78c-300x123.jpg 300w, https:\/\/satisfybot.com\/wp-content\/uploads\/2023\/06\/0d9312e54956a736606398b78c-768x314.jpg 768w, https:\/\/satisfybot.com\/wp-content\/uploads\/2023\/06\/0d9312e54956a736606398b78c.jpg 1200w\" sizes=\"(max-width: 1024px) 100vw, 1024px\" \/><\/p>\n<h2><strong>Unser Vorteil<\/strong><\/h2>\n<p>1. Fabrik: Wir verf\u00fcgen \u00fcber eine eigene Fabrik und Facharbeiter, ein umfangreiches, erfahrenes Designteam und einen guten Kundendienst<br \/>\n2. Qualit\u00e4t und Preis: Produktqualit\u00e4tszertifizierung SGS CCC ISO. Und stellen Sie die hohe Qualit\u00e4t Ihrer ben\u00f6tigten Produkte sicher. Au\u00dferdem gelingt es uns, die Kosten zu kontrollieren und jeden Cent f\u00fcr Ihre Party zu sparen.<br \/>\n3. Ma\u00dfgeschneidert: Wir k\u00f6nnen verschiedene Arten von Spezial-LKWs und -Anh\u00e4ngern sowie verschiedene Maschinen zur Auswahl anbieten. Wir k\u00f6nnen es auch an Ihre spezifischen Anforderungen anpassen.<\/p>\n<p>4. Erfahrung: Mehr als 20 Jahre Erfahrung als Hersteller.<\/p>","protected":false},"excerpt":{"rendered":"<p>We supply Howo A7 420\u00a0Tractor Trucks for Sale. We have achieved great success in Senegal, Burkina Faso, Guinea, Sierra Leone, Liberia, Benin, Cameroon, Togo, the Democratic Republic of Congo, and the Democratic Republic of Congo. The Howo A7 420\u00a0Tractor Truck\u00a0is a proven product of Sinotruck, which features a reliable structure, great loading capacity, excellent power [&hellip;]<\/p>","protected":false},"featured_media":2110,"template":"","meta":{"site-sidebar-layout":"default","site-content-layout":"default","ast-site-content-layout":"default","site-content-style":"default","site-sidebar-style":"default","ast-global-header-display":"","ast-banner-title-visibility":"","ast-main-header-display":"","ast-hfb-above-header-display":"","ast-hfb-below-header-display":"","ast-hfb-mobile-header-display":"","site-post-title":"","ast-breadcrumbs-content":"","ast-featured-img":"","footer-sml-layout":"","ast-disable-related-posts":"","theme-transparent-header-meta":"default","adv-header-id-meta":"","stick-header-meta":"","header-above-stick-meta":"","header-main-stick-meta":"","header-below-stick-meta":"","astra-migrate-meta-layouts":"default","ast-page-background-enabled":"default","ast-page-background-meta":{"desktop":{"background-color":"","background-image":"","background-repeat":"repeat","background-position":"center center","background-size":"auto","background-attachment":"scroll","background-type":"","background-media":"","overlay-type":"","overlay-color":"","overlay-opacity":"","overlay-gradient":""},"tablet":{"background-color":"","background-image":"","background-repeat":"repeat","background-position":"center center","background-size":"auto","background-attachment":"scroll","background-type":"","background-media":"","overlay-type":"","overlay-color":"","overlay-opacity":"","overlay-gradient":""},"mobile":{"background-color":"","background-image":"","background-repeat":"repeat","background-position":"center center","background-size":"auto","background-attachment":"scroll","background-type":"","background-media":"","overlay-type":"","overlay-color":"","overlay-opacity":"","overlay-gradient":""}},"ast-content-background-meta":{"desktop":{"background-color":"var(--ast-global-color-5)","background-image":"","background-repeat":"repeat","background-position":"center center","background-size":"auto","background-attachment":"scroll","background-type":"","background-media":"","overlay-type":"","overlay-color":"","overlay-opacity":"","overlay-gradient":""},"tablet":{"background-color":"var(--ast-global-color-5)","background-image":"","background-repeat":"repeat","background-position":"center center","background-size":"auto","background-attachment":"scroll","background-type":"","background-media":"","overlay-type":"","overlay-color":"","overlay-opacity":"","overlay-gradient":""},"mobile":{"background-color":"var(--ast-global-color-5)","background-image":"","background-repeat":"repeat","background-position":"center center","background-size":"auto","background-attachment":"scroll","background-type":"","background-media":"","overlay-type":"","overlay-color":"","overlay-opacity":"","overlay-gradient":""}}},"product_brand":[],"product_cat":[25],"product_tag":[],"class_list":{"0":"post-2109","1":"product","2":"type-product","3":"status-publish","4":"has-post-thumbnail","6":"product_cat-tractor-truck","7":"desktop-align-left","8":"tablet-align-left","9":"mobile-align-left","11":"first","12":"instock","13":"shipping-taxable","14":"product-type-simple"},"_links":{"self":[{"href":"https:\/\/satisfybot.com\/de\/wp-json\/wp\/v2\/product\/2109","targetHints":{"allow":["GET"]}}],"collection":[{"href":"https:\/\/satisfybot.com\/de\/wp-json\/wp\/v2\/product"}],"about":[{"href":"https:\/\/satisfybot.com\/de\/wp-json\/wp\/v2\/types\/product"}],"version-history":[{"count":0,"href":"https:\/\/satisfybot.com\/de\/wp-json\/wp\/v2\/product\/2109\/revisions"}],"wp:featuredmedia":[{"embeddable":true,"href":"https:\/\/satisfybot.com\/de\/wp-json\/wp\/v2\/media\/2110"}],"wp:attachment":[{"href":"https:\/\/satisfybot.com\/de\/wp-json\/wp\/v2\/media?parent=2109"}],"wp:term":[{"taxonomy":"product_brand","embeddable":true,"href":"https:\/\/satisfybot.com\/de\/wp-json\/wp\/v2\/product_brand?post=2109"},{"taxonomy":"product_cat","embeddable":true,"href":"https:\/\/satisfybot.com\/de\/wp-json\/wp\/v2\/product_cat?post=2109"},{"taxonomy":"product_tag","embeddable":true,"href":"https:\/\/satisfybot.com\/de\/wp-json\/wp\/v2\/product_tag?post=2109"}],"curies":[{"name":"wp","href":"https:\/\/api.w.org\/{rel}","templated":true}]}}