{"id":2119,"date":"2023-06-25T14:24:16","date_gmt":"2023-06-25T14:24:16","guid":{"rendered":"https:\/\/satisfybot.com\/?post_type=product&#038;p=2119"},"modified":"2023-06-25T14:24:16","modified_gmt":"2023-06-25T14:24:16","slug":"howo-6x4-cargo-truck","status":"publish","type":"product","link":"https:\/\/satisfybot.com\/de\/produkt\/howo-6x4-cargo-truck\/","title":{"rendered":"Howo 6\u00d74 Lastkraftwagen"},"content":{"rendered":"<p>Wir sind ein Howo 6\u00d74\u00a0<span class=\"keywords_replace\">Lastwagen<\/span>\u00a0Hersteller in China. Den Kunden stehen LKWs, Muldenkipper, Traktoren, Betonmischer, Tankwagen und andere Sinotruk-LKWs zur Verf\u00fcgung. Unsere Schwerlastkraftwagen verf\u00fcgen \u00fcber die Abgasnorm Euro II und Euro III, einen hohen Kraftstoffverbrauch und eine hohe Zuverl\u00e4ssigkeit. Wir haben Lastkraftwagen mit 4\u00d72-, 6\u00d74- und 8\u00d74-Antrieb f\u00fcr Sie zur Auswahl.<\/p>\n<div><img decoding=\"async\" class=\"aligncenter\" title=\"Howo 6x4 Lastkraftwagen\" src=\"https:\/\/bsg-i.nbxc.com\/product\/67\/68\/b2\/3ecf9edd394dca3b25a7357542.jpg\" alt=\"Howo 6x4 Cargo Truck\" \/><\/div>\n<p>Howo 6\u00d74-Lastkraftwagen werden haupts\u00e4chlich zum Transport von G\u00fctern eingesetzt. Es besteht haupts\u00e4chlich aus zwei Typen: regul\u00e4ren Lastkraftwagen und Mehrladungskraftwagen. Ein gew\u00f6hnlicher Lastkraftwagen kann einen offenen (Platten-)Heck oder einen geschlossenen Heck haben, auf dem die Ladung gestapelt wird. Auch Nutzlastkraftwagen sind f\u00fcr den Transport von G\u00fctern konzipiert. Es verf\u00fcgt in der Regel \u00fcber mehrere feste oder klappbare Sitze und bietet Platz f\u00fcr 3 oder mehr Passagiere.<\/p>\n<h2><strong>Spezifikation des Howo 6\u00d74 Cargo Truck<\/strong><\/h2>\n<p>&nbsp;<\/p>\n<table border=\"1\" cellspacing=\"0\" cellpadding=\"0\" align=\"center\">\n<tbody>\n<tr>\n<td class=\"et2\" width=\"217\" height=\"18\">LKW-Modell<\/td>\n<td class=\"et2\" width=\"661\">ZZ1257S4641 Linkslenker<\/td>\n<\/tr>\n<tr>\n<td class=\"et2\" height=\"18\">Abmessungen (LxBxH)<\/td>\n<td class=\"et2\">10350x2496x3718mm<\/td>\n<\/tr>\n<tr>\n<td class=\"et2\" height=\"18\">Au\u00dferhalb der Abmessungen der Ladung<\/td>\n<td class=\"et2\">7500x2300x1400mm<\/td>\n<\/tr>\n<tr>\n<td class=\"et2\" height=\"18\">Inside Dimension Fracht<\/td>\n<td class=\"et2\">7400x2300x(800+600)mm<\/td>\n<\/tr>\n<tr>\n<td class=\"et2\" height=\"18\">Ladungsdicke (mm)<\/td>\n<td class=\"et2\">Unten: 3 mm, Seite: 1,5 mm, die K\u00f6rperplatte abnehmbar<\/td>\n<\/tr>\n<tr>\n<td class=\"et2\" height=\"18\">Radstand (mm)<\/td>\n<td class=\"et2\">4600+1350<\/td>\n<\/tr>\n<tr>\n<td class=\"et2\" height=\"18\">H\u00f6chstgeschwindigkeit (km\/h)<\/td>\n<td class=\"et2\">902<\/td>\n<\/tr>\n<tr>\n<td class=\"et2\" height=\"18\">Ladegewicht (kg)<\/td>\n<td class=\"et2\">24m3<\/td>\n<\/tr>\n<tr>\n<td class=\"et2\" height=\"18\">Modell<\/td>\n<td class=\"et2\">WD615.47, wassergek\u00fchlt, vier Takte, 6 Zylinder in Reihe mit Wasserk\u00fchlung,<\/td>\n<\/tr>\n<tr>\n<td class=\"et2\" height=\"18\">Treibstoffart<\/td>\n<td class=\"et2\">Diesel<\/td>\n<\/tr>\n<tr>\n<td class=\"et2\" height=\"18\">Pferdest\u00e4rke<\/td>\n<td class=\"et2\">371 PS<\/td>\n<\/tr>\n<tr>\n<td class=\"et2\" height=\"18\">Emission<\/td>\n<td class=\"et2\">Euro2<\/td>\n<\/tr>\n<tr>\n<td class=\"et2\" height=\"18\">Fassungsverm\u00f6gen des Kraftstofftanks (L)<\/td>\n<td class=\"et2\">300<\/td>\n<\/tr>\n<tr>\n<td class=\"et2\" height=\"18\">\u00dcbertragung<\/td>\n<td class=\"et2\">HW19710<\/td>\n<\/tr>\n<tr>\n<td class=\"et2\" height=\"18\">Bremssystem<\/td>\n<td class=\"et2\">Bremssystem<\/td>\n<\/tr>\n<tr>\n<td class=\"et2\" height=\"18\">Steuersystem<\/td>\n<td class=\"et2\">ZF8118, Federenergie, Druckluftbetrieb auf Hinterr\u00e4der<\/td>\n<\/tr>\n<tr>\n<td class=\"et2\" height=\"18\">Vorderachse<\/td>\n<td class=\"et2\">HF9-Trommeltyp, Lenkung mit Doppel-T-Querschnittsbalken<\/td>\n<\/tr>\n<tr>\n<td class=\"et2\" height=\"18\">Hinterachse<\/td>\n<td class=\"et2\">HC16<\/td>\n<\/tr>\n<tr>\n<td class=\"et2\" height=\"18\">Farbe<\/td>\n<td class=\"et2\">Farbe nach Kundenwunsch<\/td>\n<\/tr>\n<tr>\n<td class=\"et2\" height=\"18\">Reifen<\/td>\n<td class=\"et2\">1200R20 TR668 10+1<\/td>\n<\/tr>\n<tr>\n<td class=\"et2\" height=\"18\">Elektrisches System<\/td>\n<td class=\"et2\">2X12V\/165Ah,28V-1500kw,7,5Kw\/24V<\/td>\n<\/tr>\n<\/tbody>\n<\/table>\n<p>&nbsp;<\/p>\n<h2><strong>Verpackung und Versand<\/strong><\/h2>\n<p>Wir verf\u00fcgen \u00fcber eine ausgereifte Transportlinie, die per Anh\u00e4nger, Bahn und Seetransport zum Zielort transportiert werden kann.<\/p>\n<p><img fetchpriority=\"high\" decoding=\"async\" class=\"aligncenter size-large wp-image-2099\" src=\"https:\/\/satisfybot.com\/wp-content\/uploads\/2023\/06\/0d9312e54956a736606398b78c-1024x418.jpg\" alt=\"Dongfeng Tractor Head\" width=\"1024\" height=\"418\" srcset=\"https:\/\/satisfybot.com\/wp-content\/uploads\/2023\/06\/0d9312e54956a736606398b78c-1024x418.jpg 1024w, https:\/\/satisfybot.com\/wp-content\/uploads\/2023\/06\/0d9312e54956a736606398b78c-600x245.jpg 600w, https:\/\/satisfybot.com\/wp-content\/uploads\/2023\/06\/0d9312e54956a736606398b78c-300x123.jpg 300w, https:\/\/satisfybot.com\/wp-content\/uploads\/2023\/06\/0d9312e54956a736606398b78c-768x314.jpg 768w, https:\/\/satisfybot.com\/wp-content\/uploads\/2023\/06\/0d9312e54956a736606398b78c.jpg 1200w\" sizes=\"(max-width: 1024px) 100vw, 1024px\" \/><\/p>","protected":false},"excerpt":{"rendered":"<p>We are a Howo 6&#215;4\u00a0Cargo Truck\u00a0manufacturer in China. Trucks, dump trucks, tractors, concrete mixer trucks, tank trucks, and other Sinotruk trucks are available for customers. Our heavy-duty trucks adopt Euro II and Euro III standard emissions, high fuel economy, and high reliability. We have 4&#215;2, 6&#215;4, and 8&#215;4 drive cargo trucks for you to choose [&hellip;]<\/p>","protected":false},"featured_media":2123,"template":"","meta":{"site-sidebar-layout":"default","site-content-layout":"default","ast-site-content-layout":"default","site-content-style":"default","site-sidebar-style":"default","ast-global-header-display":"","ast-banner-title-visibility":"","ast-main-header-display":"","ast-hfb-above-header-display":"","ast-hfb-below-header-display":"","ast-hfb-mobile-header-display":"","site-post-title":"","ast-breadcrumbs-content":"","ast-featured-img":"","footer-sml-layout":"","ast-disable-related-posts":"","theme-transparent-header-meta":"default","adv-header-id-meta":"","stick-header-meta":"","header-above-stick-meta":"","header-main-stick-meta":"","header-below-stick-meta":"","astra-migrate-meta-layouts":"default","ast-page-background-enabled":"default","ast-page-background-meta":{"desktop":{"background-color":"","background-image":"","background-repeat":"repeat","background-position":"center center","background-size":"auto","background-attachment":"scroll","background-type":"","background-media":"","overlay-type":"","overlay-color":"","overlay-opacity":"","overlay-gradient":""},"tablet":{"background-color":"","background-image":"","background-repeat":"repeat","background-position":"center center","background-size":"auto","background-attachment":"scroll","background-type":"","background-media":"","overlay-type":"","overlay-color":"","overlay-opacity":"","overlay-gradient":""},"mobile":{"background-color":"","background-image":"","background-repeat":"repeat","background-position":"center center","background-size":"auto","background-attachment":"scroll","background-type":"","background-media":"","overlay-type":"","overlay-color":"","overlay-opacity":"","overlay-gradient":""}},"ast-content-background-meta":{"desktop":{"background-color":"var(--ast-global-color-5)","background-image":"","background-repeat":"repeat","background-position":"center center","background-size":"auto","background-attachment":"scroll","background-type":"","background-media":"","overlay-type":"","overlay-color":"","overlay-opacity":"","overlay-gradient":""},"tablet":{"background-color":"var(--ast-global-color-5)","background-image":"","background-repeat":"repeat","background-position":"center center","background-size":"auto","background-attachment":"scroll","background-type":"","background-media":"","overlay-type":"","overlay-color":"","overlay-opacity":"","overlay-gradient":""},"mobile":{"background-color":"var(--ast-global-color-5)","background-image":"","background-repeat":"repeat","background-position":"center center","background-size":"auto","background-attachment":"scroll","background-type":"","background-media":"","overlay-type":"","overlay-color":"","overlay-opacity":"","overlay-gradient":""}}},"product_brand":[],"product_cat":[26],"product_tag":[],"class_list":{"0":"post-2119","1":"product","2":"type-product","3":"status-publish","4":"has-post-thumbnail","6":"product_cat-cargo-truck","7":"desktop-align-left","8":"tablet-align-left","9":"mobile-align-left","11":"first","12":"instock","13":"shipping-taxable","14":"product-type-simple"},"_links":{"self":[{"href":"https:\/\/satisfybot.com\/de\/wp-json\/wp\/v2\/product\/2119","targetHints":{"allow":["GET"]}}],"collection":[{"href":"https:\/\/satisfybot.com\/de\/wp-json\/wp\/v2\/product"}],"about":[{"href":"https:\/\/satisfybot.com\/de\/wp-json\/wp\/v2\/types\/product"}],"version-history":[{"count":0,"href":"https:\/\/satisfybot.com\/de\/wp-json\/wp\/v2\/product\/2119\/revisions"}],"wp:featuredmedia":[{"embeddable":true,"href":"https:\/\/satisfybot.com\/de\/wp-json\/wp\/v2\/media\/2123"}],"wp:attachment":[{"href":"https:\/\/satisfybot.com\/de\/wp-json\/wp\/v2\/media?parent=2119"}],"wp:term":[{"taxonomy":"product_brand","embeddable":true,"href":"https:\/\/satisfybot.com\/de\/wp-json\/wp\/v2\/product_brand?post=2119"},{"taxonomy":"product_cat","embeddable":true,"href":"https:\/\/satisfybot.com\/de\/wp-json\/wp\/v2\/product_cat?post=2119"},{"taxonomy":"product_tag","embeddable":true,"href":"https:\/\/satisfybot.com\/de\/wp-json\/wp\/v2\/product_tag?post=2119"}],"curies":[{"name":"wp","href":"https:\/\/api.w.org\/{rel}","templated":true}]}}