{"id":2124,"date":"2023-06-25T14:29:44","date_gmt":"2023-06-25T14:29:44","guid":{"rendered":"https:\/\/satisfybot.com\/?post_type=product&#038;p=2124"},"modified":"2023-06-25T14:29:45","modified_gmt":"2023-06-25T14:29:45","slug":"3-axles-side-wall-grain-farm-fence-trailer","status":"publish","type":"product","link":"https:\/\/satisfybot.com\/de\/produkt\/3-axles-side-wall-grain-farm-fence-trailer\/","title":{"rendered":"3-Achsen-Seitenwand-Getreidefarm-Zaunanh\u00e4nger"},"content":{"rendered":"<p><strong>3 Achsen 40T 60T Drop-Seitenwand-Getreidefarm-Zaunanh\u00e4nger<\/strong><\/p>\n<p><strong>Produktbeschreibung:<\/strong><\/p>\n<p>Getreidetransportanh\u00e4nger sind Anh\u00e4nger zum Transport von Masseng\u00fctern wie Getreide, die von Sattelzugmaschinen gezogen werden. Diese Anh\u00e4nger werden in ganz Afrika h\u00e4ufig zum Transport landwirtschaftlicher Produkte und aller anderen G\u00fcter eingesetzt, die in gro\u00dfen Mengen mit Anh\u00e4ngern transportiert und umgeschlagen werden k\u00f6nnen. Chengda, der Tr\u00e4ger besteht aus hochfestem Baustahl Q345B, der Quertr\u00e4ger ist automatisch unterpulvergeschwei\u00dft und die Hauptl\u00e4ngstr\u00e4gerstruktur hat die beste Tragwirkung. Und wir stellen die Achsen und Aufh\u00e4ngungssysteme bekannter Marken zur Verf\u00fcgung, die mit hoher Leistung und zuverl\u00e4ssigem Einsatz die gute Leistung des gesamten Fahrzeugs garantieren.<\/p>\n<p>3-Achsen-40T-Zaunanh\u00e4nger mit hohem Zaun (unten)<\/p>\n<p><img fetchpriority=\"high\" decoding=\"async\" class=\"aligncenter size-full wp-image-2128\" src=\"https:\/\/satisfybot.com\/wp-content\/uploads\/2023\/06\/4283bc1a34bc8f0218f6273f69.jpg\" alt=\"Advantages:1. The frame body is Q345B high-strength structural steel, the cross-beam is automatically submerged arc welding, and the main longitudinal beam structure has the best bearing effect.2. Well-known brand axles and suspension systems, high performance and reliable use, guarantee the good performance of the whole vehicle.3. The trailers floor is checker plate, this will keep the other bulk cargo more stable, like the bags, or long stuff.4. We offer Fence trailers with various customization options.Specification:Overall dimension 11500*2500*3600mmLoading capacity 40TTyre and quantity 12R22.5 12setsLanding gear 28TPlatform plate 3mm Checkered steel plateBrake system Dual Line braking system ,none ABS.Brake air chamber Four double and two single chamberPacking and Delievery:We provide Roro shipment and Bulk shipment, anyone you can choose.\" width=\"1000\" height=\"1000\" srcset=\"https:\/\/satisfybot.com\/wp-content\/uploads\/2023\/06\/4283bc1a34bc8f0218f6273f69.jpg 1000w, https:\/\/satisfybot.com\/wp-content\/uploads\/2023\/06\/4283bc1a34bc8f0218f6273f69-300x300.jpg 300w, https:\/\/satisfybot.com\/wp-content\/uploads\/2023\/06\/4283bc1a34bc8f0218f6273f69-100x100.jpg 100w, https:\/\/satisfybot.com\/wp-content\/uploads\/2023\/06\/4283bc1a34bc8f0218f6273f69-600x600.jpg 600w, https:\/\/satisfybot.com\/wp-content\/uploads\/2023\/06\/4283bc1a34bc8f0218f6273f69-150x150.jpg 150w, https:\/\/satisfybot.com\/wp-content\/uploads\/2023\/06\/4283bc1a34bc8f0218f6273f69-768x768.jpg 768w\" sizes=\"(max-width: 1000px) 100vw, 1000px\" \/><\/p>\n<p><strong>Vorteile:<\/strong><br \/>\n1. Der Rahmenk\u00f6rper besteht aus hochfestem Baustahl Q345B, der Quertr\u00e4ger wird automatisch unterpulvergeschwei\u00dft und die Hauptl\u00e4ngstr\u00e4gerstruktur weist die beste Tragwirkung auf.<br \/>\n2. Achsen und Federungssysteme bekannter Marken, hohe Leistung und zuverl\u00e4ssiger Einsatz garantieren die gute Leistung des gesamten Fahrzeugs.<\/p>\n<p>3. Der Boden des Anh\u00e4ngers besteht aus Riffelblech. Dies sorgt daf\u00fcr, dass das andere Sch\u00fcttgut, wie S\u00e4cke oder Langgut, stabiler bleibt.<br \/>\n4. Wir bieten Zaunanh\u00e4nger mit verschiedenen Anpassungsm\u00f6glichkeiten an.<\/p>\n<p><strong>Spezifikation:<\/strong><\/p>\n<p>Gesamtabmessung 11500*2500*3600mm<br \/>\nLadekapazit\u00e4t 40T<br \/>\nReifen und Menge 12R22,5 12 S\u00e4tze<\/p>\n<p>Fahrwerk 28T<br \/>\nPlattformplatte 3 mm kariertes Stahlblech<br \/>\nBremssystem Zweileitungsbremssystem, kein ABS.<\/p>\n<p>Bremsluftkammer Vier Doppel- und zwei Einzelkammern<\/p>\n<p><strong>Verpackung und Lieferung:<\/strong><\/p>\n<p>Wir bieten RoRo-Versand und Massenversand an, jeder, den Sie w\u00e4hlen k\u00f6nnen.<\/p>\n<p><img decoding=\"async\" class=\"aligncenter size-large wp-image-2099\" src=\"https:\/\/satisfybot.com\/wp-content\/uploads\/2023\/06\/0d9312e54956a736606398b78c-1024x418.jpg\" alt=\"Dongfeng Tractor Head\" width=\"1024\" height=\"418\" srcset=\"https:\/\/satisfybot.com\/wp-content\/uploads\/2023\/06\/0d9312e54956a736606398b78c-1024x418.jpg 1024w, https:\/\/satisfybot.com\/wp-content\/uploads\/2023\/06\/0d9312e54956a736606398b78c-600x245.jpg 600w, https:\/\/satisfybot.com\/wp-content\/uploads\/2023\/06\/0d9312e54956a736606398b78c-300x123.jpg 300w, https:\/\/satisfybot.com\/wp-content\/uploads\/2023\/06\/0d9312e54956a736606398b78c-768x314.jpg 768w, https:\/\/satisfybot.com\/wp-content\/uploads\/2023\/06\/0d9312e54956a736606398b78c.jpg 1200w\" sizes=\"(max-width: 1024px) 100vw, 1024px\" \/><\/p>","protected":false},"excerpt":{"rendered":"<p>3 Axles 40T 60T Drop Side Wall Grain Farm Fence Trailer Product Description: Grain transport trailers are trailers used to transport bulk commodities such as grains that are pulled by truck tractors. These trailers are widely used throughout Africa to transport agricultural products and any other commodities that can be transported and handled in bulk [&hellip;]<\/p>","protected":false},"featured_media":2125,"template":"","meta":{"site-sidebar-layout":"default","site-content-layout":"default","ast-site-content-layout":"default","site-content-style":"default","site-sidebar-style":"default","ast-global-header-display":"","ast-banner-title-visibility":"","ast-main-header-display":"","ast-hfb-above-header-display":"","ast-hfb-below-header-display":"","ast-hfb-mobile-header-display":"","site-post-title":"","ast-breadcrumbs-content":"","ast-featured-img":"","footer-sml-layout":"","ast-disable-related-posts":"","theme-transparent-header-meta":"default","adv-header-id-meta":"","stick-header-meta":"","header-above-stick-meta":"","header-main-stick-meta":"","header-below-stick-meta":"","astra-migrate-meta-layouts":"default","ast-page-background-enabled":"default","ast-page-background-meta":{"desktop":{"background-color":"","background-image":"","background-repeat":"repeat","background-position":"center center","background-size":"auto","background-attachment":"scroll","background-type":"","background-media":"","overlay-type":"","overlay-color":"","overlay-opacity":"","overlay-gradient":""},"tablet":{"background-color":"","background-image":"","background-repeat":"repeat","background-position":"center center","background-size":"auto","background-attachment":"scroll","background-type":"","background-media":"","overlay-type":"","overlay-color":"","overlay-opacity":"","overlay-gradient":""},"mobile":{"background-color":"","background-image":"","background-repeat":"repeat","background-position":"center center","background-size":"auto","background-attachment":"scroll","background-type":"","background-media":"","overlay-type":"","overlay-color":"","overlay-opacity":"","overlay-gradient":""}},"ast-content-background-meta":{"desktop":{"background-color":"var(--ast-global-color-5)","background-image":"","background-repeat":"repeat","background-position":"center center","background-size":"auto","background-attachment":"scroll","background-type":"","background-media":"","overlay-type":"","overlay-color":"","overlay-opacity":"","overlay-gradient":""},"tablet":{"background-color":"var(--ast-global-color-5)","background-image":"","background-repeat":"repeat","background-position":"center center","background-size":"auto","background-attachment":"scroll","background-type":"","background-media":"","overlay-type":"","overlay-color":"","overlay-opacity":"","overlay-gradient":""},"mobile":{"background-color":"var(--ast-global-color-5)","background-image":"","background-repeat":"repeat","background-position":"center center","background-size":"auto","background-attachment":"scroll","background-type":"","background-media":"","overlay-type":"","overlay-color":"","overlay-opacity":"","overlay-gradient":""}}},"product_brand":[],"product_cat":[26],"product_tag":[],"class_list":{"0":"post-2124","1":"product","2":"type-product","3":"status-publish","4":"has-post-thumbnail","6":"product_cat-cargo-truck","7":"desktop-align-left","8":"tablet-align-left","9":"mobile-align-left","11":"first","12":"instock","13":"shipping-taxable","14":"product-type-simple"},"_links":{"self":[{"href":"https:\/\/satisfybot.com\/de\/wp-json\/wp\/v2\/product\/2124","targetHints":{"allow":["GET"]}}],"collection":[{"href":"https:\/\/satisfybot.com\/de\/wp-json\/wp\/v2\/product"}],"about":[{"href":"https:\/\/satisfybot.com\/de\/wp-json\/wp\/v2\/types\/product"}],"version-history":[{"count":0,"href":"https:\/\/satisfybot.com\/de\/wp-json\/wp\/v2\/product\/2124\/revisions"}],"wp:featuredmedia":[{"embeddable":true,"href":"https:\/\/satisfybot.com\/de\/wp-json\/wp\/v2\/media\/2125"}],"wp:attachment":[{"href":"https:\/\/satisfybot.com\/de\/wp-json\/wp\/v2\/media?parent=2124"}],"wp:term":[{"taxonomy":"product_brand","embeddable":true,"href":"https:\/\/satisfybot.com\/de\/wp-json\/wp\/v2\/product_brand?post=2124"},{"taxonomy":"product_cat","embeddable":true,"href":"https:\/\/satisfybot.com\/de\/wp-json\/wp\/v2\/product_cat?post=2124"},{"taxonomy":"product_tag","embeddable":true,"href":"https:\/\/satisfybot.com\/de\/wp-json\/wp\/v2\/product_tag?post=2124"}],"curies":[{"name":"wp","href":"https:\/\/api.w.org\/{rel}","templated":true}]}}