{"id":2129,"date":"2023-06-25T14:42:27","date_gmt":"2023-06-25T14:42:27","guid":{"rendered":"https:\/\/satisfybot.com\/?post_type=product&#038;p=2129"},"modified":"2023-06-25T14:42:27","modified_gmt":"2023-06-25T14:42:27","slug":"sinotruk-howo-6x4-diesel-engine-cargo-truck","status":"publish","type":"product","link":"https:\/\/satisfybot.com\/de\/produkt\/sinotruk-howo-6x4-diesel-engine-cargo-truck\/","title":{"rendered":"Sinotruk Howo 6X4 LKW mit Dieselmotor"},"content":{"rendered":"<h2>Sinotruk Howo 6\u00d74 Dieselmotor-Lastkraftwagen<\/h2>\n<p>HOWO Truck ist ein sehr praktisches Produkt. Die Gr\u00f6\u00dfe des Eimers kann an die unterschiedlichen Transportbed\u00fcrfnisse der Kunden angepasst werden. Neben dem Transport von Leichtg\u00fctern und Containerg\u00fctern k\u00f6nnen auch alle Arten von Gefl\u00fcgel transportiert werden. Angemessener Preis und Qualit\u00e4tssicherung.<\/p>\n<p>Wir stellen nicht nur LKWs her, sondern verf\u00fcgen auch \u00fcber Anh\u00e4ngerfabriken. Nicht nur Vollanh\u00e4nger, sondern auch alle Arten von Sattelaufliegern. Zum Beispiel der 3-Achs-Tankanh\u00e4nger, der beliebteste in Malawi, und der 3-Achs-Flachbett-Sattelauflieger sind in Tansania ein hei\u00dfer Verkauf. Und andere hei\u00dfe Verkaufsprodukte wie Zement-Massengutanh\u00e4nger, Wassertankanh\u00e4nger, Tieflader-Sattelauflieger usw.<\/p>\n<p><img fetchpriority=\"high\" decoding=\"async\" class=\"aligncenter size-full wp-image-2137\" src=\"https:\/\/satisfybot.com\/wp-content\/uploads\/2023\/06\/6d943e5830fcf80afe74b30067.jpg@4e_500w_500h.src_watermark2textd3d3LmNoZW5nZGFzZW1pdHJhaWxlci5jb20t75colorI0ZGRkZGRgsize19p9_95Q.jpg\" alt=\"\" width=\"500\" height=\"500\" srcset=\"https:\/\/satisfybot.com\/wp-content\/uploads\/2023\/06\/6d943e5830fcf80afe74b30067.jpg@4e_500w_500h.src_watermark2textd3d3LmNoZW5nZGFzZW1pdHJhaWxlci5jb20t75colorI0ZGRkZGRgsize19p9_95Q.jpg 500w, https:\/\/satisfybot.com\/wp-content\/uploads\/2023\/06\/6d943e5830fcf80afe74b30067.jpg@4e_500w_500h.src_watermark2textd3d3LmNoZW5nZGFzZW1pdHJhaWxlci5jb20t75colorI0ZGRkZGRgsize19p9_95Q-300x300.jpg 300w, https:\/\/satisfybot.com\/wp-content\/uploads\/2023\/06\/6d943e5830fcf80afe74b30067.jpg@4e_500w_500h.src_watermark2textd3d3LmNoZW5nZGFzZW1pdHJhaWxlci5jb20t75colorI0ZGRkZGRgsize19p9_95Q-100x100.jpg 100w, https:\/\/satisfybot.com\/wp-content\/uploads\/2023\/06\/6d943e5830fcf80afe74b30067.jpg@4e_500w_500h.src_watermark2textd3d3LmNoZW5nZGFzZW1pdHJhaWxlci5jb20t75colorI0ZGRkZGRgsize19p9_95Q-150x150.jpg 150w\" sizes=\"(max-width: 500px) 100vw, 500px\" \/><\/p>\n<h2>Verpackung:<\/h2>\n<p class=\"p\">1.Container: der g\u00fcnstigste und schnellste, aber nicht f\u00fcr 8*4-Kipper verf\u00fcgbar<\/p>\n<p class=\"p\">2. Massengutfrachter: was besser f\u00fcr gr\u00f6\u00dfere Baumaschinen geeignet ist<br \/>\n3. Flaches Rackschiff: Dies ist besser f\u00fcr gr\u00f6\u00dfere Maschinen und erfordert auch keine Demontage<br \/>\n4.RO RO-Schiff: Das ist gut f\u00fcr jede Maschine und schneller.<br \/>\nSie k\u00f6nnen sich auf Ihre eigenen Bed\u00fcrfnisse verlassen, um einen Favoriten auszuw\u00e4hlen.<br \/>\nLieferung: Innerhalb von 7 Werktagen nach Best\u00e4tigung<\/p>\n<p><img decoding=\"async\" class=\"aligncenter size-large wp-image-2048\" src=\"https:\/\/satisfybot.com\/wp-content\/uploads\/2023\/06\/Sinotruk-Heavy-Dump-Truck-4-1024x537.png\" alt=\"Sinotruk Heavy Dump Truck\" width=\"1024\" height=\"537\" srcset=\"https:\/\/satisfybot.com\/wp-content\/uploads\/2023\/06\/Sinotruk-Heavy-Dump-Truck-4-1024x537.png 1024w, https:\/\/satisfybot.com\/wp-content\/uploads\/2023\/06\/Sinotruk-Heavy-Dump-Truck-4-600x315.png 600w, https:\/\/satisfybot.com\/wp-content\/uploads\/2023\/06\/Sinotruk-Heavy-Dump-Truck-4-300x157.png 300w, https:\/\/satisfybot.com\/wp-content\/uploads\/2023\/06\/Sinotruk-Heavy-Dump-Truck-4-768x403.png 768w, https:\/\/satisfybot.com\/wp-content\/uploads\/2023\/06\/Sinotruk-Heavy-Dump-Truck-4.png 1228w\" sizes=\"(max-width: 1024px) 100vw, 1024px\" \/><\/p>\n<p>&nbsp;<\/p>","protected":false},"excerpt":{"rendered":"<p>Sinotruk Howo 6&#215;4 Diesel Engine Cargo Truck HOWO truck is a very practical product. It can customize the size of the bucket according to the different transportation needs of customers. In addition to carrying light goods, container goods, it can also carry all kinds of poultry. Reasonable price and quality assurance. We not only provide [&hellip;]<\/p>","protected":false},"featured_media":2122,"template":"","meta":{"site-sidebar-layout":"default","site-content-layout":"default","ast-site-content-layout":"default","site-content-style":"default","site-sidebar-style":"default","ast-global-header-display":"","ast-banner-title-visibility":"","ast-main-header-display":"","ast-hfb-above-header-display":"","ast-hfb-below-header-display":"","ast-hfb-mobile-header-display":"","site-post-title":"","ast-breadcrumbs-content":"","ast-featured-img":"","footer-sml-layout":"","ast-disable-related-posts":"","theme-transparent-header-meta":"default","adv-header-id-meta":"","stick-header-meta":"","header-above-stick-meta":"","header-main-stick-meta":"","header-below-stick-meta":"","astra-migrate-meta-layouts":"default","ast-page-background-enabled":"default","ast-page-background-meta":{"desktop":{"background-color":"","background-image":"","background-repeat":"repeat","background-position":"center center","background-size":"auto","background-attachment":"scroll","background-type":"","background-media":"","overlay-type":"","overlay-color":"","overlay-opacity":"","overlay-gradient":""},"tablet":{"background-color":"","background-image":"","background-repeat":"repeat","background-position":"center center","background-size":"auto","background-attachment":"scroll","background-type":"","background-media":"","overlay-type":"","overlay-color":"","overlay-opacity":"","overlay-gradient":""},"mobile":{"background-color":"","background-image":"","background-repeat":"repeat","background-position":"center center","background-size":"auto","background-attachment":"scroll","background-type":"","background-media":"","overlay-type":"","overlay-color":"","overlay-opacity":"","overlay-gradient":""}},"ast-content-background-meta":{"desktop":{"background-color":"var(--ast-global-color-5)","background-image":"","background-repeat":"repeat","background-position":"center center","background-size":"auto","background-attachment":"scroll","background-type":"","background-media":"","overlay-type":"","overlay-color":"","overlay-opacity":"","overlay-gradient":""},"tablet":{"background-color":"var(--ast-global-color-5)","background-image":"","background-repeat":"repeat","background-position":"center center","background-size":"auto","background-attachment":"scroll","background-type":"","background-media":"","overlay-type":"","overlay-color":"","overlay-opacity":"","overlay-gradient":""},"mobile":{"background-color":"var(--ast-global-color-5)","background-image":"","background-repeat":"repeat","background-position":"center center","background-size":"auto","background-attachment":"scroll","background-type":"","background-media":"","overlay-type":"","overlay-color":"","overlay-opacity":"","overlay-gradient":""}}},"product_brand":[],"product_cat":[26],"product_tag":[],"class_list":{"0":"post-2129","1":"product","2":"type-product","3":"status-publish","4":"has-post-thumbnail","6":"product_cat-cargo-truck","7":"desktop-align-left","8":"tablet-align-left","9":"mobile-align-left","11":"first","12":"instock","13":"shipping-taxable","14":"product-type-simple"},"_links":{"self":[{"href":"https:\/\/satisfybot.com\/de\/wp-json\/wp\/v2\/product\/2129","targetHints":{"allow":["GET"]}}],"collection":[{"href":"https:\/\/satisfybot.com\/de\/wp-json\/wp\/v2\/product"}],"about":[{"href":"https:\/\/satisfybot.com\/de\/wp-json\/wp\/v2\/types\/product"}],"version-history":[{"count":0,"href":"https:\/\/satisfybot.com\/de\/wp-json\/wp\/v2\/product\/2129\/revisions"}],"wp:featuredmedia":[{"embeddable":true,"href":"https:\/\/satisfybot.com\/de\/wp-json\/wp\/v2\/media\/2122"}],"wp:attachment":[{"href":"https:\/\/satisfybot.com\/de\/wp-json\/wp\/v2\/media?parent=2129"}],"wp:term":[{"taxonomy":"product_brand","embeddable":true,"href":"https:\/\/satisfybot.com\/de\/wp-json\/wp\/v2\/product_brand?post=2129"},{"taxonomy":"product_cat","embeddable":true,"href":"https:\/\/satisfybot.com\/de\/wp-json\/wp\/v2\/product_cat?post=2129"},{"taxonomy":"product_tag","embeddable":true,"href":"https:\/\/satisfybot.com\/de\/wp-json\/wp\/v2\/product_tag?post=2129"}],"curies":[{"name":"wp","href":"https:\/\/api.w.org\/{rel}","templated":true}]}}