{"id":2140,"date":"2023-06-25T14:47:33","date_gmt":"2023-06-25T14:47:33","guid":{"rendered":"https:\/\/satisfybot.com\/?post_type=product&#038;p=2140"},"modified":"2023-06-25T14:47:34","modified_gmt":"2023-06-25T14:47:34","slug":"howo-transit-mixer-truck","status":"publish","type":"product","link":"https:\/\/satisfybot.com\/de\/produkt\/howo-transit-mixer-truck\/","title":{"rendered":"Howo Transit Mischwagen"},"content":{"rendered":"<p>Der Transportmischer von Sinotruk Howo ist ein Spezialfahrzeug zur Aufrechterhaltung der Betonkonsistenz beim Transport von Beton oder auf der Baustelle.<\/p>\n<h2><strong>Merkmale des Howo Transit-Mischwagens<\/strong><\/h2>\n<p>Der Transportmischer von Howo \u00fcbernimmt das HOWO-Fahrgestell, ausgestattet mit einer HW76-Einzelkabine oder einer HW70-Kabine, speziell f\u00fcr den Export. Ausgestattet mit Euro 2 oder elektronischer Common Rail, selbst entwickeltem Sinotruk-Motor Euro III und Euro IV, serienm\u00e4\u00dfiger deutscher importierter ZF-Lenkung, HOWO 10- und 12-Getrieben, HF9-Tonnen-Vorderachse, HC16- oder AC16-Hinterachse, mit gro\u00dfer Tragf\u00e4higkeit, um den Bed\u00fcrfnissen der Kunden gerecht zu werden.<\/p>\n<p>Der Mischtank besteht aus einer hochfesten, verschlei\u00dffesten Stahlplatte, und die K\u00e4figform ist einst\u00fcckig geformt, um die Koaxialit\u00e4t und den Rundlauf von Flansch, Querschnittszylinder und Walzen sicherzustellen und den reibungslosen Betrieb des Fahrzeugs zu gew\u00e4hrleisten. Der Tankk\u00f6rper verf\u00fcgt \u00fcber Doppelschraubenbl\u00e4tter mit m\u00e4\u00dfiger Dichte. Das konische Vordertor ist symmetrisch zur R\u00fchrplatte und die Schaufeln und Leitschaufeln sind an der Tankm\u00fcndung installiert, um das Material schneller zu machen.<\/p>\n<p>Unsere Fahrmischer verwenden importierte Hydrauliksysteme wie amerikanische Pumpen und Motoren sowie Untersetzungsgetriebe italienischer Marken. Einfache Wartung und Instandhaltung.<\/p>","protected":false},"excerpt":{"rendered":"<p>Sinotruk Howo transit mixer truck is a special-purpose vehicle to keep the consistency of concrete when transporting concrete or at the construction site. Features of Howo transit mixer truck Howo transit mixer truck adopts HOWO chassis, equipped with HW76 single-berth cab or HW70 cab, dedicated for export Equipped with Euro 2 or electronic common rail, [&hellip;]<\/p>","protected":false},"featured_media":2143,"template":"","meta":{"site-sidebar-layout":"default","site-content-layout":"default","ast-site-content-layout":"default","site-content-style":"default","site-sidebar-style":"default","ast-global-header-display":"","ast-banner-title-visibility":"","ast-main-header-display":"","ast-hfb-above-header-display":"","ast-hfb-below-header-display":"","ast-hfb-mobile-header-display":"","site-post-title":"","ast-breadcrumbs-content":"","ast-featured-img":"","footer-sml-layout":"","ast-disable-related-posts":"","theme-transparent-header-meta":"default","adv-header-id-meta":"","stick-header-meta":"","header-above-stick-meta":"","header-main-stick-meta":"","header-below-stick-meta":"","astra-migrate-meta-layouts":"default","ast-page-background-enabled":"default","ast-page-background-meta":{"desktop":{"background-color":"","background-image":"","background-repeat":"repeat","background-position":"center center","background-size":"auto","background-attachment":"scroll","background-type":"","background-media":"","overlay-type":"","overlay-color":"","overlay-opacity":"","overlay-gradient":""},"tablet":{"background-color":"","background-image":"","background-repeat":"repeat","background-position":"center center","background-size":"auto","background-attachment":"scroll","background-type":"","background-media":"","overlay-type":"","overlay-color":"","overlay-opacity":"","overlay-gradient":""},"mobile":{"background-color":"","background-image":"","background-repeat":"repeat","background-position":"center center","background-size":"auto","background-attachment":"scroll","background-type":"","background-media":"","overlay-type":"","overlay-color":"","overlay-opacity":"","overlay-gradient":""}},"ast-content-background-meta":{"desktop":{"background-color":"var(--ast-global-color-5)","background-image":"","background-repeat":"repeat","background-position":"center center","background-size":"auto","background-attachment":"scroll","background-type":"","background-media":"","overlay-type":"","overlay-color":"","overlay-opacity":"","overlay-gradient":""},"tablet":{"background-color":"var(--ast-global-color-5)","background-image":"","background-repeat":"repeat","background-position":"center center","background-size":"auto","background-attachment":"scroll","background-type":"","background-media":"","overlay-type":"","overlay-color":"","overlay-opacity":"","overlay-gradient":""},"mobile":{"background-color":"var(--ast-global-color-5)","background-image":"","background-repeat":"repeat","background-position":"center center","background-size":"auto","background-attachment":"scroll","background-type":"","background-media":"","overlay-type":"","overlay-color":"","overlay-opacity":"","overlay-gradient":""}}},"product_brand":[],"product_cat":[27],"product_tag":[],"class_list":{"0":"post-2140","1":"product","2":"type-product","3":"status-publish","4":"has-post-thumbnail","6":"product_cat-cement-truck","7":"desktop-align-left","8":"tablet-align-left","9":"mobile-align-left","11":"first","12":"instock","13":"shipping-taxable","14":"product-type-simple"},"_links":{"self":[{"href":"https:\/\/satisfybot.com\/de\/wp-json\/wp\/v2\/product\/2140","targetHints":{"allow":["GET"]}}],"collection":[{"href":"https:\/\/satisfybot.com\/de\/wp-json\/wp\/v2\/product"}],"about":[{"href":"https:\/\/satisfybot.com\/de\/wp-json\/wp\/v2\/types\/product"}],"version-history":[{"count":0,"href":"https:\/\/satisfybot.com\/de\/wp-json\/wp\/v2\/product\/2140\/revisions"}],"wp:featuredmedia":[{"embeddable":true,"href":"https:\/\/satisfybot.com\/de\/wp-json\/wp\/v2\/media\/2143"}],"wp:attachment":[{"href":"https:\/\/satisfybot.com\/de\/wp-json\/wp\/v2\/media?parent=2140"}],"wp:term":[{"taxonomy":"product_brand","embeddable":true,"href":"https:\/\/satisfybot.com\/de\/wp-json\/wp\/v2\/product_brand?post=2140"},{"taxonomy":"product_cat","embeddable":true,"href":"https:\/\/satisfybot.com\/de\/wp-json\/wp\/v2\/product_cat?post=2140"},{"taxonomy":"product_tag","embeddable":true,"href":"https:\/\/satisfybot.com\/de\/wp-json\/wp\/v2\/product_tag?post=2140"}],"curies":[{"name":"wp","href":"https:\/\/api.w.org\/{rel}","templated":true}]}}