{"id":2144,"date":"2023-06-25T14:50:34","date_gmt":"2023-06-25T14:50:34","guid":{"rendered":"https:\/\/satisfybot.com\/?post_type=product&#038;p=2144"},"modified":"2023-06-25T14:50:37","modified_gmt":"2023-06-25T14:50:37","slug":"howo-concrete-mixer-truck","status":"publish","type":"product","link":"https:\/\/satisfybot.com\/de\/produkt\/howo-concrete-mixer-truck\/","title":{"rendered":"Howo Betonmischer-LKW"},"content":{"rendered":"<p>Das Howo\u00a0<span class=\"keywords_replace\">Betonmischer-LKW<\/span>\u00a0besteht aus einem LKW-Chassis und einer Betonmisch- und F\u00f6rdervorrichtung, und der Mischtank rollt w\u00e4hrend des Transports weiter. Es handelt sich um ein Spezialfahrzeug, das die Funktionen Betonmischen und F\u00f6rdern vereint.<\/p>\n<h2><strong>Merkmale des Howo Betonmischer-LKW<\/strong><\/h2>\n<p>1. Der Howo-Betonmischer hat ein sch\u00f6nes Aussehen, gleichm\u00e4\u00dfiges Mischen, eine schnellere Zuf\u00fchr- und Entladegeschwindigkeit und eine niedrige Restrate, was die Qualit\u00e4t des Betons voll und ganz garantiert.<br \/>\n2. Auch die Konfiguration der drei Hydraulikkomponenten ist sehr hoch. Zum Einsatz kommen Reduziergetriebe, Hydraulik\u00f6lpumpen, Motoren, W\u00e4rmerohrk\u00fchler usw. internationaler und weltbekannter Marken. Es bietet die Vorteile einer zuverl\u00e4ssigen Leistung, einer langen Lebensdauer und einer hohen Arbeitseffizienz.<\/p>\n<div><img decoding=\"async\" class=\"aligncenter\" title=\"Howo Betonmischer-LKW\" src=\"https:\/\/bsg-i.nbxc.com\/product\/3d\/07\/77\/5787f6b391d4d2b14d2b11cb97.jpg\" alt=\"Howo Concrete Mixer Truck\" \/><\/div>\n<h2><strong>Spezifikation des Howo Betonmischer-LKW<\/strong><\/h2>\n<table border=\"1\" cellspacing=\"0\" cellpadding=\"0\" align=\"center\">\n<tbody>\n<tr>\n<td width=\"226\" height=\"18\">Produktname<\/td>\n<td class=\"et2\" width=\"460\">Howo Betonmischer-LKW<\/td>\n<\/tr>\n<tr>\n<td height=\"18\">Modell Nr.<\/td>\n<td class=\"et2\">ZZ1257N3847<\/td>\n<\/tr>\n<tr>\n<td height=\"18\">Motor<\/td>\n<td class=\"et2\">336 PS (EURO II), 340 PS (EURO III), 340 PS (EURO IV)<\/td>\n<\/tr>\n<tr>\n<td height=\"18\">Getriebe<\/td>\n<td class=\"et2\">HW19710, 10 Vorw\u00e4rts- und 2 R\u00fcckw\u00e4rtsg\u00e4nge<\/td>\n<\/tr>\n<tr>\n<td height=\"18\">Lenkung<\/td>\n<td class=\"et2\">ZF8118 hydraulische Lenkung mit Servounterst\u00fctzung<\/td>\n<\/tr>\n<tr>\n<td height=\"18\">Antriebsachse<\/td>\n<td class=\"et2\">HC16, 16 Tonnen Doppeluntersetzung<\/td>\n<\/tr>\n<tr>\n<td height=\"18\">Radstand (mm)<\/td>\n<td class=\"et2\">3800+1350<\/td>\n<\/tr>\n<tr>\n<td height=\"18\">Reifen<\/td>\n<td class=\"et2\">12.00.R20 Radialreifen, 11 Einheiten, ein Ersatzreifen<\/td>\n<\/tr>\n<tr>\n<td height=\"18\">Vorderachse<\/td>\n<td class=\"et2\">HF9 9000 kg<\/td>\n<\/tr>\n<tr>\n<td height=\"18\">Verschiebung<\/td>\n<td class=\"et2\">9,726L<\/td>\n<\/tr>\n<tr>\n<td height=\"18\">Gesamtabmessungen (L*B*H)<\/td>\n<td class=\"et2\">9025*2496*3950mm<\/td>\n<\/tr>\n<tr>\n<td height=\"18\">H\u00f6chstgeschwindigkeit (km\/h)<\/td>\n<td class=\"et2\">90<\/td>\n<\/tr>\n<tr>\n<td height=\"18\">Fassungsverm\u00f6gen des Kraftstofftanks (L)<\/td>\n<td class=\"et2\">300<\/td>\n<\/tr>\n<tr>\n<td height=\"18\">Farbe<\/td>\n<td class=\"et2\">Rot, Gr\u00fcn, Blau, Gelb, Wei\u00df usw<\/td>\n<\/tr>\n<tr>\n<td height=\"18\">Geometrisches Volumen<\/td>\n<td class=\"et2\">16,5 m3<\/td>\n<\/tr>\n<tr>\n<td height=\"18\">R\u00fchrkapazit\u00e4t<\/td>\n<td class=\"et2\">10m3<\/td>\n<\/tr>\n<tr>\n<td height=\"18\">Trommel rotiert<\/td>\n<td class=\"et2\">14\u00b0<\/td>\n<\/tr>\n<tr>\n<td height=\"18\">Drehzahl des R\u00fchrwerks<\/td>\n<td class=\"et2\">0-14 U\/min<\/td>\n<\/tr>\n<tr>\n<td height=\"18\">Vorschubgeschwindigkeit<\/td>\n<td class=\"et2\">&gt;3,5 m3\/min<\/td>\n<\/tr>\n<tr>\n<td height=\"18\">Wassertankvolumen<\/td>\n<td class=\"et2\">400L<\/td>\n<\/tr>\n<tr>\n<td height=\"18\">Entladung bleibt Verh\u00e4ltnis<\/td>\n<td class=\"et2\">&lt;0,2%<\/td>\n<\/tr>\n<\/tbody>\n<\/table>","protected":false},"excerpt":{"rendered":"<p>The Howo\u00a0Concrete Mixer Truck\u00a0is composed of a truck chassis and a concrete mixing and conveying device, and the mixing tank keeps rolling during transportation. It is a special-purpose vehicle that combines the functions of concrete mixing and conveying. Features of Howo Concrete Mixer Truck 1. The Howo concrete mixer truck has a beautiful appearance, even [&hellip;]<\/p>","protected":false},"featured_media":2148,"template":"","meta":{"site-sidebar-layout":"default","site-content-layout":"default","ast-site-content-layout":"default","site-content-style":"default","site-sidebar-style":"default","ast-global-header-display":"","ast-banner-title-visibility":"","ast-main-header-display":"","ast-hfb-above-header-display":"","ast-hfb-below-header-display":"","ast-hfb-mobile-header-display":"","site-post-title":"","ast-breadcrumbs-content":"","ast-featured-img":"","footer-sml-layout":"","ast-disable-related-posts":"","theme-transparent-header-meta":"default","adv-header-id-meta":"","stick-header-meta":"","header-above-stick-meta":"","header-main-stick-meta":"","header-below-stick-meta":"","astra-migrate-meta-layouts":"default","ast-page-background-enabled":"default","ast-page-background-meta":{"desktop":{"background-color":"","background-image":"","background-repeat":"repeat","background-position":"center center","background-size":"auto","background-attachment":"scroll","background-type":"","background-media":"","overlay-type":"","overlay-color":"","overlay-opacity":"","overlay-gradient":""},"tablet":{"background-color":"","background-image":"","background-repeat":"repeat","background-position":"center center","background-size":"auto","background-attachment":"scroll","background-type":"","background-media":"","overlay-type":"","overlay-color":"","overlay-opacity":"","overlay-gradient":""},"mobile":{"background-color":"","background-image":"","background-repeat":"repeat","background-position":"center center","background-size":"auto","background-attachment":"scroll","background-type":"","background-media":"","overlay-type":"","overlay-color":"","overlay-opacity":"","overlay-gradient":""}},"ast-content-background-meta":{"desktop":{"background-color":"var(--ast-global-color-5)","background-image":"","background-repeat":"repeat","background-position":"center center","background-size":"auto","background-attachment":"scroll","background-type":"","background-media":"","overlay-type":"","overlay-color":"","overlay-opacity":"","overlay-gradient":""},"tablet":{"background-color":"var(--ast-global-color-5)","background-image":"","background-repeat":"repeat","background-position":"center center","background-size":"auto","background-attachment":"scroll","background-type":"","background-media":"","overlay-type":"","overlay-color":"","overlay-opacity":"","overlay-gradient":""},"mobile":{"background-color":"var(--ast-global-color-5)","background-image":"","background-repeat":"repeat","background-position":"center center","background-size":"auto","background-attachment":"scroll","background-type":"","background-media":"","overlay-type":"","overlay-color":"","overlay-opacity":"","overlay-gradient":""}}},"product_brand":[],"product_cat":[27],"product_tag":[],"class_list":{"0":"post-2144","1":"product","2":"type-product","3":"status-publish","4":"has-post-thumbnail","6":"product_cat-cement-truck","7":"desktop-align-left","8":"tablet-align-left","9":"mobile-align-left","11":"first","12":"instock","13":"shipping-taxable","14":"product-type-simple"},"_links":{"self":[{"href":"https:\/\/satisfybot.com\/de\/wp-json\/wp\/v2\/product\/2144","targetHints":{"allow":["GET"]}}],"collection":[{"href":"https:\/\/satisfybot.com\/de\/wp-json\/wp\/v2\/product"}],"about":[{"href":"https:\/\/satisfybot.com\/de\/wp-json\/wp\/v2\/types\/product"}],"version-history":[{"count":0,"href":"https:\/\/satisfybot.com\/de\/wp-json\/wp\/v2\/product\/2144\/revisions"}],"wp:featuredmedia":[{"embeddable":true,"href":"https:\/\/satisfybot.com\/de\/wp-json\/wp\/v2\/media\/2148"}],"wp:attachment":[{"href":"https:\/\/satisfybot.com\/de\/wp-json\/wp\/v2\/media?parent=2144"}],"wp:term":[{"taxonomy":"product_brand","embeddable":true,"href":"https:\/\/satisfybot.com\/de\/wp-json\/wp\/v2\/product_brand?post=2144"},{"taxonomy":"product_cat","embeddable":true,"href":"https:\/\/satisfybot.com\/de\/wp-json\/wp\/v2\/product_cat?post=2144"},{"taxonomy":"product_tag","embeddable":true,"href":"https:\/\/satisfybot.com\/de\/wp-json\/wp\/v2\/product_tag?post=2144"}],"curies":[{"name":"wp","href":"https:\/\/api.w.org\/{rel}","templated":true}]}}