{"id":2149,"date":"2023-06-25T14:53:33","date_gmt":"2023-06-25T14:53:33","guid":{"rendered":"https:\/\/satisfybot.com\/?post_type=product&#038;p=2149"},"modified":"2023-06-25T14:53:34","modified_gmt":"2023-06-25T14:53:34","slug":"ready-mix-concrete-truck","status":"publish","type":"product","link":"https:\/\/satisfybot.com\/de\/produkt\/ready-mix-concrete-truck\/","title":{"rendered":"Fertigbeton-LKW"},"content":{"rendered":"<p><span class=\"keywords_replace\">Howo Transportbeton-LKW<\/span>\u00a0Verwendet einen hohen Nachf\u00fcllkoeffizienten der Stahltrommel und ein perfektes Mischblattdesign, um den Betonmischeffekt zu verbessern. Der untere Schwerpunkt des\u00a0<span class=\"keywords_replace\">Zement-LKW<\/span>\u00a0sorgt f\u00fcr eine bessere Fahrposition und eine ausgewogenere Lastverteilung.<\/p>\n<div><img fetchpriority=\"high\" decoding=\"async\" class=\"aligncenter\" title=\"Transportbeton-LKW\" src=\"https:\/\/bsg-i.nbxc.com\/product\/6e\/11\/3d\/38be382ac9a32c9f1f4604913d.jpg\" alt=\"ready mix concrete truck\" width=\"700\" height=\"572\" \/><\/div>\n<p><strong>Naja, fertig\u00a0<span class=\"keywords_replace\">Mischbeton-LKW<\/span>\u00a0Merkmale<\/strong><br \/>\n1. Das Tankermaterial der HOWO\u00a0<span class=\"keywords_replace\">Betonmischer-LKW<\/span>\u00a0verwendet eine spezielle verschlei\u00dffeste Stahlplatte, die die Verschlei\u00dffestigkeit des Tankwagens vollst\u00e4ndig gew\u00e4hrleistet.<br \/>\n2. Der HOWO-Betonmischer-LKW f\u00fchrt fortschrittliche Technologie und beliebte Stile aus Europa ein, um das gesamte Fahrzeug einzigartig zu machen. Der HOWO-Betonmischer hat eine kompakte und vern\u00fcnftige Struktur.<br \/>\n3. Der Beton-Fahrmischer hat ein sch\u00f6nes Aussehen und einen stabilen Betrieb.<br \/>\n4. Die Mischtrommel kann weiter rotieren, um das Auftreten unerw\u00fcnschter Ph\u00e4nomene wie Zementschlammdispersion und Ausf\u00e4llung zu vermeiden.<\/p>\n<div><img decoding=\"async\" class=\"aligncenter\" title=\"Transportbeton-LKW\" src=\"https:\/\/bsg-i.nbxc.com\/product\/da\/96\/00\/99344a6232e9a59b79b296d824.jpg\" alt=\"ready mix concrete truck\" width=\"700\" height=\"700\" \/><\/div>\n<div><\/div>\n<h2><\/h2>\n<h2><strong>Parameter des Transportbetonwagens<\/strong><\/h2>\n<table border=\"1\" cellspacing=\"0\" cellpadding=\"0\" align=\"center\">\n<tbody>\n<tr>\n<td width=\"226\" height=\"18\">Typ<\/td>\n<td class=\"et2\" width=\"460\">Howo Transportbeton-LKW<\/td>\n<\/tr>\n<tr>\n<td height=\"18\">Gesamtabmessungen<\/td>\n<td class=\"et2\">8800\u00d72490\u00d73800 mm<\/td>\n<\/tr>\n<tr>\n<td height=\"18\">Mischpumpe<\/td>\n<td class=\"et2\">Eaton (USA-Marke)<\/td>\n<\/tr>\n<tr>\n<td height=\"18\">Geschwindigkeitsreduzierer<\/td>\n<td class=\"et2\">Bonfiglioli (italienische Marke)<\/td>\n<\/tr>\n<tr>\n<td height=\"18\">Emission<\/td>\n<td class=\"et2\">ERUO2, EURO3, EURO 4<\/td>\n<\/tr>\n<tr>\n<td height=\"18\">Antrieb<\/td>\n<td class=\"et2\">Linkslenker oder Rechtslenker<\/td>\n<\/tr>\n<tr>\n<td height=\"18\">Reifen<\/td>\n<td class=\"et2\">1200R20<\/td>\n<\/tr>\n<tr>\n<td height=\"18\">\u00d6ltank<\/td>\n<td class=\"et2\">400L<\/td>\n<\/tr>\n<tr>\n<td height=\"18\">Taxi<\/td>\n<td class=\"et2\">HW76-Fahrerhaus, ein Schlafplatz mit Klimaanlage<\/td>\n<\/tr>\n<tr>\n<td height=\"18\">Farbe<\/td>\n<td class=\"et2\">Optional<\/td>\n<\/tr>\n<\/tbody>\n<\/table>\n<p>&nbsp;<\/p>\n<p>&nbsp;<\/p>","protected":false},"excerpt":{"rendered":"<p>Howo Ready Mix Concrete Truck\u00a0adopts a high steel drum replenishment coefficient and perfect mixing blade design to make the concrete mixing effect better. The lower center of gravity of the\u00a0Cement Truck\u00a0ensures a better driving position and a more balanced load distribution. Howo ready\u00a0Mix Concrete Truck\u00a0features 1. The tanker material of the HOWO\u00a0Concrete Mixer Truck\u00a0adopts a [&hellip;]<\/p>","protected":false},"featured_media":2153,"template":"","meta":{"site-sidebar-layout":"default","site-content-layout":"default","ast-site-content-layout":"default","site-content-style":"default","site-sidebar-style":"default","ast-global-header-display":"","ast-banner-title-visibility":"","ast-main-header-display":"","ast-hfb-above-header-display":"","ast-hfb-below-header-display":"","ast-hfb-mobile-header-display":"","site-post-title":"","ast-breadcrumbs-content":"","ast-featured-img":"","footer-sml-layout":"","ast-disable-related-posts":"","theme-transparent-header-meta":"default","adv-header-id-meta":"","stick-header-meta":"","header-above-stick-meta":"","header-main-stick-meta":"","header-below-stick-meta":"","astra-migrate-meta-layouts":"default","ast-page-background-enabled":"default","ast-page-background-meta":{"desktop":{"background-color":"","background-image":"","background-repeat":"repeat","background-position":"center center","background-size":"auto","background-attachment":"scroll","background-type":"","background-media":"","overlay-type":"","overlay-color":"","overlay-opacity":"","overlay-gradient":""},"tablet":{"background-color":"","background-image":"","background-repeat":"repeat","background-position":"center center","background-size":"auto","background-attachment":"scroll","background-type":"","background-media":"","overlay-type":"","overlay-color":"","overlay-opacity":"","overlay-gradient":""},"mobile":{"background-color":"","background-image":"","background-repeat":"repeat","background-position":"center center","background-size":"auto","background-attachment":"scroll","background-type":"","background-media":"","overlay-type":"","overlay-color":"","overlay-opacity":"","overlay-gradient":""}},"ast-content-background-meta":{"desktop":{"background-color":"var(--ast-global-color-5)","background-image":"","background-repeat":"repeat","background-position":"center center","background-size":"auto","background-attachment":"scroll","background-type":"","background-media":"","overlay-type":"","overlay-color":"","overlay-opacity":"","overlay-gradient":""},"tablet":{"background-color":"var(--ast-global-color-5)","background-image":"","background-repeat":"repeat","background-position":"center center","background-size":"auto","background-attachment":"scroll","background-type":"","background-media":"","overlay-type":"","overlay-color":"","overlay-opacity":"","overlay-gradient":""},"mobile":{"background-color":"var(--ast-global-color-5)","background-image":"","background-repeat":"repeat","background-position":"center center","background-size":"auto","background-attachment":"scroll","background-type":"","background-media":"","overlay-type":"","overlay-color":"","overlay-opacity":"","overlay-gradient":""}}},"product_brand":[],"product_cat":[27],"product_tag":[],"class_list":{"0":"post-2149","1":"product","2":"type-product","3":"status-publish","4":"has-post-thumbnail","6":"product_cat-cement-truck","7":"desktop-align-left","8":"tablet-align-left","9":"mobile-align-left","11":"first","12":"instock","13":"shipping-taxable","14":"product-type-simple"},"_links":{"self":[{"href":"https:\/\/satisfybot.com\/de\/wp-json\/wp\/v2\/product\/2149","targetHints":{"allow":["GET"]}}],"collection":[{"href":"https:\/\/satisfybot.com\/de\/wp-json\/wp\/v2\/product"}],"about":[{"href":"https:\/\/satisfybot.com\/de\/wp-json\/wp\/v2\/types\/product"}],"version-history":[{"count":0,"href":"https:\/\/satisfybot.com\/de\/wp-json\/wp\/v2\/product\/2149\/revisions"}],"wp:featuredmedia":[{"embeddable":true,"href":"https:\/\/satisfybot.com\/de\/wp-json\/wp\/v2\/media\/2153"}],"wp:attachment":[{"href":"https:\/\/satisfybot.com\/de\/wp-json\/wp\/v2\/media?parent=2149"}],"wp:term":[{"taxonomy":"product_brand","embeddable":true,"href":"https:\/\/satisfybot.com\/de\/wp-json\/wp\/v2\/product_brand?post=2149"},{"taxonomy":"product_cat","embeddable":true,"href":"https:\/\/satisfybot.com\/de\/wp-json\/wp\/v2\/product_cat?post=2149"},{"taxonomy":"product_tag","embeddable":true,"href":"https:\/\/satisfybot.com\/de\/wp-json\/wp\/v2\/product_tag?post=2149"}],"curies":[{"name":"wp","href":"https:\/\/api.w.org\/{rel}","templated":true}]}}