{"id":2154,"date":"2023-06-25T14:57:19","date_gmt":"2023-06-25T14:57:19","guid":{"rendered":"https:\/\/satisfybot.com\/?post_type=product&#038;p=2154"},"modified":"2023-06-25T14:57:20","modified_gmt":"2023-06-25T14:57:20","slug":"lorry-cement","status":"publish","type":"product","link":"https:\/\/satisfybot.com\/de\/produkt\/lorry-cement\/","title":{"rendered":"LKW-Zement"},"content":{"rendered":"<p>Unsere Rohstoffe und OEM-Teile, einschlie\u00dflich Achsen, Aufh\u00e4ngungen und Reifen, werden zentral von der Chengda Group eingekauft und jeder Knotenpunkt wird streng gepr\u00fcft. Dar\u00fcber hinaus werden im gesamten Produktionsprozess moderne Ger\u00e4te und nicht nur Arbeiter eingesetzt, um die Schwei\u00dfqualit\u00e4t sicherzustellen.<\/p>\n<p>K\u00e4figmodell: Der Zylinder besteht aus hochfestem, verschlei\u00dffestem Stahl, und die Gesamtform der K\u00e4figform gew\u00e4hrleistet die Koaxialit\u00e4t des Flansches, des Segmentzylinders, der Laufbahn und des Kreisverkehrs, um einen reibungslosen Betrieb des Fahrzeugs zu gew\u00e4hrleisten<\/p>\n<p>Doppelte spiralf\u00f6rmige Klingen: Im Tank werden doppelte spiralf\u00f6rmige Klingen mit m\u00e4\u00dfiger Dichte verwendet, die Torkugel am vorderen Kegel ist symmetrisch und die Doppelklingen und Auslassf\u00fchrungsklingen sind an der Tankm\u00fcndung installiert, damit das Material gleichm\u00e4\u00dfiger und gleichm\u00e4\u00dfiger ist Geschwindigkeit ist schneller.<\/p>\n<p>Mischpumpe, Reduzierst\u00fcck, Motor bekannter Marken: Mischpumpe Eaton (amerikanische Marke), Motor Eaton (amerikanische Marke), Reduzierst\u00fcck Bonfiglioli (italienische Marke)<\/p>\n<h2><strong>Parameter von LKW-Zement<\/strong><\/h2>\n<table border=\"1\" cellspacing=\"0\" cellpadding=\"0\" align=\"center\">\n<tbody>\n<tr>\n<td width=\"226\" height=\"18\">Typ<\/td>\n<td class=\"et2\" width=\"460\">Howo LKW-Zement<\/td>\n<\/tr>\n<tr>\n<td height=\"18\">Gesamtabmessungen<\/td>\n<td class=\"et2\">8800\u00d72490\u00d73800 mm<\/td>\n<\/tr>\n<tr>\n<td height=\"18\">Mischpumpe<\/td>\n<td class=\"et2\">Eaton (USA-Marke)<\/td>\n<\/tr>\n<tr>\n<td height=\"18\">Geschwindigkeitsreduzierer<\/td>\n<td class=\"et2\">Bonfiglioli (italienische Marke)<\/td>\n<\/tr>\n<tr>\n<td height=\"18\">Emission<\/td>\n<td class=\"et2\">ERUO2, EURO3, EURO 4<\/td>\n<\/tr>\n<tr>\n<td height=\"18\">Antrieb<\/td>\n<td class=\"et2\">Linkslenker oder Rechtslenker<\/td>\n<\/tr>\n<tr>\n<td height=\"18\">Reifen<\/td>\n<td class=\"et2\">1200R20<\/td>\n<\/tr>\n<tr>\n<td height=\"18\">\u00d6ltank<\/td>\n<td class=\"et2\">400L<\/td>\n<\/tr>\n<tr>\n<td height=\"18\">Taxi<\/td>\n<td class=\"et2\">HW76-Fahrerhaus, ein Schlafplatz mit Klimaanlage<\/td>\n<\/tr>\n<tr>\n<td height=\"18\">Farbe<\/td>\n<td class=\"et2\">Optional<\/td>\n<\/tr>\n<\/tbody>\n<\/table>\n<p><strong>Verpackung &amp; Versand<\/strong><\/p>\n<p>Wir transportieren LKW-Zement in loser Sch\u00fcttung, in Containern oder von Ro zu Ro. Unsere Fabrik arbeitet langfristig mit Speditionen zusammen und kann Ihnen die niedrigsten Frachtkosten bieten.<\/p>\n<p>&nbsp;<\/p>\n<p><img fetchpriority=\"high\" decoding=\"async\" class=\"aligncenter\" title=\"LKW-Zement\" src=\"https:\/\/bsg-i.nbxc.com\/product\/5e\/c2\/fc\/ad8760bb5ce6acaaaae3e755a5.jpg\" alt=\"lorry cement\" width=\"700\" height=\"221\" \/><\/p>","protected":false},"excerpt":{"rendered":"<p>Our raw materials and OEM parts, including axles, suspensions, and tires, are centrally purchased by Chengda Group, and every node will be strictly inspected. In addition, advanced equipment, not just workers, is employed throughout the production process to ensure welding quality. Cage model: The cylinder is made of high-strength wear-resistant steel, and the overall shape [&hellip;]<\/p>","protected":false},"featured_media":2155,"template":"","meta":{"site-sidebar-layout":"default","site-content-layout":"default","ast-site-content-layout":"default","site-content-style":"default","site-sidebar-style":"default","ast-global-header-display":"","ast-banner-title-visibility":"","ast-main-header-display":"","ast-hfb-above-header-display":"","ast-hfb-below-header-display":"","ast-hfb-mobile-header-display":"","site-post-title":"","ast-breadcrumbs-content":"","ast-featured-img":"","footer-sml-layout":"","ast-disable-related-posts":"","theme-transparent-header-meta":"default","adv-header-id-meta":"","stick-header-meta":"","header-above-stick-meta":"","header-main-stick-meta":"","header-below-stick-meta":"","astra-migrate-meta-layouts":"default","ast-page-background-enabled":"default","ast-page-background-meta":{"desktop":{"background-color":"","background-image":"","background-repeat":"repeat","background-position":"center center","background-size":"auto","background-attachment":"scroll","background-type":"","background-media":"","overlay-type":"","overlay-color":"","overlay-opacity":"","overlay-gradient":""},"tablet":{"background-color":"","background-image":"","background-repeat":"repeat","background-position":"center center","background-size":"auto","background-attachment":"scroll","background-type":"","background-media":"","overlay-type":"","overlay-color":"","overlay-opacity":"","overlay-gradient":""},"mobile":{"background-color":"","background-image":"","background-repeat":"repeat","background-position":"center center","background-size":"auto","background-attachment":"scroll","background-type":"","background-media":"","overlay-type":"","overlay-color":"","overlay-opacity":"","overlay-gradient":""}},"ast-content-background-meta":{"desktop":{"background-color":"var(--ast-global-color-5)","background-image":"","background-repeat":"repeat","background-position":"center center","background-size":"auto","background-attachment":"scroll","background-type":"","background-media":"","overlay-type":"","overlay-color":"","overlay-opacity":"","overlay-gradient":""},"tablet":{"background-color":"var(--ast-global-color-5)","background-image":"","background-repeat":"repeat","background-position":"center center","background-size":"auto","background-attachment":"scroll","background-type":"","background-media":"","overlay-type":"","overlay-color":"","overlay-opacity":"","overlay-gradient":""},"mobile":{"background-color":"var(--ast-global-color-5)","background-image":"","background-repeat":"repeat","background-position":"center center","background-size":"auto","background-attachment":"scroll","background-type":"","background-media":"","overlay-type":"","overlay-color":"","overlay-opacity":"","overlay-gradient":""}}},"product_brand":[],"product_cat":[27],"product_tag":[],"class_list":{"0":"post-2154","1":"product","2":"type-product","3":"status-publish","4":"has-post-thumbnail","6":"product_cat-cement-truck","7":"desktop-align-left","8":"tablet-align-left","9":"mobile-align-left","11":"first","12":"instock","13":"shipping-taxable","14":"product-type-simple"},"_links":{"self":[{"href":"https:\/\/satisfybot.com\/de\/wp-json\/wp\/v2\/product\/2154","targetHints":{"allow":["GET"]}}],"collection":[{"href":"https:\/\/satisfybot.com\/de\/wp-json\/wp\/v2\/product"}],"about":[{"href":"https:\/\/satisfybot.com\/de\/wp-json\/wp\/v2\/types\/product"}],"version-history":[{"count":0,"href":"https:\/\/satisfybot.com\/de\/wp-json\/wp\/v2\/product\/2154\/revisions"}],"wp:featuredmedia":[{"embeddable":true,"href":"https:\/\/satisfybot.com\/de\/wp-json\/wp\/v2\/media\/2155"}],"wp:attachment":[{"href":"https:\/\/satisfybot.com\/de\/wp-json\/wp\/v2\/media?parent=2154"}],"wp:term":[{"taxonomy":"product_brand","embeddable":true,"href":"https:\/\/satisfybot.com\/de\/wp-json\/wp\/v2\/product_brand?post=2154"},{"taxonomy":"product_cat","embeddable":true,"href":"https:\/\/satisfybot.com\/de\/wp-json\/wp\/v2\/product_cat?post=2154"},{"taxonomy":"product_tag","embeddable":true,"href":"https:\/\/satisfybot.com\/de\/wp-json\/wp\/v2\/product_tag?post=2154"}],"curies":[{"name":"wp","href":"https:\/\/api.w.org\/{rel}","templated":true}]}}