{"id":2159,"date":"2023-06-25T15:01:36","date_gmt":"2023-06-25T15:01:36","guid":{"rendered":"https:\/\/satisfybot.com\/?post_type=product&#038;p=2159"},"modified":"2023-06-25T15:01:50","modified_gmt":"2023-06-25T15:01:50","slug":"cement-mixer-lorry","status":"publish","type":"product","link":"https:\/\/satisfybot.com\/de\/produkt\/cement-mixer-lorry\/","title":{"rendered":"Betonmischer-LKW"},"content":{"rendered":"<p>Wir k\u00f6nnen Foton-Betonmischer, Betonmischer der Dongfeng-Serie, Faw-, Steyr-, Howo-Betonmischer und Benbei-Betonmischer herstellen.\u00a0<span class=\"keywords_replace\">Betonmischer-LKW<\/span>\u00a0nennt auch Betonmischer-LKW. Wir verf\u00fcgen \u00fcber einen Technologievorsprung und k\u00f6nnen Fahrmischer von guter Qualit\u00e4t anbieten.<\/p>\n<h2>Merkmale des Foton-Betonmischwagens<\/h2>\n<p>Der Betonmischer-LKW ist komfortabel zu fahren. Drehen Sie den K\u00f6rper mit einem neuen Modeg\u00fcrtel mit geringem Luftwiderstand. Ein geringer Windwiderstand f\u00fchrt zu einem geringeren Stromverbrauch und einem geringeren Kraftstoffverbrauch. Der linke und rechte Betrachtungswinkel des gebogenen Panorama-Hartglases ist 15 Grad gr\u00f6\u00dfer als bei \u00e4hnlichen Modellen. Der Tankk\u00f6rper des Mischtanks besteht aus legiertem Manganstahl (Q345) mit hoher Festigkeit. Das Mischblatt ist ein logarithmisch verdicktes Doppelhelixblatt, das verschlei\u00dffester ist. Die Innenklinge besteht aus feink\u00f6rnigem legiertem Stahl (520JJ) mit einem einzigartigen Winkeldesign f\u00fcr gleichm\u00e4\u00dfigeres Mischen und geringere Schlackenausbeute. Verdickter, hochwertiger, verschlei\u00dffester Kopf aus legiertem Stahl, stabiler und dichter.<\/p>\n<p>Der Kraftstofftank des Mischwagens ist glatt und gro\u00df, und der Tankk\u00f6rper ist glatt und ohne Abruptheiten. Die pneumatische Wasserversorgung dient zur rechtzeitigen Reinigung der Au\u00dfenseite der Mischtrommel und des Einf\u00fclltrichters sowie zur Reinigung des Geh\u00e4uses. Das Auto ist mit einem 15 m langen Schlauch zur einfachen Reinigung des Kraftstofftanks ausgestattet; Hinter dem K\u00f6rper befindet sich au\u00dferdem ein Wasserschlauch, der mit dem Wassertank verbunden und f\u00fcr den externen Gebrauch bereit ist.<\/p>\n<div><img decoding=\"async\" class=\"aligncenter\" title=\"Betonmischer-LKW\" src=\"https:\/\/bsg-i.nbxc.com\/product\/6a\/d9\/9f\/7d8b56b003eda6356c3f1b5ca5.jpg\" alt=\"cement mixer lorry\" \/><\/div>\n<p>Der Steuerhebel des Mischwagens ist flexibel und drei-in-eins. Die linken und rechten Steuerstangen und Bediengriffe am Heck sind ebenfalls in der Kabine installiert, um die Vorw\u00e4rts- und R\u00fcckw\u00e4rtsrichtung und Geschwindigkeit der R\u00fchrtrommel zu steuern und so die Zufuhr- und Entladevorg\u00e4nge sowie die R\u00fchrvorg\u00e4nge abzuschlie\u00dfen. Der Steuerhebel ist flexibel und bequem zu bedienen und erm\u00f6glicht die Drei-in-Eins-Bedienung der linken, rechten und Zufuhr\u00f6ffnungen.<\/p>\n<p>Die Hilfsspeisung der Fahrmischer-Sicherheitsfahrtreppe ist sicher und zuverl\u00e4ssig. Es besteht aus hochwertigen und sicheren Materialien. Die Sicherheitsrolltreppe ist mit oberen und unteren Sicherheitshandl\u00e4ufen ausgestattet, um den Beschickungsvorgang und das Sp\u00fclen der Trichterrutsche usw. zu erleichtern, den Zustand des Tanks zu \u00fcberpr\u00fcfen und andere Sicherheitsvorg\u00e4nge durchzuf\u00fchren.<\/p>\n<p><img decoding=\"async\" class=\"aligncenter\" title=\"Betonmischer-LKW\" src=\"https:\/\/bsg-i.nbxc.com\/product\/db\/26\/ea\/22962043b8a9e08069269d18dd.jpg\" alt=\"cement mixer lorry\" \/><\/p>\n<h2>Parameter des Betonmischwagens<\/h2>\n<table border=\"1\" cellspacing=\"0\" cellpadding=\"0\" align=\"center\">\n<tbody>\n<tr>\n<td class=\"et2\" width=\"110\" height=\"18\">Beschreibung<\/td>\n<td class=\"et2\" width=\"235\">FOTON 10cbm Betonmischer<\/td>\n<td class=\"et2\" width=\"92\">Modell<\/td>\n<td class=\"et2\" width=\"181\">10 cbm Betonmischer<\/td>\n<\/tr>\n<tr>\n<td class=\"et2\" height=\"18\">Motor<\/td>\n<td class=\"et2\">Weichai 336 PS<\/td>\n<td class=\"et2\">Abmessungen<\/td>\n<td class=\"et2\">8500x2500x3850mm<\/td>\n<\/tr>\n<tr>\n<td class=\"et2\" height=\"18\">\u00dcbertragung<\/td>\n<td class=\"et2\">9 Forwarder+2Reverser<\/td>\n<td class=\"et2\">Volumen<\/td>\n<td class=\"et2\">10 cbm Betonmischer<\/td>\n<\/tr>\n<tr>\n<td class=\"et2\" height=\"18\">Vorderachse<\/td>\n<td class=\"et2\">7,5 Tonnen<\/td>\n<td class=\"et2\">Kabine<\/td>\n<td class=\"et2\">Shacman F3000<\/td>\n<\/tr>\n<tr>\n<td class=\"et2\" height=\"18\">Hinterachse<\/td>\n<td class=\"et2\">16 Tonnen<\/td>\n<td class=\"et2\">Bremse<\/td>\n<td class=\"et2\">Druckluftbremse<\/td>\n<\/tr>\n<tr>\n<td class=\"et2\" height=\"18\">Radstand<\/td>\n<td class=\"et2\">3850+1350mm<\/td>\n<td class=\"et2\">Lenkung<\/td>\n<td class=\"et2\">Regieassistent<\/td>\n<\/tr>\n<tr>\n<td class=\"et2\" height=\"18\">Achse<\/td>\n<td class=\"et2\">3 (Achse)<\/td>\n<td class=\"et2\">Geschwindigkeit<\/td>\n<td class=\"et2\">83(km\/h)<\/td>\n<\/tr>\n<tr>\n<td class=\"et2\" height=\"18\">Antriebsmodell<\/td>\n<td class=\"et2\">(6\u00d74)<\/td>\n<td class=\"et2\">M\u00f6glichkeit<\/td>\n<td class=\"et2\">Abs<\/td>\n<\/tr>\n<tr>\n<td class=\"et2\" height=\"18\">Anzahl der Reifen<\/td>\n<td class=\"et2\">11<\/td>\n<td class=\"et2\">Reifenmodell<\/td>\n<td class=\"et2\">12.00R20\/12.00-20<\/td>\n<\/tr>\n<\/tbody>\n<\/table>\n<h2>Einsatz eines Betonmischwagens<\/h2>\n<p>Als Spezialtransportfahrzeug besteht die Hauptfunktion des Betonmischerwagens darin, Zement, Sand und Wasser durch den Mischtank zu mischen und den Fertigbeton zur Baustelle zu liefern. Gleichzeitig muss die Qualit\u00e4t des Betons gew\u00e4hrleistet sein.<\/p>\n<p><img decoding=\"async\" class=\"aligncenter\" title=\"Betonmischer-LKW\" src=\"https:\/\/bsg-i.nbxc.com\/product\/03\/a0\/d3\/e85133b5df53975e1e3af6f55a.jpg\" alt=\"cement mixer lorry\" \/><\/p>\n<h2>Warum uns w\u00e4hlen?<\/h2>\n<p>1. Mehr als 15 Jahre professionelle Herstellererfahrung.<br \/>\n2. CCC ISO9001-Protokoll.<br \/>\n3. Kleine Bestellungen sind akzeptabel.<br \/>\n4. Wir akzeptieren die 100%-Inspektion und sind jederzeit in unserer Fabrik willkommen.<br \/>\n5,12 Monate Qualit\u00e4tsgarantiezeit.<\/p>","protected":false},"excerpt":{"rendered":"<p>We can produce Foton Concrete mixer trucks, Dongfeng series Concrete mixer trucks, Faw, Steyr, Howo concrete mixer trucks, and Benbei Concrete Mixer trucks.\u00a0Concrete Mixer Truck\u00a0also names cement mixer lorry. We have an advantage of technology and can provide good quality mixer trucks. Features of Foton\u00a0cement mixer lorry The cement mixer lorry is comfortable to ride. [&hellip;]<\/p>","protected":false},"featured_media":2163,"template":"","meta":{"site-sidebar-layout":"default","site-content-layout":"default","ast-site-content-layout":"default","site-content-style":"default","site-sidebar-style":"default","ast-global-header-display":"","ast-banner-title-visibility":"","ast-main-header-display":"","ast-hfb-above-header-display":"","ast-hfb-below-header-display":"","ast-hfb-mobile-header-display":"","site-post-title":"","ast-breadcrumbs-content":"","ast-featured-img":"","footer-sml-layout":"","ast-disable-related-posts":"","theme-transparent-header-meta":"default","adv-header-id-meta":"","stick-header-meta":"","header-above-stick-meta":"","header-main-stick-meta":"","header-below-stick-meta":"","astra-migrate-meta-layouts":"default","ast-page-background-enabled":"default","ast-page-background-meta":{"desktop":{"background-color":"","background-image":"","background-repeat":"repeat","background-position":"center center","background-size":"auto","background-attachment":"scroll","background-type":"","background-media":"","overlay-type":"","overlay-color":"","overlay-opacity":"","overlay-gradient":""},"tablet":{"background-color":"","background-image":"","background-repeat":"repeat","background-position":"center center","background-size":"auto","background-attachment":"scroll","background-type":"","background-media":"","overlay-type":"","overlay-color":"","overlay-opacity":"","overlay-gradient":""},"mobile":{"background-color":"","background-image":"","background-repeat":"repeat","background-position":"center center","background-size":"auto","background-attachment":"scroll","background-type":"","background-media":"","overlay-type":"","overlay-color":"","overlay-opacity":"","overlay-gradient":""}},"ast-content-background-meta":{"desktop":{"background-color":"var(--ast-global-color-5)","background-image":"","background-repeat":"repeat","background-position":"center center","background-size":"auto","background-attachment":"scroll","background-type":"","background-media":"","overlay-type":"","overlay-color":"","overlay-opacity":"","overlay-gradient":""},"tablet":{"background-color":"var(--ast-global-color-5)","background-image":"","background-repeat":"repeat","background-position":"center center","background-size":"auto","background-attachment":"scroll","background-type":"","background-media":"","overlay-type":"","overlay-color":"","overlay-opacity":"","overlay-gradient":""},"mobile":{"background-color":"var(--ast-global-color-5)","background-image":"","background-repeat":"repeat","background-position":"center center","background-size":"auto","background-attachment":"scroll","background-type":"","background-media":"","overlay-type":"","overlay-color":"","overlay-opacity":"","overlay-gradient":""}}},"product_brand":[],"product_cat":[27],"product_tag":[],"class_list":{"0":"post-2159","1":"product","2":"type-product","3":"status-publish","4":"has-post-thumbnail","6":"product_cat-cement-truck","7":"desktop-align-left","8":"tablet-align-left","9":"mobile-align-left","11":"first","12":"instock","13":"shipping-taxable","14":"product-type-simple"},"_links":{"self":[{"href":"https:\/\/satisfybot.com\/de\/wp-json\/wp\/v2\/product\/2159","targetHints":{"allow":["GET"]}}],"collection":[{"href":"https:\/\/satisfybot.com\/de\/wp-json\/wp\/v2\/product"}],"about":[{"href":"https:\/\/satisfybot.com\/de\/wp-json\/wp\/v2\/types\/product"}],"version-history":[{"count":0,"href":"https:\/\/satisfybot.com\/de\/wp-json\/wp\/v2\/product\/2159\/revisions"}],"wp:featuredmedia":[{"embeddable":true,"href":"https:\/\/satisfybot.com\/de\/wp-json\/wp\/v2\/media\/2163"}],"wp:attachment":[{"href":"https:\/\/satisfybot.com\/de\/wp-json\/wp\/v2\/media?parent=2159"}],"wp:term":[{"taxonomy":"product_brand","embeddable":true,"href":"https:\/\/satisfybot.com\/de\/wp-json\/wp\/v2\/product_brand?post=2159"},{"taxonomy":"product_cat","embeddable":true,"href":"https:\/\/satisfybot.com\/de\/wp-json\/wp\/v2\/product_cat?post=2159"},{"taxonomy":"product_tag","embeddable":true,"href":"https:\/\/satisfybot.com\/de\/wp-json\/wp\/v2\/product_tag?post=2159"}],"curies":[{"name":"wp","href":"https:\/\/api.w.org\/{rel}","templated":true}]}}