{"id":2186,"date":"2023-06-25T15:23:00","date_gmt":"2023-06-25T15:23:00","guid":{"rendered":"https:\/\/satisfybot.com\/?post_type=product&#038;p=2186"},"modified":"2023-06-25T15:23:01","modified_gmt":"2023-06-25T15:23:01","slug":"tipper-semi-trailer","status":"publish","type":"product","link":"https:\/\/satisfybot.com\/de\/produkt\/tipper-semi-trailer\/","title":{"rendered":"Kipper-Sattelauflieger"},"content":{"rendered":"<p>Artikel Kippauflieger<\/p>\n<p>Ladekapazit\u00e4t 40-80 Tonnen<\/p>\n<p>Achse 3-6 St\u00fcck, 13T\/16T FUWA\/BPW-Achse optional<\/p>\n<p>Reifen 12.00R20\/ 315\/80R22.5\/ 12R22.5\/ 13R22.5 optional<\/p>\n<p>Abmessungen (LxBxH) 9750 bis 12000 mm x 2500 x 3200 mm, optional<\/p>\n<p>Eigengewicht 10 bis 12 Tonnen<\/p>\n<p>Felgen 8,5-20, 9,0-20<\/p>\n<p>Federungssystem Blattfederung\/Luftfederung, optional<\/p>\n<p>Bremssystem Zweileitungs-Druckluftbremssystem mit WABCO-Notfall-Relaisventil<\/p>\n<p>Haupttr\u00e4gerh\u00f6he 500 mm Q345<\/p>\n<p>Chassis oben 14 mm, unten 16 mm. Mittelsteg 12 mm, optional<\/p>\n<p>Dicke der M\u00fcllbox, unten 8 mm, Seite 6 mm, optional<\/p>\n<p>Hydraulikzylinder der Marke HYVA<\/p>\n<p>Kingpin 2\u2032 oder 3,5\u2032 austauschbar<\/p>\n<p>Fahrwerk 28 Tonnen, manueller Betrieb mit zwei Geschwindigkeiten<\/p>\n<p>Elektrisches System 1. Spannung: 24 V 2. Steckdose: 7 Wege (7 Kabelbaum) deutscher Standard<\/p>\n<p>Lichter und Reflektoren R\u00fccklicht, R\u00fcckstrahler, Blinker, Seitenr\u00fcckstrahler, Nebelscheinwerfer, Nummernschildlicht<\/p>\n<p>Lackierung: Kugelstrahlen gem\u00e4\u00df SA 2,5 Standard vor dem Auftragen der Grundierung und der Polyurethan-Deckschicht. Gesamt-DFT nicht weniger als 100 \u03bcm; jede Farbe ist verf\u00fcgbar<\/p>\n<p>Werkzeugkasten Ein Werkzeugkasten mit einem Satz Standard-Anh\u00e4ngerwerkzeuge<\/p>\n<p>Ersatzreifentr\u00e4ger Einteilig oder zweiteilig<\/p>","protected":false},"excerpt":{"rendered":"<p>Artikel: Kippsattelanh\u00e4nger. Ladekapazit\u00e4t 40\u201380 Tonnen. Achsen 3\u20136 St\u00fcck, 13T\/16T FUWA\/BPW-Achse optional. Reifen 12.00R20\/315\/80R22.5\/12R22.5\/13R22.5 optional. Abmessungen (L x B x H) 9750 bis 12000 mm x 2500 x 3200 mm, optional. Taragewicht 10 bis 12 Tonnen. Felgen 8,5\u201320, 9,0\u201320. Federungssystem: Blattfederung\/Luftfederung, optional. Bremssystem: Zweileitungs-Druckluftbremssystem mit WABCO-Notrelaisventil. Haupttr\u00e4gerh\u00f6he 500 mm. Q345 Chassis oben 14 mm, unten 16 mm. Mittlerer Steg 12 mm, optional Dicke der Mulde Boden 8 mm Seite 6 mm, optional Hydraulikzylinder Marke HYVA K\u00f6nigszapfen 2\u2032 oder 3,5\u2032 austauschbar Fahrwerk 28 Tonnen, Zweigang-Handbetrieb Elektrisches System 1. Spannung: 24 V 2. Steckdose: 7-polig (7-Kabelbaum) Deutscher Standard Lichter und Reflektoren R\u00fccklicht, R\u00fcckstrahler, Blinker, Seitenreflektor, Nebelscheinwerfer, Kennzeichenbeleuchtung Lackierung Sandstrahlen auf SA 2.5-Standard vor dem Auftragen der Grundierung, Polyurethan-Decklack. Gesamt-DFT nicht weniger als 100 \u03bcm; jede Farbe ist verf\u00fcgbar Werkzeugkasten Ein Werkzeugkasten mit einem Satz Standard-Anh\u00e4ngerwerkzeuge Ersatzreifentr\u00e4ger Einteilig oder zweiteilig<\/p>","protected":false},"featured_media":2187,"template":"","meta":{"site-sidebar-layout":"default","site-content-layout":"default","ast-site-content-layout":"default","site-content-style":"default","site-sidebar-style":"default","ast-global-header-display":"","ast-banner-title-visibility":"","ast-main-header-display":"","ast-hfb-above-header-display":"","ast-hfb-below-header-display":"","ast-hfb-mobile-header-display":"","site-post-title":"","ast-breadcrumbs-content":"","ast-featured-img":"","footer-sml-layout":"","ast-disable-related-posts":"","theme-transparent-header-meta":"default","adv-header-id-meta":"","stick-header-meta":"","header-above-stick-meta":"","header-main-stick-meta":"","header-below-stick-meta":"","astra-migrate-meta-layouts":"default","ast-page-background-enabled":"default","ast-page-background-meta":{"desktop":{"background-color":"","background-image":"","background-repeat":"repeat","background-position":"center center","background-size":"auto","background-attachment":"scroll","background-type":"","background-media":"","overlay-type":"","overlay-color":"","overlay-opacity":"","overlay-gradient":""},"tablet":{"background-color":"","background-image":"","background-repeat":"repeat","background-position":"center center","background-size":"auto","background-attachment":"scroll","background-type":"","background-media":"","overlay-type":"","overlay-color":"","overlay-opacity":"","overlay-gradient":""},"mobile":{"background-color":"","background-image":"","background-repeat":"repeat","background-position":"center center","background-size":"auto","background-attachment":"scroll","background-type":"","background-media":"","overlay-type":"","overlay-color":"","overlay-opacity":"","overlay-gradient":""}},"ast-content-background-meta":{"desktop":{"background-color":"var(--ast-global-color-5)","background-image":"","background-repeat":"repeat","background-position":"center center","background-size":"auto","background-attachment":"scroll","background-type":"","background-media":"","overlay-type":"","overlay-color":"","overlay-opacity":"","overlay-gradient":""},"tablet":{"background-color":"var(--ast-global-color-5)","background-image":"","background-repeat":"repeat","background-position":"center center","background-size":"auto","background-attachment":"scroll","background-type":"","background-media":"","overlay-type":"","overlay-color":"","overlay-opacity":"","overlay-gradient":""},"mobile":{"background-color":"var(--ast-global-color-5)","background-image":"","background-repeat":"repeat","background-position":"center center","background-size":"auto","background-attachment":"scroll","background-type":"","background-media":"","overlay-type":"","overlay-color":"","overlay-opacity":"","overlay-gradient":""}}},"product_brand":[],"product_cat":[30],"product_tag":[],"class_list":{"0":"post-2186","1":"product","2":"type-product","3":"status-publish","4":"has-post-thumbnail","6":"product_cat-semi-trailer","7":"desktop-align-left","8":"tablet-align-left","9":"mobile-align-left","11":"first","12":"instock","13":"shipping-taxable","14":"product-type-simple"},"_links":{"self":[{"href":"https:\/\/satisfybot.com\/de\/wp-json\/wp\/v2\/product\/2186","targetHints":{"allow":["GET"]}}],"collection":[{"href":"https:\/\/satisfybot.com\/de\/wp-json\/wp\/v2\/product"}],"about":[{"href":"https:\/\/satisfybot.com\/de\/wp-json\/wp\/v2\/types\/product"}],"version-history":[{"count":0,"href":"https:\/\/satisfybot.com\/de\/wp-json\/wp\/v2\/product\/2186\/revisions"}],"wp:featuredmedia":[{"embeddable":true,"href":"https:\/\/satisfybot.com\/de\/wp-json\/wp\/v2\/media\/2187"}],"wp:attachment":[{"href":"https:\/\/satisfybot.com\/de\/wp-json\/wp\/v2\/media?parent=2186"}],"wp:term":[{"taxonomy":"product_brand","embeddable":true,"href":"https:\/\/satisfybot.com\/de\/wp-json\/wp\/v2\/product_brand?post=2186"},{"taxonomy":"product_cat","embeddable":true,"href":"https:\/\/satisfybot.com\/de\/wp-json\/wp\/v2\/product_cat?post=2186"},{"taxonomy":"product_tag","embeddable":true,"href":"https:\/\/satisfybot.com\/de\/wp-json\/wp\/v2\/product_tag?post=2186"}],"curies":[{"name":"wp","href":"https:\/\/api.w.org\/{rel}","templated":true}]}}