{"id":2205,"date":"2023-06-25T16:13:40","date_gmt":"2023-06-25T16:13:40","guid":{"rendered":"https:\/\/satisfybot.com\/?post_type=product&#038;p=2205"},"modified":"2023-06-26T13:11:01","modified_gmt":"2023-06-26T13:11:01","slug":"excavators-dx60w","status":"publish","type":"product","link":"https:\/\/satisfybot.com\/de\/produkt\/excavators-dx60w\/","title":{"rendered":"Bagger DX60W"},"content":{"rendered":"<div class=\"J_module\">\n<h2 id=\"ali-anchor-AliMagic-1apmmd\" class=\"magic-0\" data-section=\"AliMagic-1apmmd\" data-section-title=\"Product Description\" data-spm-anchor-id=\"a2700.details.0.i26.772e605b2oXLX8\">Produktbeschreibung<\/h2>\n<\/div>\n<div class=\"J_module\">\n<div class=\"icbu-pc-detailManyImage magic-1\">\n<div class=\"magic-2\"><img decoding=\"async\" class=\"magic-3\" src=\"https:\/\/sc04.alicdn.com\/kf\/H23f6d6653e5646e292fe50b820713150c\/272953331\/H23f6d6653e5646e292fe50b820713150c.png\" data-src=\"\/\/sc04.alicdn.com\/kf\/H23f6d6653e5646e292fe50b820713150c\/272953331\/H23f6d6653e5646e292fe50b820713150c.png\" \/><\/div>\n<div class=\"magic-2\"><img decoding=\"async\" class=\"magic-3\" src=\"https:\/\/sc04.alicdn.com\/kf\/Hcedbf2dcbfd34c379f4785f01e24a040a\/272953331\/Hcedbf2dcbfd34c379f4785f01e24a040a.jpg\" data-src=\"\/\/sc04.alicdn.com\/kf\/Hcedbf2dcbfd34c379f4785f01e24a040a\/272953331\/Hcedbf2dcbfd34c379f4785f01e24a040a.jpg\" \/><\/div>\n<div class=\"magic-2\"><img decoding=\"async\" class=\"magic-3\" src=\"https:\/\/sc04.alicdn.com\/kf\/H20bdd1ddd5404e5c926f3e0c10eab1bfZ\/272953331\/H20bdd1ddd5404e5c926f3e0c10eab1bfZ.jpg\" data-src=\"\/\/sc04.alicdn.com\/kf\/H20bdd1ddd5404e5c926f3e0c10eab1bfZ\/272953331\/H20bdd1ddd5404e5c926f3e0c10eab1bfZ.jpg\" \/><\/div>\n<div class=\"magic-2\"><img decoding=\"async\" class=\"magic-3\" src=\"https:\/\/sc04.alicdn.com\/kf\/H842eb314a2c24d6384313ea3a2e55145m\/272953331\/H842eb314a2c24d6384313ea3a2e55145m.jpg\" data-src=\"\/\/sc04.alicdn.com\/kf\/H842eb314a2c24d6384313ea3a2e55145m\/272953331\/H842eb314a2c24d6384313ea3a2e55145m.jpg\" \/><\/div>\n<div class=\"magic-2\"><img decoding=\"async\" class=\"magic-3\" src=\"https:\/\/sc04.alicdn.com\/kf\/H645025a6f75348e6948dd614e240c4f3H\/272953331\/H645025a6f75348e6948dd614e240c4f3H.jpg\" data-src=\"\/\/sc04.alicdn.com\/kf\/H645025a6f75348e6948dd614e240c4f3H\/272953331\/H645025a6f75348e6948dd614e240c4f3H.jpg\" \/><\/div>\n<div class=\"magic-2\"><img decoding=\"async\" class=\"magic-3\" src=\"https:\/\/sc04.alicdn.com\/kf\/Hda6f0cf8925d4b12b488345cfedb2350O\/272953331\/Hda6f0cf8925d4b12b488345cfedb2350O.jpg\" data-src=\"\/\/sc04.alicdn.com\/kf\/Hda6f0cf8925d4b12b488345cfedb2350O\/272953331\/Hda6f0cf8925d4b12b488345cfedb2350O.jpg\" \/><\/div>\n<div class=\"magic-2\"><img decoding=\"async\" class=\"magic-3\" src=\"https:\/\/sc04.alicdn.com\/kf\/H6ac4ef1a84a84e1daf29f91f0d146ee0x\/272953331\/H6ac4ef1a84a84e1daf29f91f0d146ee0x.jpg\" data-src=\"\/\/sc04.alicdn.com\/kf\/H6ac4ef1a84a84e1daf29f91f0d146ee0x\/272953331\/H6ac4ef1a84a84e1daf29f91f0d146ee0x.jpg\" \/><\/div>\n<\/div>\n<\/div>\n<div class=\"J_module\">\n<div id=\"ali-anchor-AliMagic-ho5x65\" class=\"magic-0\" data-section=\"AliMagic-ho5x65\" data-section-title=\"Specification\">Spezifikation<\/div>\n<\/div>\n<div class=\"J_module\">\n<div class=\"ife-detail-decorate-table\">\n<table class=\"has-title all magic-4\">\n<tbody>\n<tr>\n<td colspan=\"1\" rowspan=\"1\">\n<div class=\"magic-5\">Artikel<\/div>\n<\/td>\n<td colspan=\"1\" rowspan=\"1\">\n<div class=\"magic-6\">Wert<\/div>\n<\/td>\n<\/tr>\n<tr>\n<td colspan=\"1\" rowspan=\"1\">\n<div class=\"magic-5\">Herkunftsort<\/div>\n<\/td>\n<td colspan=\"1\" rowspan=\"1\">\n<div class=\"magic-6\">China<\/div>\n<\/td>\n<\/tr>\n<tr>\n<td colspan=\"1\" rowspan=\"1\">\n<div class=\"magic-5\">Gewicht (kg)<\/div>\n<\/td>\n<td colspan=\"1\" rowspan=\"1\">\n<div class=\"magic-6\">15500 kg<\/div>\n<\/td>\n<\/tr>\n<tr>\n<td colspan=\"1\" rowspan=\"1\">\n<div class=\"magic-5\">Video-Ausgangskontrolle<\/div>\n<\/td>\n<td colspan=\"1\" rowspan=\"1\">\n<div class=\"magic-6\">Bereitgestellt<\/div>\n<\/td>\n<\/tr>\n<tr>\n<td colspan=\"1\" rowspan=\"1\">\n<div class=\"magic-5\">Maschinenpr\u00fcfbericht<\/div>\n<\/td>\n<td colspan=\"1\" rowspan=\"1\">\n<div class=\"magic-6\">Bereitgestellt<\/div>\n<\/td>\n<\/tr>\n<tr>\n<td colspan=\"1\" rowspan=\"1\">\n<div class=\"magic-5\">Kernkomponenten<\/div>\n<\/td>\n<td colspan=\"1\" rowspan=\"1\">\n<div class=\"magic-6\">Getriebe, Motor<\/div>\n<\/td>\n<\/tr>\n<tr>\n<td colspan=\"1\" rowspan=\"1\">\n<div class=\"magic-5\">Anwendbare Branchen<\/div>\n<\/td>\n<td colspan=\"1\" rowspan=\"1\">\n<div class=\"magic-6\">Baustoffgesch\u00e4fte, Bauernh\u00f6fe, Bauarbeiten, Energie und Bergbau, Sonstiges<\/div>\n<\/td>\n<\/tr>\n<tr>\n<td colspan=\"1\" rowspan=\"1\">\n<div class=\"magic-5\">Standort des Ausstellungsraums<\/div>\n<\/td>\n<td colspan=\"1\" rowspan=\"1\">\n<div class=\"magic-6\">Keiner<\/div>\n<\/td>\n<\/tr>\n<tr>\n<td colspan=\"1\" rowspan=\"1\">\n<div class=\"magic-5\">Jahr<\/div>\n<\/td>\n<td colspan=\"1\" rowspan=\"1\">\n<div class=\"magic-6\">2017<\/div>\n<\/td>\n<\/tr>\n<tr>\n<td colspan=\"1\" rowspan=\"1\">\n<div class=\"magic-5\"><\/div>\n<\/td>\n<td colspan=\"1\" rowspan=\"1\">\n<div class=\"magic-6\"><\/div>\n<\/td>\n<\/tr>\n<\/tbody>\n<\/table>\n<\/div>\n<\/div>\n<div class=\"J_module\">\n<div class=\"icbu-pc-images magic-8\">\n<div>\n<div class=\"flex-layout-v\">\n<div class=\"flex-layout-h magic-8\">\n<div class=\"magic-9\"><img decoding=\"async\" class=\"magic-10\" src=\"https:\/\/sc04.alicdn.com\/kf\/S564ce6c38902461585417ecd8d686f1fa\/272953331\/S564ce6c38902461585417ecd8d686f1fa.jpg\" data-src=\"\/\/sc04.alicdn.com\/kf\/S564ce6c38902461585417ecd8d686f1fa\/272953331\/S564ce6c38902461585417ecd8d686f1fa.jpg\" \/><\/div>\n<div class=\"magic-11\"><img decoding=\"async\" class=\"magic-10\" src=\"https:\/\/sc04.alicdn.com\/kf\/Sd1da29c0040848ab9e8e823bf9fc64d9b\/272953331\/Sd1da29c0040848ab9e8e823bf9fc64d9b.jpg\" data-src=\"\/\/sc04.alicdn.com\/kf\/Sd1da29c0040848ab9e8e823bf9fc64d9b\/272953331\/Sd1da29c0040848ab9e8e823bf9fc64d9b.jpg\" \/><\/div>\n<div class=\"magic-11\"><img decoding=\"async\" class=\"magic-10\" src=\"https:\/\/sc04.alicdn.com\/kf\/S2ada77124afe456ab7816a812fb35ff0T\/272953331\/S2ada77124afe456ab7816a812fb35ff0T.jpg\" data-src=\"\/\/sc04.alicdn.com\/kf\/S2ada77124afe456ab7816a812fb35ff0T\/272953331\/S2ada77124afe456ab7816a812fb35ff0T.jpg\" \/><\/div>\n<\/div>\n<\/div>\n<\/div>\n<\/div>\n<\/div>\n<div class=\"J_module\">\n<div class=\"detail-decorate-json-renderer-container\">\n<div class=\"magic-12\">\n<div class=\"magic-13\">\n<div class=\"magic-14\">\n<div class=\"magic-15\">\n<p>Shanghai Manyi Construction Development Co., Ltd. <span style=\"font-size: 16px;\">ist ein professioneller Hersteller von Kippern. Derzeit decken die Produkte des Unternehmens eine breite Palette von Baumaschinenserien und intelligenten Fahrzeugbauserien ab. Das Unternehmen ist bestrebt, wettbewerbsf\u00e4hige Fertigungsindustrien f\u00fcr Baumaschinen, neue Energieger\u00e4te, komplette Umweltschutzger\u00e4te, \u00d6lspezialger\u00e4te, Spezialfahrzeuge und andere High-Tech-Ger\u00e4te zu entwickeln.<\/span><\/p>\n<\/div>\n<\/div>\n<\/div>\n<\/div>\n<\/div>\n<\/div>\n<div class=\"J_module\">\n<div id=\"ali-anchor-AliMagic-d90j28\" class=\"magic-0\" data-section=\"AliMagic-d90j28\" data-section-title=\"FAQ\">FAQ<\/div>\n<\/div>\n<div class=\"J_module\">\n<div class=\"detail-decorate-json-renderer-container\">\n<div class=\"magic-12\">\n<div class=\"magic-13\">\n<div class=\"magic-14\">\n<div class=\"magic-15\" data-spm-anchor-id=\"a2700.details.0.i27.772e605b2oXLX8\"><b>1. Wer sind wir?<\/b><br \/>\nWir haben unseren Sitz in Shanghai, China, seit 1995 und verkaufen nach Afrika (25,001 TP3T), Nordamerika (20,001 TP3T), Nordeuropa (15,001 TP3T), S\u00fcdostasien (15,001 TP3T), S\u00fcdamerika (15,001 TP3T) und Osteuropa (10.00%). Insgesamt sind in unserem B\u00fcro etwa 101-200 Personen besch\u00e4ftigt.<\/div>\n<div class=\"magic-15\" data-spm-anchor-id=\"a2700.details.0.i27.772e605b2oXLX8\"><b>2. Wie k\u00f6nnen wir Qualit\u00e4t garantieren?<\/b><br \/>\nImmer ein Vorproduktionsmuster vor der Massenproduktion;<br \/>\nImmer Endkontrolle vor dem Versand;<b>3.Was k\u00f6nnen Sie bei uns kaufen?<\/b><br \/>\nMuldenkipper, LKW<\/p>\n<p><b>4. Warum sollten Sie bei uns und nicht bei anderen Lieferanten einkaufen?<\/b><br \/>\nDie unternehmensunabh\u00e4ngige Forschungs- und Entwicklungsproduktion von Muldenkippern ist einer der fr\u00fchesten inl\u00e4ndischen Hersteller professioneller Baumaschinenhersteller.<\/p>\n<p><b>5. Welche Dienstleistungen k\u00f6nnen wir anbieten?<\/b><br \/>\nAkzeptierte Lieferbedingungen: FOB;<br \/>\nAkzeptierte Zahlungsw\u00e4hrung:null;<br \/>\nAkzeptierte Zahlungsart: T\/T, L\/C, PayPal, Western Union;<br \/>\nGesprochene Sprache: Englisch, Spanisch, Japanisch, Portugiesisch, Deutsch, Arabisch, Franz\u00f6sisch, Russisch, Koreanisch, Hindi, Italienisch<\/p>\n<\/div>\n<\/div>\n<\/div>\n<\/div>\n<\/div>\n<\/div>","protected":false},"excerpt":{"rendered":"<p>Product Description Specification item value Place of Origin China Weight (KG) 15500KG Video outgoing-inspection Provided Machinery Test Report Provided Core Components Gear, Engine Applicable Industries Building Material Shops, Farms, Construction works\u00a0, Energy &amp; Mining, Other Showroom Location None Year 2017 Shanghai Manyi Construction Development Co., Ltd. is a professional manufacturer of Tipper trucks. At present, [&hellip;]<\/p>","protected":false},"featured_media":2206,"template":"","meta":{"site-sidebar-layout":"default","site-content-layout":"default","ast-site-content-layout":"default","site-content-style":"default","site-sidebar-style":"default","ast-global-header-display":"","ast-banner-title-visibility":"","ast-main-header-display":"","ast-hfb-above-header-display":"","ast-hfb-below-header-display":"","ast-hfb-mobile-header-display":"","site-post-title":"","ast-breadcrumbs-content":"","ast-featured-img":"","footer-sml-layout":"","ast-disable-related-posts":"","theme-transparent-header-meta":"default","adv-header-id-meta":"","stick-header-meta":"","header-above-stick-meta":"","header-main-stick-meta":"","header-below-stick-meta":"","astra-migrate-meta-layouts":"default","ast-page-background-enabled":"default","ast-page-background-meta":{"desktop":{"background-color":"","background-image":"","background-repeat":"repeat","background-position":"center center","background-size":"auto","background-attachment":"scroll","background-type":"","background-media":"","overlay-type":"","overlay-color":"","overlay-opacity":"","overlay-gradient":""},"tablet":{"background-color":"","background-image":"","background-repeat":"repeat","background-position":"center center","background-size":"auto","background-attachment":"scroll","background-type":"","background-media":"","overlay-type":"","overlay-color":"","overlay-opacity":"","overlay-gradient":""},"mobile":{"background-color":"","background-image":"","background-repeat":"repeat","background-position":"center center","background-size":"auto","background-attachment":"scroll","background-type":"","background-media":"","overlay-type":"","overlay-color":"","overlay-opacity":"","overlay-gradient":""}},"ast-content-background-meta":{"desktop":{"background-color":"var(--ast-global-color-5)","background-image":"","background-repeat":"repeat","background-position":"center center","background-size":"auto","background-attachment":"scroll","background-type":"","background-media":"","overlay-type":"","overlay-color":"","overlay-opacity":"","overlay-gradient":""},"tablet":{"background-color":"var(--ast-global-color-5)","background-image":"","background-repeat":"repeat","background-position":"center center","background-size":"auto","background-attachment":"scroll","background-type":"","background-media":"","overlay-type":"","overlay-color":"","overlay-opacity":"","overlay-gradient":""},"mobile":{"background-color":"var(--ast-global-color-5)","background-image":"","background-repeat":"repeat","background-position":"center center","background-size":"auto","background-attachment":"scroll","background-type":"","background-media":"","overlay-type":"","overlay-color":"","overlay-opacity":"","overlay-gradient":""}}},"product_brand":[],"product_cat":[28],"product_tag":[],"class_list":{"0":"post-2205","1":"product","2":"type-product","3":"status-publish","4":"has-post-thumbnail","6":"product_cat-excavator","7":"desktop-align-left","8":"tablet-align-left","9":"mobile-align-left","11":"first","12":"instock","13":"shipping-taxable","14":"product-type-simple"},"_links":{"self":[{"href":"https:\/\/satisfybot.com\/de\/wp-json\/wp\/v2\/product\/2205","targetHints":{"allow":["GET"]}}],"collection":[{"href":"https:\/\/satisfybot.com\/de\/wp-json\/wp\/v2\/product"}],"about":[{"href":"https:\/\/satisfybot.com\/de\/wp-json\/wp\/v2\/types\/product"}],"version-history":[{"count":0,"href":"https:\/\/satisfybot.com\/de\/wp-json\/wp\/v2\/product\/2205\/revisions"}],"wp:featuredmedia":[{"embeddable":true,"href":"https:\/\/satisfybot.com\/de\/wp-json\/wp\/v2\/media\/2206"}],"wp:attachment":[{"href":"https:\/\/satisfybot.com\/de\/wp-json\/wp\/v2\/media?parent=2205"}],"wp:term":[{"taxonomy":"product_brand","embeddable":true,"href":"https:\/\/satisfybot.com\/de\/wp-json\/wp\/v2\/product_brand?post=2205"},{"taxonomy":"product_cat","embeddable":true,"href":"https:\/\/satisfybot.com\/de\/wp-json\/wp\/v2\/product_cat?post=2205"},{"taxonomy":"product_tag","embeddable":true,"href":"https:\/\/satisfybot.com\/de\/wp-json\/wp\/v2\/product_tag?post=2205"}],"curies":[{"name":"wp","href":"https:\/\/api.w.org\/{rel}","templated":true}]}}