{"id":2352,"date":"2023-06-30T08:48:37","date_gmt":"2023-06-30T08:48:37","guid":{"rendered":"https:\/\/satisfybot.com\/?post_type=product&#038;p=2352"},"modified":"2023-06-30T08:59:03","modified_gmt":"2023-06-30T08:59:03","slug":"xcmg-zl50gn-ce-approved-5-ton-shovel-front-end-wheel-loader","status":"publish","type":"product","link":"https:\/\/satisfybot.com\/de\/produkt\/xcmg-zl50gn-ce-approved-5-ton-shovel-front-end-wheel-loader\/","title":{"rendered":"XCMG Zl50gn CE-gepr\u00fcfter 5-Tonnen-Schaufel-Frontradlader"},"content":{"rendered":"<p>Optionale Teile:<br \/>\n* Grasgreifzange \/ verschiebbare Gabel \/ Standardschaufel \/ Seitenaussch\u00fcttung \/ Leichtgut-Schaufelschaufel 3,5 m3 \/ 4 m3 \/ 4,5 m3, 2,5 m3 Schaufel.<\/p>\n<p>Produkt\u00fcbersicht:<\/p>\n<p>Der XCMG-Radlader ZL50GN ist das beliebteste Modell des chinesischen 5-Tonnen-Radladers. Jetzt wird der ZL50GN auf das neue Modell ZL50GV aufger\u00fcstet, das mit einem EURO-III-Motor mit elektrischem Einspritzer ausgestattet ist. Das neue Modell wird \u00fcber eine hohe Leistung verf\u00fcgen.<\/p>\n<p>Der Radlader ZL50GN ist das neueste generations\u00fcbergreifende Produkt und die erste Wahl f\u00fcr die Produktionsorganisation in den Bereichen H\u00e4fen, Ingenieurbau und Logistik.<\/p>\n<p>Leistungshighlights:<\/p>\n<p>1. Das Arbeitsger\u00e4t sowie der vordere und hintere Rahmen verf\u00fcgen \u00fcber eine dicke Platte mit hoher Festigkeit, angemessener Verteilung und hoher Tragf\u00e4higkeit.<\/p>\n<p>2.Der Eimer mit einem Fassungsverm\u00f6gen von 2,5 m\u00b3 ist hinsichtlich der Arbeitseffizienz und Anpassungsf\u00e4higkeit verbessert. Die Schaufelz\u00e4hne \u00fcbernehmen die Struktur von Zahnhalter und H\u00fclse. Das Schneidmesser und die Schaufelkante sind mit einer Schutzvorrichtung ausgestattet, die sich durch hervorragende Abriebfestigkeit und Schlagfestigkeit auszeichnet.<\/p>\n<p>3. Die Dicke der vorderen Rahmenlasche und der Fu\u00dfleiste betr\u00e4gt 70 mm und die Dicke der nach oben und unten beweglichen Platte betr\u00e4gt 30 mm. Die Maschine ist anderen Produkten gleicher Art hinsichtlich der strukturellen Festigkeit und Tragf\u00e4higkeit \u00fcberlegen.<\/p>\n<p>Die Ausbrechkraft von 4,160 kN bew\u00e4ltigt problemlos alle Arten von Materialien, die hohe Aussch\u00fcttkapazit\u00e4t von \u2265 3,5 m bew\u00e4ltigt auch schwierige Bedingungen problemlos.<\/p>\n<table width=\"736\">\n<colgroup>\n<col \/>\n<col \/>\n<col \/><\/colgroup>\n<tbody>\n<tr class=\"firstRow\">\n<td width=\"264\" height=\"19\"><strong>Beschreibung<\/strong><\/td>\n<td width=\"142\" height=\"19\"><strong>Einheit<\/strong><\/td>\n<td width=\"308\" height=\"19\"><strong>ZL50GN<\/strong><\/td>\n<\/tr>\n<tr>\n<td width=\"264\">Nennbetriebslast<\/td>\n<td width=\"142\">kg<\/td>\n<td width=\"308\">5000<\/td>\n<\/tr>\n<tr>\n<td width=\"264\">Eimerkapazit\u00e4t<\/td>\n<td width=\"142\">m\u00b3<\/td>\n<td width=\"308\">2.5~4.5<\/td>\n<\/tr>\n<tr>\n<td width=\"264\">Maschinengewicht<\/td>\n<td width=\"142\">kg<\/td>\n<td width=\"308\">17500 \u00b1 300<\/td>\n<\/tr>\n<tr>\n<td width=\"264\">Entladeraum bei maximaler Hubh\u00f6he<\/td>\n<td width=\"142\">mm<\/td>\n<td width=\"308\">3100~3780<\/td>\n<\/tr>\n<tr>\n<td width=\"264\">Reichweite bei maximalem Hub<\/td>\n<td width=\"142\">mm<\/td>\n<td width=\"308\">1100~1220<\/td>\n<\/tr>\n<tr>\n<td width=\"264\">Radstand<\/td>\n<td width=\"142\">mm<\/td>\n<td width=\"308\">3300<\/td>\n<\/tr>\n<tr>\n<td width=\"264\">Treten<\/td>\n<td width=\"142\">mm<\/td>\n<td width=\"308\">2250<\/td>\n<\/tr>\n<tr>\n<td width=\"264\">Max. Ausbrechkraft<\/td>\n<td width=\"142\">kN<\/td>\n<td width=\"308\">175\u00b15<\/td>\n<\/tr>\n<tr>\n<td width=\"264\">Maximale Pferdest\u00e4rke<\/td>\n<td width=\"142\">kN<\/td>\n<td width=\"308\">160 \u00b1 5<\/td>\n<\/tr>\n<tr>\n<td width=\"264\">Erh\u00f6hung der hydraulischen Zykluszeit<\/td>\n<td width=\"142\">S<\/td>\n<td width=\"308\">\u22646<\/td>\n<\/tr>\n<tr>\n<td width=\"264\">Gesamte hydraulische Zykluszeit<\/td>\n<td width=\"142\">S<\/td>\n<td width=\"308\">\u226410,5<\/td>\n<\/tr>\n<tr>\n<td width=\"264\">Mindest. Wenderadius \u00fcber Reifen<\/td>\n<td width=\"142\">mm<\/td>\n<td width=\"308\">5925\u00b150<\/td>\n<\/tr>\n<tr>\n<td width=\"264\">Artikulationswinkel<\/td>\n<td width=\"142\">\u00b0<\/td>\n<td width=\"308\">38<\/td>\n<\/tr>\n<tr>\n<td width=\"264\">Steigf\u00e4higkeit<\/td>\n<td width=\"142\">\u00b0<\/td>\n<td width=\"308\">30<\/td>\n<\/tr>\n<tr>\n<td width=\"264\">Reifengr\u00f6\u00dfe<\/td>\n<td width=\"142\"><\/td>\n<td width=\"308\">23.5-25-16PR<\/td>\n<\/tr>\n<tr>\n<td width=\"264\">Gesamtabmessungen der Maschine L\u00d7B\u00d7H<\/td>\n<td width=\"142\">mm<\/td>\n<td width=\"308\">8225\u00d73016\u00d73515<\/td>\n<\/tr>\n<tr>\n<td width=\"264\">Modell<\/td>\n<td width=\"142\"><\/td>\n<td width=\"308\">\u00a0WD10G220E21<\/td>\n<\/tr>\n<tr>\n<td width=\"264\">Nennleistung<\/td>\n<td width=\"142\">kW<\/td>\n<td width=\"308\">162<\/td>\n<\/tr>\n<tr>\n<td width=\"264\">Reisegeschwindigkeit<\/td>\n<td width=\"142\">1 Gang (V\/R)<\/td>\n<td width=\"308\">13\/17 km\/h<\/td>\n<\/tr>\n<tr>\n<td width=\"264\"><\/td>\n<td width=\"142\">2-Gang (F)<\/td>\n<td width=\"308\">41 km\/h<\/td>\n<\/tr>\n<\/tbody>\n<\/table>","protected":false},"excerpt":{"rendered":"<p>Optional parts: * Grasping grass pliers \/ Sliding fork \/ Standard bucket\/ Side dumping \/ Light material Blade bucket 3.5m3 \/4m3\/4.5m3,2.5m3 bucket. Product Overview: XCMG wheel loader ZL50GN is the most popular model of China 5t wheel loader,Now ZL50GN is upgrading to new model ZL50GV equipped with EURO III engine with electric injector, new model [&hellip;]<\/p>","protected":false},"featured_media":2354,"template":"","meta":{"site-sidebar-layout":"default","site-content-layout":"default","ast-site-content-layout":"default","site-content-style":"default","site-sidebar-style":"default","ast-global-header-display":"","ast-banner-title-visibility":"","ast-main-header-display":"","ast-hfb-above-header-display":"","ast-hfb-below-header-display":"","ast-hfb-mobile-header-display":"","site-post-title":"","ast-breadcrumbs-content":"","ast-featured-img":"","footer-sml-layout":"","ast-disable-related-posts":"","theme-transparent-header-meta":"default","adv-header-id-meta":"","stick-header-meta":"","header-above-stick-meta":"","header-main-stick-meta":"","header-below-stick-meta":"","astra-migrate-meta-layouts":"default","ast-page-background-enabled":"default","ast-page-background-meta":{"desktop":{"background-color":"","background-image":"","background-repeat":"repeat","background-position":"center center","background-size":"auto","background-attachment":"scroll","background-type":"","background-media":"","overlay-type":"","overlay-color":"","overlay-opacity":"","overlay-gradient":""},"tablet":{"background-color":"","background-image":"","background-repeat":"repeat","background-position":"center center","background-size":"auto","background-attachment":"scroll","background-type":"","background-media":"","overlay-type":"","overlay-color":"","overlay-opacity":"","overlay-gradient":""},"mobile":{"background-color":"","background-image":"","background-repeat":"repeat","background-position":"center center","background-size":"auto","background-attachment":"scroll","background-type":"","background-media":"","overlay-type":"","overlay-color":"","overlay-opacity":"","overlay-gradient":""}},"ast-content-background-meta":{"desktop":{"background-color":"var(--ast-global-color-5)","background-image":"","background-repeat":"repeat","background-position":"center center","background-size":"auto","background-attachment":"scroll","background-type":"","background-media":"","overlay-type":"","overlay-color":"","overlay-opacity":"","overlay-gradient":""},"tablet":{"background-color":"var(--ast-global-color-5)","background-image":"","background-repeat":"repeat","background-position":"center center","background-size":"auto","background-attachment":"scroll","background-type":"","background-media":"","overlay-type":"","overlay-color":"","overlay-opacity":"","overlay-gradient":""},"mobile":{"background-color":"var(--ast-global-color-5)","background-image":"","background-repeat":"repeat","background-position":"center center","background-size":"auto","background-attachment":"scroll","background-type":"","background-media":"","overlay-type":"","overlay-color":"","overlay-opacity":"","overlay-gradient":""}}},"product_brand":[],"product_cat":[28],"product_tag":[],"class_list":{"0":"post-2352","1":"product","2":"type-product","3":"status-publish","4":"has-post-thumbnail","6":"product_cat-excavator","7":"desktop-align-left","8":"tablet-align-left","9":"mobile-align-left","11":"first","12":"instock","13":"shipping-taxable","14":"product-type-simple"},"_links":{"self":[{"href":"https:\/\/satisfybot.com\/de\/wp-json\/wp\/v2\/product\/2352","targetHints":{"allow":["GET"]}}],"collection":[{"href":"https:\/\/satisfybot.com\/de\/wp-json\/wp\/v2\/product"}],"about":[{"href":"https:\/\/satisfybot.com\/de\/wp-json\/wp\/v2\/types\/product"}],"version-history":[{"count":0,"href":"https:\/\/satisfybot.com\/de\/wp-json\/wp\/v2\/product\/2352\/revisions"}],"wp:featuredmedia":[{"embeddable":true,"href":"https:\/\/satisfybot.com\/de\/wp-json\/wp\/v2\/media\/2354"}],"wp:attachment":[{"href":"https:\/\/satisfybot.com\/de\/wp-json\/wp\/v2\/media?parent=2352"}],"wp:term":[{"taxonomy":"product_brand","embeddable":true,"href":"https:\/\/satisfybot.com\/de\/wp-json\/wp\/v2\/product_brand?post=2352"},{"taxonomy":"product_cat","embeddable":true,"href":"https:\/\/satisfybot.com\/de\/wp-json\/wp\/v2\/product_cat?post=2352"},{"taxonomy":"product_tag","embeddable":true,"href":"https:\/\/satisfybot.com\/de\/wp-json\/wp\/v2\/product_tag?post=2352"}],"curies":[{"name":"wp","href":"https:\/\/api.w.org\/{rel}","templated":true}]}}