{"id":2360,"date":"2023-06-30T16:00:09","date_gmt":"2023-06-30T16:00:09","guid":{"rendered":"https:\/\/satisfybot.com\/?post_type=product&#038;p=2360"},"modified":"2023-06-30T16:06:08","modified_gmt":"2023-06-30T16:06:08","slug":"sinotruk-10-wheel-howo-mining-tipper-truck","status":"publish","type":"product","link":"https:\/\/satisfybot.com\/de\/produkt\/sinotruk-10-wheel-howo-mining-tipper-truck\/","title":{"rendered":"Sinotruk 10 Rad Howo Bergbaukipper"},"content":{"rendered":"<p>SINOTRUK HOWO 6*4 Kipper LHD<\/p>\n<p>Modell: ZZ3257N3647A<\/p>\n<p>Motor: 336 PS EUROII<\/p>\n<p>Getriebe: HW19710,10 vorw\u00e4rts,<\/p>\n<p>2 r\u00fcckw\u00e4rts<\/p>\n<p>Vorderachse: HF9, Trommelbremse<\/p>\n<p>Hinterachse: HC16, \u00dcbersetzungsverh\u00e4ltnis 5,73<\/p>\n<p>Lenkung: ZF8118<\/p>\n<p>Reifen: 12.00R20, mit einem Ersatzreifen<\/p>\n<p>Kraftstofftanker: 300L<\/p>\n<p>HW76-Kabine mit Einzelkoje und Klimaanlage<\/p>\n<p>Ladungsgr\u00f6\u00dfe: 5400*2300*1500mm<\/p>\n<p>T-Typ-Mittellift, starker Typ<\/p>\n<p>unten 8mm, seitlich 6mm.<\/p>\n<p>&nbsp;<\/p>\n<table width=\"700\" cellspacing=\"0\">\n<tbody>\n<tr class=\"firstRow\">\n<td colspan=\"2\" valign=\"top\" width=\"700\">\u00a0\u00a0\u00a0\u00a0\u00a0\u00a0\u00a0\u00a0\u00a0\u00a0\u00a0\u00a0\u00a0\u00a0\u00a0\u00a0\u00a0\u00a0\u00a0\u00a0\u00a0\u00a0\u00a0Sinotruk Howo 6*4 Muldenkipper<\/td>\n<\/tr>\n<tr>\n<td valign=\"top\" width=\"121\">Fahrgestellmodell<\/td>\n<td valign=\"top\" width=\"579\">ZZ3257N3647A1 (Linkslenkertyp)<\/td>\n<\/tr>\n<tr>\n<td valign=\"top\" width=\"121\">Produktionsjahr<\/td>\n<td valign=\"top\" width=\"579\">2018, neuer LKW<\/td>\n<\/tr>\n<tr>\n<td valign=\"top\" width=\"121\">Kabine<\/td>\n<td valign=\"top\" width=\"579\">HW76-Fahrerhaus, mit einem Schlafplatz und zwei Sitzen, 2-Arm-Scheibenwischersystem mit drei Geschwindigkeiten, ged\u00e4mpft verstellbarer Fahrersitz, mit Heiz- und L\u00fcftungssystem, \u00e4u\u00dferer Sonnenblende, Sicherheitsgurten, verstellbarem Lenkrad, Drucklufthupe, Klimaanlage, mit Querverstellung Stabilisator, mit 4-Punkt-Aufh\u00e4ngung, vollschwimmender Federung + Sto\u00dfd\u00e4mpfer. Motormarke: SINOTRUK Diesel 4-Takt-Dieselmotor mit Direkteinspritzung<\/td>\n<\/tr>\n<tr>\n<td valign=\"top\" width=\"121\">Motor<\/td>\n<td valign=\"top\" width=\"579\">Hersteller: SINOTRUK<\/p>\n<p>Diesel-4-Takt-Dieselmotor mit Direkteinspritzung<\/p>\n<p>Motormodell: WD615.47, Euro 2, 336 PS<\/p>\n<p>6-Zylinder-Reihenmotor mit Wasserk\u00fchlung, Turboaufladung und Ladeluftk\u00fchlung. Hubraum: 9.726 l<\/td>\n<\/tr>\n<tr>\n<td valign=\"top\" width=\"121\">\u00dcbertragung<\/td>\n<td valign=\"top\" width=\"579\">HW19710, 10F &amp; 2R, mit Zapfwellenverh\u00e4ltnis: 14,28, 10,62, 7,87, 5,88, 4,38, 3,27, 2,43, 1,80, 1,34, 1,00, 13,91(R1), 3,18(R2)<\/td>\n<\/tr>\n<tr>\n<td valign=\"top\" width=\"121\">Lenkung<\/td>\n<td valign=\"top\" width=\"579\">ZF-Servolenkung, Modell ZF8118, hydraulische Lenkung mit Servounterst\u00fctzung<\/td>\n<\/tr>\n<tr>\n<td valign=\"top\" width=\"121\">Vorderachse<\/td>\n<td valign=\"top\" width=\"579\">HF9, 1\u00d79000 KGS Lenkung mit Doppel-T-Querschnittstr\u00e4ger<\/td>\n<\/tr>\n<tr>\n<td valign=\"top\" width=\"121\">Hinterachse<\/td>\n<td valign=\"top\" width=\"579\">HC16, 2\u00d716000 KGS<\/p>\n<p>Gepresstes Achsgeh\u00e4use, zentrale Einzeluntersetzung mit Nabenuntersetzung und mit Differenzialsperren zwischen R\u00e4dern und Achsen.<\/p>\n<p>Verh\u00e4ltnis: 5,73<\/td>\n<\/tr>\n<tr>\n<td valign=\"top\" width=\"121\">Kardanwelle<\/td>\n<td valign=\"top\" width=\"579\">Doppelgelenk-Propellerwelle mit zahnradf\u00f6rmigem Kupplungsflansch<\/td>\n<\/tr>\n<tr>\n<td valign=\"top\" width=\"121\">Chassis<\/td>\n<td valign=\"top\" width=\"579\">Rahmen: U-Profil-Parallelleiterrahmen mit einem Querschnitt von 300 x 80 x 8 mm+8 und verst\u00e4rktem Unterrahmen, alle Quertr\u00e4ger kaltvernietet<\/p>\n<p>Vorderradaufh\u00e4ngung: 10 halbelliptische Blattfedern, hydraulischer Teleskop-Doppelsto\u00dfd\u00e4mpfer und Stabilisator<\/p>\n<p>Hinterradaufh\u00e4ngung: halbelliptische 15-Blatt-Federn, Drehgestellfeder und Stabilisator<\/td>\n<\/tr>\n<tr>\n<td valign=\"top\" width=\"121\">Bremse<\/td>\n<td valign=\"top\" width=\"579\">Betriebsbremse: Zweikreis-Druckluftbremse<\/p>\n<p>Feststellbremse (Notbremse): Federenergie, Druckluft wirkt auf Vorderwelle und Hinterr\u00e4der<\/p>\n<p>Hilfsbremse: Motorabgasbremse<\/td>\n<\/tr>\n<tr>\n<td valign=\"top\" width=\"121\">Elektrik<\/td>\n<td valign=\"top\" width=\"579\">Betriebsspannung: 24 V, negativ geerdet<\/p>\n<p>Anlasser: 24 V, 5,4 kW<\/p>\n<p>Lichtmaschine: 3-phasig, 28 V, 1500 W<\/p>\n<p>Batterien: 2 x 12 V, 165 Ah<\/p>\n<p>Zigarettenanz\u00fcnder, Hupe, Scheinwerfer, Nebelscheinwerfer, Bremslichter, Blinker und R\u00fcckfahrlicht<\/td>\n<\/tr>\n<tr>\n<td valign=\"top\" width=\"121\">Treibstofftank<\/td>\n<td valign=\"top\" width=\"579\">\u00a0300L<\/td>\n<\/tr>\n<tr>\n<td valign=\"top\" width=\"121\">Reifen<\/td>\n<td valign=\"top\" width=\"579\">12.00R20, Radialreifen 10+1<\/td>\n<\/tr>\n<tr>\n<td valign=\"top\" width=\"121\">Farbe<\/td>\n<td valign=\"top\" width=\"579\">Gelb<\/td>\n<\/tr>\n<tr>\n<td valign=\"top\" width=\"121\">Frachtk\u00f6rper<\/td>\n<td valign=\"top\" width=\"579\">5400 x 2300 x 1500 mm. 18,63 Kubikmeter. Boden 8 mm, Seite 6 mm.<\/td>\n<\/tr>\n<tr>\n<td valign=\"top\" width=\"121\">Gesamtabmessungen<\/td>\n<td valign=\"top\" width=\"579\">8400*2550*3500 mm<\/td>\n<\/tr>\n<\/tbody>\n<\/table>","protected":false},"excerpt":{"rendered":"<p>SINOTRUK HOWO 6*4 Tipper LHD Model:ZZ3257N3647A Engine:336hp EUROII Transmission:HW19710,10 forward, 2 reverse Front axle:HF9,drum type brake Rear axle:HC16, gear ratio 5.73 Steering:ZF8118 Tires:12.00R20, with one spare tire Fuel tanker:300L HW76 Cab with single bunk, with A\/C Cargo size:5400*2300*1500mm T type middle lift, strong type bottom 8mm,side 6mm. &nbsp; \u00a0\u00a0\u00a0\u00a0\u00a0\u00a0\u00a0\u00a0\u00a0\u00a0\u00a0\u00a0\u00a0\u00a0\u00a0\u00a0\u00a0\u00a0\u00a0\u00a0\u00a0\u00a0\u00a0Sinotruk howo 6*4 dump truck Chassis model [&hellip;]<\/p>","protected":false},"featured_media":2362,"template":"","meta":{"site-sidebar-layout":"default","site-content-layout":"default","ast-site-content-layout":"default","site-content-style":"default","site-sidebar-style":"default","ast-global-header-display":"","ast-banner-title-visibility":"","ast-main-header-display":"","ast-hfb-above-header-display":"","ast-hfb-below-header-display":"","ast-hfb-mobile-header-display":"","site-post-title":"","ast-breadcrumbs-content":"","ast-featured-img":"","footer-sml-layout":"","ast-disable-related-posts":"","theme-transparent-header-meta":"default","adv-header-id-meta":"","stick-header-meta":"","header-above-stick-meta":"","header-main-stick-meta":"","header-below-stick-meta":"","astra-migrate-meta-layouts":"default","ast-page-background-enabled":"default","ast-page-background-meta":{"desktop":{"background-color":"","background-image":"","background-repeat":"repeat","background-position":"center center","background-size":"auto","background-attachment":"scroll","background-type":"","background-media":"","overlay-type":"","overlay-color":"","overlay-opacity":"","overlay-gradient":""},"tablet":{"background-color":"","background-image":"","background-repeat":"repeat","background-position":"center center","background-size":"auto","background-attachment":"scroll","background-type":"","background-media":"","overlay-type":"","overlay-color":"","overlay-opacity":"","overlay-gradient":""},"mobile":{"background-color":"","background-image":"","background-repeat":"repeat","background-position":"center center","background-size":"auto","background-attachment":"scroll","background-type":"","background-media":"","overlay-type":"","overlay-color":"","overlay-opacity":"","overlay-gradient":""}},"ast-content-background-meta":{"desktop":{"background-color":"var(--ast-global-color-5)","background-image":"","background-repeat":"repeat","background-position":"center center","background-size":"auto","background-attachment":"scroll","background-type":"","background-media":"","overlay-type":"","overlay-color":"","overlay-opacity":"","overlay-gradient":""},"tablet":{"background-color":"var(--ast-global-color-5)","background-image":"","background-repeat":"repeat","background-position":"center center","background-size":"auto","background-attachment":"scroll","background-type":"","background-media":"","overlay-type":"","overlay-color":"","overlay-opacity":"","overlay-gradient":""},"mobile":{"background-color":"var(--ast-global-color-5)","background-image":"","background-repeat":"repeat","background-position":"center center","background-size":"auto","background-attachment":"scroll","background-type":"","background-media":"","overlay-type":"","overlay-color":"","overlay-opacity":"","overlay-gradient":""}}},"product_brand":[],"product_cat":[23],"product_tag":[],"class_list":{"0":"post-2360","1":"product","2":"type-product","3":"status-publish","4":"has-post-thumbnail","6":"product_cat-dump-truck","7":"desktop-align-left","8":"tablet-align-left","9":"mobile-align-left","11":"first","12":"instock","13":"shipping-taxable","14":"product-type-simple"},"_links":{"self":[{"href":"https:\/\/satisfybot.com\/de\/wp-json\/wp\/v2\/product\/2360","targetHints":{"allow":["GET"]}}],"collection":[{"href":"https:\/\/satisfybot.com\/de\/wp-json\/wp\/v2\/product"}],"about":[{"href":"https:\/\/satisfybot.com\/de\/wp-json\/wp\/v2\/types\/product"}],"version-history":[{"count":0,"href":"https:\/\/satisfybot.com\/de\/wp-json\/wp\/v2\/product\/2360\/revisions"}],"wp:featuredmedia":[{"embeddable":true,"href":"https:\/\/satisfybot.com\/de\/wp-json\/wp\/v2\/media\/2362"}],"wp:attachment":[{"href":"https:\/\/satisfybot.com\/de\/wp-json\/wp\/v2\/media?parent=2360"}],"wp:term":[{"taxonomy":"product_brand","embeddable":true,"href":"https:\/\/satisfybot.com\/de\/wp-json\/wp\/v2\/product_brand?post=2360"},{"taxonomy":"product_cat","embeddable":true,"href":"https:\/\/satisfybot.com\/de\/wp-json\/wp\/v2\/product_cat?post=2360"},{"taxonomy":"product_tag","embeddable":true,"href":"https:\/\/satisfybot.com\/de\/wp-json\/wp\/v2\/product_tag?post=2360"}],"curies":[{"name":"wp","href":"https:\/\/api.w.org\/{rel}","templated":true}]}}