{"id":2365,"date":"2023-06-30T16:13:53","date_gmt":"2023-06-30T16:13:53","guid":{"rendered":"https:\/\/satisfybot.com\/?post_type=product&#038;p=2365"},"modified":"2023-06-30T16:13:53","modified_gmt":"2023-06-30T16:13:53","slug":"china-engineering-vehicle-sinotruk-howo-8x4-off-road-dump-trucks","status":"publish","type":"product","link":"https:\/\/satisfybot.com\/de\/produkt\/china-engineering-vehicle-sinotruk-howo-8x4-off-road-dump-trucks\/","title":{"rendered":"China Engineering Vehicle Sinotruk HOWO 8\u00d74 Off-Road-Muldenkipper"},"content":{"rendered":"<p><strong>China Engineering Vehicle Sinotruk HOWO 8\u00d74 Off-Road-Muldenkipper<\/strong><\/p>\n<p>Hauptspez.:<\/p>\n<p>1. HW76-Kabine oder HW70-Kabine sind optional;<\/p>\n<p>2. Weichai-Motor, 290 PS, 336 PS, 371 PS, 420 PS sind optional;<\/p>\n<p>3. Dicke des Ladungsk\u00f6rpers: Boden 12 mm und Seite 8 mm f\u00fcr den Einsatz im Bergbau oder Boden 8 mm und Seite 6 mm f\u00fcr den allgemeinen Gebrauch.<\/p>\n<p>4. Abmessungen des Ladek\u00f6rpers: 6200 mm, 6500 mm, 6800 mm, 7000 mm, 7300 mm, 7800 mm, 8200 mm, 8500 mm * 2300 mm * 1500 mm oder entsprechend Ihrer Anforderung herstellen.<\/p>\n<p>Produktbeschreibung:<\/p>\n<table width=\"556\">\n<tbody>\n<tr class=\"firstRow\">\n<td valign=\"center\" width=\"114\"><a name=\"OLE_LINK1\"><\/a>Modell<\/td>\n<td colspan=\"3\" valign=\"center\" width=\"441\">ZZ3317N4867A<\/td>\n<\/tr>\n<tr>\n<td valign=\"center\" width=\"114\">Antriebstyp<\/td>\n<td colspan=\"3\" valign=\"center\" width=\"441\">8\u00d74 Linkslenker<\/td>\n<\/tr>\n<tr>\n<td rowspan=\"2\" valign=\"center\" width=\"114\">Taxi<\/td>\n<td valign=\"center\" width=\"161\">Typ<\/td>\n<td colspan=\"2\" valign=\"center\" width=\"281\">HW76, Flachdach mit einem Schlafbett<\/td>\n<\/tr>\n<tr>\n<td valign=\"center\" width=\"161\">Ausr\u00fcstungen<\/td>\n<td colspan=\"2\" valign=\"center\" width=\"281\">2 Heckfenster, mechanischer Obergaden, hydraulisch gefederte Kabine, hydraulischer Sitz mit Sicherheitsgurt, ein Schlafbett, hydraulisch umkehrbare Kabine, mit USB, kann Radiosendungen und Audio im MP3-Format abspielen, ausgestattet mit Klimaanlage<\/td>\n<\/tr>\n<tr>\n<td rowspan=\"4\" valign=\"center\" width=\"114\">Fahrzeughaupt<br \/>\nMa\u00dfe<\/td>\n<td valign=\"center\" width=\"161\">L x B x H<\/td>\n<td colspan=\"2\" valign=\"center\" width=\"281\">10745\u00d72496\u00d73406<\/td>\n<\/tr>\n<tr>\n<td valign=\"center\" width=\"161\">Radstand (mm)<\/td>\n<td colspan=\"2\" valign=\"center\" width=\"281\">1800+4800+1350<\/td>\n<\/tr>\n<tr>\n<td valign=\"center\" width=\"161\">Vorderer\/hinterer LKW (mm)<\/td>\n<td colspan=\"2\" valign=\"center\" width=\"281\">1500\/2295<\/td>\n<\/tr>\n<tr>\n<td valign=\"center\" width=\"161\">Anflug\/Abflug(\u00b0)<\/td>\n<td colspan=\"2\" valign=\"center\" width=\"281\">19\/17<\/td>\n<\/tr>\n<tr>\n<td rowspan=\"2\" valign=\"center\" width=\"114\">Gewicht<\/td>\n<td valign=\"center\" width=\"161\">Leermasse (kg)<\/td>\n<td colspan=\"2\" valign=\"center\" width=\"281\">15480 kg<\/td>\n<\/tr>\n<tr>\n<td valign=\"center\" width=\"161\">Gesamtmasse (kg)<\/td>\n<td colspan=\"2\" valign=\"center\" width=\"281\">31000 kg<\/td>\n<\/tr>\n<tr>\n<td rowspan=\"5\" valign=\"center\" width=\"114\">Motor<\/td>\n<td valign=\"center\" width=\"161\">Marke<\/td>\n<td colspan=\"2\" valign=\"center\" width=\"281\">SINOTRUK<\/td>\n<\/tr>\n<tr>\n<td valign=\"center\" width=\"161\">Modell<\/td>\n<td colspan=\"2\" valign=\"center\" width=\"281\">WP615.47<\/td>\n<\/tr>\n<tr>\n<td valign=\"center\" width=\"161\">Leistung (kW\/PS)<\/td>\n<td colspan=\"2\" valign=\"center\" width=\"281\">273\/371<\/td>\n<\/tr>\n<tr>\n<td valign=\"center\" width=\"161\">Verschiebung (L)<\/td>\n<td colspan=\"2\" valign=\"center\" width=\"281\">9.726<\/td>\n<\/tr>\n<tr>\n<td valign=\"center\" width=\"161\">Emissionsstandard<\/td>\n<td colspan=\"2\" valign=\"center\" width=\"281\">Euro II<\/td>\n<\/tr>\n<tr>\n<td rowspan=\"4\" valign=\"center\" width=\"114\">\u00dcbertragung<\/td>\n<td valign=\"center\" width=\"161\">Marke<\/td>\n<td colspan=\"2\" valign=\"center\" width=\"281\">SINOTRUK<\/td>\n<\/tr>\n<tr>\n<td valign=\"center\" width=\"161\">Modell<\/td>\n<td colspan=\"2\" valign=\"center\" width=\"281\">HW19710<\/td>\n<\/tr>\n<tr>\n<td valign=\"center\" width=\"161\">Kontrolltyp<\/td>\n<td colspan=\"2\" valign=\"center\" width=\"281\">Handbuch<\/td>\n<\/tr>\n<tr>\n<td valign=\"center\" width=\"161\">Gangschaltung<\/td>\n<td colspan=\"2\" valign=\"center\" width=\"281\">10 Vorw\u00e4rts- und 2 Reserveg\u00e4nge<\/td>\n<\/tr>\n<tr>\n<td valign=\"center\" width=\"114\">Kupplung<\/td>\n<td valign=\"center\" width=\"161\">Durchmesser (mm)<\/td>\n<td colspan=\"2\" valign=\"center\" width=\"281\">430<\/td>\n<\/tr>\n<tr>\n<td valign=\"center\" width=\"114\">Lenkung<\/td>\n<td colspan=\"3\" valign=\"center\" width=\"441\">ZF8118<\/td>\n<\/tr>\n<tr>\n<td rowspan=\"3\" valign=\"center\" width=\"114\">Achsen<\/td>\n<td valign=\"center\" width=\"161\">Marke<\/td>\n<td colspan=\"2\" valign=\"center\" width=\"281\">SINOTRUK<\/td>\n<\/tr>\n<tr>\n<td valign=\"center\" width=\"161\">Vorderachse<\/td>\n<td colspan=\"2\" valign=\"center\" width=\"281\">HF9<\/td>\n<\/tr>\n<tr>\n<td valign=\"center\" width=\"161\">Hinterachse<\/td>\n<td colspan=\"2\" valign=\"center\" width=\"281\">HC16<\/td>\n<\/tr>\n<tr>\n<td valign=\"center\" width=\"114\">Reifen<\/td>\n<td valign=\"center\" width=\"161\">Typ (Standard)<\/td>\n<td colspan=\"2\" valign=\"center\" width=\"281\">12.00R20<\/td>\n<\/tr>\n<tr>\n<td rowspan=\"3\" valign=\"center\" width=\"114\">Dump-K\u00f6rper<\/td>\n<td colspan=\"2\" valign=\"center\" width=\"170\">Frachtabmessung (mm)<\/td>\n<td valign=\"center\" width=\"271\">8500x2300x1600<\/td>\n<\/tr>\n<tr>\n<td colspan=\"2\" valign=\"center\" width=\"170\">Dicke des Karosseriestahls<\/td>\n<td valign=\"center\" width=\"271\">Etage 8, Seite 6<\/td>\n<\/tr>\n<tr>\n<td colspan=\"2\" valign=\"center\" width=\"170\">Hebetyp<\/td>\n<td valign=\"center\" width=\"271\">Vorne kippen<\/td>\n<\/tr>\n<\/tbody>\n<\/table>","protected":false},"excerpt":{"rendered":"<p>China Engineering Vehicle Sinotruk HOWO 8&#215;4 Off Road Dump Trucks Main Spec.: 1. HW76 cab or HW70 cab are optional; 2. Weichai engine, 290hp, 336hp, 371hp, 420hp are optional; 3. Thickness of cargo body: floor 12mm and side 8mm for mining use or floor 8mm and side 6mm for common use. 4. Dimensions of cargo [&hellip;]<\/p>","protected":false},"featured_media":2366,"template":"","meta":{"site-sidebar-layout":"default","site-content-layout":"default","ast-site-content-layout":"default","site-content-style":"default","site-sidebar-style":"default","ast-global-header-display":"","ast-banner-title-visibility":"","ast-main-header-display":"","ast-hfb-above-header-display":"","ast-hfb-below-header-display":"","ast-hfb-mobile-header-display":"","site-post-title":"","ast-breadcrumbs-content":"","ast-featured-img":"","footer-sml-layout":"","ast-disable-related-posts":"","theme-transparent-header-meta":"default","adv-header-id-meta":"","stick-header-meta":"","header-above-stick-meta":"","header-main-stick-meta":"","header-below-stick-meta":"","astra-migrate-meta-layouts":"default","ast-page-background-enabled":"default","ast-page-background-meta":{"desktop":{"background-color":"","background-image":"","background-repeat":"repeat","background-position":"center center","background-size":"auto","background-attachment":"scroll","background-type":"","background-media":"","overlay-type":"","overlay-color":"","overlay-opacity":"","overlay-gradient":""},"tablet":{"background-color":"","background-image":"","background-repeat":"repeat","background-position":"center center","background-size":"auto","background-attachment":"scroll","background-type":"","background-media":"","overlay-type":"","overlay-color":"","overlay-opacity":"","overlay-gradient":""},"mobile":{"background-color":"","background-image":"","background-repeat":"repeat","background-position":"center center","background-size":"auto","background-attachment":"scroll","background-type":"","background-media":"","overlay-type":"","overlay-color":"","overlay-opacity":"","overlay-gradient":""}},"ast-content-background-meta":{"desktop":{"background-color":"var(--ast-global-color-5)","background-image":"","background-repeat":"repeat","background-position":"center center","background-size":"auto","background-attachment":"scroll","background-type":"","background-media":"","overlay-type":"","overlay-color":"","overlay-opacity":"","overlay-gradient":""},"tablet":{"background-color":"var(--ast-global-color-5)","background-image":"","background-repeat":"repeat","background-position":"center center","background-size":"auto","background-attachment":"scroll","background-type":"","background-media":"","overlay-type":"","overlay-color":"","overlay-opacity":"","overlay-gradient":""},"mobile":{"background-color":"var(--ast-global-color-5)","background-image":"","background-repeat":"repeat","background-position":"center center","background-size":"auto","background-attachment":"scroll","background-type":"","background-media":"","overlay-type":"","overlay-color":"","overlay-opacity":"","overlay-gradient":""}}},"product_brand":[],"product_cat":[23],"product_tag":[],"class_list":{"0":"post-2365","1":"product","2":"type-product","3":"status-publish","4":"has-post-thumbnail","6":"product_cat-dump-truck","7":"desktop-align-left","8":"tablet-align-left","9":"mobile-align-left","11":"first","12":"instock","13":"shipping-taxable","14":"product-type-simple"},"_links":{"self":[{"href":"https:\/\/satisfybot.com\/de\/wp-json\/wp\/v2\/product\/2365","targetHints":{"allow":["GET"]}}],"collection":[{"href":"https:\/\/satisfybot.com\/de\/wp-json\/wp\/v2\/product"}],"about":[{"href":"https:\/\/satisfybot.com\/de\/wp-json\/wp\/v2\/types\/product"}],"version-history":[{"count":0,"href":"https:\/\/satisfybot.com\/de\/wp-json\/wp\/v2\/product\/2365\/revisions"}],"wp:featuredmedia":[{"embeddable":true,"href":"https:\/\/satisfybot.com\/de\/wp-json\/wp\/v2\/media\/2366"}],"wp:attachment":[{"href":"https:\/\/satisfybot.com\/de\/wp-json\/wp\/v2\/media?parent=2365"}],"wp:term":[{"taxonomy":"product_brand","embeddable":true,"href":"https:\/\/satisfybot.com\/de\/wp-json\/wp\/v2\/product_brand?post=2365"},{"taxonomy":"product_cat","embeddable":true,"href":"https:\/\/satisfybot.com\/de\/wp-json\/wp\/v2\/product_cat?post=2365"},{"taxonomy":"product_tag","embeddable":true,"href":"https:\/\/satisfybot.com\/de\/wp-json\/wp\/v2\/product_tag?post=2365"}],"curies":[{"name":"wp","href":"https:\/\/api.w.org\/{rel}","templated":true}]}}