{"id":2367,"date":"2023-06-30T16:16:01","date_gmt":"2023-06-30T16:16:01","guid":{"rendered":"https:\/\/satisfybot.com\/?post_type=product&#038;p=2367"},"modified":"2023-07-01T03:05:30","modified_gmt":"2023-07-01T03:05:30","slug":"engineering-vehicle-sinotruk-howo-6x4-mining-dump-truck","status":"publish","type":"product","link":"https:\/\/satisfybot.com\/de\/produkt\/engineering-vehicle-sinotruk-howo-6x4-mining-dump-truck\/","title":{"rendered":"Technisches Fahrzeug Sinotruk HOWO 6\u00d74 Bergbau-Muldenkipper"},"content":{"rendered":"<p><strong>Technisches Fahrzeug Sinotruk HOWO 6\u00d74 Bergbau-Muldenkipper\u00a0<\/strong><\/p>\n<p>Unsere Vorteile:<\/p>\n<p>Wir besch\u00e4ftigen uns seit mehr als 12 Jahren mit LKW. Bitte seien Sie versichert, dass wir Ihnen qualifizierte LKWs zu guten Preisen anbieten k\u00f6nnen und dass wir \u00fcber eine eigene Ersatzteilabteilung verf\u00fcgen, die Sie nach dem Verkauf betreut.<\/p>\n<p>Produktbeschreibung:<\/p>\n<table width=\"556\">\n<tbody>\n<tr class=\"firstRow\">\n<td valign=\"center\" width=\"114\"><a name=\"OLE_LINK2\"><\/a>Modell<\/td>\n<td colspan=\"2\" valign=\"center\" width=\"441\"><a name=\"OLE_LINK4\"><\/a>ZZ3257N3647B<\/td>\n<\/tr>\n<tr>\n<td valign=\"center\" width=\"114\">Antriebstyp<\/td>\n<td colspan=\"2\" valign=\"center\" width=\"441\">6&#215;4<\/td>\n<\/tr>\n<tr>\n<td rowspan=\"2\" valign=\"center\" width=\"114\">Taxi<\/td>\n<td valign=\"center\" width=\"161\">Typ<\/td>\n<td valign=\"center\" width=\"281\">HW70-Standardkabine ohne Schlafbett<\/td>\n<\/tr>\n<tr>\n<td valign=\"center\" width=\"161\">Ausr\u00fcstungen<\/td>\n<td valign=\"center\" width=\"281\">2Heckfenster, mechanischer Obergaden, hydraulisch gefederte Kabine, hydraulischer Sitz mit Sicherheitsgurten, hydraulisch umkehrbare Kabine, mit USB, kann Radiosendungen und Audio im MP3-Format abspielen, ausgestattet mit Klimaanlage<\/td>\n<\/tr>\n<tr>\n<td rowspan=\"4\" valign=\"center\" width=\"114\">Fahrzeughaupt<br \/>\nMa\u00dfe<\/td>\n<td valign=\"center\" width=\"161\">L x B x H<\/td>\n<td valign=\"center\" width=\"281\">8214x2496x3386<\/td>\n<\/tr>\n<tr>\n<td valign=\"center\" width=\"161\">Radstand (mm)<\/td>\n<td valign=\"center\" width=\"281\">3625+1350<\/td>\n<\/tr>\n<tr>\n<td valign=\"center\" width=\"161\">\u00dcberhang vorne\/hinten (mm)<\/td>\n<td valign=\"center\" width=\"281\">1500\/1739<\/td>\n<\/tr>\n<tr>\n<td valign=\"center\" width=\"161\">Anflug\/Abflug(\u00b0)<\/td>\n<td valign=\"center\" width=\"281\">19\/26<\/td>\n<\/tr>\n<tr>\n<td rowspan=\"2\" valign=\"center\" width=\"114\">Gewicht<\/td>\n<td valign=\"center\" width=\"161\">Leermasse (kg)<\/td>\n<td valign=\"center\" width=\"281\">12290 kg<\/td>\n<\/tr>\n<tr>\n<td valign=\"center\" width=\"161\">Gesamtmasse (kg)<\/td>\n<td valign=\"center\" width=\"281\">25000 kg<\/td>\n<\/tr>\n<tr>\n<td rowspan=\"5\" valign=\"center\" width=\"114\">Motor<\/td>\n<td valign=\"center\" width=\"161\">Marke<\/td>\n<td valign=\"center\" width=\"281\">SINOTRUK<\/td>\n<\/tr>\n<tr>\n<td valign=\"center\" width=\"161\">Modell<\/td>\n<td valign=\"center\" width=\"281\">WD615.47<\/td>\n<\/tr>\n<tr>\n<td valign=\"center\" width=\"161\">Leistung (kW\/PS)<\/td>\n<td valign=\"center\" width=\"281\">273\/371<\/td>\n<\/tr>\n<tr>\n<td valign=\"center\" width=\"161\">Verschiebung (L)<\/td>\n<td valign=\"center\" width=\"281\">9.726<\/td>\n<\/tr>\n<tr>\n<td valign=\"center\" width=\"161\">Emissionsstandard<\/td>\n<td valign=\"center\" width=\"281\">Euro II<\/td>\n<\/tr>\n<tr>\n<td rowspan=\"4\" valign=\"center\" width=\"114\">\u00dcbertragung<\/td>\n<td valign=\"center\" width=\"161\">Marke<\/td>\n<td valign=\"center\" width=\"281\">SINOTRUK<\/td>\n<\/tr>\n<tr>\n<td valign=\"center\" width=\"161\">Modell<\/td>\n<td valign=\"center\" width=\"281\">HW19710<\/td>\n<\/tr>\n<tr>\n<td valign=\"center\" width=\"161\">Kontrolltyp<\/td>\n<td valign=\"center\" width=\"281\">Handbuch<\/td>\n<\/tr>\n<tr>\n<td valign=\"center\" width=\"161\">Gangschaltung<\/td>\n<td valign=\"center\" width=\"281\">10 Vorw\u00e4rts- und 2 Reserveg\u00e4nge<\/td>\n<\/tr>\n<tr>\n<td valign=\"center\" width=\"114\">Kupplung<\/td>\n<td valign=\"center\" width=\"161\">Durchmesser (mm)<\/td>\n<td valign=\"center\" width=\"281\">430<\/td>\n<\/tr>\n<tr>\n<td valign=\"center\" width=\"114\">Lenkung<\/td>\n<td colspan=\"2\" valign=\"center\" width=\"441\">ZF8118<\/td>\n<\/tr>\n<tr>\n<td rowspan=\"3\" valign=\"center\" width=\"114\">Achsen<\/td>\n<td valign=\"center\" width=\"161\">Marke<\/td>\n<td valign=\"center\" width=\"281\">SINOTRUK<\/td>\n<\/tr>\n<tr>\n<td valign=\"center\" width=\"161\">Vorderachse<\/td>\n<td valign=\"center\" width=\"281\">HF9<\/td>\n<\/tr>\n<tr>\n<td valign=\"center\" width=\"161\">Hinterachse<\/td>\n<td valign=\"center\" width=\"281\">HC16<\/td>\n<\/tr>\n<tr>\n<td colspan=\"2\" valign=\"center\" width=\"275\">Blattfeder vorne\/hinten<\/td>\n<td valign=\"center\" width=\"281\">10\/12<\/td>\n<\/tr>\n<tr>\n<td valign=\"center\" width=\"114\">Reifen<\/td>\n<td valign=\"center\" width=\"161\">Typ (Standard)<\/td>\n<td valign=\"center\" width=\"281\">12.00R20<\/td>\n<\/tr>\n<tr>\n<td rowspan=\"3\" valign=\"center\" width=\"114\">Dump-K\u00f6rper<\/td>\n<td valign=\"center\" width=\"161\">Frachtabmessung (mm)<\/td>\n<td valign=\"center\" width=\"281\">5600x2300x1500<\/td>\n<\/tr>\n<tr>\n<td valign=\"center\" width=\"161\">Dicke der Stahlplatte<\/td>\n<td valign=\"center\" width=\"281\">Etage 12, Seite 8 f\u00fcr den Bergbau<\/td>\n<\/tr>\n<tr>\n<td valign=\"center\" width=\"161\">Hebetyp<\/td>\n<td valign=\"center\" width=\"281\">Frontlift-Stil<\/td>\n<\/tr>\n<tr>\n<td valign=\"center\" width=\"114\">Klimaanlage<\/td>\n<td colspan=\"2\" valign=\"center\" width=\"441\">Ja<\/td>\n<\/tr>\n<tr>\n<td valign=\"center\" width=\"114\">Treibstofftank<\/td>\n<td colspan=\"2\" valign=\"center\" width=\"441\">300L<\/td>\n<\/tr>\n<tr>\n<td valign=\"center\" width=\"114\">Farbe<\/td>\n<td colspan=\"2\" valign=\"center\" width=\"441\">Wie Sie m\u00f6chten<\/td>\n<\/tr>\n<\/tbody>\n<\/table>","protected":false},"excerpt":{"rendered":"<p>Engineering Vehicle Sinotruk HOWO 6&#215;4 Mining Dump Truck\u00a0 Our advantages: We have been dealing with truck for more than 12 years. Please be assure that we can provide you qualified trucks with good price and we have our own spare parts department to service you after sale. Product description: Model ZZ3257N3647B Drive\u00a0type 6&#215;4 Cab Type [&hellip;]<\/p>","protected":false},"featured_media":2368,"template":"","meta":{"site-sidebar-layout":"default","site-content-layout":"default","ast-site-content-layout":"default","site-content-style":"default","site-sidebar-style":"default","ast-global-header-display":"","ast-banner-title-visibility":"","ast-main-header-display":"","ast-hfb-above-header-display":"","ast-hfb-below-header-display":"","ast-hfb-mobile-header-display":"","site-post-title":"","ast-breadcrumbs-content":"","ast-featured-img":"","footer-sml-layout":"","ast-disable-related-posts":"","theme-transparent-header-meta":"default","adv-header-id-meta":"","stick-header-meta":"","header-above-stick-meta":"","header-main-stick-meta":"","header-below-stick-meta":"","astra-migrate-meta-layouts":"default","ast-page-background-enabled":"default","ast-page-background-meta":{"desktop":{"background-color":"","background-image":"","background-repeat":"repeat","background-position":"center center","background-size":"auto","background-attachment":"scroll","background-type":"","background-media":"","overlay-type":"","overlay-color":"","overlay-opacity":"","overlay-gradient":""},"tablet":{"background-color":"","background-image":"","background-repeat":"repeat","background-position":"center center","background-size":"auto","background-attachment":"scroll","background-type":"","background-media":"","overlay-type":"","overlay-color":"","overlay-opacity":"","overlay-gradient":""},"mobile":{"background-color":"","background-image":"","background-repeat":"repeat","background-position":"center center","background-size":"auto","background-attachment":"scroll","background-type":"","background-media":"","overlay-type":"","overlay-color":"","overlay-opacity":"","overlay-gradient":""}},"ast-content-background-meta":{"desktop":{"background-color":"var(--ast-global-color-5)","background-image":"","background-repeat":"repeat","background-position":"center center","background-size":"auto","background-attachment":"scroll","background-type":"","background-media":"","overlay-type":"","overlay-color":"","overlay-opacity":"","overlay-gradient":""},"tablet":{"background-color":"var(--ast-global-color-5)","background-image":"","background-repeat":"repeat","background-position":"center center","background-size":"auto","background-attachment":"scroll","background-type":"","background-media":"","overlay-type":"","overlay-color":"","overlay-opacity":"","overlay-gradient":""},"mobile":{"background-color":"var(--ast-global-color-5)","background-image":"","background-repeat":"repeat","background-position":"center center","background-size":"auto","background-attachment":"scroll","background-type":"","background-media":"","overlay-type":"","overlay-color":"","overlay-opacity":"","overlay-gradient":""}}},"product_brand":[],"product_cat":[23],"product_tag":[],"class_list":{"0":"post-2367","1":"product","2":"type-product","3":"status-publish","4":"has-post-thumbnail","6":"product_cat-dump-truck","7":"desktop-align-left","8":"tablet-align-left","9":"mobile-align-left","11":"first","12":"instock","13":"shipping-taxable","14":"product-type-simple"},"_links":{"self":[{"href":"https:\/\/satisfybot.com\/de\/wp-json\/wp\/v2\/product\/2367","targetHints":{"allow":["GET"]}}],"collection":[{"href":"https:\/\/satisfybot.com\/de\/wp-json\/wp\/v2\/product"}],"about":[{"href":"https:\/\/satisfybot.com\/de\/wp-json\/wp\/v2\/types\/product"}],"version-history":[{"count":0,"href":"https:\/\/satisfybot.com\/de\/wp-json\/wp\/v2\/product\/2367\/revisions"}],"wp:featuredmedia":[{"embeddable":true,"href":"https:\/\/satisfybot.com\/de\/wp-json\/wp\/v2\/media\/2368"}],"wp:attachment":[{"href":"https:\/\/satisfybot.com\/de\/wp-json\/wp\/v2\/media?parent=2367"}],"wp:term":[{"taxonomy":"product_brand","embeddable":true,"href":"https:\/\/satisfybot.com\/de\/wp-json\/wp\/v2\/product_brand?post=2367"},{"taxonomy":"product_cat","embeddable":true,"href":"https:\/\/satisfybot.com\/de\/wp-json\/wp\/v2\/product_cat?post=2367"},{"taxonomy":"product_tag","embeddable":true,"href":"https:\/\/satisfybot.com\/de\/wp-json\/wp\/v2\/product_tag?post=2367"}],"curies":[{"name":"wp","href":"https:\/\/api.w.org\/{rel}","templated":true}]}}