{"id":2393,"date":"2023-07-01T05:53:23","date_gmt":"2023-07-01T05:53:23","guid":{"rendered":"https:\/\/satisfybot.com\/?post_type=product&#038;p=2393"},"modified":"2023-07-01T05:53:24","modified_gmt":"2023-07-01T05:53:24","slug":"shaanxi-shacman-steyr-olong-6x4-dump-truck","status":"publish","type":"product","link":"https:\/\/satisfybot.com\/de\/produkt\/shaanxi-shacman-steyr-olong-6x4-dump-truck\/","title":{"rendered":"SHAANXI SHACMAN Steyr Olong 6\u00d74 Muldenkipper"},"content":{"rendered":"<p>SHAANXI SHACMAN Steyr Olong 6\u00d74 Muldenkipper<\/p>\n<p>\u2013LKW-Aufbau von 15 cbm bis 20 cbm, Schwerlast-Muldenkipper f\u00fcr den Transport von Erzsand, Klinker und Kies<\/p>\n<p>\u2013Optionen f\u00fcr Reifen: 12.00R20 Radialreifen, 12R22.5 und 315\/80R22.5 Tubeless-Reifen.<\/p>\n<p>\u2013Standardfarbe: Wei\u00df, Rot, Gelb (Andere Farben sind optional)<\/p>\n<p>&nbsp;<\/p>\n<p>Antriebsart: 6\u00d74<\/p>\n<p>Antriebssystem: LHD (RHD ist optional)<\/p>\n<p>Kabine: STEYR-Flachkabine, Klimaanlage<\/p>\n<p>Motormarke:WEICHAI<\/p>\n<p>Modell: WP10.340E32 EuroII Nennleistung: 340 PS (290 PS, 380 PS optional)<\/p>\n<p>Hubraum: 9.726 Liter<\/p>\n<p>Getriebe: FAST 9 G\u00e4nge (9JS119)<\/p>\n<p>Kupplung: Membrantyp \u0424430<\/p>\n<p>Lenkung: ZF-Technologie<\/p>\n<p>Achse: Vordere 6,5-Tonnen-STEYR-Achse; Hintere 16-Tonnen-STR-Doppeluntersetzungsachse, \u00dcbersetzung: 5,73<\/p>\n<p>Max. Laufgeschwindigkeit (km\/h): 77<\/p>\n<p>Rahmen: Doppelrahmen f\u00fcr schwere Beanspruchung<\/p>\n<p>Reifen: 12.00R20, 12R22.5 (10+1)<\/p>\n<p>Kraftstofftank: 400L (Aluminium)<\/p>\n<p>Leergewicht (kg): 11200<\/p>\n<p>Nutzlast (kg): 25000<\/p>\n<p>Radstand (mm): 3800+1350<\/p>\n<p>Abmessungen (L*B*H) (mm): 8229 x 2500 x 3450<\/p>\n<p>&nbsp;<\/p>\n<p>M\u00fcllkippe(<\/p>\n<p>5400 x 2300 x 1500 mm (18,6 cbm), Stahldicke (mm): Boden 8, Seite 6. K\u00f6rperdicke und Kapazit\u00e4t k\u00f6nnen je nach geladener Ware ge\u00e4ndert werden. Au\u00dferdem verf\u00fcgen sie \u00fcber eine U-f\u00f6rmige Kippmulde<\/p>\n<p>Hydraulisches Hebesystem: Mittleres F\/T-Heben<\/p>","protected":false},"excerpt":{"rendered":"<p>SHAANXI SHACMAN Steyr Olong 6&#215;4 Dump Truck &#8211;Truck body from 15cbm~20cbm, heavy duty type dump body, for ore sand, clinkers, gravels transportation &#8211;Options for tires: 12.00R20 radial tire, 12R22.5 and 315\/80R22.5 tubeless tire. &#8211;Standard color: White, Red, Yellow (Other color is optional) &nbsp; Traction type: 6&#215;4 Drive System: LHD(RHD is optional) Cabin:STEYR Flat Cabin, Air [&hellip;]<\/p>","protected":false},"featured_media":2396,"template":"","meta":{"site-sidebar-layout":"default","site-content-layout":"default","ast-site-content-layout":"default","site-content-style":"default","site-sidebar-style":"default","ast-global-header-display":"","ast-banner-title-visibility":"","ast-main-header-display":"","ast-hfb-above-header-display":"","ast-hfb-below-header-display":"","ast-hfb-mobile-header-display":"","site-post-title":"","ast-breadcrumbs-content":"","ast-featured-img":"","footer-sml-layout":"","ast-disable-related-posts":"","theme-transparent-header-meta":"default","adv-header-id-meta":"","stick-header-meta":"","header-above-stick-meta":"","header-main-stick-meta":"","header-below-stick-meta":"","astra-migrate-meta-layouts":"default","ast-page-background-enabled":"default","ast-page-background-meta":{"desktop":{"background-color":"","background-image":"","background-repeat":"repeat","background-position":"center center","background-size":"auto","background-attachment":"scroll","background-type":"","background-media":"","overlay-type":"","overlay-color":"","overlay-opacity":"","overlay-gradient":""},"tablet":{"background-color":"","background-image":"","background-repeat":"repeat","background-position":"center center","background-size":"auto","background-attachment":"scroll","background-type":"","background-media":"","overlay-type":"","overlay-color":"","overlay-opacity":"","overlay-gradient":""},"mobile":{"background-color":"","background-image":"","background-repeat":"repeat","background-position":"center center","background-size":"auto","background-attachment":"scroll","background-type":"","background-media":"","overlay-type":"","overlay-color":"","overlay-opacity":"","overlay-gradient":""}},"ast-content-background-meta":{"desktop":{"background-color":"var(--ast-global-color-5)","background-image":"","background-repeat":"repeat","background-position":"center center","background-size":"auto","background-attachment":"scroll","background-type":"","background-media":"","overlay-type":"","overlay-color":"","overlay-opacity":"","overlay-gradient":""},"tablet":{"background-color":"var(--ast-global-color-5)","background-image":"","background-repeat":"repeat","background-position":"center center","background-size":"auto","background-attachment":"scroll","background-type":"","background-media":"","overlay-type":"","overlay-color":"","overlay-opacity":"","overlay-gradient":""},"mobile":{"background-color":"var(--ast-global-color-5)","background-image":"","background-repeat":"repeat","background-position":"center center","background-size":"auto","background-attachment":"scroll","background-type":"","background-media":"","overlay-type":"","overlay-color":"","overlay-opacity":"","overlay-gradient":""}}},"product_brand":[],"product_cat":[23],"product_tag":[],"class_list":{"0":"post-2393","1":"product","2":"type-product","3":"status-publish","4":"has-post-thumbnail","6":"product_cat-dump-truck","7":"desktop-align-left","8":"tablet-align-left","9":"mobile-align-left","11":"first","12":"instock","13":"shipping-taxable","14":"product-type-simple"},"_links":{"self":[{"href":"https:\/\/satisfybot.com\/de\/wp-json\/wp\/v2\/product\/2393","targetHints":{"allow":["GET"]}}],"collection":[{"href":"https:\/\/satisfybot.com\/de\/wp-json\/wp\/v2\/product"}],"about":[{"href":"https:\/\/satisfybot.com\/de\/wp-json\/wp\/v2\/types\/product"}],"version-history":[{"count":0,"href":"https:\/\/satisfybot.com\/de\/wp-json\/wp\/v2\/product\/2393\/revisions"}],"wp:featuredmedia":[{"embeddable":true,"href":"https:\/\/satisfybot.com\/de\/wp-json\/wp\/v2\/media\/2396"}],"wp:attachment":[{"href":"https:\/\/satisfybot.com\/de\/wp-json\/wp\/v2\/media?parent=2393"}],"wp:term":[{"taxonomy":"product_brand","embeddable":true,"href":"https:\/\/satisfybot.com\/de\/wp-json\/wp\/v2\/product_brand?post=2393"},{"taxonomy":"product_cat","embeddable":true,"href":"https:\/\/satisfybot.com\/de\/wp-json\/wp\/v2\/product_cat?post=2393"},{"taxonomy":"product_tag","embeddable":true,"href":"https:\/\/satisfybot.com\/de\/wp-json\/wp\/v2\/product_tag?post=2393"}],"curies":[{"name":"wp","href":"https:\/\/api.w.org\/{rel}","templated":true}]}}