{"id":2789,"date":"2023-08-24T03:19:46","date_gmt":"2023-08-24T03:19:46","guid":{"rendered":"https:\/\/satisfybot.com\/?post_type=product&#038;p=2789"},"modified":"2023-08-24T05:19:30","modified_gmt":"2023-08-24T05:19:30","slug":"used-doosan-mini-excavator-compact-excavator-small-excavator-dx55-dh55-dh55-9c-used-doosan-mini-excavator","status":"publish","type":"product","link":"https:\/\/satisfybot.com\/de\/produkt\/used-doosan-mini-excavator-compact-excavator-small-excavator-dx55-dh55-dh55-9c-used-doosan-mini-excavator\/","title":{"rendered":"Gebrauchter Doosan Minibagger Kompaktbagger Kleinbagger DX55 DX55W DH55 DH55W DH55-9C Gebrauchter Doosan Minibagger"},"content":{"rendered":"<p><img fetchpriority=\"high\" decoding=\"async\" class=\"aligncenter size-large wp-image-2790\" src=\"https:\/\/satisfybot.com\/wp-content\/uploads\/2023\/08\/doosan-dx55-9C-1024x768.jpg\" alt=\"\" width=\"1024\" height=\"768\" srcset=\"https:\/\/satisfybot.com\/wp-content\/uploads\/2023\/08\/doosan-dx55-9C-1024x768.jpg 1024w, https:\/\/satisfybot.com\/wp-content\/uploads\/2023\/08\/doosan-dx55-9C-300x225.jpg 300w, https:\/\/satisfybot.com\/wp-content\/uploads\/2023\/08\/doosan-dx55-9C-768x576.jpg 768w, https:\/\/satisfybot.com\/wp-content\/uploads\/2023\/08\/doosan-dx55-9C-16x12.jpg 16w, https:\/\/satisfybot.com\/wp-content\/uploads\/2023\/08\/doosan-dx55-9C-600x450.jpg 600w, https:\/\/satisfybot.com\/wp-content\/uploads\/2023\/08\/doosan-dx55-9C.jpg 1440w\" sizes=\"(max-width: 1024px) 100vw, 1024px\" \/> <img decoding=\"async\" class=\"aligncenter size-large wp-image-2780\" src=\"https:\/\/satisfybot.com\/wp-content\/uploads\/2023\/08\/\u5fae\u4fe1\u56fe\u7247_20230308104411-1024x768.jpg\" alt=\"\" width=\"1024\" height=\"768\" srcset=\"https:\/\/satisfybot.com\/wp-content\/uploads\/2023\/08\/\u5fae\u4fe1\u56fe\u7247_20230308104411-1024x768.jpg 1024w, https:\/\/satisfybot.com\/wp-content\/uploads\/2023\/08\/\u5fae\u4fe1\u56fe\u7247_20230308104411-300x225.jpg 300w, https:\/\/satisfybot.com\/wp-content\/uploads\/2023\/08\/\u5fae\u4fe1\u56fe\u7247_20230308104411-768x576.jpg 768w, https:\/\/satisfybot.com\/wp-content\/uploads\/2023\/08\/\u5fae\u4fe1\u56fe\u7247_20230308104411-1536x1152.jpg 1536w, https:\/\/satisfybot.com\/wp-content\/uploads\/2023\/08\/\u5fae\u4fe1\u56fe\u7247_20230308104411-16x12.jpg 16w, https:\/\/satisfybot.com\/wp-content\/uploads\/2023\/08\/\u5fae\u4fe1\u56fe\u7247_20230308104411-600x450.jpg 600w, https:\/\/satisfybot.com\/wp-content\/uploads\/2023\/08\/\u5fae\u4fe1\u56fe\u7247_20230308104411.jpg 1920w\" sizes=\"(max-width: 1024px) 100vw, 1024px\" \/><\/p>\n<p>&nbsp;<\/p>\n<p>Gebrauchter Doosan Minibagger Kompaktbagger Kleinbagger DX55 DH55 DH55V DH55-9C Gebrauchter Doosan Minibagger<\/p>\n<h3 id=\"techSpecs\">Spezifikation f\u00fcr DX55<\/h3>\n<div class=\"container-tech-specs\">\n<ul class=\"tech-data-list\">\n<li><span class=\"tech-data-name\">Gewicht: <\/span><span class=\"tech-data-value\">5,5 t<\/span><\/li>\n<li><span class=\"tech-data-name\">Transportl\u00e4nge: <\/span><span class=\"tech-data-value\">5,85 m<\/span><\/li>\n<li><span class=\"tech-data-name\">Transportbreite: <\/span><span class=\"tech-data-value\">1,88 m<\/span><\/li>\n<li><span class=\"tech-data-name\">Transporth\u00f6he: <\/span><span class=\"tech-data-value\">2,56 m<\/span><\/li>\n<li><span class=\"tech-data-name\">Schaufelinhalt min.: <\/span><span class=\"tech-data-value\">0,18 m\u00b3<\/span><\/li>\n<li><span class=\"tech-data-name\">Spurbreite: <\/span><span class=\"tech-data-value\">400 mm<\/span><\/li>\n<li><span class=\"tech-data-name\">Fahrerschutz: <\/span><span class=\"tech-data-value\">Kb<\/span><\/li>\n<li><span class=\"tech-data-name\">Max. Horizontale Reichweite: <\/span><span class=\"tech-data-value\">6,15 m<\/span><\/li>\n<li><span class=\"tech-data-name\">Baggertiefe: <\/span><span class=\"tech-data-value\">3,78 m<\/span><\/li>\n<li><span class=\"tech-data-name\">Motorhersteller: <\/span><span class=\"tech-data-value\">Yanmar<\/span><\/li>\n<li><span class=\"tech-data-name\">Motortyp: <\/span><span class=\"tech-data-value\">4TNV98Z<\/span><\/li>\n<li><span class=\"tech-data-name\">Motorleistung:<\/span><span class=\"tech-data-value\">41,5 kW<\/span><\/li>\n<li><span class=\"tech-data-name\">Verschiebung: <\/span><span class=\"tech-data-value\">3,32 l<\/span><\/li>\n<li><span class=\"tech-data-name\">Umdrehungen bei maximalem Drehmoment: <\/span><span class=\"tech-data-value\">2000 U\/min<\/span><\/li>\n<\/ul>\n<h3 id=\"techSpecs\">Spezifikation f\u00fcr DH55<\/h3>\n<div class=\"block with-analytic collapsible-block collapsed\" data-id=\"description\">\n<p><strong class=\"title\">Beschreibung<\/strong><\/p>\n<div class=\"item\"><span class=\"field\">Grabtiefe\u00a0<\/span><span class=\"value\">3,89 m<\/span><\/div>\n<div class=\"item\"><span class=\"field\">Grabradius\u00a0<\/span><span class=\"value\">6,1 m<\/span><\/div>\n<div class=\"item\"><span class=\"field\">Aussch\u00fctth\u00f6he\u00a0<\/span><span class=\"value\">3,63 m<\/span><\/div>\n<div class=\"item\"><span class=\"field\">Gesamtabmessungen\u00a0<\/span><span class=\"value\">5,9 m \u00d7 1,88 m \u00d7 2,55 m<\/span><\/div>\n<div class=\"item\"><span class=\"field\">Eimervolumen\u00a0<\/span><span class=\"value\">0,175 m\u00b3<\/span><\/div>\n<div class=\"item\"><span class=\"field\">Treibstofftank\u00a0<\/span><span class=\"value\">115 l<\/span><\/div>\n<\/div>\n<div class=\"block with-analytic collapsible-block collapsed\" data-id=\"engine\">\n<p><strong class=\"title\">Motor<\/strong><\/p>\n<div class=\"item\"><span class=\"field\">Marke\u00a0<\/span><span class=\"value\">Isuzu 4JB1<\/span><\/div>\n<div class=\"item\"><span class=\"field\">Leistung\u00a0<\/span><span class=\"value\">40,5 kW (55,1 PS)<\/span><\/div>\n<div class=\"item\"><span class=\"field\">Kraftstoff\u00a0<\/span><span class=\"value\">Diesel<\/span><\/div>\n<div class=\"item\"><span class=\"field\">Anzahl der Zylinder\u00a0<\/span><span class=\"value\">6<\/span><\/div>\n<div class=\"item\"><\/div>\n<div>\n<div class=\"sf-descr\">\n<div class=\"sf-data sf-data-misc\">\n<div class=\"sf-section\">\n<div class=\"col col-1\">\n<div class=\"block with-analytic collapsible-block collapsed\" data-id=\"gearbox\">\n<p><strong class=\"title\">Getriebe<\/strong><\/p>\n<div class=\"item\"><span class=\"field\">Typ\u00a0<\/span><span class=\"value\">Handbuch<\/span><\/div>\n<\/div>\n<div class=\"block with-analytic collapsible-block collapsed\" data-id=\"axles\">\n<p><strong class=\"title\">Achsen<\/strong><\/p>\n<div class=\"item\"><span class=\"field\">Spurbreite\u00a0<\/span><span class=\"value\">400 mm<\/span><\/div>\n<div class=\"item\"><span class=\"field\">Reifenzustand\u00a0<\/span><span class=\"value\">90 %<\/span><\/div>\n<\/div>\n<div class=\"block with-analytic collapsible-block collapsed\" data-id=\"cabine\">\n<p><strong class=\"title\">Kabine<\/strong><\/p>\n<div class=\"item\"><span class=\"field\">Klimaanlage\u00a0<\/span><\/div>\n<div class=\"item\"><span class=\"field\">Zusatzlampen\u00a0<\/span><\/div>\n<div class=\"item\"><span class=\"field\">Nebellichter\u00a0<\/span><\/div>\n<\/div>\n<\/div>\n<div class=\"col col-2\">\n<div class=\"additional-service-links-list\">\n<div class=\"additional-service-link js-hrf analytics_goal_click\" data-hrf-target=\"_blank\" data-analytics-goal=\"button_additional_service\" data-analytics-goal-action=\"delivery_click\" data-hrf=\"https:\/\/machineryline.info\/delivery\/request\/?code=21110312072198049600\">\n<div class=\"service-title\">Ben\u00f6tigen Sie eine Lieferung?<\/div>\n<div class=\"service-icon delivery-service-icon\"><img decoding=\"async\" src=\"https:\/\/machineryline.info\/img\/cats\/icons\/85-svg-deep.svg?v9\" alt=\"\" \/><\/div>\n<div class=\"service-description\">Berechnen Sie die Versandkosten<\/div>\n<\/div>\n<\/div>\n<div class=\"block with-analytic collapsible-block collapsed\" data-id=\"add-equip\">\n<p><strong class=\"title\">Zus\u00e4tzliche Ausr\u00fcstung<\/strong><\/p>\n<div class=\"item\"><span class=\"field\">Eimer\u00a0<\/span><\/div>\n<\/div>\n<div class=\"block with-analytic collapsible-block collapsed\" data-id=\"condition\">\n<p><strong class=\"title\">Zustand<\/strong><\/p>\n<div class=\"item\"><span class=\"field\">Zustand\u00a0<\/span><span class=\"value\">gebraucht<\/span><\/div>\n<div class=\"item\"><span class=\"field\">Originalgem\u00e4lde\u00a0<\/span><\/div>\n<\/div>\n<\/div>\n<\/div>\n<\/div>\n<\/div>\n<\/div>\n<\/div>\n<\/div>\n<div><\/div>\n<div>\n<div style=\"width: 960px;\" class=\"wp-video\"><video class=\"wp-video-shortcode\" id=\"video-2789-2\" width=\"960\" height=\"544\" preload=\"metadata\" controls=\"controls\"><source type=\"video\/mp4\" src=\"https:\/\/satisfybot.com\/wp-content\/uploads\/2023\/08\/\u6597\u5c7155\u89c6\u98912.mp4?_=2\" \/><a href=\"https:\/\/satisfybot.com\/wp-content\/uploads\/2023\/08\/\u6597\u5c7155\u89c6\u98912.mp4\">https:\/\/satisfybot.com\/wp-content\/uploads\/2023\/08\/\u6597\u5c7155\u89c6\u98912.mp4<\/a><\/video><\/div>\n<div style=\"width: 1280px;\" class=\"wp-video\"><video class=\"wp-video-shortcode\" id=\"video-2789-3\" width=\"1280\" height=\"720\" preload=\"metadata\" controls=\"controls\"><source type=\"video\/mp4\" src=\"https:\/\/satisfybot.com\/wp-content\/uploads\/2023\/08\/\u6597\u5c7155\u89c6\u98913.mp4?_=3\" \/><a href=\"https:\/\/satisfybot.com\/wp-content\/uploads\/2023\/08\/\u6597\u5c7155\u89c6\u98913.mp4\">https:\/\/satisfybot.com\/wp-content\/uploads\/2023\/08\/\u6597\u5c7155\u89c6\u98913.mp4<\/a><\/video><\/div>\n<\/div>\n<div><\/div>\n<div class=\"container-tech-specs\">\n<p><span style=\"font-size: 16px;\">Wenn Sie an diesen Artikeln interessiert sind, chatten Sie bitte sofort mit mir.<\/span><\/p>\n<p>1. Die Produktion: guter Zustand, betriebsbereit<br \/>\nKein \u00d6laustritt und starke Rauchentwicklung<br \/>\nIn Shanghai, China.<\/p>\n<p>2.Service: Abholung vom Flughafen<br \/>\nBuchen Sie ein Hotel f\u00fcr Sie<br \/>\nWir f\u00fchren Sie durch Shanghai und hoffen, dass Sie in China Spa\u00df haben werden.<\/p>\n<p>3. Zahlung: Der Preis kann ausgehandelt werden.<br \/>\nLieferbedingungen: CIP, FOB, CFR, CIF, EXW<br \/>\nZahlungsmethode: T\/T Bank\u00fcberweisung, L\/C, Western Union. (30% Anzahlung, 70% Restbetrag)<\/p>\n<p>4. Versand: Die Versandart ist verf\u00fcgbar: Container, Flat Rack, Massengut und RO RO-Schiff.<br \/>\n* Container: Der g\u00fcnstigste und schnellste Weg; die Maschine muss in den Container gestellt und zerlegt werden.<br \/>\n* Flaches Rack: Wird h\u00e4ufig zum Transport von Zweiradladern verwendet, die maximale Tragf\u00e4higkeit betr\u00e4gt 35 Tonnen.<br \/>\n* Massengut: Dies ist besser f\u00fcr gr\u00f6\u00dfere Baumaschinen und erfordert keine Demontage.<br \/>\n* RO RO-Schiff: Die Maschine wird direkt in das Schiff gefahren und muss nicht demontiert werden.<\/p>\n<p>Nach Best\u00e4tigung der Bestellung kann diese innerhalb von 20 Werktagen versendet werden.<\/p>\n<p>Unser Unternehmen verf\u00fcgt \u00fcber langj\u00e4hrige Erfahrung im Export von Baumaschinen, wir haben gute Gesch\u00e4ftsbeziehungen mit Afrika aufgebaut; Lateinamerika; Europa; Amerika; Asien, wie Ostasien, S\u00fcdasien, S\u00fcdostasien, Zentralasien, Westasien und andere L\u00e4nder.<br \/>\nWir liefern gebrauchte Bagger, gebrauchte Lader, gebrauchte Bulldozer, gebrauchte Grader, gebrauchte Stra\u00dfenwalzen, gebrauchte Baggerlader, gebrauchte Muldenkipper, gebrauchte Kr\u00e4ne, gebrauchte Gabelstapler und andere Maschinen.<br \/>\nEs stehen viele bekannte Marken zur Auswahl, wie Caterpillar, Komatsu, Hitachi, Kobelco, Kubota, Hino, Isuzu, Mitsubishi, Doosan, Hyundai, Volvo, Dynapac, Bomag, Engersoll-Rand, Shantui, XCMG, SDLG, Liugong, Sinotruck, HOWO, SANY, Kawasaki, JCB, Case, Sunward, Yammar, Sumitomo, Kato, Tadano, Bob Cat, Toyota Coaster usw.<br \/>\nHerzlich willkommen noch mehr Freunde in China und besuchen Sie unser Unternehmen. Wir liefern Ihnen die besten Maschinen und Preise und hoffen auch, Ihr bester Partner f\u00fcr die zuk\u00fcnftige Zusammenarbeit zu sein.<\/p>\n<\/div>","protected":false},"excerpt":{"rendered":"<div style=\"width: 720px;\" class=\"wp-video\"><!--[if lt IE 9]><script>document.createElement('video');<\/script><![endif]--><br \/>\n<video class=\"wp-video-shortcode\" id=\"video-2789-1\" width=\"720\" height=\"1280\" preload=\"metadata\" controls=\"controls\"><source type=\"video\/mp4\" src=\"https:\/\/satisfybot.com\/wp-content\/uploads\/2023\/08\/\u6597\u5c71DH55\u89c6\u9891.mp4?_=1\" \/><a href=\"https:\/\/satisfybot.com\/wp-content\/uploads\/2023\/08\/\u6597\u5c71DH55\u89c6\u9891.mp4\">https:\/\/satisfybot.com\/wp-content\/uploads\/2023\/08\/\u6597\u5c71DH55\u89c6\u9891.mp4<\/a><\/video><\/div>","protected":false},"featured_media":2780,"template":"","meta":{"site-sidebar-layout":"default","site-content-layout":"default","ast-site-content-layout":"default","site-content-style":"default","site-sidebar-style":"default","ast-global-header-display":"","ast-banner-title-visibility":"","ast-main-header-display":"","ast-hfb-above-header-display":"","ast-hfb-below-header-display":"","ast-hfb-mobile-header-display":"","site-post-title":"","ast-breadcrumbs-content":"","ast-featured-img":"","footer-sml-layout":"","ast-disable-related-posts":"","theme-transparent-header-meta":"default","adv-header-id-meta":"","stick-header-meta":"","header-above-stick-meta":"","header-main-stick-meta":"","header-below-stick-meta":"","astra-migrate-meta-layouts":"default","ast-page-background-enabled":"default","ast-page-background-meta":{"desktop":{"background-color":"","background-image":"","background-repeat":"repeat","background-position":"center center","background-size":"auto","background-attachment":"scroll","background-type":"","background-media":"","overlay-type":"","overlay-color":"","overlay-opacity":"","overlay-gradient":""},"tablet":{"background-color":"","background-image":"","background-repeat":"repeat","background-position":"center center","background-size":"auto","background-attachment":"scroll","background-type":"","background-media":"","overlay-type":"","overlay-color":"","overlay-opacity":"","overlay-gradient":""},"mobile":{"background-color":"","background-image":"","background-repeat":"repeat","background-position":"center center","background-size":"auto","background-attachment":"scroll","background-type":"","background-media":"","overlay-type":"","overlay-color":"","overlay-opacity":"","overlay-gradient":""}},"ast-content-background-meta":{"desktop":{"background-color":"var(--ast-global-color-5)","background-image":"","background-repeat":"repeat","background-position":"center center","background-size":"auto","background-attachment":"scroll","background-type":"","background-media":"","overlay-type":"","overlay-color":"","overlay-opacity":"","overlay-gradient":""},"tablet":{"background-color":"var(--ast-global-color-5)","background-image":"","background-repeat":"repeat","background-position":"center center","background-size":"auto","background-attachment":"scroll","background-type":"","background-media":"","overlay-type":"","overlay-color":"","overlay-opacity":"","overlay-gradient":""},"mobile":{"background-color":"var(--ast-global-color-5)","background-image":"","background-repeat":"repeat","background-position":"center center","background-size":"auto","background-attachment":"scroll","background-type":"","background-media":"","overlay-type":"","overlay-color":"","overlay-opacity":"","overlay-gradient":""}}},"product_brand":[],"product_cat":[28],"product_tag":[],"class_list":{"0":"post-2789","1":"product","2":"type-product","3":"status-publish","4":"has-post-thumbnail","6":"product_cat-excavator","7":"desktop-align-left","8":"tablet-align-left","9":"mobile-align-left","11":"first","12":"instock","13":"shipping-taxable","14":"product-type-simple"},"_links":{"self":[{"href":"https:\/\/satisfybot.com\/de\/wp-json\/wp\/v2\/product\/2789","targetHints":{"allow":["GET"]}}],"collection":[{"href":"https:\/\/satisfybot.com\/de\/wp-json\/wp\/v2\/product"}],"about":[{"href":"https:\/\/satisfybot.com\/de\/wp-json\/wp\/v2\/types\/product"}],"version-history":[{"count":0,"href":"https:\/\/satisfybot.com\/de\/wp-json\/wp\/v2\/product\/2789\/revisions"}],"wp:featuredmedia":[{"embeddable":true,"href":"https:\/\/satisfybot.com\/de\/wp-json\/wp\/v2\/media\/2780"}],"wp:attachment":[{"href":"https:\/\/satisfybot.com\/de\/wp-json\/wp\/v2\/media?parent=2789"}],"wp:term":[{"taxonomy":"product_brand","embeddable":true,"href":"https:\/\/satisfybot.com\/de\/wp-json\/wp\/v2\/product_brand?post=2789"},{"taxonomy":"product_cat","embeddable":true,"href":"https:\/\/satisfybot.com\/de\/wp-json\/wp\/v2\/product_cat?post=2789"},{"taxonomy":"product_tag","embeddable":true,"href":"https:\/\/satisfybot.com\/de\/wp-json\/wp\/v2\/product_tag?post=2789"}],"curies":[{"name":"wp","href":"https:\/\/api.w.org\/{rel}","templated":true}]}}