{"id":2839,"date":"2023-08-24T09:56:00","date_gmt":"2023-08-24T09:56:00","guid":{"rendered":"https:\/\/satisfybot.com\/?post_type=product&#038;p=2839"},"modified":"2023-08-25T01:48:17","modified_gmt":"2023-08-25T01:48:17","slug":"pc56-pc60-8-pc70-pc78us-series-used-komatsu-small-excavator-compact-excavator-mini-excavator","status":"publish","type":"product","link":"https:\/\/satisfybot.com\/de\/produkt\/pc56-pc60-8-pc70-pc78us-series-used-komatsu-small-excavator-compact-excavator-mini-excavator\/","title":{"rendered":"PC56 PC60-8 PC70 PC78US-Serie Gebrauchter Komatsu Kleinbagger Kompaktbagger Minibagger Mittelgro\u00dfer Bagger"},"content":{"rendered":"<div style=\"width: 720px;\" class=\"wp-video\"><!--[if lt IE 9]><script>document.createElement('video');<\/script><![endif]-->\n<video class=\"wp-video-shortcode\" id=\"video-2839-1\" width=\"720\" height=\"1280\" preload=\"metadata\" controls=\"controls\"><source type=\"video\/mp4\" src=\"https:\/\/satisfybot.com\/wp-content\/uploads\/2023\/08\/komastu-PC78US-\u96c6\u4f53\u505c\u653e\u89c6\u9891.mp4?_=1\" \/><a href=\"https:\/\/satisfybot.com\/wp-content\/uploads\/2023\/08\/komastu-PC78US-\u96c6\u4f53\u505c\u653e\u89c6\u9891.mp4\">https:\/\/satisfybot.com\/wp-content\/uploads\/2023\/08\/komastu-PC78US-\u96c6\u4f53\u505c\u653e\u89c6\u9891.mp4<\/a><\/video><\/div>\n<div style=\"width: 544px;\" class=\"wp-video\"><video class=\"wp-video-shortcode\" id=\"video-2839-2\" width=\"544\" height=\"960\" preload=\"metadata\" controls=\"controls\"><source type=\"video\/mp4\" src=\"https:\/\/satisfybot.com\/wp-content\/uploads\/2023\/08\/komastu-PC70-\u89c6\u9891.mp4?_=2\" \/><a href=\"https:\/\/satisfybot.com\/wp-content\/uploads\/2023\/08\/komastu-PC70-\u89c6\u9891.mp4\">https:\/\/satisfybot.com\/wp-content\/uploads\/2023\/08\/komastu-PC70-\u89c6\u9891.mp4<\/a><\/video><\/div>\n<div style=\"width: 720px;\" class=\"wp-video\"><video class=\"wp-video-shortcode\" id=\"video-2839-3\" width=\"720\" height=\"1280\" preload=\"metadata\" controls=\"controls\"><source type=\"video\/mp4\" src=\"https:\/\/satisfybot.com\/wp-content\/uploads\/2023\/08\/komastu-PC60-\u89c6\u9891.mp4?_=3\" \/><a href=\"https:\/\/satisfybot.com\/wp-content\/uploads\/2023\/08\/komastu-PC60-\u89c6\u9891.mp4\">https:\/\/satisfybot.com\/wp-content\/uploads\/2023\/08\/komastu-PC60-\u89c6\u9891.mp4<\/a><\/video><\/div>\n<div style=\"width: 960px;\" class=\"wp-video\"><video class=\"wp-video-shortcode\" id=\"video-2839-4\" width=\"960\" height=\"544\" preload=\"metadata\" controls=\"controls\"><source type=\"video\/mp4\" src=\"https:\/\/satisfybot.com\/wp-content\/uploads\/2023\/08\/komastu-PC56-\u89c6\u9891.mp4?_=4\" \/><a href=\"https:\/\/satisfybot.com\/wp-content\/uploads\/2023\/08\/komastu-PC56-\u89c6\u9891.mp4\">https:\/\/satisfybot.com\/wp-content\/uploads\/2023\/08\/komastu-PC56-\u89c6\u9891.mp4<\/a><\/video><\/div>\n<h3>Spezifikation Komatsu PC70-8<\/h3>\n<div class=\"container-tech-specs\">\n<ul class=\"tech-data-list\">\n<li><span class=\"tech-data-name\">Gewicht <\/span><span class=\"tech-data-value\">6,59 t<\/span><\/li>\n<li><span class=\"tech-data-name\">Transportl\u00e4nge <\/span><span class=\"tech-data-value\">6,08 m<\/span><\/li>\n<li><span class=\"tech-data-name\">Transportbreite <\/span><span class=\"tech-data-value\">2.225 m<\/span><\/li>\n<li><span class=\"tech-data-name\">Transporth\u00f6he <\/span><span class=\"tech-data-value\">2,5 m<\/span><\/li>\n<li><span class=\"tech-data-name\">Eimerinhalt min. <\/span><span class=\"tech-data-value\">0,3 m\u00b3<\/span><\/li>\n<li><span class=\"tech-data-name\">Eimerkapazit\u00e4t max. <\/span><span class=\"tech-data-value\">0,37 m\u00b3<\/span><\/li>\n<li><span class=\"tech-data-name\">Spurbreite <\/span><span class=\"tech-data-value\">450 mm<\/span><\/li>\n<li><span class=\"tech-data-name\">Max. Horizontal erreichen <\/span><span class=\"tech-data-value\">6,22 m<\/span><\/li>\n<li><span class=\"tech-data-name\">Baggertiefe <\/span><span class=\"tech-data-value\">4,1 m<\/span><\/li>\n<li><span class=\"tech-data-name\">Ausrei\u00dfkraft <\/span><span class=\"tech-data-value\">54,8 kN<\/span><\/li>\n<li><span class=\"tech-data-name\">Schaufelbreite <\/span><span class=\"tech-data-value\">0,655 m<\/span><\/li>\n<li><span class=\"tech-data-name\">Motorhersteller <\/span><span class=\"tech-data-value\">Komatsu<\/span><\/li>\n<li><span class=\"tech-data-name\">Motortyp <\/span><span class=\"tech-data-value\">SAA4D95LE-5<\/span><\/li>\n<li><span class=\"tech-data-name\">Motorleistung <\/span><span class=\"tech-data-value\">50,7 kW<\/span><\/li>\n<li><span class=\"tech-data-name\">Verschiebung <\/span><span class=\"tech-data-value\">3,26 l<\/span><\/li>\n<li><span class=\"tech-data-name\">Anzahl der Zylinder <\/span><span class=\"tech-data-value\">4<\/span><\/li>\n<li><span class=\"tech-data-name\">Zylinderbohrung x Hub <\/span><span class=\"tech-data-value\">95\u00d7115 mm<\/span><\/li>\n<li><span class=\"tech-data-name\">Emissionsgrad: <\/span><span class=\"tech-data-value\">Tier 3\/Stufe IIIA<\/span><\/li>\n<\/ul>\n<div class=\"ng-star-inserted\">\n<h2>&#8212;&#8212;&#8212;&#8212;&#8212;&#8212;&#8212;&#8212;&#8212;&#8212;&#8212;&#8212;&#8212;&#8212;&#8212;&#8212;&#8212;&#8212;&#8212;&#8212;&#8212;&#8212;&#8212;&#8212;&#8212;&#8212;&#8212;&#8212;&#8212;&#8212;<\/h2>\n<h2><img fetchpriority=\"high\" decoding=\"async\" class=\"aligncenter size-large wp-image-2860\" src=\"https:\/\/satisfybot.com\/wp-content\/uploads\/2023\/08\/komastu-PC55MR-3-\u4e09\u56fe-1024x746.png\" alt=\"\" width=\"1024\" height=\"746\" srcset=\"https:\/\/satisfybot.com\/wp-content\/uploads\/2023\/08\/komastu-PC55MR-3-\u4e09\u56fe-1024x746.png 1024w, https:\/\/satisfybot.com\/wp-content\/uploads\/2023\/08\/komastu-PC55MR-3-\u4e09\u56fe-300x218.png 300w, https:\/\/satisfybot.com\/wp-content\/uploads\/2023\/08\/komastu-PC55MR-3-\u4e09\u56fe-768x559.png 768w, https:\/\/satisfybot.com\/wp-content\/uploads\/2023\/08\/komastu-PC55MR-3-\u4e09\u56fe-16x12.png 16w, https:\/\/satisfybot.com\/wp-content\/uploads\/2023\/08\/komastu-PC55MR-3-\u4e09\u56fe-600x437.png 600w, https:\/\/satisfybot.com\/wp-content\/uploads\/2023\/08\/komastu-PC55MR-3-\u4e09\u56fe.png 1152w\" sizes=\"(max-width: 1024px) 100vw, 1024px\" \/><\/h2>\n<h2><\/h2>\n<h2>Abmessungen f\u00fcr Komastu PC55MR-3<\/h2>\n<div class=\"two-grid dimensions ng-star-inserted\">\n<div class=\"row\">\n<h3 class=\"col-md-12\">Ausleger-\/Stiel-Option (Hex) 1<\/h3>\n<\/div>\n<div class=\"ng-star-inserted\">\n<div class=\"row\">\n<div class=\"col-md-8\">\n<p><span class=\"label ng-star-inserted\">A<\/span><\/p>\n<h4>Versandl\u00e4nge der Einheit<\/h4>\n<\/div>\n<div class=\"col-md-4\">\n<div class=\"ng-star-inserted\">\n<p><span class=\"space\">18.21<\/span>ft in<\/p>\n<\/div>\n<\/div>\n<\/div>\n<\/div>\n<div class=\"ng-star-inserted\">\n<div class=\"row\">\n<div class=\"col-md-8\">\n<p><span class=\"label ng-star-inserted\">C<\/span><\/p>\n<h4>Versandh\u00f6he der Einheit<\/h4>\n<\/div>\n<div class=\"col-md-4\">\n<div class=\"ng-star-inserted\">\n<p><span class=\"space\">8.37<\/span>ft in<\/p>\n<\/div>\n<\/div>\n<\/div>\n<\/div>\n<div class=\"ng-star-inserted\">\n<div class=\"row\">\n<div class=\"col-md-8\">\n<p><span class=\"label ng-star-inserted\">ICH<\/span><\/p>\n<h4>Maximale Schnitth\u00f6he<\/h4>\n<\/div>\n<div class=\"col-md-4\">\n<div class=\"ng-star-inserted\">\n<p><span class=\"space\">19.51<\/span>ft in<\/p>\n<\/div>\n<\/div>\n<\/div>\n<\/div>\n<div class=\"ng-star-inserted\">\n<div class=\"row\">\n<div class=\"col-md-8\">\n<p><span class=\"label ng-star-inserted\">J<\/span><\/p>\n<h4>Maximale Ladeh\u00f6he<\/h4>\n<\/div>\n<div class=\"col-md-4\">\n<div class=\"ng-star-inserted\">\n<p><span class=\"space\">13.88<\/span>ft in<\/p>\n<\/div>\n<\/div>\n<\/div>\n<\/div>\n<div class=\"ng-star-inserted\">\n<div class=\"row\">\n<div class=\"col-md-8\">\n<p><span class=\"label ng-star-inserted\">K<\/span><\/p>\n<h4>Maximale Reichweite am Boden<\/h4>\n<\/div>\n<div class=\"col-md-4\">\n<div class=\"ng-star-inserted\">\n<p><span class=\"space\">19.92<\/span>ft in<\/p>\n<\/div>\n<\/div>\n<\/div>\n<\/div>\n<div class=\"ng-star-inserted\">\n<div class=\"row\">\n<div class=\"col-md-8\">\n<p><span class=\"label ng-star-inserted\">L<\/span><\/p>\n<h4>Maximale vertikale Grabtiefe f\u00fcr W\u00e4nde<\/h4>\n<\/div>\n<div class=\"col-md-4\">\n<div class=\"ng-star-inserted\">\n<p><span class=\"space\">9.91<\/span>ft in<\/p>\n<\/div>\n<\/div>\n<\/div>\n<\/div>\n<div class=\"ng-star-inserted\">\n<div class=\"row\">\n<div class=\"col-md-8\">\n<p><span class=\"label ng-star-inserted\">M<\/span><\/p>\n<h4>Maximale Grabtiefe<\/h4>\n<\/div>\n<div class=\"col-md-4\">\n<div class=\"ng-star-inserted\">\n<p><span class=\"space\">12.47<\/span>ft in<\/p>\n<\/div>\n<\/div>\n<\/div>\n<\/div>\n<div class=\"ng-star-inserted\">\n<div class=\"row\">\n<div class=\"col-md-8\">\n<h4>Ausleger-\/Stiel-Option (Hex) 1<\/h4>\n<\/div>\n<div class=\"col-md-4\">\n<div class=\"ng-star-inserted\">\n<p><span class=\"space\">Arm 1640 mm 5\\&#039;4\\\u201d<\/span><\/p>\n<\/div>\n<\/div>\n<\/div>\n<\/div>\n<\/div>\n<div class=\"two-grid dimensions ng-star-inserted\">\n<div class=\"row\">\n<h3 class=\"col-md-12\">Ma\u00dfe<\/h3>\n<\/div>\n<div class=\"ng-star-inserted\">\n<div class=\"row\">\n<div class=\"col-md-8\">\n<p><span class=\"label ng-star-inserted\">B<\/span><\/p>\n<h4>Breite bis zur Au\u00dfenseite der Gleise<\/h4>\n<\/div>\n<div class=\"col-md-4\">\n<div class=\"ng-star-inserted\">\n<p><span class=\"space\">6.44<\/span>ft in<\/p>\n<\/div>\n<\/div>\n<\/div>\n<\/div>\n<div class=\"ng-star-inserted\">\n<div class=\"row\">\n<div class=\"col-md-8\">\n<p><span class=\"label ng-star-inserted\">G<\/span><\/p>\n<h4>H\u00f6he bis zur Kabinenoberkante<\/h4>\n<\/div>\n<div class=\"col-md-4\">\n<div class=\"ng-star-inserted\">\n<p><span class=\"space\">8.37<\/span>ft in<\/p>\n<\/div>\n<\/div>\n<\/div>\n<\/div>\n<div class=\"ng-star-inserted\">\n<div class=\"row\">\n<div class=\"col-md-8\">\n<p><span class=\"label ng-star-inserted\">H<\/span><\/p>\n<h4>Heckschwenkradius<\/h4>\n<\/div>\n<div class=\"col-md-4\">\n<div class=\"ng-star-inserted\">\n<p><span class=\"space\">3.48<\/span>ft in<\/p>\n<\/div>\n<\/div>\n<\/div>\n<\/div>\n<\/div>\n<div class=\"two-grid dimensions ng-star-inserted\">\n<div class=\"row\">\n<h3 class=\"col-md-12\">Fahrwerk<\/h3>\n<\/div>\n<div class=\"ng-star-inserted\">\n<div class=\"row\">\n<div class=\"col-md-8\">\n<p><span class=\"label ng-star-inserted\">N<\/span><\/p>\n<h4>Schuhgr\u00f6\u00dfe<\/h4>\n<\/div>\n<div class=\"col-md-4\">\n<div class=\"ng-star-inserted\">\n<p><span class=\"space\">15.75<\/span>In<\/p>\n<\/div>\n<\/div>\n<\/div>\n<\/div>\n<div class=\"ng-star-inserted\">\n<div class=\"row\">\n<div class=\"col-md-8\">\n<p><span class=\"label ng-star-inserted\">F<\/span><\/p>\n<h4>Spurweite<\/h4>\n<\/div>\n<div class=\"col-md-4\">\n<div class=\"ng-star-inserted\">\n<p><span class=\"space\">5.12<\/span>ft in<\/p>\n<\/div>\n<\/div>\n<\/div>\n<\/div>\n<div class=\"ng-star-inserted\">\n<div class=\"row\">\n<div class=\"col-md-8\">\n<h4>Zugdeichsel<\/h4>\n<\/div>\n<div class=\"col-md-4\">\n<div class=\"ng-star-inserted\">\n<p><span class=\"space\">8770<\/span>Pfund<\/p>\n<\/div>\n<\/div>\n<\/div>\n<\/div>\n<div class=\"ng-star-inserted\">\n<div class=\"row\">\n<div class=\"col-md-8\">\n<h4>Anzahl der Tr\u00e4gerrollen pro Seite<\/h4>\n<\/div>\n<div class=\"col-md-4\">\n<div class=\"ng-star-inserted\">\n<p><span class=\"space\">1<\/span><\/p>\n<\/div>\n<\/div>\n<\/div>\n<\/div>\n<div class=\"ng-star-inserted\">\n<div class=\"row\">\n<div class=\"col-md-8\">\n<h4>Anzahl der Laufrollen pro Seite<\/h4>\n<\/div>\n<div class=\"col-md-4\">\n<div class=\"ng-star-inserted\">\n<p><span class=\"space\">4<\/span><\/p>\n<\/div>\n<\/div>\n<\/div>\n<\/div>\n<div class=\"ng-star-inserted\">\n<div class=\"row\">\n<div class=\"col-md-8\">\n<h4>Bodendruck<\/h4>\n<\/div>\n<div class=\"col-md-4\">\n<div class=\"ng-star-inserted\">\n<p><span class=\"space\">4.41<\/span>psi<\/p>\n<\/div>\n<\/div>\n<\/div>\n<\/div>\n<div class=\"ng-star-inserted\">\n<div class=\"row\">\n<div class=\"col-md-8\">\n<h4>Maximale Reisegeschwindigkeit<\/h4>\n<\/div>\n<div class=\"col-md-4\">\n<div class=\"ng-star-inserted\">\n<p><span class=\"space\">2.86<\/span>Meilen pro Stunde<\/p>\n<\/div>\n<\/div>\n<\/div>\n<\/div>\n<\/div>\n<\/div>\n<div class=\"dimension-block specification ng-star-inserted\">\n<hr class=\"ng-star-inserted\" \/>\n<div>\n<h2>Spezifikationen<\/h2>\n<div class=\"two-grid dimensions ng-star-inserted\">\n<div class=\"row\">\n<h3 class=\"col-md-12\">Motor<\/h3>\n<\/div>\n<div class=\"ng-star-inserted\">\n<div class=\"row\">\n<div class=\"col-md-8\">\n<h4>Motormarke<\/h4>\n<\/div>\n<div class=\"col-md-4\">\n<div class=\"ng-star-inserted\">\n<p><span class=\"space\">2238<\/span><\/p>\n<\/div>\n<\/div>\n<\/div>\n<\/div>\n<div class=\"ng-star-inserted\">\n<div class=\"row\">\n<div class=\"col-md-8\">\n<h4>Motormodell<\/h4>\n<\/div>\n<div class=\"col-md-4\">\n<div class=\"ng-star-inserted\">\n<p><span class=\"space\">4D88E-6<\/span><\/p>\n<\/div>\n<\/div>\n<\/div>\n<\/div>\n<div class=\"ng-star-inserted\">\n<div class=\"row\">\n<div class=\"col-md-8\">\n<h4>Nettoleistung<\/h4>\n<\/div>\n<div class=\"col-md-4\">\n<div class=\"ng-star-inserted\">\n<p><span class=\"space\">38.2<\/span>PS<\/p>\n<\/div>\n<\/div>\n<\/div>\n<\/div>\n<div class=\"ng-star-inserted\">\n<div class=\"row\">\n<div class=\"col-md-8\">\n<h4>Gemessene Leistung @<\/h4>\n<\/div>\n<div class=\"col-md-4\">\n<div class=\"ng-star-inserted\">\n<p><span class=\"space\">2400<\/span>U\/min<\/p>\n<\/div>\n<\/div>\n<\/div>\n<\/div>\n<div class=\"ng-star-inserted\">\n<div class=\"row\">\n<div class=\"col-md-8\">\n<h4>Verschiebung<\/h4>\n<\/div>\n<div class=\"col-md-4\">\n<div class=\"ng-star-inserted\">\n<p><span class=\"space\">134<\/span>cu in<\/p>\n<\/div>\n<\/div>\n<\/div>\n<\/div>\n<\/div>\n<div class=\"two-grid dimensions ng-star-inserted\">\n<div class=\"row\">\n<h3 class=\"col-md-12\">Betriebsbereit<\/h3>\n<\/div>\n<div class=\"ng-star-inserted\">\n<div class=\"row\">\n<div class=\"col-md-8\">\n<h4>Betriebsgewicht<\/h4>\n<\/div>\n<div class=\"col-md-4\">\n<div class=\"ng-star-inserted\">\n<p><span class=\"space\">11375.9<\/span>Pfund<\/p>\n<\/div>\n<\/div>\n<\/div>\n<\/div>\n<div class=\"ng-star-inserted\">\n<div class=\"row\">\n<div class=\"col-md-8\">\n<h4>Kraftstoffkapazit\u00e4t<\/h4>\n<\/div>\n<div class=\"col-md-4\">\n<div class=\"ng-star-inserted\">\n<p><span class=\"space\">17.2<\/span>M\u00e4del<\/p>\n<\/div>\n<\/div>\n<\/div>\n<\/div>\n<div class=\"ng-star-inserted\">\n<div class=\"row\">\n<div class=\"col-md-8\">\n<h4>Fl\u00fcssigkeitskapazit\u00e4t des K\u00fchlsystems<\/h4>\n<\/div>\n<div class=\"col-md-4\">\n<div class=\"ng-star-inserted\">\n<p><span class=\"space\">2.3<\/span>M\u00e4del<\/p>\n<\/div>\n<\/div>\n<\/div>\n<\/div>\n<div class=\"ng-star-inserted\">\n<div class=\"row\">\n<div class=\"col-md-8\">\n<h4>Fl\u00fcssigkeitskapazit\u00e4t des Hydrauliksystems<\/h4>\n<\/div>\n<div class=\"col-md-4\">\n<div class=\"ng-star-inserted\">\n<p><span class=\"space\">5.3<\/span>M\u00e4del<\/p>\n<\/div>\n<\/div>\n<\/div>\n<\/div>\n<div class=\"ng-star-inserted\">\n<div class=\"row\">\n<div class=\"col-md-8\">\n<h4>Motor\u00f6lkapazit\u00e4t<\/h4>\n<\/div>\n<div class=\"col-md-4\">\n<div class=\"ng-star-inserted\">\n<p><span class=\"space\">2<\/span>M\u00e4del<\/p>\n<\/div>\n<\/div>\n<\/div>\n<\/div>\n<div class=\"ng-star-inserted\">\n<div class=\"row\">\n<div class=\"col-md-8\">\n<h4>Betriebsspannung<\/h4>\n<\/div>\n<div class=\"col-md-4\">\n<div class=\"ng-star-inserted\">\n<p><span class=\"space\">12<\/span>V<\/p>\n<\/div>\n<\/div>\n<\/div>\n<\/div>\n<div class=\"ng-star-inserted\">\n<div class=\"row\">\n<div class=\"col-md-8\">\n<h4>Von der Lichtmaschine gelieferte Stromst\u00e4rke<\/h4>\n<\/div>\n<div class=\"col-md-4\">\n<div class=\"ng-star-inserted\">\n<p><span class=\"space\">40<\/span>Verst\u00e4rker<\/p>\n<\/div>\n<\/div>\n<\/div>\n<\/div>\n<div class=\"ng-star-inserted\">\n<div class=\"row\">\n<div class=\"col-md-8\">\n<h4>Druck des \u00dcberdruckventils des Hydrauliksystems<\/h4>\n<\/div>\n<div class=\"col-md-4\">\n<div class=\"ng-star-inserted\">\n<p><span class=\"space\">3840<\/span>psi<\/p>\n<\/div>\n<\/div>\n<\/div>\n<\/div>\n<div class=\"ng-star-inserted\">\n<div class=\"row\">\n<div class=\"col-md-8\">\n<h4>Durchflusskapazit\u00e4t der Hydraulikpumpe<\/h4>\n<\/div>\n<div class=\"col-md-4\">\n<div class=\"ng-star-inserted\">\n<p><span class=\"space\">37.2<\/span>Gallone\/Min<\/p>\n<\/div>\n<\/div>\n<\/div>\n<\/div>\n<\/div>\n<div class=\"two-grid dimensions ng-star-inserted\">\n<div class=\"row\">\n<h3 class=\"col-md-12\">Schaukelmechanismus<\/h3>\n<\/div>\n<div class=\"ng-star-inserted\">\n<div class=\"row\">\n<div class=\"col-md-8\">\n<h4>Schwunggeschwindigkeit<\/h4>\n<\/div>\n<div class=\"col-md-4\">\n<div class=\"ng-star-inserted\">\n<p><span class=\"space\">9<\/span>U\/min<\/p>\n<\/div>\n<\/div>\n<\/div>\n<\/div>\n<\/div>\n<\/div>\n<\/div>\n<\/div>","protected":false},"excerpt":{"rendered":"<p>Specification Komatsu PC70-8 Weight 6.59\u00a0t Transport length 6.08\u00a0m Transport width 2.225\u00a0m Transport height 2.5\u00a0m Bucket capacity min. 0.3\u00a0m\u00b3 Bucket capacity max. 0.37\u00a0m\u00b3 Track width 450\u00a0mm Max. Reach horizontal 6.22\u00a0m Dredging depth 4.1\u00a0m Tear-out force 54.8\u00a0kN Bucket width 0.655\u00a0m Engine manuf. Komatsu Engine type SAA4D95LE-5 Engine power 50.7\u00a0kW Displacement 3.26\u00a0l No. of cylinders 4 Cylinder bore [&hellip;]<\/p>","protected":false},"featured_media":2846,"template":"","meta":{"site-sidebar-layout":"default","site-content-layout":"default","ast-site-content-layout":"default","site-content-style":"default","site-sidebar-style":"default","ast-global-header-display":"","ast-banner-title-visibility":"","ast-main-header-display":"","ast-hfb-above-header-display":"","ast-hfb-below-header-display":"","ast-hfb-mobile-header-display":"","site-post-title":"","ast-breadcrumbs-content":"","ast-featured-img":"","footer-sml-layout":"","ast-disable-related-posts":"","theme-transparent-header-meta":"default","adv-header-id-meta":"","stick-header-meta":"","header-above-stick-meta":"","header-main-stick-meta":"","header-below-stick-meta":"","astra-migrate-meta-layouts":"default","ast-page-background-enabled":"default","ast-page-background-meta":{"desktop":{"background-color":"","background-image":"","background-repeat":"repeat","background-position":"center center","background-size":"auto","background-attachment":"scroll","background-type":"","background-media":"","overlay-type":"","overlay-color":"","overlay-opacity":"","overlay-gradient":""},"tablet":{"background-color":"","background-image":"","background-repeat":"repeat","background-position":"center center","background-size":"auto","background-attachment":"scroll","background-type":"","background-media":"","overlay-type":"","overlay-color":"","overlay-opacity":"","overlay-gradient":""},"mobile":{"background-color":"","background-image":"","background-repeat":"repeat","background-position":"center center","background-size":"auto","background-attachment":"scroll","background-type":"","background-media":"","overlay-type":"","overlay-color":"","overlay-opacity":"","overlay-gradient":""}},"ast-content-background-meta":{"desktop":{"background-color":"var(--ast-global-color-5)","background-image":"","background-repeat":"repeat","background-position":"center center","background-size":"auto","background-attachment":"scroll","background-type":"","background-media":"","overlay-type":"","overlay-color":"","overlay-opacity":"","overlay-gradient":""},"tablet":{"background-color":"var(--ast-global-color-5)","background-image":"","background-repeat":"repeat","background-position":"center center","background-size":"auto","background-attachment":"scroll","background-type":"","background-media":"","overlay-type":"","overlay-color":"","overlay-opacity":"","overlay-gradient":""},"mobile":{"background-color":"var(--ast-global-color-5)","background-image":"","background-repeat":"repeat","background-position":"center center","background-size":"auto","background-attachment":"scroll","background-type":"","background-media":"","overlay-type":"","overlay-color":"","overlay-opacity":"","overlay-gradient":""}}},"product_brand":[],"product_cat":[28],"product_tag":[],"class_list":{"0":"post-2839","1":"product","2":"type-product","3":"status-publish","4":"has-post-thumbnail","6":"product_cat-excavator","7":"desktop-align-left","8":"tablet-align-left","9":"mobile-align-left","11":"first","12":"instock","13":"shipping-taxable","14":"product-type-simple"},"_links":{"self":[{"href":"https:\/\/satisfybot.com\/de\/wp-json\/wp\/v2\/product\/2839","targetHints":{"allow":["GET"]}}],"collection":[{"href":"https:\/\/satisfybot.com\/de\/wp-json\/wp\/v2\/product"}],"about":[{"href":"https:\/\/satisfybot.com\/de\/wp-json\/wp\/v2\/types\/product"}],"version-history":[{"count":0,"href":"https:\/\/satisfybot.com\/de\/wp-json\/wp\/v2\/product\/2839\/revisions"}],"wp:featuredmedia":[{"embeddable":true,"href":"https:\/\/satisfybot.com\/de\/wp-json\/wp\/v2\/media\/2846"}],"wp:attachment":[{"href":"https:\/\/satisfybot.com\/de\/wp-json\/wp\/v2\/media?parent=2839"}],"wp:term":[{"taxonomy":"product_brand","embeddable":true,"href":"https:\/\/satisfybot.com\/de\/wp-json\/wp\/v2\/product_brand?post=2839"},{"taxonomy":"product_cat","embeddable":true,"href":"https:\/\/satisfybot.com\/de\/wp-json\/wp\/v2\/product_cat?post=2839"},{"taxonomy":"product_tag","embeddable":true,"href":"https:\/\/satisfybot.com\/de\/wp-json\/wp\/v2\/product_tag?post=2839"}],"curies":[{"name":"wp","href":"https:\/\/api.w.org\/{rel}","templated":true}]}}