{"id":3030,"date":"2023-09-05T06:34:09","date_gmt":"2023-09-05T06:34:09","guid":{"rendered":"https:\/\/satisfybot.com\/?post_type=product&#038;p=3030"},"modified":"2023-09-07T06:51:51","modified_gmt":"2023-09-07T06:51:51","slug":"new-bulldozer-lonking-loader-backhoe-oem-for-any-brand-cdm816d-cdm818d-cdm820da-cdm926n-cdm928n-cdm932ng-cdm936n-lg820dra-lonking-small-loader-mini-loder","status":"publish","type":"product","link":"https:\/\/satisfybot.com\/de\/produkt\/new-bulldozer-lonking-loader-backhoe-oem-for-any-brand-cdm816d-cdm818d-cdm820da-cdm926n-cdm928n-cdm932ng-cdm936n-lg820dra-lonking-small-loader-mini-loder\/","title":{"rendered":"Neuer Lader Lonking Loader Bulldozer Baggerlader 1 Tonne 2 Tonnen OEM f\u00fcr jede Marke CDM816D CDM818D CDM820DA CDM926N CDM928N CDM932NG CDM936N LG820DRA Lonking Kleinlader Minilader"},"content":{"rendered":"<div class=\"intro_top fix\">\n<div class=\"left l\">\n<div class=\"en_t\">\n<div class=\"infor\">\n<h1>Neuer Lader Bulldozer Lonking Loader 1 Tonne 2 Tonnen Baggerlader OEM f\u00fcr jede Marke CDM816D CDM818D CDM820DA CDM926N CDM928N CDM932NG CDM936N LG820DRA<\/h1>\n<\/div>\n<div style=\"width: 1920px;\" class=\"wp-video\"><!--[if lt IE 9]><script>document.createElement('video');<\/script><![endif]-->\n<video class=\"wp-video-shortcode\" id=\"video-3030-1\" width=\"1920\" height=\"1080\" preload=\"metadata\" controls=\"controls\"><source type=\"video\/mp4\" src=\"https:\/\/satisfybot.com\/wp-content\/uploads\/2023\/09\/Lonking-5-Ton-Front-Wheel-Loader-Cdm855-In-Stock-Fast-Delivery-Buy-Construction-MachineryLonking-5t-LoaderWindows-Loader-Product-on-Alibaba.com-Google-Chrome-2023-09-06-16-46-17-1.mp4?_=1\" \/><a href=\"https:\/\/satisfybot.com\/wp-content\/uploads\/2023\/09\/Lonking-5-Ton-Front-Wheel-Loader-Cdm855-In-Stock-Fast-Delivery-Buy-Construction-MachineryLonking-5t-LoaderWindows-Loader-Product-on-Alibaba.com-Google-Chrome-2023-09-06-16-46-17-1.mp4\">https:\/\/satisfybot.com\/wp-content\/uploads\/2023\/09\/Lonking-5-Ton-Front-Wheel-Loader-Cdm855-In-Stock-Fast-Delivery-Buy-Construction-MachineryLonking-5t-LoaderWindows-Loader-Product-on-Alibaba.com-Google-Chrome-2023-09-06-16-46-17-1.mp4<\/a><\/video><\/div>\n<div class=\"infor\">\n<p>es ist nicht Caterpillar, Doosan, Komatsu, Kobelco, Kubota, Sany; es ist LIEBE<\/p>\n<h4>CDM818D Konfigurationsparameter<\/h4>\n<\/div>\n<div class=\"content\">\n<div class=\"table-responsive\">\n<table class=\"datalist\" width=\"100%\" cellspacing=\"0\" cellpadding=\"0\">\n<tbody>\n<tr class=\"firstRow\">\n<th rowspan=\"6\">BASIC<\/th>\n<td>Eimerkapazit\u00e4t<\/td>\n<td>1,05m\u00b3<\/td>\n<\/tr>\n<tr>\n<td>Nennnutzlast<\/td>\n<td>1800kg<\/td>\n<\/tr>\n<tr>\n<td>Betriebsgewicht<\/td>\n<td>5600 kg<\/td>\n<\/tr>\n<tr>\n<td>Zugkraft<\/td>\n<td>53 kN<\/td>\n<\/tr>\n<tr>\n<td>Ausbruchskraft<\/td>\n<td>52 kN<\/td>\n<\/tr>\n<tr>\n<td>L\u00d7B\u00d7H<\/td>\n<td>5700\u00d72200\u00d72930mm<\/td>\n<\/tr>\n<tr>\n<th rowspan=\"3\">MOTOR<\/th>\n<td>Hersteller\/Modell<\/td>\n<td>YI TUO Engine (Nation \u2162)<\/td>\n<\/tr>\n<tr>\n<td>Nennleistung<\/td>\n<td>62,5 kW\/2200 U\/min<\/td>\n<\/tr>\n<tr>\n<td>Nenndrehmoment<\/td>\n<td>302 Nm\/1400\u20131600 U\/min<\/td>\n<\/tr>\n<tr>\n<th rowspan=\"11\">ANTRIEBSSTRANG<\/th>\n<td>\u00dcbertragungsart<\/td>\n<td>Lastschaltgetriebe der Vorgelegewelle<\/td>\n<\/tr>\n<tr>\n<td>Schichttyp<\/td>\n<td>Hydraulisches Stirnradgetriebe mit fester Welle<\/td>\n<\/tr>\n<tr>\n<td>\u00dcbertragungsdruck<\/td>\n<td>1,2\u20131,5 MPa<\/td>\n<\/tr>\n<tr>\n<td>Gang<\/td>\n<td>2F\/2R<\/td>\n<\/tr>\n<tr>\n<td>Drehmomentwandler<\/td>\n<td>Einstufig, Einzelturbine, 3 Elemente<\/td>\n<\/tr>\n<tr>\n<td>Drehmomentverh\u00e4ltnis<\/td>\n<td>3.7<\/td>\n<\/tr>\n<tr>\n<td>Hauptreduzierer<\/td>\n<td>Einstufige Untersetzung mit Spiralkegelrad<\/td>\n<\/tr>\n<tr>\n<td>Endreduzierer<\/td>\n<td>Planetarische Reduktion<\/td>\n<\/tr>\n<tr>\n<td>Reifen<\/td>\n<td>16\/70-20<\/td>\n<\/tr>\n<tr>\n<td>Fahren Sie mit Geschwindigkeit vorw\u00e4rts<\/td>\n<td>8\/21 km\/h<\/td>\n<\/tr>\n<tr>\n<td>Fahrgeschwindigkeit-R\u00fcckw\u00e4rts<\/td>\n<td>8\/21 km\/h<\/td>\n<\/tr>\n<tr>\n<th rowspan=\"3\">BREMSSYSTEM<\/th>\n<td>Betriebsbremse<\/td>\n<td>Luftantrieb, Allradbremse (trocken)<\/td>\n<\/tr>\n<tr>\n<td>Druck einstellen<\/td>\n<td>0,78 MPa<\/td>\n<\/tr>\n<tr>\n<td>Feststellbremse<\/td>\n<td>Flexible wellengesteuerte Trommelbremse<\/td>\n<\/tr>\n<tr>\n<th rowspan=\"4\">STEUERSYSTEM<\/th>\n<td>Typ<\/td>\n<td>Hydraulisches Lastsensorsystem<\/td>\n<\/tr>\n<tr>\n<td>Lenkpumpe<\/td>\n<td>Mit funktionierender Pumpe geteilt<\/td>\n<\/tr>\n<tr>\n<td>Systemdruck<\/td>\n<td>14 MPa<\/td>\n<\/tr>\n<tr>\n<td>Lenkwinkel<\/td>\n<td>\u00b135\u00b0<\/td>\n<\/tr>\n<tr>\n<th rowspan=\"6\">HYDRAULIKSYSTEM<\/th>\n<td>Typ<\/td>\n<td>Pilotsteuerung<\/td>\n<\/tr>\n<tr>\n<td>Funktionierende Pumpe<\/td>\n<td>Zahnradpumpe<\/td>\n<\/tr>\n<tr>\n<td>Flie\u00dfrate<\/td>\n<td>100 l\/min\u00b72400 U\/min<\/td>\n<\/tr>\n<tr>\n<td>Regelventil<\/td>\n<td>2 Spule<\/td>\n<\/tr>\n<tr>\n<td>Systemdruck<\/td>\n<td>16 MPa<\/td>\n<\/tr>\n<tr>\n<td>Zykluszeit (Sek.)<\/td>\n<td>9.4<\/td>\n<\/tr>\n<tr>\n<th rowspan=\"2\">ELEKTRONISCHES SYSTEM<\/th>\n<td>Systemspannung<\/td>\n<td>24V<\/td>\n<\/tr>\n<tr>\n<td>Batterie (2 in Reihe)<\/td>\n<td>2\u00d790 Ah<\/td>\n<\/tr>\n<tr>\n<th rowspan=\"4\">SERVICE-NACHF\u00dcLLKAPAZIT\u00c4T<\/th>\n<td>Treibstofftank<\/td>\n<td>110L<\/td>\n<\/tr>\n<tr>\n<td>Hydrauliktank<\/td>\n<td>100L<\/td>\n<\/tr>\n<tr>\n<td>\u00dcbertragung<\/td>\n<td>22,5 l<\/td>\n<\/tr>\n<tr>\n<td>Vorderachse \/ Hinterachse<\/td>\n<td>12,2\/12,5 l<\/td>\n<\/tr>\n<\/tbody>\n<\/table>\n<h4 class=\"tit\">CDM816D Mechanische Steuerung\/Pilotsteuerung<\/h4>\n<div class=\"t_box\">\n<div class=\"con\">\n<ul>\n<li>Nennleistung 55 kW\/2400 U\/min<\/li>\n<li>Schaufelinhalt 0,95 m\u00b3<\/li>\n<li>Nennnutzlast 1600 kg<\/li>\n<li>Betriebsgewicht 5500 kg<\/li>\n<\/ul>\n<\/div>\n<\/div>\n<\/div>\n<\/div>\n<h5><\/h5>\n<h5 class=\"tit\">CDM820DAUntergrund-Tiefradlader (geschlossene Kabine)<\/h5>\n<div class=\"t_box\">\n<div class=\"con\">\n<ul>\n<li>Nennleistung 66,2 kW\/2200 U\/min<\/li>\n<li>Eimerkapazit\u00e4t 1,2 m\u00b3<\/li>\n<li>Nennnutzlast 2000 kg<\/li>\n<li>Betriebsgewicht 6400 kg<\/li>\n<li><\/li>\n<\/ul>\n<p><img fetchpriority=\"high\" decoding=\"async\" class=\"aligncenter size-large wp-image-3033\" src=\"https:\/\/satisfybot.com\/wp-content\/uploads\/2023\/09\/CDM820DA-loader-1024x688.png\" alt=\"\" width=\"1024\" height=\"688\" srcset=\"https:\/\/satisfybot.com\/wp-content\/uploads\/2023\/09\/CDM820DA-loader-1024x688.png 1024w, https:\/\/satisfybot.com\/wp-content\/uploads\/2023\/09\/CDM820DA-loader-300x202.png 300w, https:\/\/satisfybot.com\/wp-content\/uploads\/2023\/09\/CDM820DA-loader-768x516.png 768w, https:\/\/satisfybot.com\/wp-content\/uploads\/2023\/09\/CDM820DA-loader-18x12.png 18w, https:\/\/satisfybot.com\/wp-content\/uploads\/2023\/09\/CDM820DA-loader-600x403.png 600w, https:\/\/satisfybot.com\/wp-content\/uploads\/2023\/09\/CDM820DA-loader.png 1200w\" sizes=\"(max-width: 1024px) 100vw, 1024px\" \/><\/p>\n<ul>\n<li><\/li>\n<\/ul>\n<h4 class=\"tit\">CDM932NGMechanical Control Yunnei Nation \u2162 Engnie<\/h4>\n<div class=\"t_box\">\n<div class=\"con\">\n<ul>\n<li>Nennleistung 60 kW\/2200 U\/min<\/li>\n<li>Eimerkapazit\u00e4t 0,8 m\u00b3<\/li>\n<li>Nennnutzlast 1500 kg<\/li>\n<li>Betriebsgewicht 5230 kg<\/li>\n<\/ul>\n<h4 class=\"tit\">LG820DRAUnderground Low Type Radlader (\u00dcberdachung)<\/h4>\n<div class=\"t_box\">\n<div class=\"con\">\n<ul>\n<li>Nennleistung: 66,2 kW\/2200 U\/min<\/li>\n<li>Schaufelinhalt: 1,2 m\u00b3<\/li>\n<li>Nennnutzlast: 2000 kg<\/li>\n<li>Betriebsgewicht6200kg<\/li>\n<\/ul>\n<\/div>\n<\/div>\n<p><img decoding=\"async\" class=\"aligncenter size-large wp-image-3037\" src=\"https:\/\/satisfybot.com\/wp-content\/uploads\/2023\/09\/LD820DRA\uff08Canopy\uff09-1024x688.png\" alt=\"\" width=\"1024\" height=\"688\" srcset=\"https:\/\/satisfybot.com\/wp-content\/uploads\/2023\/09\/LD820DRA\uff08Canopy\uff09-1024x688.png 1024w, https:\/\/satisfybot.com\/wp-content\/uploads\/2023\/09\/LD820DRA\uff08Canopy\uff09-300x202.png 300w, https:\/\/satisfybot.com\/wp-content\/uploads\/2023\/09\/LD820DRA\uff08Canopy\uff09-768x516.png 768w, https:\/\/satisfybot.com\/wp-content\/uploads\/2023\/09\/LD820DRA\uff08Canopy\uff09-18x12.png 18w, https:\/\/satisfybot.com\/wp-content\/uploads\/2023\/09\/LD820DRA\uff08Canopy\uff09-600x403.png 600w, https:\/\/satisfybot.com\/wp-content\/uploads\/2023\/09\/LD820DRA\uff08Canopy\uff09.png 1200w\" sizes=\"(max-width: 1024px) 100vw, 1024px\" \/><\/p>\n<\/div>\n<\/div>\n<p>&nbsp;<\/p>\n<\/div>\n<\/div>\n<\/div>\n<\/div>\n<\/div>\n<div class=\"intro_bott\">\n<div class=\"t_box\">\n<div class=\"con\">\n<div class=\"t_box\">\n<div class=\"con\"><\/div>\n<\/div>\n<\/div>\n<\/div>\n<\/div>","protected":false},"excerpt":{"rendered":"<p>New loader bulldozer lonking loader 1 ton 2 ton backhoe OEM for any brand CDM816D CDM818D CDM820DA CDM926N CDM928N CDM932NG CDM936N LG820DRA it&#8217;s not caterpillar, Doosan, Komatsu, Kobelco, Kubota, Sany; it&#8217;s LONKING CDM818D Configuration parameters BASIC Bucket Capacity 1.05m\u00b3 Rated Payload 1800kg Operating Weight 5600kg Traction Force 53kN Breakout Force 52kN L\u00d7W\u00d7H 5700\u00d72200\u00d72930mm ENGINE Manufacturer\/Model [&hellip;]<\/p>","protected":false},"featured_media":3031,"template":"","meta":{"site-sidebar-layout":"default","site-content-layout":"default","ast-site-content-layout":"default","site-content-style":"default","site-sidebar-style":"default","ast-global-header-display":"","ast-banner-title-visibility":"","ast-main-header-display":"","ast-hfb-above-header-display":"","ast-hfb-below-header-display":"","ast-hfb-mobile-header-display":"","site-post-title":"","ast-breadcrumbs-content":"","ast-featured-img":"","footer-sml-layout":"","ast-disable-related-posts":"","theme-transparent-header-meta":"default","adv-header-id-meta":"","stick-header-meta":"","header-above-stick-meta":"","header-main-stick-meta":"","header-below-stick-meta":"","astra-migrate-meta-layouts":"set","ast-page-background-enabled":"default","ast-page-background-meta":{"desktop":{"background-color":"","background-image":"","background-repeat":"repeat","background-position":"center center","background-size":"auto","background-attachment":"scroll","background-type":"","background-media":"","overlay-type":"","overlay-color":"","overlay-opacity":"","overlay-gradient":""},"tablet":{"background-color":"","background-image":"","background-repeat":"repeat","background-position":"center center","background-size":"auto","background-attachment":"scroll","background-type":"","background-media":"","overlay-type":"","overlay-color":"","overlay-opacity":"","overlay-gradient":""},"mobile":{"background-color":"","background-image":"","background-repeat":"repeat","background-position":"center center","background-size":"auto","background-attachment":"scroll","background-type":"","background-media":"","overlay-type":"","overlay-color":"","overlay-opacity":"","overlay-gradient":""}},"ast-content-background-meta":{"desktop":{"background-color":"var(--ast-global-color-5)","background-image":"","background-repeat":"repeat","background-position":"center center","background-size":"auto","background-attachment":"scroll","background-type":"","background-media":"","overlay-type":"","overlay-color":"","overlay-opacity":"","overlay-gradient":""},"tablet":{"background-color":"var(--ast-global-color-5)","background-image":"","background-repeat":"repeat","background-position":"center center","background-size":"auto","background-attachment":"scroll","background-type":"","background-media":"","overlay-type":"","overlay-color":"","overlay-opacity":"","overlay-gradient":""},"mobile":{"background-color":"var(--ast-global-color-5)","background-image":"","background-repeat":"repeat","background-position":"center center","background-size":"auto","background-attachment":"scroll","background-type":"","background-media":"","overlay-type":"","overlay-color":"","overlay-opacity":"","overlay-gradient":""}}},"product_brand":[],"product_cat":[36],"product_tag":[],"class_list":{"0":"post-3030","1":"product","2":"type-product","3":"status-publish","4":"has-post-thumbnail","6":"product_cat-machinery","7":"desktop-align-left","8":"tablet-align-left","9":"mobile-align-left","11":"first","12":"instock","13":"shipping-taxable","14":"product-type-simple"},"_links":{"self":[{"href":"https:\/\/satisfybot.com\/de\/wp-json\/wp\/v2\/product\/3030","targetHints":{"allow":["GET"]}}],"collection":[{"href":"https:\/\/satisfybot.com\/de\/wp-json\/wp\/v2\/product"}],"about":[{"href":"https:\/\/satisfybot.com\/de\/wp-json\/wp\/v2\/types\/product"}],"version-history":[{"count":5,"href":"https:\/\/satisfybot.com\/de\/wp-json\/wp\/v2\/product\/3030\/revisions"}],"predecessor-version":[{"id":3080,"href":"https:\/\/satisfybot.com\/de\/wp-json\/wp\/v2\/product\/3030\/revisions\/3080"}],"wp:featuredmedia":[{"embeddable":true,"href":"https:\/\/satisfybot.com\/de\/wp-json\/wp\/v2\/media\/3031"}],"wp:attachment":[{"href":"https:\/\/satisfybot.com\/de\/wp-json\/wp\/v2\/media?parent=3030"}],"wp:term":[{"taxonomy":"product_brand","embeddable":true,"href":"https:\/\/satisfybot.com\/de\/wp-json\/wp\/v2\/product_brand?post=3030"},{"taxonomy":"product_cat","embeddable":true,"href":"https:\/\/satisfybot.com\/de\/wp-json\/wp\/v2\/product_cat?post=3030"},{"taxonomy":"product_tag","embeddable":true,"href":"https:\/\/satisfybot.com\/de\/wp-json\/wp\/v2\/product_tag?post=3030"}],"curies":[{"name":"wp","href":"https:\/\/api.w.org\/{rel}","templated":true}]}}