{"id":3081,"date":"2023-09-07T08:14:52","date_gmt":"2023-09-07T08:14:52","guid":{"rendered":"https:\/\/satisfybot.com\/?post_type=product&#038;p=3081"},"modified":"2023-09-08T07:49:47","modified_gmt":"2023-09-08T07:49:47","slug":"lonking-forklift-for-sale-6-ton-7-ton-oem-for-any-famous-brand-cdm932nyc-cdm936nyc-lgft18-lgft28","status":"publish","type":"product","link":"https:\/\/satisfybot.com\/de\/produkt\/lonking-forklift-for-sale-6-ton-7-ton-oem-for-any-famous-brand-cdm932nyc-cdm936nyc-lgft18-lgft28\/","title":{"rendered":"Lonking Gabelstapler zu verkaufen 6 Tonnen 7 Tonnen CDM932NYC CDM936NYC LGFT18 LGFT28"},"content":{"rendered":"<p>Lonking Gabelstapler zu verkaufen 6 Tonnen 7 Tonnen CDM932NYC CDM936NYC LGFT18 LGFT28 OEM f\u00fcr jede bekannte Marke<\/p>\n<p>&nbsp;<\/p>\n<h6 class=\"tit\">CDM932NYC Gel\u00e4ndestapler<\/h6>\n<div class=\"t_box\">\n<div class=\"con\">\n<ul>\n<li>Nennleistung 60 kW\/2400 U\/min<\/li>\n<li>Lastschwerpunkt 550 mm<\/li>\n<li>Nennnutzlast 2500 kg<\/li>\n<li>Betriebsgewicht 5130 kg<\/li>\n<\/ul>\n<h6 class=\"tit\">CDM936NYC Gel\u00e4ndestapler<\/h6>\n<div class=\"t_box\">\n<div class=\"con\">\n<ul>\n<li>Nennleistung 85 kW\/2400 U\/min<\/li>\n<li>Lastschwerpunkt 550 mm<\/li>\n<li>Nennnutzlast 3000 kg<\/li>\n<li>Betriebsgewicht 6990 kg<\/li>\n<\/ul>\n<div>\n<table class=\"datalist\" width=\"100%\" cellspacing=\"0\" cellpadding=\"0\">\n<tbody>\n<tr class=\"firstRow\">\n<th rowspan=\"9\">BASIC<\/th>\n<td>Nennnutzlast<\/td>\n<td>3000kg<\/td>\n<\/tr>\n<tr>\n<td>Betriebsgewicht<\/td>\n<td>6990 kg<\/td>\n<\/tr>\n<tr>\n<td>Zugkraft<\/td>\n<td>6100 mm<\/td>\n<\/tr>\n<tr>\n<td>Ausbruchskraft<\/td>\n<td>2130 mm<\/td>\n<\/tr>\n<tr>\n<td>L1\u00d7L2\u00d7H1<\/td>\n<td>5500 mm<\/td>\n<\/tr>\n<tr>\n<td>Radstand<\/td>\n<td>2670 mm<\/td>\n<\/tr>\n<tr>\n<td>Radspannweite<\/td>\n<td>1700 mm<\/td>\n<\/tr>\n<tr>\n<td>Mindestbodenfreiheit (H4)<\/td>\n<td>300mm<\/td>\n<\/tr>\n<tr>\n<td>Lastschwerpunkt (Q)<\/td>\n<td>550mm<\/td>\n<\/tr>\n<tr>\n<th rowspan=\"5\">MOTOR<\/th>\n<td>Hersteller\/Modell<\/td>\n<td>YN4EL120 (Nation III)<\/td>\n<\/tr>\n<tr>\n<td>Nennleistung<\/td>\n<td>85 kW\/2400 U\/min<\/td>\n<\/tr>\n<tr>\n<td>Nenndrehmoment<\/td>\n<td>414 N\u00b7m\/1800\u20131600 U\/min<\/td>\n<\/tr>\n<tr>\n<td>Verschiebung (L)<\/td>\n<td>3,8 l<\/td>\n<\/tr>\n<tr>\n<td>Kraftstoffverbrauch<\/td>\n<td>238g\/kWh\u00b7h<\/td>\n<\/tr>\n<tr>\n<th rowspan=\"11\">ANTRIEBSSTRANG<\/th>\n<td>\u00dcbertragungsart<\/td>\n<td>Lastschaltgetriebe der Vorgelegewelle<\/td>\n<\/tr>\n<tr>\n<td>Schichttyp<\/td>\n<td>Hydraulisches Stirnradgetriebe mit fester Welle<\/td>\n<\/tr>\n<tr>\n<td>\u00dcbertragungsdruck<\/td>\n<td>1,1\u20131,5 MPa<\/td>\n<\/tr>\n<tr>\n<td>Gang<\/td>\n<td>2F\/2R<\/td>\n<\/tr>\n<tr>\n<td>Drehmomentwandler<\/td>\n<td>Einstufig, Einzelturbine, 3 Elemente<\/td>\n<\/tr>\n<tr>\n<td>Drehmomentverh\u00e4ltnis<\/td>\n<td>3.13<\/td>\n<\/tr>\n<tr>\n<td>Hauptreduzierer<\/td>\n<td>Einstufige Untersetzung mit Spiralkegelrad<\/td>\n<\/tr>\n<tr>\n<td>Endreduzierer<\/td>\n<td>Planetarische Reduktion<\/td>\n<\/tr>\n<tr>\n<td>Reifen<\/td>\n<td>16\/70-24<\/td>\n<\/tr>\n<tr>\n<td>Fahren Sie mit Geschwindigkeit vorw\u00e4rts<\/td>\n<td>8\/25 km\/h<\/td>\n<\/tr>\n<tr>\n<td>Fahrgeschwindigkeit-R\u00fcckw\u00e4rts<\/td>\n<td>8\/25 km\/h<\/td>\n<\/tr>\n<tr>\n<th rowspan=\"3\">BREMSSYSTEM<\/th>\n<td>Betriebsbremse<\/td>\n<td>Luftantrieb, Allradbremse (trocken)<\/td>\n<\/tr>\n<tr>\n<td>Druck einstellen<\/td>\n<td>0,78 MPa<\/td>\n<\/tr>\n<tr>\n<td>Feststellbremse<\/td>\n<td>Flexibler, wellengesteuerter Bremssattel<\/td>\n<\/tr>\n<tr>\n<th rowspan=\"4\">STEUERSYSTEM<\/th>\n<td>Typ<\/td>\n<td>Hydraulisches Lastsensorsystem<\/td>\n<\/tr>\n<tr>\n<td>Lenkpumpe<\/td>\n<td>Mit funktionierender Pumpe geteilt<\/td>\n<\/tr>\n<tr>\n<td>Systemdruck<\/td>\n<td>14 MPa<\/td>\n<\/tr>\n<tr>\n<td>Lenkwinkel<\/td>\n<td>32\u00b13\u00b0<\/td>\n<\/tr>\n<tr>\n<th rowspan=\"5\">HYDRAULIKSYSTEM<\/th>\n<td>Typ<\/td>\n<td>Pilotsteuerung<\/td>\n<\/tr>\n<tr>\n<td>Funktionierende Pumpe<\/td>\n<td>Zahnradpumpe<\/td>\n<\/tr>\n<tr>\n<td>Flie\u00dfrate<\/td>\n<td>160 l\/min\u00b72400 U\/min<\/td>\n<\/tr>\n<tr>\n<td>Regelventil<\/td>\n<td>2 Spule<\/td>\n<\/tr>\n<tr>\n<td>Systemdruck<\/td>\n<td>16 MPa<\/td>\n<\/tr>\n<tr>\n<th rowspan=\"4\">MASTSYSTEM<\/th>\n<td>Masth\u00f6he<\/td>\n<td>2185 (Hubh\u00f6he: 5500 mm)<\/td>\n<\/tr>\n<tr>\n<td>Max. Hubgeschwindigkeit<\/td>\n<td>6s<\/td>\n<\/tr>\n<tr>\n<td>Verstellbereich der Gabel (au\u00dfen)<\/td>\n<td>1055 mm<\/td>\n<\/tr>\n<tr>\n<td>STD-Gabelgr\u00f6\u00dfe (L5*B*T)<\/td>\n<td>125X45X1220(mm)<\/td>\n<\/tr>\n<tr>\n<th rowspan=\"2\">ELEKTRONISCHES SYSTEM<\/th>\n<td>Systemspannung<\/td>\n<td>24V<\/td>\n<\/tr>\n<tr>\n<td>Batterie (2 in Reihe)<\/td>\n<td>90L<\/td>\n<\/tr>\n<tr>\n<th rowspan=\"4\">SERVICE-NACHF\u00dcLLKAPAZIT\u00c4T<\/th>\n<td>Treibstofftank<\/td>\n<td>70L<\/td>\n<\/tr>\n<tr>\n<td>Hydrauliktank<\/td>\n<td>22,5 l<\/td>\n<\/tr>\n<tr>\n<td>\u00dcbertragung<\/td>\n<td>24L<\/td>\n<\/tr>\n<tr>\n<td>Vorderachse \/ Hinterachse<\/td>\n<td>2\u00d780 Ah<\/td>\n<\/tr>\n<\/tbody>\n<\/table>\n<\/div>\n<div><\/div>\n<h6 class=\"tit\">LGFT18<\/h6>\n<div class=\"t_box\">\n<div class=\"con\">\n<ul>\n<li>Nennleistung 162 kW\/2200 U\/min<\/li>\n<li>Schaufelkapazit\u00e4t 1400\u00d7200\u00d7120 mm<\/li>\n<li>Nennnutzlast 18000 kg<\/li>\n<li>Betriebsgewicht 23900 kg<\/li>\n<\/ul>\n<h6 class=\"tit\">LGFT28<\/h6>\n<div class=\"t_box\">\n<div class=\"con\">\n<ul>\n<li>Nennleistung 178 kW\/2200 U\/min<\/li>\n<li>Schaufelkapazit\u00e4t 1520\u00d7240\u00d7140 mm<\/li>\n<li>Nennnutzlast 28000 kg<\/li>\n<li>Betriebsgewicht 30100 kg<\/li>\n<\/ul>\n<table class=\"datalist\" width=\"100%\" cellspacing=\"0\" cellpadding=\"0\">\n<tbody>\n<tr class=\"firstRow\">\n<th rowspan=\"12\">Basic<\/th>\n<td>Gabelabmessungen<\/td>\n<td>1520\u00d7240\u00d7140<\/td>\n<\/tr>\n<tr>\n<td>Nennnutzlast<\/td>\n<td>28000 kg (10\u00b0 Lenkwinkel)<\/td>\n<\/tr>\n<tr>\n<td>Betriebsgewicht<\/td>\n<td>30100 \u00b1 300 kg<\/td>\n<\/tr>\n<tr>\n<td>Zugkraft<\/td>\n<td>239 \u00b1 3 kN<\/td>\n<\/tr>\n<tr>\n<td>Ausbruchskraft<\/td>\n<td>320 \u00b1 3 kN<\/td>\n<\/tr>\n<tr>\n<td>Gesamtabmessungen (L\u00d7B\u00d7H)<\/td>\n<td>8663\u00d73025\u00d73601mm<\/td>\n<\/tr>\n<tr>\n<td>Maximale horizontale Hubh\u00f6he<\/td>\n<td>3200 mm<\/td>\n<\/tr>\n<tr>\n<td>Ladezentrum<\/td>\n<td>800mm<\/td>\n<\/tr>\n<tr>\n<td>Radbasis<\/td>\n<td>3965 mm<\/td>\n<\/tr>\n<tr>\n<td>Treten<\/td>\n<td>2350 mm<\/td>\n<\/tr>\n<tr>\n<td>Lenkwinkel<\/td>\n<td>30\u00b0<\/td>\n<\/tr>\n<tr>\n<td>Steigf\u00e4higkeit<\/td>\n<td>26\u00b0<\/td>\n<\/tr>\n<tr>\n<th rowspan=\"9\">Motor<\/th>\n<td>Hersteller\/Modell<\/td>\n<td>WEICHAI\/WP10G240E341<\/td>\n<\/tr>\n<tr>\n<td>Nennleistung<\/td>\n<td>178 kW\/2200 U\/min<\/td>\n<\/tr>\n<tr>\n<td>Maximales Drehmoment<\/td>\n<td>1100 N\u00b7m\/1400\u20131600 U\/min<\/td>\n<\/tr>\n<tr>\n<td>Bohrung x Hub (mm)<\/td>\n<td>126\u00d7130mm<\/td>\n<\/tr>\n<tr>\n<td>Anzahl der Zylinder\/Hubraum<\/td>\n<td>6\/9.726L<\/td>\n<\/tr>\n<tr>\n<td>Luftreiniger<\/td>\n<td>3-stufiger Filter<\/td>\n<\/tr>\n<tr>\n<td>Generator<\/td>\n<td>55 Ampere<\/td>\n<\/tr>\n<tr>\n<td>Batterie<\/td>\n<td>2-24V\/120Ah<\/td>\n<\/tr>\n<tr>\n<td>Motor starten<\/td>\n<td>24V\/7,5kW<\/td>\n<\/tr>\n<tr>\n<th rowspan=\"12\">FAHREN<br \/>\nZUG<\/th>\n<td>\u00dcbertragungsart<\/td>\n<td>Planetarischer Powershift<\/td>\n<\/tr>\n<tr>\n<td>Schichttyp<\/td>\n<td>Mechanische Lastschaltsteuerung<\/td>\n<\/tr>\n<tr>\n<td>\u00dcbertragungsdruck<\/td>\n<td>1,2\u20131,5 MPa<\/td>\n<\/tr>\n<tr>\n<td>Drehmomentwandlertyp<\/td>\n<td>Einstufig, Duo-Turbine, 4 Elemente<\/td>\n<\/tr>\n<tr>\n<td>Achsen<\/td>\n<td>Starr (vorne) und oszillierend (hinten)<\/td>\n<\/tr>\n<tr>\n<td>Hinterachsschwingung (\u00b0)<\/td>\n<td>\u00b1 10\u00b0<\/td>\n<\/tr>\n<tr>\n<td>Differential<\/td>\n<td>Konventionell<\/td>\n<\/tr>\n<tr>\n<td>Hauptreduzierer<\/td>\n<td>Spiralkegel, 1-stufige Untersetzung<\/td>\n<\/tr>\n<tr>\n<td>Endreduzierer<\/td>\n<td>Planetarische Reduktion<\/td>\n<\/tr>\n<tr>\n<td>Reifen<\/td>\n<td>Vorne: 26,5-25-36PR TL<br \/>\nHinten 26 5 25 28PR TL<\/td>\n<\/tr>\n<tr>\n<td>Reisen Sie mit Geschwindigkeit vorw\u00e4rts<\/td>\n<td>0,45\/34 km\/h<\/td>\n<\/tr>\n<tr>\n<td>Fahrgeschwindigkeit-R\u00fcckw\u00e4rtsfahrt<\/td>\n<td>12,49 km\/h<\/td>\n<\/tr>\n<tr>\n<th rowspan=\"4\">BREMSE<br \/>\nSYSTEM<\/th>\n<td>Betriebsbremse<\/td>\n<td>Zweileitungs-Trockenbremse<\/td>\n<\/tr>\n<tr>\n<td>Druck einstellen<\/td>\n<td>0,70\u20130,78 MPa<\/td>\n<\/tr>\n<tr>\n<td>Feststellbremse<\/td>\n<td>Luftbet\u00e4tigte Sattelbremse<\/td>\n<\/tr>\n<tr>\n<td>Notbremse<\/td>\n<td>Luftbet\u00e4tigte Sattelbremse<\/td>\n<\/tr>\n<tr>\n<th rowspan=\"5\">LENKUNG<br \/>\nSYSTEM<\/th>\n<td>Typ<\/td>\n<td>Hydraulisches Lasterkennungssystem<\/td>\n<\/tr>\n<tr>\n<td>Pumpe<\/td>\n<td>158 l\/min\u00b72200 U\/min<\/td>\n<\/tr>\n<tr>\n<td>Systemdruck<\/td>\n<td>16 MPa<\/td>\n<\/tr>\n<tr>\n<td>Zylindertyp<\/td>\n<td>Doppelschauspieler<\/td>\n<\/tr>\n<tr>\n<td>Lenkwinkel<\/td>\n<td>\u00b130\u00b0<\/td>\n<\/tr>\n<tr>\n<th rowspan=\"5\">HYDRAU<br \/>\nLIC<br \/>\nSYSTEM<\/th>\n<td>Typ<\/td>\n<td>Joystick-Steuerung (Einhebel)<\/td>\n<\/tr>\n<tr>\n<td>Pumpe<\/td>\n<td>356 l\/min\u00b72200 U\/min<\/td>\n<\/tr>\n<tr>\n<td>Regelventil<\/td>\n<td>2 Spule<\/td>\n<\/tr>\n<tr>\n<td>Systemdruck<\/td>\n<td>23 MPa<\/td>\n<\/tr>\n<tr>\n<td>Zykluszeit (Sek.)<\/td>\n<td>17.9<\/td>\n<\/tr>\n<tr>\n<th rowspan=\"5\">SERVICE<br \/>\nNACHF\u00dcLLUNG<br \/>\nKAPAZIT\u00c4T<br \/>\nY<\/th>\n<td>Kraftstofftank (L)<\/td>\n<td>285L<\/td>\n<\/tr>\n<tr>\n<td>Hydrauliktank (L)<\/td>\n<td>270L<\/td>\n<\/tr>\n<tr>\n<td>Kurbelwelle (L)<\/td>\n<td>20L<\/td>\n<\/tr>\n<tr>\n<td>Getriebe (L)<\/td>\n<td>52L<\/td>\n<\/tr>\n<tr>\n<td>Vorderachse\/Hinterachse (L)<\/td>\n<td>31L\/31L<\/td>\n<\/tr>\n<\/tbody>\n<\/table>\n<p>es ist LIEBE; it&#039;s not bobcat, CASE, caterpillar(Cat), Doosan, Dynapac, Hitachi, Hyundai, Kato, Kobelco, Komatsu, Kubota, Lliugong, Motor Grader, Sany, Sumitomo, Volvo, Sunward, \u2026<\/p>\n<\/div>\n<\/div>\n<\/div>\n<\/div>\n<\/div>\n<\/div>\n<\/div>\n<\/div>","protected":false},"excerpt":{"rendered":"<p>Lonking Forklift for sale 6 ton 7 ton CDM932NYC CDM936NYC LGFT18 LGFT28 OEM for any famous brand &nbsp; CDM932NYC Rough Terain Forklift Rated Power 60kW\/2400rpm Load Center 550mm Rated Payload 2500kg Operating Weight 5130kg CDM936NYC Rough Terain Forklift Rated Power 85kW\/2400rpm Load Center 550mm Rated Payload 3000kg Operating Weight 6990kg BASIC Rated Payload 3000kg Operating [&hellip;]<\/p>","protected":false},"featured_media":3085,"template":"","meta":{"site-sidebar-layout":"default","site-content-layout":"","ast-site-content-layout":"default","site-content-style":"default","site-sidebar-style":"default","ast-global-header-display":"","ast-banner-title-visibility":"","ast-main-header-display":"","ast-hfb-above-header-display":"","ast-hfb-below-header-display":"","ast-hfb-mobile-header-display":"","site-post-title":"","ast-breadcrumbs-content":"","ast-featured-img":"","footer-sml-layout":"","ast-disable-related-posts":"","theme-transparent-header-meta":"default","adv-header-id-meta":"","stick-header-meta":"","header-above-stick-meta":"","header-main-stick-meta":"","header-below-stick-meta":"","astra-migrate-meta-layouts":"set","ast-page-background-enabled":"default","ast-page-background-meta":{"desktop":{"background-color":"","background-image":"","background-repeat":"repeat","background-position":"center center","background-size":"auto","background-attachment":"scroll","background-type":"","background-media":"","overlay-type":"","overlay-color":"","overlay-opacity":"","overlay-gradient":""},"tablet":{"background-color":"","background-image":"","background-repeat":"repeat","background-position":"center center","background-size":"auto","background-attachment":"scroll","background-type":"","background-media":"","overlay-type":"","overlay-color":"","overlay-opacity":"","overlay-gradient":""},"mobile":{"background-color":"","background-image":"","background-repeat":"repeat","background-position":"center center","background-size":"auto","background-attachment":"scroll","background-type":"","background-media":"","overlay-type":"","overlay-color":"","overlay-opacity":"","overlay-gradient":""}},"ast-content-background-meta":{"desktop":{"background-color":"var(--ast-global-color-5)","background-image":"","background-repeat":"repeat","background-position":"center center","background-size":"auto","background-attachment":"scroll","background-type":"","background-media":"","overlay-type":"","overlay-color":"","overlay-opacity":"","overlay-gradient":""},"tablet":{"background-color":"var(--ast-global-color-5)","background-image":"","background-repeat":"repeat","background-position":"center center","background-size":"auto","background-attachment":"scroll","background-type":"","background-media":"","overlay-type":"","overlay-color":"","overlay-opacity":"","overlay-gradient":""},"mobile":{"background-color":"var(--ast-global-color-5)","background-image":"","background-repeat":"repeat","background-position":"center center","background-size":"auto","background-attachment":"scroll","background-type":"","background-media":"","overlay-type":"","overlay-color":"","overlay-opacity":"","overlay-gradient":""}}},"product_brand":[],"product_cat":[36],"product_tag":[],"class_list":{"0":"post-3081","1":"product","2":"type-product","3":"status-publish","4":"has-post-thumbnail","6":"product_cat-machinery","7":"desktop-align-left","8":"tablet-align-left","9":"mobile-align-left","11":"first","12":"instock","13":"shipping-taxable","14":"product-type-simple"},"_links":{"self":[{"href":"https:\/\/satisfybot.com\/de\/wp-json\/wp\/v2\/product\/3081","targetHints":{"allow":["GET"]}}],"collection":[{"href":"https:\/\/satisfybot.com\/de\/wp-json\/wp\/v2\/product"}],"about":[{"href":"https:\/\/satisfybot.com\/de\/wp-json\/wp\/v2\/types\/product"}],"version-history":[{"count":5,"href":"https:\/\/satisfybot.com\/de\/wp-json\/wp\/v2\/product\/3081\/revisions"}],"predecessor-version":[{"id":3099,"href":"https:\/\/satisfybot.com\/de\/wp-json\/wp\/v2\/product\/3081\/revisions\/3099"}],"wp:featuredmedia":[{"embeddable":true,"href":"https:\/\/satisfybot.com\/de\/wp-json\/wp\/v2\/media\/3085"}],"wp:attachment":[{"href":"https:\/\/satisfybot.com\/de\/wp-json\/wp\/v2\/media?parent=3081"}],"wp:term":[{"taxonomy":"product_brand","embeddable":true,"href":"https:\/\/satisfybot.com\/de\/wp-json\/wp\/v2\/product_brand?post=3081"},{"taxonomy":"product_cat","embeddable":true,"href":"https:\/\/satisfybot.com\/de\/wp-json\/wp\/v2\/product_cat?post=3081"},{"taxonomy":"product_tag","embeddable":true,"href":"https:\/\/satisfybot.com\/de\/wp-json\/wp\/v2\/product_tag?post=3081"}],"curies":[{"name":"wp","href":"https:\/\/api.w.org\/{rel}","templated":true}]}}