{"id":3104,"date":"2023-09-11T05:20:13","date_gmt":"2023-09-11T05:20:13","guid":{"rendered":"https:\/\/satisfybot.com\/?post_type=product&#038;p=3104"},"modified":"2023-09-15T06:20:23","modified_gmt":"2023-09-15T06:20:23","slug":"mini-excavator-mini-digger-bagger-0-8ton-1ton-2ton-small-excavator-3-5ton-compact-excavator-epa-ce-euro-5-pellet-crawler-mini-excavator","status":"publish","type":"product","link":"https:\/\/satisfybot.com\/de\/produkt\/mini-excavator-mini-digger-bagger-0-8ton-1ton-2ton-small-excavator-3-5ton-compact-excavator-epa-ce-euro-5-pellet-crawler-mini-excavator\/","title":{"rendered":"Minibagger zu verkaufen kleiner 0,8-Tonnen-1-Tonnen-Bagger Kompaktbagger Minibagger Bagger EPA CE EURO 5 Raupenbagger"},"content":{"rendered":"<h3><b class=\"magic-10\"><span class=\"magic-25\">Merkmale des Satisfybot MINIBAGGER:<\/span><\/b><\/h3>\n<p><span class=\"magic-9\" style=\"color: #000000;\"><span class=\"magic-15\">1. Bagger mit kompakten Abmessungen k\u00f6nnen problemlos durch enge Durchg\u00e4nge und T\u00fcren fahren. <\/span><\/span><\/p>\n<p><span class=\"magic-9\" style=\"color: #000000;\"><span class=\"magic-15\">2. Einziehbares Fahrwerk und Planierschild erm\u00f6glichen die Konfiguration der Bagger f\u00fcr hervorragende Arbeitsstabilit\u00e4t und optimale Leistung. <\/span><\/span><\/p>\n<p><span class=\"magic-9\" style=\"color: #000000;\"><span class=\"magic-15\">3. Leistungsstarker Motor und perfekt abgestimmte Hydraulik sorgen f\u00fcr effiziente, wirtschaftliche und zuverl\u00e4ssige Leistung bei schwierigsten Eins\u00e4tzen. <\/span><\/span><\/p>\n<p><span class=\"magic-9\" style=\"color: #000000;\"><span class=\"magic-15\">4. Die Schaufelschl\u00e4uche liegen gut gesch\u00fctzt im Ausleger und der Zylinder ist \u00fcber der Struktur montiert. <\/span><\/span><\/p>\n<p><span class=\"magic-9\" style=\"color: #000000;\"><span class=\"magic-15\">5. Der Fahrerbereich ist ger\u00e4umig und so gestaltet, dass er Komfort und einfache Bedienung bietet. <\/span><\/span><\/p>\n<p><span class=\"magic-9\" style=\"color: #000000;\"><span class=\"magic-15\">6. Ausgezeichneter Motor (in Japan, Italien und im Inland hergestellt) bietet hervorragende Leistung bei minimalem Kraftstoffverbrauch f\u00fcr mehr Produktivit\u00e4t pro Tank. Chinesischer 0,8-3,5-Tonnen-Mini-Raupenbagger<\/span><\/span><\/p>\n<p>&nbsp;<\/p>\n<h3>Video zu 0,8-Tonnen- und 1-Tonnen-Minibaggern<\/h3>\n<div style=\"width: 1280px;\" class=\"wp-video\"><!--[if lt IE 9]><script>document.createElement('video');<\/script><![endif]-->\n<video class=\"wp-video-shortcode\" id=\"video-3104-1\" width=\"1280\" height=\"720\" preload=\"metadata\" controls=\"controls\"><source type=\"video\/mp4\" src=\"https:\/\/satisfybot.com\/wp-content\/uploads\/2023\/09\/0.8-ton.mp4?_=1\" \/><a href=\"https:\/\/satisfybot.com\/wp-content\/uploads\/2023\/09\/0.8-ton.mp4\">https:\/\/satisfybot.com\/wp-content\/uploads\/2023\/09\/0.8-ton.mp4<\/a><\/video><\/div>\n<div style=\"width: 1280px;\" class=\"wp-video\"><video class=\"wp-video-shortcode\" id=\"video-3104-2\" width=\"1280\" height=\"720\" preload=\"metadata\" controls=\"controls\"><source type=\"video\/mp4\" src=\"https:\/\/satisfybot.com\/wp-content\/uploads\/2023\/09\/1.0-ton.mp4?_=2\" \/><a href=\"https:\/\/satisfybot.com\/wp-content\/uploads\/2023\/09\/1.0-ton.mp4\">https:\/\/satisfybot.com\/wp-content\/uploads\/2023\/09\/1.0-ton.mp4<\/a><\/video><\/div>\n<p><img fetchpriority=\"high\" decoding=\"async\" class=\"aligncenter wp-image-3115\" src=\"https:\/\/satisfybot.com\/wp-content\/uploads\/2023\/09\/\u53c2\u6570.png\" alt=\"\" width=\"668\" height=\"663\" srcset=\"https:\/\/satisfybot.com\/wp-content\/uploads\/2023\/09\/\u53c2\u6570.png 554w, https:\/\/satisfybot.com\/wp-content\/uploads\/2023\/09\/\u53c2\u6570-300x298.png 300w, https:\/\/satisfybot.com\/wp-content\/uploads\/2023\/09\/\u53c2\u6570-150x150.png 150w, https:\/\/satisfybot.com\/wp-content\/uploads\/2023\/09\/\u53c2\u6570-12x12.png 12w, https:\/\/satisfybot.com\/wp-content\/uploads\/2023\/09\/\u53c2\u6570-100x100.png 100w\" sizes=\"(max-width: 668px) 100vw, 668px\" \/><img decoding=\"async\" class=\"aligncenter size-large wp-image-3118\" src=\"https:\/\/satisfybot.com\/wp-content\/uploads\/2023\/09\/multi-accessories-666x1024.jpg\" alt=\"\" width=\"666\" height=\"1024\" srcset=\"https:\/\/satisfybot.com\/wp-content\/uploads\/2023\/09\/multi-accessories-666x1024.jpg 666w, https:\/\/satisfybot.com\/wp-content\/uploads\/2023\/09\/multi-accessories-195x300.jpg 195w, https:\/\/satisfybot.com\/wp-content\/uploads\/2023\/09\/multi-accessories-768x1181.jpg 768w, https:\/\/satisfybot.com\/wp-content\/uploads\/2023\/09\/multi-accessories-8x12.jpg 8w, https:\/\/satisfybot.com\/wp-content\/uploads\/2023\/09\/multi-accessories-600x923.jpg 600w, https:\/\/satisfybot.com\/wp-content\/uploads\/2023\/09\/multi-accessories.jpg 790w\" sizes=\"(max-width: 666px) 100vw, 666px\" \/><\/p>\n<h3>HT08 0,8T Minibagger Vorteil<\/h3>\n<p style=\"font-weight: 400;\">1.Einzigartiges Design der gro\u00dfen Armstruktur<\/p>\n<p style=\"font-weight: 400;\">2. Die Operationsfront-Pipeline ist klar.<\/p>\n<p style=\"font-weight: 400;\">Die Schutzh\u00fclle sch\u00fctzt die Rohrleitung vor Zerst\u00f6rung.<\/p>\n<p style=\"font-weight: 400;\">3.Der Auslegerzylinder \u00fcbernimmt die bekannte Marke<\/p>\n<p style=\"font-weight: 400;\">Der Zylinder ist integriert konzipiert, was fortschrittlicher ist als die Schwei\u00dftechnologie.<\/p>\n<p style=\"font-weight: 400;\">4.Alle Strukturteile sind fein verarbeitet.<\/p>\n<p style=\"font-weight: 400;\">Alle Strukturteile sind fein verarbeitet.<\/p>\n<p style=\"font-weight: 400;\">Es werden Strahl-, Beiz- und Einbrennverfahren angewendet.<\/p>\n<p style=\"font-weight: 400;\">Die Oberfl\u00e4che weist einen hohen Glanz und eine hohe Lackhaftung auf.<\/p>\n<p><img decoding=\"async\" class=\"aligncenter size-full wp-image-3220\" src=\"https:\/\/satisfybot.com\/wp-content\/uploads\/2023\/09\/20210618152805_6742.jpg\" alt=\"\" width=\"1000\" height=\"1000\" srcset=\"https:\/\/satisfybot.com\/wp-content\/uploads\/2023\/09\/20210618152805_6742.jpg 1000w, https:\/\/satisfybot.com\/wp-content\/uploads\/2023\/09\/20210618152805_6742-300x300.jpg 300w, https:\/\/satisfybot.com\/wp-content\/uploads\/2023\/09\/20210618152805_6742-150x150.jpg 150w, https:\/\/satisfybot.com\/wp-content\/uploads\/2023\/09\/20210618152805_6742-768x768.jpg 768w, https:\/\/satisfybot.com\/wp-content\/uploads\/2023\/09\/20210618152805_6742-12x12.jpg 12w, https:\/\/satisfybot.com\/wp-content\/uploads\/2023\/09\/20210618152805_6742-600x600.jpg 600w, https:\/\/satisfybot.com\/wp-content\/uploads\/2023\/09\/20210618152805_6742-100x100.jpg 100w\" sizes=\"(max-width: 1000px) 100vw, 1000px\" \/><\/p>\n<h2>Parameter des Minibaggers HT08 0,8T<\/h2>\n<table style=\"font-weight: 400;\">\n<tbody>\n<tr>\n<td width=\"284\">Leistungsparameter<\/td>\n<td width=\"284\"><\/td>\n<\/tr>\n<tr>\n<td width=\"284\">Nennleistung<\/td>\n<td width=\"284\">12 PS<\/td>\n<\/tr>\n<tr>\n<td width=\"284\">Eimerkapazit\u00e4t<\/td>\n<td width=\"284\">0,025 m3<\/td>\n<\/tr>\n<tr>\n<td width=\"284\">Motormodell<\/td>\n<td width=\"284\">Changchai 192<\/td>\n<\/tr>\n<tr>\n<td width=\"284\">Gewicht<\/td>\n<td width=\"284\">650 kg<\/td>\n<\/tr>\n<tr>\n<td width=\"284\">Max. Grabkraft<\/td>\n<td width=\"284\">7,5 kN<\/td>\n<\/tr>\n<tr>\n<td width=\"284\">Pumpenform<\/td>\n<td width=\"284\">Einzelzahnradpumpe<\/td>\n<\/tr>\n<tr>\n<td width=\"284\">Arbeitsdruck einstellen<\/td>\n<td width=\"284\">14 MPa<\/td>\n<\/tr>\n<tr>\n<td width=\"284\">Schwunggeschwindigkeit<\/td>\n<td width=\"284\">12 U\/min<\/td>\n<\/tr>\n<tr>\n<td width=\"284\">Reisegeschwindigkeit<\/td>\n<td width=\"284\">2,2 km\/h<\/td>\n<\/tr>\n<tr>\n<td width=\"284\">Steigf\u00e4higkeit<\/td>\n<td width=\"284\">30\u00b0<\/td>\n<\/tr>\n<tr>\n<td width=\"284\">Bodendruck<\/td>\n<td width=\"284\">19Kpa<\/td>\n<\/tr>\n<tr>\n<td width=\"284\">Arbeitsbereich<\/td>\n<td width=\"284\"><\/td>\n<\/tr>\n<tr>\n<td width=\"284\">Max. Grababstand<\/td>\n<td width=\"284\">2450 mm<\/td>\n<\/tr>\n<tr>\n<td width=\"284\">Max. Grabtiefe<\/td>\n<td width=\"284\">1200 mm<\/td>\n<\/tr>\n<tr>\n<td width=\"284\">Max. Grabh\u00f6he<\/td>\n<td width=\"284\">2350 mm<\/td>\n<\/tr>\n<tr>\n<td width=\"284\">Max. Aussch\u00fctth\u00f6he<\/td>\n<td width=\"284\">1600 mm<\/td>\n<\/tr>\n<tr>\n<td width=\"284\">Min.Schwenkradius<\/td>\n<td width=\"284\">1100 mm<\/td>\n<\/tr>\n<tr>\n<td width=\"284\">Max. Verbessern Sie die H\u00f6he des Planierschilds<\/td>\n<td width=\"284\">120mm<\/td>\n<\/tr>\n<tr>\n<td width=\"284\">Max. Grabtiefe des Baggerschilds<\/td>\n<td width=\"284\">200mm<\/td>\n<\/tr>\n<tr>\n<td width=\"284\">Ma\u00dfe<\/td>\n<td width=\"284\"><\/td>\n<\/tr>\n<tr>\n<td width=\"284\">Totale Breite<\/td>\n<td width=\"284\">720\u2013780 mm<\/td>\n<\/tr>\n<tr>\n<td width=\"284\">Gesamth\u00f6he<\/td>\n<td width=\"284\">1300 mm<\/td>\n<\/tr>\n<tr>\n<td width=\"284\">Gesamtl\u00e4nge<\/td>\n<td width=\"284\">2430 mm<\/td>\n<\/tr>\n<tr>\n<td width=\"284\">Mindest. Bodenfreiheit<\/td>\n<td width=\"284\">80mm<\/td>\n<\/tr>\n<tr>\n<td width=\"284\">Verfolgen Sie die Bodenl\u00e4nge<\/td>\n<td width=\"284\">1140 mm<\/td>\n<\/tr>\n<tr>\n<td width=\"284\">Spurbreite<\/td>\n<td width=\"284\">150mm<\/td>\n<\/tr>\n<\/tbody>\n<\/table>\n<p>Minibagger Minibagger Bagger 1 Tonnen 2 Tonnen 3 Tonnen Kleinbagger 3,5 Tonnen Kompaktbagger EPA CE EURO 5 Pellet-Minibagger<\/p>\n<p>CE EPA CE EURO5 ISO<\/p>","protected":false},"excerpt":{"rendered":"<p><img loading=\"lazy\" decoding=\"async\" class=\"aligncenter size-full wp-image-3119\" src=\"https:\/\/satisfybot.com\/wp-content\/uploads\/2023\/09\/importantimport-components.jpg\" alt=\"\" width=\"790\" height=\"842\" srcset=\"https:\/\/satisfybot.com\/wp-content\/uploads\/2023\/09\/importantimport-components.jpg 790w, https:\/\/satisfybot.com\/wp-content\/uploads\/2023\/09\/importantimport-components-281x300.jpg 281w, https:\/\/satisfybot.com\/wp-content\/uploads\/2023\/09\/importantimport-components-768x819.jpg 768w, https:\/\/satisfybot.com\/wp-content\/uploads\/2023\/09\/importantimport-components-11x12.jpg 11w, https:\/\/satisfybot.com\/wp-content\/uploads\/2023\/09\/importantimport-components-600x639.jpg 600w\" sizes=\"(max-width: 790px) 100vw, 790px\" \/><\/p>","protected":false},"featured_media":3105,"template":"","meta":{"site-sidebar-layout":"default","site-content-layout":"","ast-site-content-layout":"default","site-content-style":"default","site-sidebar-style":"default","ast-global-header-display":"","ast-banner-title-visibility":"","ast-main-header-display":"","ast-hfb-above-header-display":"","ast-hfb-below-header-display":"","ast-hfb-mobile-header-display":"","site-post-title":"","ast-breadcrumbs-content":"","ast-featured-img":"","footer-sml-layout":"","ast-disable-related-posts":"","theme-transparent-header-meta":"default","adv-header-id-meta":"","stick-header-meta":"","header-above-stick-meta":"","header-main-stick-meta":"","header-below-stick-meta":"","astra-migrate-meta-layouts":"set","ast-page-background-enabled":"default","ast-page-background-meta":{"desktop":{"background-color":"","background-image":"","background-repeat":"repeat","background-position":"center center","background-size":"auto","background-attachment":"scroll","background-type":"","background-media":"","overlay-type":"","overlay-color":"","overlay-opacity":"","overlay-gradient":""},"tablet":{"background-color":"","background-image":"","background-repeat":"repeat","background-position":"center center","background-size":"auto","background-attachment":"scroll","background-type":"","background-media":"","overlay-type":"","overlay-color":"","overlay-opacity":"","overlay-gradient":""},"mobile":{"background-color":"","background-image":"","background-repeat":"repeat","background-position":"center center","background-size":"auto","background-attachment":"scroll","background-type":"","background-media":"","overlay-type":"","overlay-color":"","overlay-opacity":"","overlay-gradient":""}},"ast-content-background-meta":{"desktop":{"background-color":"var(--ast-global-color-5)","background-image":"","background-repeat":"repeat","background-position":"center center","background-size":"auto","background-attachment":"scroll","background-type":"","background-media":"","overlay-type":"","overlay-color":"","overlay-opacity":"","overlay-gradient":""},"tablet":{"background-color":"var(--ast-global-color-5)","background-image":"","background-repeat":"repeat","background-position":"center center","background-size":"auto","background-attachment":"scroll","background-type":"","background-media":"","overlay-type":"","overlay-color":"","overlay-opacity":"","overlay-gradient":""},"mobile":{"background-color":"var(--ast-global-color-5)","background-image":"","background-repeat":"repeat","background-position":"center center","background-size":"auto","background-attachment":"scroll","background-type":"","background-media":"","overlay-type":"","overlay-color":"","overlay-opacity":"","overlay-gradient":""}}},"product_brand":[],"product_cat":[28],"product_tag":[],"class_list":{"0":"post-3104","1":"product","2":"type-product","3":"status-publish","4":"has-post-thumbnail","6":"product_cat-excavator","7":"desktop-align-left","8":"tablet-align-left","9":"mobile-align-left","11":"first","12":"instock","13":"shipping-taxable","14":"product-type-simple"},"_links":{"self":[{"href":"https:\/\/satisfybot.com\/de\/wp-json\/wp\/v2\/product\/3104","targetHints":{"allow":["GET"]}}],"collection":[{"href":"https:\/\/satisfybot.com\/de\/wp-json\/wp\/v2\/product"}],"about":[{"href":"https:\/\/satisfybot.com\/de\/wp-json\/wp\/v2\/types\/product"}],"version-history":[{"count":11,"href":"https:\/\/satisfybot.com\/de\/wp-json\/wp\/v2\/product\/3104\/revisions"}],"predecessor-version":[{"id":3231,"href":"https:\/\/satisfybot.com\/de\/wp-json\/wp\/v2\/product\/3104\/revisions\/3231"}],"wp:featuredmedia":[{"embeddable":true,"href":"https:\/\/satisfybot.com\/de\/wp-json\/wp\/v2\/media\/3105"}],"wp:attachment":[{"href":"https:\/\/satisfybot.com\/de\/wp-json\/wp\/v2\/media?parent=3104"}],"wp:term":[{"taxonomy":"product_brand","embeddable":true,"href":"https:\/\/satisfybot.com\/de\/wp-json\/wp\/v2\/product_brand?post=3104"},{"taxonomy":"product_cat","embeddable":true,"href":"https:\/\/satisfybot.com\/de\/wp-json\/wp\/v2\/product_cat?post=3104"},{"taxonomy":"product_tag","embeddable":true,"href":"https:\/\/satisfybot.com\/de\/wp-json\/wp\/v2\/product_tag?post=3104"}],"curies":[{"name":"wp","href":"https:\/\/api.w.org\/{rel}","templated":true}]}}