{"id":3206,"date":"2023-09-13T06:44:34","date_gmt":"2023-09-13T06:44:34","guid":{"rendered":"https:\/\/satisfybot.com\/?post_type=product&#038;p=3206"},"modified":"2023-09-15T05:22:07","modified_gmt":"2023-09-15T05:22:07","slug":"mini-excavator-for-sale-small-1ton-excavator-compact-excavator-mini-digger-bagger-epa-ce-euro-5-crawler-excavator","status":"publish","type":"product","link":"https:\/\/satisfybot.com\/de\/produkt\/mini-excavator-for-sale-small-1ton-excavator-compact-excavator-mini-digger-bagger-epa-ce-euro-5-crawler-excavator\/","title":{"rendered":"Minibagger zu verkaufen 1ton kleiner Bagger Kompaktbagger Minibagger Bagger EPA CE EURO 5 Raupenbagger"},"content":{"rendered":"<section class=\"w1200 hadt proinfotit\">\n<div id=\"slideBox1\" class=\"slideBox1\">\n<div class=\"bd1\">\n<p><img decoding=\"async\" title=\"HT-10B 1T Minibagger\" src=\"https:\/\/www.hightopmachinery.com\/sqEditor\/attached\/image\/20220623\/20220623162901_8110.jpg\" alt=\"HT-10B 1T Mini Excavator\" \/><\/p>\n<\/div>\n<\/div>\n<div class=\"proinfotm\">\n<h1>HT-10B 1T Minibagger<\/h1>\n<div class=\"prokew\">\n<ul>\n<li>\n<h2>HT-10B Minibagger<\/h2>\n<\/li>\n<li>\n<h2>1T Minibagger<\/h2>\n<\/li>\n<li>\n<h2>Minibagger<\/h2>\n<\/li>\n<\/ul>\n<\/div>\n<p>Die wichtigen Komponenten der Maschine aus entwickelten L\u00e4ndern: Japanische Haupthydraulikpumpe, italienisches Hauptventil, italienischer Schwenkmotor und Fahrmotor.<\/p>\n<\/div>\n<\/section>\n<section class=\"w1200 hadt proinfomain\">\n<div class=\"promtit\">\n<h2>Beschreibung des Minibaggers HT-10B 1T<\/h2>\n<\/div>\n<div class=\"aboutmain promain\">\n<h2>HT-10B 1T Minibagger Vorteil<\/h2>\n<ol>\n<li>Die wichtigen Komponenten der Maschine aus entwickelten L\u00e4ndern: japanische Haupthydraulikpumpe, italienisches Hauptventil, italienischer Schwenkmotor und Fahrmotor.<\/li>\n<li>Verwenden Sie den inl\u00e4ndischen Motor der bekannten Marke Changchai 192F mit starker Leistung und stabilem Betrieb oder den beliebten Koop-Motor, um den europ\u00e4ischen Emissionsbedarf zu decken. Arbeiten Sie mit US BRIGGS &amp; STRATTON Engine zusammen, um die Emissionsanforderungen der USA zu erf\u00fcllen.<\/li>\n<\/ol>\n<p>Andere Fabriken k\u00f6nnen nur herk\u00f6mmliche Dieselmotoren verwenden, die die Emissionsanforderungen in den USA und Europa nicht erf\u00fcllen k\u00f6nnen.<\/p>\n<ol start=\"3\">\n<li>Die Hydraulikleitungen wurden alle von der Firma Continental AG, Deutschland, importiert. Nicht leicht zu lecken.<\/li>\n<\/ol>\n<p>Andere Fabriken verwenden Hochdruckrohre von geringerer Qualit\u00e4t, die nach einem Jahr Betrieb \u00fcberall undicht sind.<\/p>\n<p>Am Heck der Maschine ist ein Gegengewicht von 4.100 kg angebracht, wodurch die Maschine stabiler und kraftvoller arbeitet<\/p>\n<ol start=\"5\">\n<li>Die Strukturteile der Maschine werden von Herstellern bearbeitet, die Japan Komatsu unterst\u00fctzen, und das gesamte Fahrzeug wird kugelgestrahlt, gebeizt, phosphatiert und bespr\u00fcht, was die Haftung der Lackmolek\u00fcle erh\u00f6ht und haltbarer, nicht ausbleichend und glatter ist.<\/li>\n<\/ol>\n<p>Bei anderen Herstellern gibt es diese Verfahren nicht, sie polieren und spr\u00fchen nur Farbe auf, die leicht rosten kann<\/p>\n<ol start=\"6\">\n<li>Die Maschine ist mit einem Druckminderventil ausgestattet, das den Start beim Starten der Maschine erleichtert.<\/li>\n<\/ol>\n<p>Kein Druckminderventil, schwer zu startende Maschine.<\/p>\n<ol start=\"7\">\n<li>Die L\u00e4nge des Planierschilds kann je nach Arbeitsumfang angepasst werden: 84 cm bis 105 cm, die Arbeitsh\u00f6he des Planierschilds kann von -15 cm bis maximal 15 cm eingestellt werden.<\/li>\n<\/ol>\n<p>Andere Fabriken k\u00f6nnen nur eine feste L\u00e4nge von 1000 mm herstellen<\/p>\n<ol start=\"8\">\n<li>Die Raupenkette kann von mindestens 830 auf maximal 1000 mm ausgefahren werden, wodurch auch engere Stellen durchquert werden k\u00f6nnen.<\/li>\n<\/ol>\n<p>Der Radstand anderer Fabriken kann nur auf einen festen Wert von 910 mm ausgelegt werden<\/p>\n<p>9: Der Ausleger kann um 60 Grad nach links und rechts abgelenkt werden, was die Arbeit flexibler macht.<\/p>\n<p>Andere Fabriken k\u00f6nnen nur einen festen Ausleger entwerfen oder ihn nur um 30 Grad drehen.<\/p>\n<p>&nbsp;<\/p>\n<h2>Parameter des Minibaggers HT-10B 1T<\/h2>\n<table border=\"1\">\n<tbody>\n<tr>\n<td>Modell<\/td>\n<td>HT-10<\/td>\n<\/tr>\n<tr>\n<td>Gewicht<\/td>\n<td>1000kg<\/td>\n<\/tr>\n<tr>\n<td>Fassungsverm\u00f6gen der Grabschaufel<\/td>\n<td>0,025 cbm\/120 kg<\/td>\n<\/tr>\n<tr>\n<td>Schaufelbreite<\/td>\n<td>380mm<\/td>\n<\/tr>\n<tr>\n<td>Motor<\/td>\n<td>\n<div>KOOP 192F<\/div>\n<\/td>\n<\/tr>\n<tr>\n<td>Optionaler Motor<\/td>\n<td>BRIGGS &amp; STRATTON YANMAR<\/td>\n<\/tr>\n<tr>\n<td>Bohrhub<\/td>\n<td>Einzylinder, l\u00fcftergek\u00fchlt<\/td>\n<\/tr>\n<tr>\n<td>Nennleistung<\/td>\n<td>\n<div>7 kW\/3000 U\/min<\/div>\n<\/td>\n<\/tr>\n<tr>\n<td>Hauptpumpe<\/td>\n<td>\n<div>G5-6<\/div>\n<\/td>\n<\/tr>\n<tr>\n<td>Verschiebung<\/td>\n<td>6,8 ml\/U<\/td>\n<\/tr>\n<tr>\n<td>Schwenkmotor<\/td>\n<td>\n<div>SANYANG (BMRS-250)<\/div>\n<\/td>\n<\/tr>\n<tr>\n<td>Fahrmotor<\/td>\n<td>\n<div>SANYANG (BMT-245)<\/div>\n<\/td>\n<\/tr>\n<tr>\n<td>Reisegeschwindigkeit<\/td>\n<td>1. 5 km\/h<\/td>\n<\/tr>\n<tr>\n<td>Hauptabmessungen<\/td>\n<td><\/td>\n<\/tr>\n<tr>\n<td>Gesamtabmessungen (LxBxH)<\/td>\n<td>2775 x 930 x 2219 mm<\/td>\n<\/tr>\n<tr>\n<td>Radstand<\/td>\n<td>\n<div>910 mm<\/div>\n<\/td>\n<\/tr>\n<tr>\n<td>Gesamtl\u00e4nge der Strecke<\/td>\n<td>1230 mm<\/td>\n<\/tr>\n<tr>\n<td>Bodenfreiheit der Plattform<\/td>\n<td>380mm<\/td>\n<\/tr>\n<tr>\n<td>Wenderadius der Plattformr\u00fcckseite<\/td>\n<td>784 mm<\/td>\n<\/tr>\n<tr>\n<td>Fahrgestellbreite<\/td>\n<td>896 mm<\/td>\n<\/tr>\n<tr>\n<td>Spurbreite<\/td>\n<td>180 mm<\/td>\n<\/tr>\n<tr>\n<td>Bodenfreiheit des Fahrgestells<\/td>\n<td>132 mm<\/td>\n<\/tr>\n<tr>\n<td>Spurh\u00f6he<\/td>\n<td>320 mm<\/td>\n<\/tr>\n<tr>\n<td>Arbeitsbereich<\/td>\n<td><\/td>\n<\/tr>\n<tr>\n<td>Max. Grabtiefe<\/td>\n<td>1650 mm<\/td>\n<\/tr>\n<tr>\n<td>Max. Vertikale Grabtiefe<\/td>\n<td>1375 mm<\/td>\n<\/tr>\n<tr>\n<td>Max. Grabh\u00f6he<\/td>\n<td>2610 mm<\/td>\n<\/tr>\n<tr>\n<td>Max. Aussch\u00fctth\u00f6he<\/td>\n<td>1850 mm<\/td>\n<\/tr>\n<tr>\n<td>Max. Grabradius am Boden<\/td>\n<td>2850 mm<\/td>\n<\/tr>\n<tr>\n<td>Mindest. Rotationsradius<\/td>\n<td>1330 mm<\/td>\n<\/tr>\n<tr>\n<td>Max. Verbessern Sie die H\u00f6he des Bulldozerschilds<\/td>\n<td>345mm<\/td>\n<\/tr>\n<tr>\n<td>Max. Grabtiefe des Bulldozerschilds<\/td>\n<td>255 mm<\/td>\n<\/tr>\n<tr>\n<td><\/td>\n<td><\/td>\n<\/tr>\n<\/tbody>\n<\/table>\n<\/div>\n<\/section>\n<h3><b class=\"magic-10\"><span class=\"magic-25\">Merkmale des Satisfybot MINIBAGGER:<\/span><\/b><\/h3>\n<p><span class=\"magic-9\" style=\"color: #000000;\"><span class=\"magic-15\">1. Bagger mit kompakten Abmessungen k\u00f6nnen problemlos durch enge Durchg\u00e4nge und T\u00fcren fahren. <\/span><\/span><\/p>\n<p><span class=\"magic-9\" style=\"color: #000000;\"><span class=\"magic-15\">2. Einziehbares Fahrwerk und Planierschild erm\u00f6glichen die Konfiguration der Bagger f\u00fcr hervorragende Arbeitsstabilit\u00e4t und optimale Leistung. <\/span><\/span><\/p>\n<p><span class=\"magic-9\" style=\"color: #000000;\"><span class=\"magic-15\">3. Leistungsstarker Motor und perfekt abgestimmte Hydraulik sorgen f\u00fcr effiziente, wirtschaftliche und zuverl\u00e4ssige Leistung bei schwierigsten Eins\u00e4tzen. <\/span><\/span><\/p>\n<p><span class=\"magic-9\" style=\"color: #000000;\"><span class=\"magic-15\">4. Die Schaufelschl\u00e4uche liegen gut gesch\u00fctzt im Ausleger und der Zylinder ist \u00fcber der Struktur montiert. <\/span><\/span><\/p>\n<p><span class=\"magic-9\" style=\"color: #000000;\"><span class=\"magic-15\">5. Der Fahrerbereich ist ger\u00e4umig und so gestaltet, dass er Komfort und einfache Bedienung bietet. <\/span><\/span><\/p>\n<p><span class=\"magic-9\" style=\"color: #000000;\"><span class=\"magic-15\">6. Ausgezeichneter Motor (in Japan, Italien und im Inland hergestellt) bietet hervorragende Leistung bei minimalem Kraftstoffverbrauch f\u00fcr mehr Produktivit\u00e4t pro Tank. Chinesischer 0,8-3,5-Tonnen-Mini-Raupenbagger<\/span><\/span><\/p>\n<h3>Video zum 1-Tonnen-Minibagger<\/h3>\n<div style=\"width: 1280px;\" class=\"wp-video\"><!--[if lt IE 9]><script>document.createElement('video');<\/script><![endif]-->\n<video class=\"wp-video-shortcode\" id=\"video-3206-1\" width=\"1280\" height=\"720\" preload=\"metadata\" controls=\"controls\"><source type=\"video\/mp4\" src=\"https:\/\/satisfybot.com\/wp-content\/uploads\/2023\/09\/1.0-ton.mp4?_=1\" \/><a href=\"https:\/\/satisfybot.com\/wp-content\/uploads\/2023\/09\/1.0-ton.mp4\">https:\/\/satisfybot.com\/wp-content\/uploads\/2023\/09\/1.0-ton.mp4<\/a><\/video><\/div>\n<p>&nbsp;<\/p>\n<section class=\"w1200 hadt proinfomain\">\n<section class=\"w1200 hadt proinfomain\">\n<div class=\"aboutmain promain\"><span style=\"font-size: 16px;\">Minibagger Minibagger Bagger 1ton 2ton 3ton Kleinbagger 3,5ton Kompaktbagger EPA CE EURO 5 Minibagger<\/span><\/div>\n<\/section>\n<p>CE EPA CE EURO5 ISO<\/p>\n<\/section>","protected":false},"excerpt":{"rendered":"<p>HT-10B 1T Mini Excavator HT-10B Mini Excavator 1T Mini Excavator Mini Excavator The important components on the machine from developed countries :Japan main hydraulic pump,Italy main valve ,Italy swing motor and travelling motor . HT-10B 1T Mini Excavator Description HT-10B 1T\u00a0Mini Excavator\u00a0Advantage The important components on the machine from developed countries:Japan main hydraulic pump,Italy main [&hellip;]<\/p>","protected":false},"featured_media":3207,"template":"","meta":{"site-sidebar-layout":"default","site-content-layout":"","ast-site-content-layout":"default","site-content-style":"default","site-sidebar-style":"default","ast-global-header-display":"","ast-banner-title-visibility":"","ast-main-header-display":"","ast-hfb-above-header-display":"","ast-hfb-below-header-display":"","ast-hfb-mobile-header-display":"","site-post-title":"","ast-breadcrumbs-content":"","ast-featured-img":"","footer-sml-layout":"","ast-disable-related-posts":"","theme-transparent-header-meta":"default","adv-header-id-meta":"","stick-header-meta":"","header-above-stick-meta":"","header-main-stick-meta":"","header-below-stick-meta":"","astra-migrate-meta-layouts":"set","ast-page-background-enabled":"default","ast-page-background-meta":{"desktop":{"background-color":"","background-image":"","background-repeat":"repeat","background-position":"center center","background-size":"auto","background-attachment":"scroll","background-type":"","background-media":"","overlay-type":"","overlay-color":"","overlay-opacity":"","overlay-gradient":""},"tablet":{"background-color":"","background-image":"","background-repeat":"repeat","background-position":"center center","background-size":"auto","background-attachment":"scroll","background-type":"","background-media":"","overlay-type":"","overlay-color":"","overlay-opacity":"","overlay-gradient":""},"mobile":{"background-color":"","background-image":"","background-repeat":"repeat","background-position":"center center","background-size":"auto","background-attachment":"scroll","background-type":"","background-media":"","overlay-type":"","overlay-color":"","overlay-opacity":"","overlay-gradient":""}},"ast-content-background-meta":{"desktop":{"background-color":"var(--ast-global-color-5)","background-image":"","background-repeat":"repeat","background-position":"center center","background-size":"auto","background-attachment":"scroll","background-type":"","background-media":"","overlay-type":"","overlay-color":"","overlay-opacity":"","overlay-gradient":""},"tablet":{"background-color":"var(--ast-global-color-5)","background-image":"","background-repeat":"repeat","background-position":"center center","background-size":"auto","background-attachment":"scroll","background-type":"","background-media":"","overlay-type":"","overlay-color":"","overlay-opacity":"","overlay-gradient":""},"mobile":{"background-color":"var(--ast-global-color-5)","background-image":"","background-repeat":"repeat","background-position":"center center","background-size":"auto","background-attachment":"scroll","background-type":"","background-media":"","overlay-type":"","overlay-color":"","overlay-opacity":"","overlay-gradient":""}}},"product_brand":[],"product_cat":[28],"product_tag":[],"class_list":{"0":"post-3206","1":"product","2":"type-product","3":"status-publish","4":"has-post-thumbnail","6":"product_cat-excavator","7":"desktop-align-left","8":"tablet-align-left","9":"mobile-align-left","11":"first","12":"instock","13":"shipping-taxable","14":"product-type-simple"},"_links":{"self":[{"href":"https:\/\/satisfybot.com\/de\/wp-json\/wp\/v2\/product\/3206","targetHints":{"allow":["GET"]}}],"collection":[{"href":"https:\/\/satisfybot.com\/de\/wp-json\/wp\/v2\/product"}],"about":[{"href":"https:\/\/satisfybot.com\/de\/wp-json\/wp\/v2\/types\/product"}],"version-history":[{"count":9,"href":"https:\/\/satisfybot.com\/de\/wp-json\/wp\/v2\/product\/3206\/revisions"}],"predecessor-version":[{"id":3216,"href":"https:\/\/satisfybot.com\/de\/wp-json\/wp\/v2\/product\/3206\/revisions\/3216"}],"wp:featuredmedia":[{"embeddable":true,"href":"https:\/\/satisfybot.com\/de\/wp-json\/wp\/v2\/media\/3207"}],"wp:attachment":[{"href":"https:\/\/satisfybot.com\/de\/wp-json\/wp\/v2\/media?parent=3206"}],"wp:term":[{"taxonomy":"product_brand","embeddable":true,"href":"https:\/\/satisfybot.com\/de\/wp-json\/wp\/v2\/product_brand?post=3206"},{"taxonomy":"product_cat","embeddable":true,"href":"https:\/\/satisfybot.com\/de\/wp-json\/wp\/v2\/product_cat?post=3206"},{"taxonomy":"product_tag","embeddable":true,"href":"https:\/\/satisfybot.com\/de\/wp-json\/wp\/v2\/product_tag?post=3206"}],"curies":[{"name":"wp","href":"https:\/\/api.w.org\/{rel}","templated":true}]}}