{"id":3237,"date":"2023-09-18T06:30:53","date_gmt":"2023-09-18T06:30:53","guid":{"rendered":"https:\/\/satisfybot.com\/?post_type=product&#038;p=3237"},"modified":"2023-09-18T06:57:29","modified_gmt":"2023-09-18T06:57:29","slug":"mini-excavator-for-sale-2ton-2-5ton-small-excavator-compact-excavator-mini-digger-epa-ce-euro-5-crawler-mini-excavator","status":"publish","type":"product","link":"https:\/\/satisfybot.com\/de\/produkt\/mini-excavator-for-sale-2ton-2-5ton-small-excavator-compact-excavator-mini-digger-epa-ce-euro-5-crawler-mini-excavator\/","title":{"rendered":"Minibagger zum Verkauf 2 Tonnen 2,5 Tonnen Kleinbagger Kompaktbagger Minibagger EPA CE EURO 5 Raupen-Minibagger"},"content":{"rendered":"<h1>HT25 2,5T Minibagger<\/h1>\n<h2><img fetchpriority=\"high\" decoding=\"async\" class=\"aligncenter size-full wp-image-3238\" src=\"https:\/\/satisfybot.com\/wp-content\/uploads\/2023\/09\/Ht25.jpg\" alt=\"\" width=\"800\" height=\"800\" srcset=\"https:\/\/satisfybot.com\/wp-content\/uploads\/2023\/09\/Ht25.jpg 800w, https:\/\/satisfybot.com\/wp-content\/uploads\/2023\/09\/Ht25-300x300.jpg 300w, https:\/\/satisfybot.com\/wp-content\/uploads\/2023\/09\/Ht25-150x150.jpg 150w, https:\/\/satisfybot.com\/wp-content\/uploads\/2023\/09\/Ht25-768x768.jpg 768w, https:\/\/satisfybot.com\/wp-content\/uploads\/2023\/09\/Ht25-12x12.jpg 12w, https:\/\/satisfybot.com\/wp-content\/uploads\/2023\/09\/Ht25-600x600.jpg 600w, https:\/\/satisfybot.com\/wp-content\/uploads\/2023\/09\/Ht25-100x100.jpg 100w\" sizes=\"(max-width: 800px) 100vw, 800px\" \/><\/h2>\n<h2>HT25 2.5T Minibagger-Parmeter<\/h2>\n<table>\n<tbody>\n<tr>\n<td width=\"284\"><strong>Maschinengr\u00f6\u00dfe<\/strong><\/td>\n<td width=\"284\"><\/td>\n<\/tr>\n<tr>\n<td width=\"284\">Gesamtabmessungen (L*B*H)<\/td>\n<td width=\"284\">4170 mm * 1300 mm * 2280 mm<\/td>\n<\/tr>\n<tr>\n<td width=\"284\">Achsbasis (Spurl\u00e4nge am Boden)<\/td>\n<td width=\"284\">1230 mm<\/td>\n<\/tr>\n<tr>\n<td width=\"284\">Spurweite<\/td>\n<td width=\"284\">1070 mm<\/td>\n<\/tr>\n<tr>\n<td width=\"284\">Min. Bodenfreiheit<\/td>\n<td width=\"284\">230mm<\/td>\n<\/tr>\n<tr>\n<td width=\"284\">Schwungradius am Heck<\/td>\n<td width=\"284\">1180 mm<\/td>\n<\/tr>\n<tr>\n<td width=\"284\"><strong>Schienensystem<\/strong><\/td>\n<td width=\"284\"><\/td>\n<\/tr>\n<tr>\n<td width=\"284\">Maximale Fahrgeschwindigkeit<\/td>\n<td width=\"284\">3,5 km\/h<\/td>\n<\/tr>\n<tr>\n<td width=\"284\">Breite der Bodenplatte<\/td>\n<td width=\"284\">230mm<\/td>\n<\/tr>\n<tr>\n<td width=\"284\">Anzahl der Bodenplatten pro Seite<\/td>\n<td width=\"284\">38 St\u00fcck<\/td>\n<\/tr>\n<tr>\n<td width=\"284\">Anzahl der Oberwalzen pro Seite<\/td>\n<td width=\"284\">0<\/td>\n<\/tr>\n<tr>\n<td width=\"284\">Anzahl der unteren Rollen pro Seite<\/td>\n<td width=\"284\">4<\/td>\n<\/tr>\n<tr>\n<td width=\"284\"><strong>Leistungsparameter<\/strong><\/td>\n<td width=\"284\"><\/td>\n<\/tr>\n<tr>\n<td width=\"284\">Standard-Eimerkapazit\u00e4t<\/td>\n<td width=\"284\">0,1m\u00b3<\/td>\n<\/tr>\n<tr>\n<td width=\"284\">Schwunggeschwindigkeit<\/td>\n<td width=\"284\">12 U\/min<\/td>\n<\/tr>\n<tr>\n<td width=\"284\">Max. Notenf\u00e4higkeit<\/td>\n<td width=\"284\">30\u00b0<\/td>\n<\/tr>\n<tr>\n<td width=\"284\">Max. Grabkraft des L\u00f6ffels<\/td>\n<td width=\"284\">15,3 kN<\/td>\n<\/tr>\n<tr>\n<td width=\"284\">Max. Grabkraft des Arms<\/td>\n<td width=\"284\">10,5 kN<\/td>\n<\/tr>\n<tr>\n<td width=\"284\">Druck des Hydrauliksystems<\/td>\n<td width=\"284\">18 MPa<\/td>\n<\/tr>\n<tr>\n<td width=\"284\">Maschinengewicht<\/td>\n<td width=\"284\">2500kg<\/td>\n<\/tr>\n<tr>\n<td width=\"284\">Arml\u00e4nge<\/td>\n<td width=\"284\">1000mm<\/td>\n<\/tr>\n<tr>\n<td width=\"284\"><strong>Motor<\/strong><\/td>\n<td width=\"284\"><\/td>\n<\/tr>\n<tr>\n<td width=\"284\">Emissionsstandard<\/td>\n<td width=\"284\">Euro5\/EPA<\/td>\n<\/tr>\n<tr>\n<td width=\"284\">Motormodell<\/td>\n<td width=\"284\">KUOBTA<\/td>\n<\/tr>\n<tr>\n<td width=\"284\">Leistung\/Rotationsgeschwindigkeit<\/td>\n<td width=\"284\">14,1 kW (20 PS) 2000 U\/min<\/td>\n<\/tr>\n<tr>\n<td width=\"284\">Optionaler Motor<\/td>\n<td width=\"284\">China Laidong 22,1 kW, 2300 U\/min<\/td>\n<\/tr>\n<tr>\n<td width=\"284\">Anzahl der Zylinder<\/td>\n<td width=\"284\">3<\/td>\n<\/tr>\n<tr>\n<td width=\"284\"><strong>Arbeitsbereich<\/strong><\/td>\n<td width=\"284\"><\/td>\n<\/tr>\n<tr>\n<td width=\"284\">Max. Grabh\u00f6he<\/td>\n<td width=\"284\">3700 mm<\/td>\n<\/tr>\n<tr>\n<td width=\"284\">Max. Aussch\u00fctth\u00f6he<\/td>\n<td width=\"284\">2290 mm<\/td>\n<\/tr>\n<tr>\n<td width=\"284\">Max. Grabtiefe<\/td>\n<td width=\"284\">2450 mm<\/td>\n<\/tr>\n<tr>\n<td width=\"284\">Max. Vertikale Grabtiefe<\/td>\n<td width=\"284\">2160 mm<\/td>\n<\/tr>\n<tr>\n<td width=\"284\">Max. Grabradius<\/td>\n<td width=\"284\">4370 mm<\/td>\n<\/tr>\n<tr>\n<td width=\"284\">Min. Schwenkradius<\/td>\n<td width=\"284\">2020mm<\/td>\n<\/tr>\n<tr>\n<td width=\"284\">Max. Hubh\u00f6he der Klinge<\/td>\n<td width=\"284\">240mm<\/td>\n<\/tr>\n<tr>\n<td width=\"284\">Max. Schnitttiefe der Klinge<\/td>\n<td width=\"284\">310mm<\/td>\n<\/tr>\n<tr>\n<td width=\"284\">Schwenkwinkel des Auslegers (links)<\/td>\n<td width=\"284\">75\u00b0<\/td>\n<\/tr>\n<tr>\n<td width=\"284\">Schwenkwinkel des Auslegers (rechts)<\/td>\n<td width=\"284\">45\u00b0<\/td>\n<\/tr>\n<\/tbody>\n<\/table>\n<h2>&#8212;&#8212;&#8212;&#8212;&#8212;&#8212;&#8212;&#8212;&#8212;&#8212;&#8212;&#8212;&#8212;&#8212;&#8212;&#8212;&#8212;&#8212;&#8212;&#8212;&#8212;&#8212;&#8212;&#8212;&#8212;&#8212;&#8212;&#8212;&#8212;&#8212;&#8212;&#8212;&#8212;&#8212;&#8212;&#8212;&#8212;&#8212;&#8212;-<\/h2>\n<h2>Bilder des Minibaggers HT25-2<\/h2>\n<p><img decoding=\"async\" src=\"https:\/\/www.hightopmachinery.com\/sqEditor\/attached\/image\/20230207\/20230207153747_6031.jpg\" \/><\/p>\n<table style=\"font-weight: 400;\">\n<tbody>\n<tr>\n<td colspan=\"2\" width=\"568\"><strong>Modell:HT25-2<\/strong><\/td>\n<\/tr>\n<tr>\n<td width=\"284\">Emissionsstandard<\/td>\n<td width=\"284\">Tier 5\/Stufe V<\/td>\n<\/tr>\n<tr>\n<td width=\"284\">Machen<\/td>\n<td width=\"284\">KUBOTA<\/td>\n<\/tr>\n<tr>\n<td width=\"284\">Modell<\/td>\n<td width=\"284\">D1105<\/td>\n<\/tr>\n<tr>\n<td width=\"284\">Leistung\/Rotationsgeschwindigkeit<\/td>\n<td width=\"284\">14,1 kW (20 PS) bei 2000 U\/min<\/td>\n<\/tr>\n<tr>\n<td width=\"284\">Anzahl der Zylinder<\/td>\n<td width=\"284\">3<\/td>\n<\/tr>\n<tr>\n<td width=\"284\">Maximale Fahrgeschwindigkeit<\/td>\n<td width=\"284\">3 km-5,5 km\/h<\/td>\n<\/tr>\n<tr>\n<td width=\"284\">Breite der Bodenplatte<\/td>\n<td width=\"284\">250mm<\/td>\n<\/tr>\n<tr>\n<td width=\"284\">Anzahl der Bodenplatten pro Seite<\/td>\n<td width=\"284\">38 St\u00fcck<\/td>\n<\/tr>\n<tr>\n<td width=\"284\">Anzahl der Oberwalzen pro Seite<\/td>\n<td width=\"284\">1<\/td>\n<\/tr>\n<tr>\n<td width=\"284\">Anzahl der unteren Rollen pro Seite<\/td>\n<td width=\"284\">3<\/td>\n<\/tr>\n<tr>\n<td colspan=\"2\" width=\"568\"><strong>LEISTUNGSPARAMETER<\/strong><\/td>\n<\/tr>\n<tr>\n<td width=\"284\">Standard-Eimerkapazit\u00e4t<\/td>\n<td width=\"284\">0,07m\u00b3<\/td>\n<\/tr>\n<tr>\n<td width=\"284\">Schwunggeschwindigkeit<\/td>\n<td width=\"284\">9,5 U\/min<\/td>\n<\/tr>\n<tr>\n<td width=\"284\">Max. Notenf\u00e4higkeit<\/td>\n<td width=\"284\">35\u00b0<\/td>\n<\/tr>\n<tr>\n<td width=\"284\">Maximale Grabkraft des L\u00f6ffels<\/td>\n<td width=\"284\">19,5 kN<\/td>\n<\/tr>\n<tr>\n<td width=\"284\">Maximale Grabkraft des Arms<\/td>\n<td width=\"284\">11KN<\/td>\n<\/tr>\n<tr>\n<td width=\"284\">Druck des Hydrauliksystems<\/td>\n<td width=\"284\">21,5 MPa<\/td>\n<\/tr>\n<tr>\n<td width=\"284\">Maschinengewicht<\/td>\n<td width=\"284\">2480 kg<\/td>\n<\/tr>\n<tr>\n<td colspan=\"2\" width=\"568\"><strong>MASCHINENGR\u00d6SSE<\/strong><\/td>\n<\/tr>\n<tr>\n<td width=\"284\">Gesamtabmessungen (L*B*H)<\/td>\n<td width=\"284\">3850*1300\/1500*2290mm<\/td>\n<\/tr>\n<tr>\n<td width=\"284\">Chassis-Wiederherstellung<\/td>\n<td width=\"284\">1300 mm<\/td>\n<\/tr>\n<tr>\n<td width=\"284\">Chassis-Erweiterung<\/td>\n<td width=\"284\">1500 mm<\/td>\n<\/tr>\n<tr>\n<td width=\"284\">Achsbasis (Spurl\u00e4nge am Boden)<\/td>\n<td width=\"284\">1300 mm<\/td>\n<\/tr>\n<tr>\n<td width=\"284\">Min. Bodenfreiheit<\/td>\n<td width=\"284\">230mm<\/td>\n<\/tr>\n<tr>\n<td width=\"284\">Schwungradius am Heck<\/td>\n<td width=\"284\">750mm<\/td>\n<\/tr>\n<tr>\n<td colspan=\"2\" width=\"568\"><strong>Arbeitsbereich<\/strong><\/td>\n<\/tr>\n<tr>\n<td width=\"284\">Maximale Grabh\u00f6he<\/td>\n<td width=\"284\">3980 mm<\/td>\n<\/tr>\n<tr>\n<td width=\"284\">Maximale Sch\u00fctth\u00f6he<\/td>\n<td width=\"284\">2610 mm<\/td>\n<\/tr>\n<tr>\n<td width=\"284\">Maximale Grabtiefe<\/td>\n<td width=\"284\">2500 mm<\/td>\n<\/tr>\n<tr>\n<td width=\"284\">Maximale vertikale Grabtiefe<\/td>\n<td width=\"284\">2050 mm<\/td>\n<\/tr>\n<tr>\n<td width=\"284\">Maximaler Grabradius<\/td>\n<td width=\"284\">4130 mm<\/td>\n<\/tr>\n<tr>\n<td width=\"284\">Minimaler Schwenkradius<\/td>\n<td width=\"284\">1850 mm<\/td>\n<\/tr>\n<tr>\n<td width=\"284\">Maximale Hubh\u00f6he der Klinge<\/td>\n<td width=\"284\">280mm<\/td>\n<\/tr>\n<tr>\n<td width=\"284\">Maximale Schnitttiefe der Klinge<\/td>\n<td width=\"284\">310mm<\/td>\n<\/tr>\n<tr>\n<td width=\"284\">Schwenkwinkel des Auslegers (links)<\/td>\n<td width=\"284\">75\u00b0<\/td>\n<\/tr>\n<tr>\n<td width=\"284\">Schwenkwinkel des Auslegers (rechts)<\/td>\n<td width=\"284\">55\u00b0<\/td>\n<\/tr>\n<\/tbody>\n<\/table>\n<h3><b class=\"magic-10\"><span class=\"magic-25\">Merkmale des Satisfybot MINIBAGGER:<\/span><\/b><\/h3>\n<p><span class=\"magic-9\"><span class=\"magic-15\">1. Bagger mit kompakten Abmessungen k\u00f6nnen problemlos durch enge Durchg\u00e4nge und T\u00fcren fahren.<\/span><\/span><\/p>\n<p><span class=\"magic-9\"><span class=\"magic-15\">2. Einziehbares Fahrwerk und Planierschild erm\u00f6glichen die Konfiguration der Bagger f\u00fcr hervorragende Arbeitsstabilit\u00e4t und optimale Leistung.<\/span><\/span><\/p>\n<p><span class=\"magic-9\"><span class=\"magic-15\">3. Leistungsstarker Motor und perfekt abgestimmte Hydraulik sorgen f\u00fcr effiziente, wirtschaftliche und zuverl\u00e4ssige Leistung bei schwierigsten Eins\u00e4tzen.<\/span><\/span><\/p>\n<p><span class=\"magic-9\"><span class=\"magic-15\">4. Die Schaufelschl\u00e4uche liegen gut gesch\u00fctzt im Ausleger und der Zylinder ist \u00fcber der Struktur montiert.<\/span><\/span><\/p>\n<p><span class=\"magic-9\"><span class=\"magic-15\">5. Der Fahrerbereich ist ger\u00e4umig und so gestaltet, dass er Komfort und einfache Bedienung bietet.<\/span><\/span><\/p>\n<p><span class=\"magic-9\"><span class=\"magic-15\">6. Ausgezeichneter Motor (Option: Kubota, Koop, Laidong) bietet hervorragende Leistung bei minimalem Kraftstoffverbrauch f\u00fcr mehr Produktivit\u00e4t pro Tank. Chinesischer 0,8-3,5-Tonnen-Mini-Raupenbagger<\/span><\/span><\/p>\n<p>Preis f\u00fcr Kleinbagger<br \/>\nchinesischer Bagger<br \/>\nChina-Bagger<br \/>\nBaggerkatze zu verkaufen<br \/>\nChinesischer Bagger zu verkaufen<\/p>","protected":false},"excerpt":{"rendered":"<p>HT25 2.5T Mini Excavator HT25 2.5T\u00a0Mini Excavator Parmeter Machine Size Overall dimension (L*W*H) 4170mm*1300mm*2280mm Axle base(Track length on ground) 1230mm Track gauge 1070mm Min.Ground clearance 230mm Swing radius at tail 1180mm Track System Maximum Travel speed 3.5km\/h Width of track shoe 230mm Number of track shoe per side 38pcs Number of upper roller per side [&hellip;]<\/p>","protected":false},"featured_media":3238,"template":"","meta":{"site-sidebar-layout":"default","site-content-layout":"","ast-site-content-layout":"default","site-content-style":"default","site-sidebar-style":"default","ast-global-header-display":"","ast-banner-title-visibility":"","ast-main-header-display":"","ast-hfb-above-header-display":"","ast-hfb-below-header-display":"","ast-hfb-mobile-header-display":"","site-post-title":"","ast-breadcrumbs-content":"","ast-featured-img":"","footer-sml-layout":"","ast-disable-related-posts":"","theme-transparent-header-meta":"default","adv-header-id-meta":"","stick-header-meta":"","header-above-stick-meta":"","header-main-stick-meta":"","header-below-stick-meta":"","astra-migrate-meta-layouts":"set","ast-page-background-enabled":"default","ast-page-background-meta":{"desktop":{"background-color":"","background-image":"","background-repeat":"repeat","background-position":"center center","background-size":"auto","background-attachment":"scroll","background-type":"","background-media":"","overlay-type":"","overlay-color":"","overlay-opacity":"","overlay-gradient":""},"tablet":{"background-color":"","background-image":"","background-repeat":"repeat","background-position":"center center","background-size":"auto","background-attachment":"scroll","background-type":"","background-media":"","overlay-type":"","overlay-color":"","overlay-opacity":"","overlay-gradient":""},"mobile":{"background-color":"","background-image":"","background-repeat":"repeat","background-position":"center center","background-size":"auto","background-attachment":"scroll","background-type":"","background-media":"","overlay-type":"","overlay-color":"","overlay-opacity":"","overlay-gradient":""}},"ast-content-background-meta":{"desktop":{"background-color":"var(--ast-global-color-5)","background-image":"","background-repeat":"repeat","background-position":"center center","background-size":"auto","background-attachment":"scroll","background-type":"","background-media":"","overlay-type":"","overlay-color":"","overlay-opacity":"","overlay-gradient":""},"tablet":{"background-color":"var(--ast-global-color-5)","background-image":"","background-repeat":"repeat","background-position":"center center","background-size":"auto","background-attachment":"scroll","background-type":"","background-media":"","overlay-type":"","overlay-color":"","overlay-opacity":"","overlay-gradient":""},"mobile":{"background-color":"var(--ast-global-color-5)","background-image":"","background-repeat":"repeat","background-position":"center center","background-size":"auto","background-attachment":"scroll","background-type":"","background-media":"","overlay-type":"","overlay-color":"","overlay-opacity":"","overlay-gradient":""}}},"product_brand":[],"product_cat":[28],"product_tag":[],"class_list":{"0":"post-3237","1":"product","2":"type-product","3":"status-publish","4":"has-post-thumbnail","6":"product_cat-excavator","7":"desktop-align-left","8":"tablet-align-left","9":"mobile-align-left","11":"first","12":"instock","13":"shipping-taxable","14":"product-type-simple"},"_links":{"self":[{"href":"https:\/\/satisfybot.com\/de\/wp-json\/wp\/v2\/product\/3237","targetHints":{"allow":["GET"]}}],"collection":[{"href":"https:\/\/satisfybot.com\/de\/wp-json\/wp\/v2\/product"}],"about":[{"href":"https:\/\/satisfybot.com\/de\/wp-json\/wp\/v2\/types\/product"}],"version-history":[{"count":1,"href":"https:\/\/satisfybot.com\/de\/wp-json\/wp\/v2\/product\/3237\/revisions"}],"predecessor-version":[{"id":3241,"href":"https:\/\/satisfybot.com\/de\/wp-json\/wp\/v2\/product\/3237\/revisions\/3241"}],"wp:featuredmedia":[{"embeddable":true,"href":"https:\/\/satisfybot.com\/de\/wp-json\/wp\/v2\/media\/3238"}],"wp:attachment":[{"href":"https:\/\/satisfybot.com\/de\/wp-json\/wp\/v2\/media?parent=3237"}],"wp:term":[{"taxonomy":"product_brand","embeddable":true,"href":"https:\/\/satisfybot.com\/de\/wp-json\/wp\/v2\/product_brand?post=3237"},{"taxonomy":"product_cat","embeddable":true,"href":"https:\/\/satisfybot.com\/de\/wp-json\/wp\/v2\/product_cat?post=3237"},{"taxonomy":"product_tag","embeddable":true,"href":"https:\/\/satisfybot.com\/de\/wp-json\/wp\/v2\/product_tag?post=3237"}],"curies":[{"name":"wp","href":"https:\/\/api.w.org\/{rel}","templated":true}]}}