{"id":2033,"date":"2023-06-25T13:13:29","date_gmt":"2023-06-25T13:13:29","guid":{"rendered":"https:\/\/satisfybot.com\/?post_type=product&#038;p=2033"},"modified":"2023-06-25T13:29:59","modified_gmt":"2023-06-25T13:29:59","slug":"sinotruk-howo-a7-dump-truck","status":"publish","type":"product","link":"https:\/\/satisfybot.com\/es\/producto\/sinotruk-howo-a7-dump-truck\/","title":{"rendered":"Cami\u00f3n volquete Sinotruk Howo A7"},"content":{"rendered":"<p>\u00bfQu\u00e9 es el cami\u00f3n volquete Sinotruk Howo A7?<br \/>\nLa serie Howo A7 es una parte importante de Sinotruk, uno de los principales fabricantes de camiones en China. Los camiones volquete Howo son veh\u00edculos especialmente dise\u00f1ados capaces de transportar y descargar materiales sueltos como arena, piedras, carb\u00f3n, minerales, escombros, etc. Son lo suficientemente fuertes como para atravesar terrenos y caminos de monta\u00f1a que transportan mercanc\u00edas y cargas pesadas.<\/p>\n<p>\u00bfPor qu\u00e9 elegir el cami\u00f3n volquete Sinotruk Howo A7?<br \/>\nSi est\u00e1 buscando camiones volquete confiables, eficientes y econ\u00f3micos, nuestros camiones volquete Howo son la opci\u00f3n ideal. Est\u00e1 dise\u00f1ado para condiciones de trabajo duras y extremas con una capacidad de servicio pesado que garantiza la m\u00e1xima estabilidad, seguridad, facilidad de conducci\u00f3n mejorada y estabilidad.<\/p>\n<p>El cami\u00f3n volquete Howo es econ\u00f3mico debido a su material de aleaci\u00f3n resistente al desgaste avanzado, que puede reducir el costo de las piezas de desgaste. Adem\u00e1s, el dise\u00f1o de la carrocer\u00eda del cami\u00f3n permite una f\u00e1cil carga y descarga, as\u00ed como un f\u00e1cil acceso a la parte trasera del cami\u00f3n. Adem\u00e1s, el veh\u00edculo cuenta con una distancia entre ejes doble, una cabina inclinada horizontalmente y un dise\u00f1o de doble eje para garantizar que el peso se distribuya uniformemente en todo el cami\u00f3n, lo que aumenta la estabilidad y reduce los da\u00f1os al cami\u00f3n.<\/p>\n<h2><strong>Especificaci\u00f3n del cami\u00f3n volquete Sinotruk Howo A7<\/strong><\/h2>\n<table border=\"1\" cellspacing=\"0\" cellpadding=\"0\" align=\"center\">\n<tbody>\n<tr>\n<td class=\"et2\" width=\"277\" height=\"18\">Marca de camiones<\/td>\n<td class=\"et2\" width=\"315\">SINOTRUK-HOWO<\/td>\n<\/tr>\n<tr>\n<td class=\"et2\" width=\"277\" height=\"36\">Estilo de conducci\u00f3n<\/td>\n<td class=\"et2\" width=\"315\">Conducci\u00f3n a la izquierda o conducci\u00f3n a la derecha<\/td>\n<\/tr>\n<tr>\n<td class=\"et2\" width=\"277\" height=\"18\">Tama\u00f1o del cuerpo de carga (L*W*H, mm)<\/td>\n<td class=\"et2\" width=\"315\">9400\u00d72300\u00d71000mm<\/td>\n<\/tr>\n<tr>\n<td class=\"et2\" width=\"277\" height=\"18\">Espesor de carga (mm)<\/td>\n<td class=\"et2\" width=\"315\">Parte inferior: 8, Lado: 6 mm<\/td>\n<\/tr>\n<tr>\n<td class=\"et2\" width=\"277\" height=\"18\">Tipo de elevaci\u00f3n del carro<\/td>\n<td class=\"et2\" width=\"315\">ELEVACI\u00d3N DELANTERA<\/td>\n<\/tr>\n<tr>\n<td class=\"et2\" width=\"277\" height=\"18\">Peso de carga (T)<\/td>\n<td class=\"et2\" width=\"315\">25&#8211;70<\/td>\n<\/tr>\n<tr>\n<td class=\"et2\" width=\"277\" height=\"18\">Tipo de combustible<\/td>\n<td class=\"et2\" width=\"315\">Diesel<\/td>\n<\/tr>\n<tr>\n<td class=\"et2\" width=\"277\" height=\"18\">caballos de fuerza<\/td>\n<td class=\"et2\" width=\"315\">250-450HP<\/td>\n<\/tr>\n<tr>\n<td class=\"et2\" width=\"277\" height=\"18\">Emisi\u00f3n<\/td>\n<td class=\"et2\" width=\"315\">EURO II o EURO III<\/td>\n<\/tr>\n<tr>\n<td class=\"et2\" width=\"277\" height=\"54\">Modelo de motor<\/td>\n<td class=\"et2\" width=\"315\">WD615, refrigerado por agua, cuatro tiempos, 6 cilindros en l\u00ednea con refrigeraci\u00f3n por agua, inyecci\u00f3n directa<\/td>\n<\/tr>\n<tr>\n<td class=\"et2\" width=\"277\" height=\"18\">Transmisi\u00f3n<\/td>\n<td class=\"et2\" width=\"315\">HW15710,10 adelante y 2 atr\u00e1s<\/td>\n<\/tr>\n<tr>\n<td class=\"et2\" width=\"277\" height=\"36\">Sistema de direcci\u00f3n<\/td>\n<td class=\"et2\" width=\"315\">Direcci\u00f3n hidr\u00e1ulica ZF8118 con asistencia el\u00e9ctrica<\/td>\n<\/tr>\n<tr>\n<td class=\"et2\" width=\"277\" height=\"36\">Eje frontal<\/td>\n<td class=\"et2\" width=\"315\">HF9 , Direcci\u00f3n con viga de doble secci\u00f3n transversal en T<\/td>\n<\/tr>\n<tr>\n<td class=\"et2\" width=\"277\" height=\"54\">Eje posterior<\/td>\n<td class=\"et2\" width=\"315\">HC16, Caja de eje prensada, doble reducci\u00f3n central con bloqueos de diferencial entre ejes y ruedas<\/td>\n<\/tr>\n<\/tbody>\n<\/table>\n<h2><strong>Embalaje y transporte<\/strong><\/h2>\n<p>Por lo general, nuestros camiones se pueden transportar en botes rodantes, barcos a granel, contenedores o tabletas.<\/p>\n<p>Detalles de empaquetado: Rolling o granel se basa en los barcos y puertos de su pa\u00eds\/regi\u00f3n. Si el cami\u00f3n est\u00e1 en la plataforma, rociaremos pintura libre de \u00f3xido. Normalmente ponemos el cami\u00f3n en la cabina.<\/p>\n<p>Delivery details:35-30 days after receiving 15%deposit<\/p>\n<p><img fetchpriority=\"high\" decoding=\"async\" class=\"aligncenter wp-image-2038 size-large\" src=\"https:\/\/satisfybot.com\/wp-content\/uploads\/2023\/06\/\u5fae\u4fe1\u622a\u56fe_20230625211202-1024x654.png\" alt=\"Sinotruk Howo A7 Dump Truck\" width=\"1024\" height=\"654\" srcset=\"https:\/\/satisfybot.com\/wp-content\/uploads\/2023\/06\/\u5fae\u4fe1\u622a\u56fe_20230625211202-1024x654.png 1024w, https:\/\/satisfybot.com\/wp-content\/uploads\/2023\/06\/\u5fae\u4fe1\u622a\u56fe_20230625211202-600x383.png 600w, https:\/\/satisfybot.com\/wp-content\/uploads\/2023\/06\/\u5fae\u4fe1\u622a\u56fe_20230625211202-300x192.png 300w, https:\/\/satisfybot.com\/wp-content\/uploads\/2023\/06\/\u5fae\u4fe1\u622a\u56fe_20230625211202-768x491.png 768w, https:\/\/satisfybot.com\/wp-content\/uploads\/2023\/06\/\u5fae\u4fe1\u622a\u56fe_20230625211202.png 1215w\" sizes=\"(max-width: 1024px) 100vw, 1024px\" \/><\/p>\n<p>&nbsp;<\/p>","protected":false},"excerpt":{"rendered":"<p>What is Sinotruk Howo A7 Dump Truck? The Howo A7 series is an important part of Sinotruk, one of the leading truck manufacturers in China. Howo dump trucks are specially designed vehicles capable of carrying and dumping loose materials such as sand, stones, coal, ore, debris, etc. They are strong enough so they can traverse [&hellip;]<\/p>","protected":false},"featured_media":2059,"template":"","meta":{"site-sidebar-layout":"default","site-content-layout":"default","ast-site-content-layout":"default","site-content-style":"default","site-sidebar-style":"default","ast-global-header-display":"","ast-banner-title-visibility":"","ast-main-header-display":"","ast-hfb-above-header-display":"","ast-hfb-below-header-display":"","ast-hfb-mobile-header-display":"","site-post-title":"","ast-breadcrumbs-content":"","ast-featured-img":"","footer-sml-layout":"","ast-disable-related-posts":"","theme-transparent-header-meta":"default","adv-header-id-meta":"","stick-header-meta":"","header-above-stick-meta":"","header-main-stick-meta":"","header-below-stick-meta":"","astra-migrate-meta-layouts":"default","ast-page-background-enabled":"default","ast-page-background-meta":{"desktop":{"background-color":"","background-image":"","background-repeat":"repeat","background-position":"center center","background-size":"auto","background-attachment":"scroll","background-type":"","background-media":"","overlay-type":"","overlay-color":"","overlay-opacity":"","overlay-gradient":""},"tablet":{"background-color":"","background-image":"","background-repeat":"repeat","background-position":"center center","background-size":"auto","background-attachment":"scroll","background-type":"","background-media":"","overlay-type":"","overlay-color":"","overlay-opacity":"","overlay-gradient":""},"mobile":{"background-color":"","background-image":"","background-repeat":"repeat","background-position":"center center","background-size":"auto","background-attachment":"scroll","background-type":"","background-media":"","overlay-type":"","overlay-color":"","overlay-opacity":"","overlay-gradient":""}},"ast-content-background-meta":{"desktop":{"background-color":"var(--ast-global-color-5)","background-image":"","background-repeat":"repeat","background-position":"center center","background-size":"auto","background-attachment":"scroll","background-type":"","background-media":"","overlay-type":"","overlay-color":"","overlay-opacity":"","overlay-gradient":""},"tablet":{"background-color":"var(--ast-global-color-5)","background-image":"","background-repeat":"repeat","background-position":"center center","background-size":"auto","background-attachment":"scroll","background-type":"","background-media":"","overlay-type":"","overlay-color":"","overlay-opacity":"","overlay-gradient":""},"mobile":{"background-color":"var(--ast-global-color-5)","background-image":"","background-repeat":"repeat","background-position":"center center","background-size":"auto","background-attachment":"scroll","background-type":"","background-media":"","overlay-type":"","overlay-color":"","overlay-opacity":"","overlay-gradient":""}}},"product_brand":[],"product_cat":[23],"product_tag":[],"class_list":{"0":"post-2033","1":"product","2":"type-product","3":"status-publish","4":"has-post-thumbnail","6":"product_cat-dump-truck","7":"desktop-align-left","8":"tablet-align-left","9":"mobile-align-left","11":"first","12":"instock","13":"shipping-taxable","14":"product-type-simple"},"_links":{"self":[{"href":"https:\/\/satisfybot.com\/es\/wp-json\/wp\/v2\/product\/2033","targetHints":{"allow":["GET"]}}],"collection":[{"href":"https:\/\/satisfybot.com\/es\/wp-json\/wp\/v2\/product"}],"about":[{"href":"https:\/\/satisfybot.com\/es\/wp-json\/wp\/v2\/types\/product"}],"version-history":[{"count":0,"href":"https:\/\/satisfybot.com\/es\/wp-json\/wp\/v2\/product\/2033\/revisions"}],"wp:featuredmedia":[{"embeddable":true,"href":"https:\/\/satisfybot.com\/es\/wp-json\/wp\/v2\/media\/2059"}],"wp:attachment":[{"href":"https:\/\/satisfybot.com\/es\/wp-json\/wp\/v2\/media?parent=2033"}],"wp:term":[{"taxonomy":"product_brand","embeddable":true,"href":"https:\/\/satisfybot.com\/es\/wp-json\/wp\/v2\/product_brand?post=2033"},{"taxonomy":"product_cat","embeddable":true,"href":"https:\/\/satisfybot.com\/es\/wp-json\/wp\/v2\/product_cat?post=2033"},{"taxonomy":"product_tag","embeddable":true,"href":"https:\/\/satisfybot.com\/es\/wp-json\/wp\/v2\/product_tag?post=2033"}],"curies":[{"name":"wp","href":"https:\/\/api.w.org\/{rel}","templated":true}]}}