{"id":2039,"date":"2023-06-25T13:17:25","date_gmt":"2023-06-25T13:17:25","guid":{"rendered":"https:\/\/satisfybot.com\/?post_type=product&#038;p=2039"},"modified":"2023-06-25T13:27:17","modified_gmt":"2023-06-25T13:27:17","slug":"sinotruk-howo-heavy-dump-truck","status":"publish","type":"product","link":"https:\/\/satisfybot.com\/es\/producto\/sinotruk-howo-heavy-dump-truck\/","title":{"rendered":"Cami\u00f3n volquete pesado Sinotruk Howo"},"content":{"rendered":"<p>Caracter\u00edsticas del cami\u00f3n volquete pesado Sinotruk Howo<br \/>\nEl cami\u00f3n volquete 1.6X4 puede recoger para elevar en la parte delantera o en el medio, se recomienda 8\u00d74 para la elevaci\u00f3n delantera. Le aconsejaremos el cami\u00f3n volquete m\u00e1s adecuado para usted de acuerdo con sus necesidades.<br \/>\n2. Cabina est\u00e1ndar de un solo dormitorio con aire acondicionado. Dispositivo limpiaparabrisas con brazo dual de tres velocidades, parabrisas laminado con antena proyectada, asiento del conductor ajustable con amortiguaci\u00f3n hidr\u00e1ulica y asiento del pasajero r\u00edgidamente ajustable con calefacci\u00f3n y ventilaci\u00f3n, viseras solares exteriores, aletas de techo ajustables con radio est\u00e9reo\/reproductor de casete, rueda de gu\u00eda ajustable, bocina de aire, suspensi\u00f3n completamente flotante con puntales de 2 puntos.<br \/>\n3. Opciones de neum\u00e1ticos: neum\u00e1ticos diagonales 12.00-20, neum\u00e1ticos radiales 12.00R20, neum\u00e1ticos sin c\u00e1mara 12R22.5, 13R22.5 y 315\/80R22.5.<br \/>\n4. Resorte de cinco placas de servicio pesado: eje de servicio pesado HF6-HF16, capacidad de carga resistente, puede ayudar y tirar de minas y arena pesadas.<br \/>\n5. Descarga r\u00e1pida: dise\u00f1o de actitud particular, m\u00e1s limpio y descarga m\u00e1s pr\u00e1ctica.<\/p>\n<h2><strong>Especificaci\u00f3n del cami\u00f3n volquete pesado Sinotruk Howo<\/strong><\/h2>\n<table border=\"1\" cellspacing=\"0\" cellpadding=\"0\" align=\"center\">\n<tbody>\n<tr>\n<td class=\"et2\" width=\"277\" height=\"18\">modelo de cami\u00f3n<\/td>\n<td class=\"et3\" width=\"315\">ZZ3257N3647A<\/td>\n<\/tr>\n<tr>\n<td class=\"et2\" width=\"277\" height=\"18\">Marca de cami\u00f3n<\/td>\n<td class=\"et3\">SINOTRUCK COMO<\/td>\n<\/tr>\n<tr>\n<td class=\"et2\" width=\"277\" height=\"18\">Tama\u00f1o del cuerpo de carga<\/td>\n<td class=\"et3\">5400*2300*1500mm<\/td>\n<\/tr>\n<tr>\n<td class=\"et2\" width=\"277\" height=\"18\">Espesor del cuerpo de carga<\/td>\n<td class=\"et3\">parte inferior: 8 mm; lado: 6 mm<\/td>\n<\/tr>\n<tr>\n<td class=\"et2\" width=\"277\" height=\"18\">Ascensor tipo de carro<\/td>\n<td class=\"et3\">Elevaci\u00f3n frontal<\/td>\n<\/tr>\n<tr>\n<td class=\"et2\" width=\"277\" height=\"18\">Capacidad del cami\u00f3n cisterna de combustible<\/td>\n<td class=\"et3\">300L con tapa de combustible de bloqueo<\/td>\n<\/tr>\n<tr>\n<td class=\"et2\" width=\"277\" height=\"18\">Modelo de motor<\/td>\n<td class=\"et3\">D10.38<\/td>\n<\/tr>\n<tr>\n<td class=\"et2\" width=\"277\" height=\"18\">caballos de fuerza<\/td>\n<td class=\"et3\">380HP<\/td>\n<\/tr>\n<tr>\n<td class=\"et2\" width=\"277\" height=\"18\">Est\u00e1ndar de emisi\u00f3n<\/td>\n<td class=\"et3\">EURO4<\/td>\n<\/tr>\n<tr>\n<td class=\"et2\" width=\"277\" height=\"18\">Transmisi\u00f3n<\/td>\n<td class=\"et3\">HW19710,10 adelante y 2 atr\u00e1s<\/td>\n<\/tr>\n<tr>\n<td class=\"et2\" width=\"277\" height=\"18\">Sistema de direcci\u00f3n<\/td>\n<td class=\"et3\">ZF8118<\/td>\n<\/tr>\n<tr>\n<td class=\"et2\" width=\"277\" height=\"18\">Conduciendo<\/td>\n<td class=\"et3\">6*4<\/td>\n<\/tr>\n<tr>\n<td class=\"et2\" width=\"277\" height=\"18\">Eje frontal<\/td>\n<td class=\"et3\">HF9<\/td>\n<\/tr>\n<tr>\n<td class=\"et2\" width=\"277\" height=\"18\">Eje posterior<\/td>\n<td class=\"et3\">HC16<\/td>\n<\/tr>\n<tr>\n<td class=\"et2\" width=\"277\" height=\"18\">Neum\u00e1tico<\/td>\n<td class=\"et3\">12.00R20<\/td>\n<\/tr>\n<tr>\n<td class=\"et2\" width=\"277\" height=\"18\">Taxi<\/td>\n<td class=\"et3\">HW76, una cama, con aire acondicionado<\/td>\n<\/tr>\n<tr>\n<td class=\"et2\" width=\"277\" height=\"18\">tipo de conducci\u00f3n<\/td>\n<td class=\"et3\">volante a la izquierda<\/td>\n<\/tr>\n<\/tbody>\n<\/table>\n<h2>Solicitud<\/h2>\n<p>Los camiones volquete pesados Sinotruk Howo tienen caballos de fuerza potentes y neum\u00e1ticos de alta resistencia, que se pueden transportar en diferentes tramos de carretera. Se puede utilizar para el transporte por carretera de media y corta distancia, el transporte de minas de carb\u00f3n, el transporte de arena y el transporte urbano de esti\u00e9rcol.<\/p>\n<p><img fetchpriority=\"high\" decoding=\"async\" class=\"aligncenter wp-image-2042 size-large\" src=\"https:\/\/satisfybot.com\/wp-content\/uploads\/2023\/06\/Sinotruk-Howo-A7-Dump-Truck-7-1024x370.png\" alt=\"Sinotruk Howo Heavy Dump Truck\" width=\"1024\" height=\"370\" srcset=\"https:\/\/satisfybot.com\/wp-content\/uploads\/2023\/06\/Sinotruk-Howo-A7-Dump-Truck-7-1024x370.png 1024w, https:\/\/satisfybot.com\/wp-content\/uploads\/2023\/06\/Sinotruk-Howo-A7-Dump-Truck-7-600x217.png 600w, https:\/\/satisfybot.com\/wp-content\/uploads\/2023\/06\/Sinotruk-Howo-A7-Dump-Truck-7-300x108.png 300w, https:\/\/satisfybot.com\/wp-content\/uploads\/2023\/06\/Sinotruk-Howo-A7-Dump-Truck-7-768x278.png 768w, https:\/\/satisfybot.com\/wp-content\/uploads\/2023\/06\/Sinotruk-Howo-A7-Dump-Truck-7.png 1264w\" sizes=\"(max-width: 1024px) 100vw, 1024px\" \/><\/p>","protected":false},"excerpt":{"rendered":"<p>Features of Sinotruk Howo heavy Dump Truck 1.6X4 Dump Truck can pick to elevate in the front or middle, 8&#215;4 is encouraged for the front lift. We will advise the most appropriate dump truck for you in accordance with your needs. 2. Standard single-sleeper cab with air conditioner. Windshield wiper device with three-speed dual-arm, laminated [&hellip;]<\/p>","protected":false},"featured_media":2054,"template":"","meta":{"site-sidebar-layout":"default","site-content-layout":"default","ast-site-content-layout":"default","site-content-style":"default","site-sidebar-style":"default","ast-global-header-display":"","ast-banner-title-visibility":"","ast-main-header-display":"","ast-hfb-above-header-display":"","ast-hfb-below-header-display":"","ast-hfb-mobile-header-display":"","site-post-title":"","ast-breadcrumbs-content":"","ast-featured-img":"","footer-sml-layout":"","ast-disable-related-posts":"","theme-transparent-header-meta":"default","adv-header-id-meta":"","stick-header-meta":"","header-above-stick-meta":"","header-main-stick-meta":"","header-below-stick-meta":"","astra-migrate-meta-layouts":"default","ast-page-background-enabled":"default","ast-page-background-meta":{"desktop":{"background-color":"","background-image":"","background-repeat":"repeat","background-position":"center center","background-size":"auto","background-attachment":"scroll","background-type":"","background-media":"","overlay-type":"","overlay-color":"","overlay-opacity":"","overlay-gradient":""},"tablet":{"background-color":"","background-image":"","background-repeat":"repeat","background-position":"center center","background-size":"auto","background-attachment":"scroll","background-type":"","background-media":"","overlay-type":"","overlay-color":"","overlay-opacity":"","overlay-gradient":""},"mobile":{"background-color":"","background-image":"","background-repeat":"repeat","background-position":"center center","background-size":"auto","background-attachment":"scroll","background-type":"","background-media":"","overlay-type":"","overlay-color":"","overlay-opacity":"","overlay-gradient":""}},"ast-content-background-meta":{"desktop":{"background-color":"var(--ast-global-color-5)","background-image":"","background-repeat":"repeat","background-position":"center center","background-size":"auto","background-attachment":"scroll","background-type":"","background-media":"","overlay-type":"","overlay-color":"","overlay-opacity":"","overlay-gradient":""},"tablet":{"background-color":"var(--ast-global-color-5)","background-image":"","background-repeat":"repeat","background-position":"center center","background-size":"auto","background-attachment":"scroll","background-type":"","background-media":"","overlay-type":"","overlay-color":"","overlay-opacity":"","overlay-gradient":""},"mobile":{"background-color":"var(--ast-global-color-5)","background-image":"","background-repeat":"repeat","background-position":"center center","background-size":"auto","background-attachment":"scroll","background-type":"","background-media":"","overlay-type":"","overlay-color":"","overlay-opacity":"","overlay-gradient":""}}},"product_brand":[],"product_cat":[23],"product_tag":[],"class_list":{"0":"post-2039","1":"product","2":"type-product","3":"status-publish","4":"has-post-thumbnail","6":"product_cat-dump-truck","7":"desktop-align-left","8":"tablet-align-left","9":"mobile-align-left","11":"first","12":"instock","13":"shipping-taxable","14":"product-type-simple"},"_links":{"self":[{"href":"https:\/\/satisfybot.com\/es\/wp-json\/wp\/v2\/product\/2039","targetHints":{"allow":["GET"]}}],"collection":[{"href":"https:\/\/satisfybot.com\/es\/wp-json\/wp\/v2\/product"}],"about":[{"href":"https:\/\/satisfybot.com\/es\/wp-json\/wp\/v2\/types\/product"}],"version-history":[{"count":0,"href":"https:\/\/satisfybot.com\/es\/wp-json\/wp\/v2\/product\/2039\/revisions"}],"wp:featuredmedia":[{"embeddable":true,"href":"https:\/\/satisfybot.com\/es\/wp-json\/wp\/v2\/media\/2054"}],"wp:attachment":[{"href":"https:\/\/satisfybot.com\/es\/wp-json\/wp\/v2\/media?parent=2039"}],"wp:term":[{"taxonomy":"product_brand","embeddable":true,"href":"https:\/\/satisfybot.com\/es\/wp-json\/wp\/v2\/product_brand?post=2039"},{"taxonomy":"product_cat","embeddable":true,"href":"https:\/\/satisfybot.com\/es\/wp-json\/wp\/v2\/product_cat?post=2039"},{"taxonomy":"product_tag","embeddable":true,"href":"https:\/\/satisfybot.com\/es\/wp-json\/wp\/v2\/product_tag?post=2039"}],"curies":[{"name":"wp","href":"https:\/\/api.w.org\/{rel}","templated":true}]}}