{"id":2045,"date":"2023-06-25T13:21:39","date_gmt":"2023-06-25T13:21:39","guid":{"rendered":"https:\/\/satisfybot.com\/?post_type=product&#038;p=2045"},"modified":"2023-06-25T13:24:42","modified_gmt":"2023-06-25T13:24:42","slug":"sinotruk-heavy-dump-truck","status":"publish","type":"product","link":"https:\/\/satisfybot.com\/es\/producto\/sinotruk-heavy-dump-truck\/","title":{"rendered":"Cami\u00f3n volquete pesado Sinotruk"},"content":{"rendered":"<p>Sinotruk es una marca de camiones de clase mundial con capacidades de primera clase y tecnolog\u00eda de punta. Puede confiar en la solidez t\u00e9cnica y la calidad del producto de HOWO. Los camiones volquete pesados de Sinotruk son adecuados para el transporte de carb\u00f3n, minerales, movimiento de tierras, materiales de construcci\u00f3n y otros productos a granel y a granel. Tiene las caracter\u00edsticas de fuerza excesiva, fuerza de elevaci\u00f3n robusta, rigidez adecuada, dureza excelente, capacidad de carga robusta y sin deformaci\u00f3n. Todos los controles de elevaci\u00f3n del nivelador funcionan de manera confiable y pueden detectarse y operarse con precisi\u00f3n.<\/p>\n<p>Para camiones de volteo, podemos proporcionar diferentes caballos de fuerza y pesos de carga seg\u00fan los requisitos de los clientes.<br \/>\nAdem\u00e1s de proporcionar camiones volquete pesados Sinotruk, tambi\u00e9n ofrecemos Shacman, Dongfeng y Beiben para cumplir con los requisitos de marca de los clientes.<\/p>\n<h2>Especificaci\u00f3n del cami\u00f3n volquete pesado Sinotruk<\/h2>\n<table border=\"1\" cellspacing=\"0\" cellpadding=\"0\" align=\"center\">\n<tbody>\n<tr>\n<td class=\"et2\" width=\"277\" height=\"18\">Marca<\/td>\n<td class=\"et2\" width=\"315\">SINOTRUCK COMO<\/td>\n<\/tr>\n<tr>\n<td class=\"et2\" width=\"277\" height=\"18\">Tipo de conducci\u00f3n<\/td>\n<td class=\"et2\" width=\"315\">6\u00d74<\/td>\n<\/tr>\n<tr>\n<td class=\"et2\" width=\"277\" height=\"18\">Cabina<\/td>\n<td class=\"et2\" width=\"315\">Plano, cama individual<\/td>\n<\/tr>\n<tr>\n<td class=\"et2\" width=\"277\" height=\"18\">Motor<\/td>\n<td class=\"et2\" width=\"315\">Sinotruk Steyr<\/td>\n<\/tr>\n<tr>\n<td class=\"et2\" width=\"277\" height=\"18\">Est\u00e1ndares de emisi\u00f3n<\/td>\n<td class=\"et2\" width=\"315\">euro II<\/td>\n<\/tr>\n<tr>\n<td class=\"et2\" width=\"277\" height=\"18\">Caballo de fuerza<\/td>\n<td class=\"et2\" width=\"315\">371 CV\/375 CV\/420 CV<\/td>\n<\/tr>\n<tr>\n<td class=\"et2\" width=\"277\" height=\"18\">Especificaciones de los neum\u00e1ticos<\/td>\n<td class=\"et2\" width=\"315\">12.00R20\/12R22.5<\/td>\n<\/tr>\n<tr>\n<td class=\"et2\" width=\"277\" height=\"18\">Dimensiones totales<\/td>\n<td class=\"et2\" width=\"315\">11\u00d72.5\u00d73.45M<\/td>\n<\/tr>\n<tr>\n<td class=\"et2\" width=\"277\" height=\"18\">A\u00f1o de fabricaci\u00f3n<\/td>\n<td class=\"et2\" width=\"315\">2010-2017<\/td>\n<\/tr>\n<tr>\n<td class=\"et2\" width=\"277\" height=\"18\">Tipo de caja de cambios<\/td>\n<td class=\"et2\" width=\"315\">HW19712L<\/td>\n<\/tr>\n<tr>\n<td class=\"et2\" width=\"277\" height=\"18\">Tipo de transmisi\u00f3n<\/td>\n<td class=\"et2\" width=\"315\">Manual<\/td>\n<\/tr>\n<\/tbody>\n<\/table>\n<h2><strong>Embalaje y Env\u00edo<\/strong><\/h2>\n<p>1. Nos especializamos en la exportaci\u00f3n de veh\u00edculos marinos. Contamos con empresas navieras cooperativas a largo plazo para garantizar la seguridad del cliente.<br \/>\n2. Brindaremos a los clientes una forma satisfactoria de suministrar el autom\u00f3vil con la carga m\u00e1s agresiva. Por ejemplo, a modo de contenedor o barco a granel.<br \/>\n3. Enviaremos datos de transporte a los clientes con regularidad.<\/p>\n<p><img fetchpriority=\"high\" decoding=\"async\" class=\"aligncenter wp-image-2048 size-large\" src=\"https:\/\/satisfybot.com\/wp-content\/uploads\/2023\/06\/Sinotruk-Heavy-Dump-Truck-4-1024x537.png\" alt=\"Sinotruk Heavy Dump Truck\" width=\"1024\" height=\"537\" srcset=\"https:\/\/satisfybot.com\/wp-content\/uploads\/2023\/06\/Sinotruk-Heavy-Dump-Truck-4-1024x537.png 1024w, https:\/\/satisfybot.com\/wp-content\/uploads\/2023\/06\/Sinotruk-Heavy-Dump-Truck-4-600x315.png 600w, https:\/\/satisfybot.com\/wp-content\/uploads\/2023\/06\/Sinotruk-Heavy-Dump-Truck-4-300x157.png 300w, https:\/\/satisfybot.com\/wp-content\/uploads\/2023\/06\/Sinotruk-Heavy-Dump-Truck-4-768x403.png 768w, https:\/\/satisfybot.com\/wp-content\/uploads\/2023\/06\/Sinotruk-Heavy-Dump-Truck-4.png 1228w\" sizes=\"(max-width: 1024px) 100vw, 1024px\" \/><\/p>\n<h2><strong>\u00bfPor qu\u00e9 elegirnos?<\/strong><\/h2>\n<p>1 Somos el agente de Sinotruk y la tarifa es muy competitiva.<br \/>\n2 Calidad: adopte la m\u00e1quina de inspecci\u00f3n del Grupo Nacional de Camiones Pesados de China y realice una serie de inspecciones antes de exportar.<br \/>\n3. Garant\u00eda: Los tres factores clave del eje, la ingenier\u00eda y la transmisi\u00f3n, o la garant\u00eda de seis meses dentro de los 50.000 km, son los primeros.<br \/>\n4. Postventa: En cualquier momento se prepara un grupo de proveedores \u00fanico con ingenieros t\u00e9cnicos, si hay alguna queja importante, se vuelve a alimentar y se resuelve dentro de las cuarenta y ocho horas.<br \/>\n5 Env\u00edo: un grupo de expertos en log\u00edstica coopera con las empresas de transporte globales para suministrar sus furgonetas con \u00e9xito.<br \/>\n6. Proporcionar componentes de repuesto y una gu\u00eda t\u00e9cnica gratuita a precio unitario de fabricaci\u00f3n en alg\u00fan momento del ciclo de vida total de veh\u00edculos y remolques.<\/p>","protected":false},"excerpt":{"rendered":"<p>Sinotruk is a world-class truck brand with first-class capabilities and top technology. You can rely on HOWO&#8217;s technical strength and product quality. Sinotruk heavy dump trucks are suitable for the transportation of coal, ore, earthwork, building materials, and other bulk and bulk goods. It has the traits of excessive strength, sturdy lifting force, suitable rigidity, [&hellip;]<\/p>","protected":false},"featured_media":2051,"template":"","meta":{"site-sidebar-layout":"default","site-content-layout":"default","ast-site-content-layout":"default","site-content-style":"default","site-sidebar-style":"default","ast-global-header-display":"","ast-banner-title-visibility":"","ast-main-header-display":"","ast-hfb-above-header-display":"","ast-hfb-below-header-display":"","ast-hfb-mobile-header-display":"","site-post-title":"","ast-breadcrumbs-content":"","ast-featured-img":"","footer-sml-layout":"","ast-disable-related-posts":"","theme-transparent-header-meta":"default","adv-header-id-meta":"","stick-header-meta":"","header-above-stick-meta":"","header-main-stick-meta":"","header-below-stick-meta":"","astra-migrate-meta-layouts":"default","ast-page-background-enabled":"default","ast-page-background-meta":{"desktop":{"background-color":"","background-image":"","background-repeat":"repeat","background-position":"center center","background-size":"auto","background-attachment":"scroll","background-type":"","background-media":"","overlay-type":"","overlay-color":"","overlay-opacity":"","overlay-gradient":""},"tablet":{"background-color":"","background-image":"","background-repeat":"repeat","background-position":"center center","background-size":"auto","background-attachment":"scroll","background-type":"","background-media":"","overlay-type":"","overlay-color":"","overlay-opacity":"","overlay-gradient":""},"mobile":{"background-color":"","background-image":"","background-repeat":"repeat","background-position":"center center","background-size":"auto","background-attachment":"scroll","background-type":"","background-media":"","overlay-type":"","overlay-color":"","overlay-opacity":"","overlay-gradient":""}},"ast-content-background-meta":{"desktop":{"background-color":"var(--ast-global-color-5)","background-image":"","background-repeat":"repeat","background-position":"center center","background-size":"auto","background-attachment":"scroll","background-type":"","background-media":"","overlay-type":"","overlay-color":"","overlay-opacity":"","overlay-gradient":""},"tablet":{"background-color":"var(--ast-global-color-5)","background-image":"","background-repeat":"repeat","background-position":"center center","background-size":"auto","background-attachment":"scroll","background-type":"","background-media":"","overlay-type":"","overlay-color":"","overlay-opacity":"","overlay-gradient":""},"mobile":{"background-color":"var(--ast-global-color-5)","background-image":"","background-repeat":"repeat","background-position":"center center","background-size":"auto","background-attachment":"scroll","background-type":"","background-media":"","overlay-type":"","overlay-color":"","overlay-opacity":"","overlay-gradient":""}}},"product_brand":[],"product_cat":[23],"product_tag":[],"class_list":{"0":"post-2045","1":"product","2":"type-product","3":"status-publish","4":"has-post-thumbnail","6":"product_cat-dump-truck","7":"desktop-align-left","8":"tablet-align-left","9":"mobile-align-left","11":"first","12":"instock","13":"shipping-taxable","14":"product-type-simple"},"_links":{"self":[{"href":"https:\/\/satisfybot.com\/es\/wp-json\/wp\/v2\/product\/2045","targetHints":{"allow":["GET"]}}],"collection":[{"href":"https:\/\/satisfybot.com\/es\/wp-json\/wp\/v2\/product"}],"about":[{"href":"https:\/\/satisfybot.com\/es\/wp-json\/wp\/v2\/types\/product"}],"version-history":[{"count":0,"href":"https:\/\/satisfybot.com\/es\/wp-json\/wp\/v2\/product\/2045\/revisions"}],"wp:featuredmedia":[{"embeddable":true,"href":"https:\/\/satisfybot.com\/es\/wp-json\/wp\/v2\/media\/2051"}],"wp:attachment":[{"href":"https:\/\/satisfybot.com\/es\/wp-json\/wp\/v2\/media?parent=2045"}],"wp:term":[{"taxonomy":"product_brand","embeddable":true,"href":"https:\/\/satisfybot.com\/es\/wp-json\/wp\/v2\/product_brand?post=2045"},{"taxonomy":"product_cat","embeddable":true,"href":"https:\/\/satisfybot.com\/es\/wp-json\/wp\/v2\/product_cat?post=2045"},{"taxonomy":"product_tag","embeddable":true,"href":"https:\/\/satisfybot.com\/es\/wp-json\/wp\/v2\/product_tag?post=2045"}],"curies":[{"name":"wp","href":"https:\/\/api.w.org\/{rel}","templated":true}]}}