{"id":2066,"date":"2023-06-25T13:34:48","date_gmt":"2023-06-25T13:34:48","guid":{"rendered":"https:\/\/satisfybot.com\/?post_type=product&#038;p=2066"},"modified":"2023-06-25T13:34:48","modified_gmt":"2023-06-25T13:34:48","slug":"howo-380-dump-truck","status":"publish","type":"product","link":"https:\/\/satisfybot.com\/es\/producto\/howo-380-dump-truck\/","title":{"rendered":"Cami\u00f3n volquete Howo 380"},"content":{"rendered":"<p>El cami\u00f3n volquete HOWO 380 se utiliza en t\u00e9rminos generales para transportar objetos a granel (como arena, suelo, minerales, etc.), en la mayor\u00eda de los casos se utiliza en miner\u00eda, sitios de desarrollo, etc. La capacidad del cami\u00f3n volquete Howo es de 25-30 toneladas, lo que puede satisfacer tus necesidades. Se pueden dise\u00f1ar y producir varios edificios de cuerpo de carga de acuerdo con sus necesidades para que tengan un peso en vac\u00edo moderado, una rigidez excesiva y una capacidad de carga m\u00e1xima.<\/p>\n<h2><strong>Especificaci\u00f3n del cami\u00f3n volquete Howo 380<\/strong><\/h2>\n<table border=\"1\" cellspacing=\"0\" cellpadding=\"0\" align=\"center\">\n<tbody>\n<tr>\n<td class=\"et2\" width=\"277\" height=\"18\">modelo de cami\u00f3n<\/td>\n<td class=\"et3\" width=\"315\">ZZ3257N3647A<\/td>\n<\/tr>\n<tr>\n<td class=\"et2\" width=\"277\" height=\"18\">Marca de cami\u00f3n<\/td>\n<td class=\"et3\">SINOTRUCK COMO<\/td>\n<\/tr>\n<tr>\n<td class=\"et2\" width=\"277\" height=\"18\">Tama\u00f1o del cuerpo de carga<\/td>\n<td class=\"et3\">5400*2300*1500mm<\/td>\n<\/tr>\n<tr>\n<td class=\"et2\" width=\"277\" height=\"18\">Espesor del cuerpo de carga<\/td>\n<td class=\"et3\">parte inferior: 8 mm; lado: 6 mm<\/td>\n<\/tr>\n<tr>\n<td class=\"et2\" width=\"277\" height=\"18\">Ascensor tipo de carro<\/td>\n<td class=\"et3\">Elevaci\u00f3n frontal<\/td>\n<\/tr>\n<tr>\n<td class=\"et2\" width=\"277\" height=\"18\">Capacidad del cami\u00f3n cisterna de combustible<\/td>\n<td class=\"et3\">300L con tapa de combustible de bloqueo<\/td>\n<\/tr>\n<tr>\n<td class=\"et2\" width=\"277\" height=\"18\">Modelo de motor<\/td>\n<td class=\"et3\">D10.38<\/td>\n<\/tr>\n<tr>\n<td class=\"et2\" width=\"277\" height=\"18\">caballos de fuerza<\/td>\n<td class=\"et3\">380HP<\/td>\n<\/tr>\n<tr>\n<td class=\"et2\" width=\"277\" height=\"18\">Est\u00e1ndar de emisi\u00f3n<\/td>\n<td class=\"et3\">EURO4<\/td>\n<\/tr>\n<tr>\n<td class=\"et2\" width=\"277\" height=\"18\">Transmisi\u00f3n<\/td>\n<td class=\"et3\">HW19710,10 adelante y 2 atr\u00e1s<\/td>\n<\/tr>\n<tr>\n<td class=\"et2\" width=\"277\" height=\"18\">Sistema de direcci\u00f3n<\/td>\n<td class=\"et3\">ZF8118<\/td>\n<\/tr>\n<tr>\n<td class=\"et2\" width=\"277\" height=\"18\">Conduciendo<\/td>\n<td class=\"et3\">6*4<\/td>\n<\/tr>\n<tr>\n<td class=\"et2\" width=\"277\" height=\"18\">Eje frontal<\/td>\n<td class=\"et3\">HF9<\/td>\n<\/tr>\n<tr>\n<td class=\"et2\" width=\"277\" height=\"18\">Eje posterior<\/td>\n<td class=\"et3\">HC16<\/td>\n<\/tr>\n<tr>\n<td class=\"et2\" width=\"277\" height=\"18\">Neum\u00e1tico<\/td>\n<td class=\"et3\">12.00R20<\/td>\n<\/tr>\n<tr>\n<td class=\"et2\" width=\"277\" height=\"18\">Taxi<\/td>\n<td class=\"et3\">HW76, una cama, con aire acondicionado<\/td>\n<\/tr>\n<tr>\n<td class=\"et2\" width=\"277\" height=\"18\">tipo de conducci\u00f3n<\/td>\n<td class=\"et3\">volante a la izquierda<\/td>\n<\/tr>\n<\/tbody>\n<\/table>\n<h2><strong>Embalaje y env\u00edo<\/strong><\/h2>\n<p>Detalles del embalaje: base Ro-Ro o Bulk o Container en el barco y puerto de su pa\u00eds. Si el cami\u00f3n o la computadora port\u00e1til est\u00e1n en cubierta, rociaremos pintura antioxidante de forma gratuita. Por lo general, pondremos el cami\u00f3n o el escritorio en la cabina.<\/p>\n<p><img fetchpriority=\"high\" decoding=\"async\" class=\"aligncenter size-large wp-image-2071\" src=\"https:\/\/satisfybot.com\/wp-content\/uploads\/2023\/06\/\u5fae\u4fe1\u622a\u56fe_20230625213252-1024x639.png\" alt=\"Howo 380 Dump Truck\" width=\"1024\" height=\"639\" srcset=\"https:\/\/satisfybot.com\/wp-content\/uploads\/2023\/06\/\u5fae\u4fe1\u622a\u56fe_20230625213252-1024x639.png 1024w, https:\/\/satisfybot.com\/wp-content\/uploads\/2023\/06\/\u5fae\u4fe1\u622a\u56fe_20230625213252-600x374.png 600w, https:\/\/satisfybot.com\/wp-content\/uploads\/2023\/06\/\u5fae\u4fe1\u622a\u56fe_20230625213252-300x187.png 300w, https:\/\/satisfybot.com\/wp-content\/uploads\/2023\/06\/\u5fae\u4fe1\u622a\u56fe_20230625213252-768x479.png 768w, https:\/\/satisfybot.com\/wp-content\/uploads\/2023\/06\/\u5fae\u4fe1\u622a\u56fe_20230625213252.png 1247w\" sizes=\"(max-width: 1024px) 100vw, 1024px\" \/><\/p>","protected":false},"excerpt":{"rendered":"<p>HOWO 380 Dump Truck is broadly speaking used to transport bulk objects (such as sand, soil, minerals, etc.), in most cases used in mining, development sites, etc. Howo dump truck ability is 25-30 tons, which can meet your needs. Various cargo physique buildings can be designed and produced in accordance with your necessities so that [&hellip;]<\/p>","protected":false},"featured_media":2069,"template":"","meta":{"site-sidebar-layout":"default","site-content-layout":"default","ast-site-content-layout":"default","site-content-style":"default","site-sidebar-style":"default","ast-global-header-display":"","ast-banner-title-visibility":"","ast-main-header-display":"","ast-hfb-above-header-display":"","ast-hfb-below-header-display":"","ast-hfb-mobile-header-display":"","site-post-title":"","ast-breadcrumbs-content":"","ast-featured-img":"","footer-sml-layout":"","ast-disable-related-posts":"","theme-transparent-header-meta":"default","adv-header-id-meta":"","stick-header-meta":"","header-above-stick-meta":"","header-main-stick-meta":"","header-below-stick-meta":"","astra-migrate-meta-layouts":"default","ast-page-background-enabled":"default","ast-page-background-meta":{"desktop":{"background-color":"","background-image":"","background-repeat":"repeat","background-position":"center center","background-size":"auto","background-attachment":"scroll","background-type":"","background-media":"","overlay-type":"","overlay-color":"","overlay-opacity":"","overlay-gradient":""},"tablet":{"background-color":"","background-image":"","background-repeat":"repeat","background-position":"center center","background-size":"auto","background-attachment":"scroll","background-type":"","background-media":"","overlay-type":"","overlay-color":"","overlay-opacity":"","overlay-gradient":""},"mobile":{"background-color":"","background-image":"","background-repeat":"repeat","background-position":"center center","background-size":"auto","background-attachment":"scroll","background-type":"","background-media":"","overlay-type":"","overlay-color":"","overlay-opacity":"","overlay-gradient":""}},"ast-content-background-meta":{"desktop":{"background-color":"var(--ast-global-color-5)","background-image":"","background-repeat":"repeat","background-position":"center center","background-size":"auto","background-attachment":"scroll","background-type":"","background-media":"","overlay-type":"","overlay-color":"","overlay-opacity":"","overlay-gradient":""},"tablet":{"background-color":"var(--ast-global-color-5)","background-image":"","background-repeat":"repeat","background-position":"center center","background-size":"auto","background-attachment":"scroll","background-type":"","background-media":"","overlay-type":"","overlay-color":"","overlay-opacity":"","overlay-gradient":""},"mobile":{"background-color":"var(--ast-global-color-5)","background-image":"","background-repeat":"repeat","background-position":"center center","background-size":"auto","background-attachment":"scroll","background-type":"","background-media":"","overlay-type":"","overlay-color":"","overlay-opacity":"","overlay-gradient":""}}},"product_brand":[],"product_cat":[23],"product_tag":[],"class_list":{"0":"post-2066","1":"product","2":"type-product","3":"status-publish","4":"has-post-thumbnail","6":"product_cat-dump-truck","7":"desktop-align-left","8":"tablet-align-left","9":"mobile-align-left","11":"first","12":"instock","13":"shipping-taxable","14":"product-type-simple"},"_links":{"self":[{"href":"https:\/\/satisfybot.com\/es\/wp-json\/wp\/v2\/product\/2066","targetHints":{"allow":["GET"]}}],"collection":[{"href":"https:\/\/satisfybot.com\/es\/wp-json\/wp\/v2\/product"}],"about":[{"href":"https:\/\/satisfybot.com\/es\/wp-json\/wp\/v2\/types\/product"}],"version-history":[{"count":0,"href":"https:\/\/satisfybot.com\/es\/wp-json\/wp\/v2\/product\/2066\/revisions"}],"wp:featuredmedia":[{"embeddable":true,"href":"https:\/\/satisfybot.com\/es\/wp-json\/wp\/v2\/media\/2069"}],"wp:attachment":[{"href":"https:\/\/satisfybot.com\/es\/wp-json\/wp\/v2\/media?parent=2066"}],"wp:term":[{"taxonomy":"product_brand","embeddable":true,"href":"https:\/\/satisfybot.com\/es\/wp-json\/wp\/v2\/product_brand?post=2066"},{"taxonomy":"product_cat","embeddable":true,"href":"https:\/\/satisfybot.com\/es\/wp-json\/wp\/v2\/product_cat?post=2066"},{"taxonomy":"product_tag","embeddable":true,"href":"https:\/\/satisfybot.com\/es\/wp-json\/wp\/v2\/product_tag?post=2066"}],"curies":[{"name":"wp","href":"https:\/\/api.w.org\/{rel}","templated":true}]}}