{"id":2080,"date":"2023-06-25T13:53:15","date_gmt":"2023-06-25T13:53:15","guid":{"rendered":"https:\/\/satisfybot.com\/?post_type=product&#038;p=2080"},"modified":"2023-06-25T13:53:16","modified_gmt":"2023-06-25T13:53:16","slug":"petrol-tankers","status":"publish","type":"product","link":"https:\/\/satisfybot.com\/es\/producto\/petrol-tankers\/","title":{"rendered":"Petroleros"},"content":{"rendered":"<h2 style=\"text-align: left;\">Petroleros<\/h2>\n<p>El cami\u00f3n cisterna de gasolina que usamos es la cabina HOWO76 (dormitorio individual, con aire acondicionado), control de avance completamente de acero, inclinable hidr\u00e1ulicamente 55\u00ba hacia el frente, sistema de limpiaparabrisas de 2 brazos con tres velocidades, parabrisas laminado con antena de radio fundida, hidr\u00e1ulicamente asiento del conductor ajustable amortiguado y asiento del copiloto r\u00edgido ajustable, con sistema de calefacci\u00f3n y ventilaci\u00f3n, visera exterior, toldo de techo ajustable, con radio est\u00e9reo\/grabadora, cinturones de seguridad y volante ajustable, bocina de aire, con apoyo de 4 puntos completamente flotante suspensi\u00f3n y amortiguadores<\/p>\n<p>&nbsp;<\/p>\n<table>\n<tbody>\n<tr>\n<td colspan=\"5\" valign=\"center\" width=\"352\">modelo de cami\u00f3n<\/td>\n<td valign=\"center\" width=\"328\"><strong>ZZ1257N4647D1B<\/strong><\/td>\n<\/tr>\n<tr>\n<td colspan=\"5\" valign=\"center\" width=\"352\">Dimensi\u00f3n (Lx W x H) (sin carga) (mm)<\/td>\n<td valign=\"center\" width=\"328\">8800\u00d72490\u00d73428<\/td>\n<\/tr>\n<tr>\n<td colspan=\"5\" valign=\"center\" width=\"352\">Volumen del petrolero (m\u00b3)(m\u00b3)<\/td>\n<td valign=\"center\" width=\"328\">15<\/td>\n<\/tr>\n<tr>\n<td colspan=\"5\" valign=\"center\" width=\"352\">\u00c1ngulo de aproximaci\u00f3n\/\u00e1ngulo de salida (\u00b0)<\/p>\n<p>&nbsp;<\/td>\n<td valign=\"center\" width=\"328\">16\/26<\/td>\n<\/tr>\n<tr>\n<td colspan=\"4\" valign=\"center\" width=\"351\">Voladizo (delantero\/trasero) (mm)<\/td>\n<td colspan=\"2\" valign=\"center\" width=\"328\">1500\/2100<\/td>\n<\/tr>\n<tr>\n<td colspan=\"4\" valign=\"center\" width=\"351\">Distancia entre ejes (mm)<\/td>\n<td colspan=\"2\" valign=\"top\" width=\"328\">3800+1400<\/td>\n<\/tr>\n<tr>\n<td colspan=\"4\" valign=\"center\" width=\"351\">Velocidad m\u00e1xima (km\/h)(km\/h)<\/td>\n<td colspan=\"2\" valign=\"top\" width=\"328\">90\/102<\/td>\n<\/tr>\n<tr>\n<td colspan=\"4\" valign=\"center\" width=\"351\">Peso en vac\u00edo (kg)<\/td>\n<td colspan=\"2\" valign=\"top\" width=\"328\">10380<\/td>\n<\/tr>\n<tr>\n<td colspan=\"4\" valign=\"center\" width=\"351\">Peso de carga nominal (kg)<\/td>\n<td colspan=\"2\" valign=\"top\" width=\"328\">14490<\/td>\n<\/tr>\n<tr>\n<td rowspan=\"4\" valign=\"center\" width=\"96\">Motor<\/p>\n<p>(Tecnolog\u00eda Steyr, fabricado en China)<\/td>\n<td colspan=\"3\" valign=\"center\" width=\"254\">Modelo<\/td>\n<td colspan=\"2\" valign=\"top\" width=\"328\"><strong>WD615<\/strong>Refrigerado por agua, cuatro tiempos, 6 cilindros en l\u00ednea con refrigeraci\u00f3n por agua, inyecci\u00f3n directa<\/td>\n<\/tr>\n<tr>\n<td colspan=\"3\" valign=\"top\" width=\"254\">Tipo de combustible<\/td>\n<td colspan=\"2\" valign=\"top\" width=\"328\">Diesel<\/td>\n<\/tr>\n<tr>\n<td colspan=\"3\" valign=\"top\" width=\"254\">Caballos de fuerza, m\u00e1x. (kw\/rpm)<\/td>\n<td colspan=\"2\" valign=\"center\" width=\"328\"><strong>336hp<\/strong><\/td>\n<\/tr>\n<tr>\n<td colspan=\"3\" valign=\"center\" width=\"254\">Emisi\u00f3n<\/td>\n<td colspan=\"2\" valign=\"center\" width=\"328\"><strong>EURO2<\/strong><\/td>\n<\/tr>\n<tr>\n<td colspan=\"4\" valign=\"top\" width=\"351\">Capacidad del cami\u00f3n cisterna de combustible<\/td>\n<td colspan=\"2\" valign=\"center\" width=\"328\">300<\/td>\n<\/tr>\n<tr>\n<td colspan=\"2\" valign=\"center\" width=\"190\">Transmisi\u00f3n<\/td>\n<td colspan=\"2\" valign=\"center\" width=\"160\">Modelo<\/td>\n<td colspan=\"2\" valign=\"top\" width=\"328\"><strong>HW13710<\/strong><\/td>\n<\/tr>\n<tr>\n<td colspan=\"2\" rowspan=\"2\" valign=\"center\" width=\"190\">Sistema de frenos<\/p>\n<p>&nbsp;<\/td>\n<td colspan=\"2\" valign=\"center\" width=\"160\">Freno de servicio<\/td>\n<td colspan=\"2\" valign=\"center\" width=\"328\">Freno de aire comprimido de doble circuito<\/td>\n<\/tr>\n<tr>\n<td colspan=\"2\" valign=\"center\" width=\"160\">Freno de mano<\/td>\n<td colspan=\"2\" valign=\"center\" width=\"328\">energ\u00eda de resorte, aire comprimido que opera en las ruedas traseras<\/p>\n<p>&nbsp;<\/td>\n<\/tr>\n<tr>\n<td colspan=\"2\" valign=\"center\" width=\"190\">Sistema de direcci\u00f3n<\/p>\n<p>&nbsp;<\/td>\n<td colspan=\"2\" valign=\"center\" width=\"160\">Modelo<\/td>\n<td colspan=\"2\" valign=\"center\" width=\"328\"><strong>ZF8118<\/strong><\/td>\n<\/tr>\n<tr>\n<td colspan=\"2\" valign=\"center\" width=\"190\">Eje frontal<\/td>\n<td colspan=\"4\" valign=\"top\" width=\"489\"><strong>HR9\u00a0<\/strong>, Direcci\u00f3n con viga de doble secci\u00f3n transversal en T<\/td>\n<\/tr>\n<tr>\n<td colspan=\"2\" valign=\"center\" width=\"190\">Eje posterior<\/td>\n<td colspan=\"4\" valign=\"top\" width=\"489\"><strong>ST16<\/strong><\/td>\n<\/tr>\n<tr>\n<td colspan=\"2\" valign=\"center\" width=\"190\">Color<\/td>\n<td colspan=\"4\" valign=\"top\" width=\"489\">Blanco rojo<\/td>\n<\/tr>\n<tr>\n<td colspan=\"2\" valign=\"center\" width=\"190\">Neum\u00e1tico<\/td>\n<td colspan=\"4\" valign=\"top\" width=\"489\"><strong>Neum\u00e1tico sin c\u00e1mara 1200R22.5<\/strong><\/td>\n<\/tr>\n<tr>\n<td colspan=\"2\" valign=\"center\" width=\"190\">Volumen del petrolero<\/td>\n<td colspan=\"4\" valign=\"top\" width=\"489\"><strong>20000L<\/strong><\/td>\n<\/tr>\n<tr>\n<td colspan=\"2\" rowspan=\"3\" valign=\"center\" width=\"190\">Sistema el\u00e9ctrico<\/p>\n<p>&nbsp;<\/td>\n<td valign=\"center\" width=\"148\">Bater\u00eda<\/td>\n<td colspan=\"3\" valign=\"top\" width=\"341\">2X12V\/165Ah<\/td>\n<\/tr>\n<tr>\n<td valign=\"center\" width=\"148\">Alternador<\/td>\n<td colspan=\"3\" valign=\"top\" width=\"341\">28V-1500kw<\/td>\n<\/tr>\n<tr>\n<td valign=\"center\" width=\"148\">Inicio<\/td>\n<td colspan=\"3\" valign=\"top\" width=\"341\">7.5Kw\/24V<\/td>\n<\/tr>\n<tr>\n<td colspan=\"2\" valign=\"center\" width=\"190\">Taxi<\/td>\n<td colspan=\"4\" valign=\"top\" width=\"489\">Cabina HOWO76, (cama individual, con aire acondicionado), control de avance completamente de acero, inclinable hidr\u00e1ulicamente 55\u00ba hacia adelante, sistema de limpiaparabrisas de 2 brazos con tres velocidades, parabrisas laminado con antena de radio integrada, asiento del conductor ajustable con amortiguaci\u00f3n hidr\u00e1ulica y asiento del copiloto r\u00edgido regulable, con sistema de calefacci\u00f3n y ventilaci\u00f3n, visera exterior, toldo de techo regulable, con radio est\u00e9reo\/grabadora, cinturones de seguridad y volante regulable, bocina de aire, con 4 puntos de apoyo suspensi\u00f3n flotante y amortiguadores<\/td>\n<\/tr>\n<\/tbody>\n<\/table>\n<p><img fetchpriority=\"high\" decoding=\"async\" class=\"aligncenter size-full wp-image-2081\" src=\"https:\/\/satisfybot.com\/wp-content\/uploads\/2023\/06\/7c849bbb50ad466e8b5407dad0.jpg\" alt=\"Petrol Tankers\" width=\"1000\" height=\"900\" srcset=\"https:\/\/satisfybot.com\/wp-content\/uploads\/2023\/06\/7c849bbb50ad466e8b5407dad0.jpg 1000w, https:\/\/satisfybot.com\/wp-content\/uploads\/2023\/06\/7c849bbb50ad466e8b5407dad0-600x540.jpg 600w, https:\/\/satisfybot.com\/wp-content\/uploads\/2023\/06\/7c849bbb50ad466e8b5407dad0-300x270.jpg 300w, https:\/\/satisfybot.com\/wp-content\/uploads\/2023\/06\/7c849bbb50ad466e8b5407dad0-768x691.jpg 768w\" sizes=\"(max-width: 1000px) 100vw, 1000px\" \/><\/p>","protected":false},"excerpt":{"rendered":"<p>Petrol Tankers The petrol tanker we use HOWO76 cab, (single sleeping, with air-condition), all-steel forward control,55\u00bahydraulically tiltable to the front, 2- arm windscreen wiper system with three speeds, laminated windscreen with casted-in radio aerial, hydraulically damped adjustable driver\u2019s seat and rigid adjustable co-driver\u2019s seat, with heating and ventilating system, outer sun visor, adjustable roof flap, [&hellip;]<\/p>","protected":false},"featured_media":2082,"template":"","meta":{"site-sidebar-layout":"default","site-content-layout":"default","ast-site-content-layout":"default","site-content-style":"default","site-sidebar-style":"default","ast-global-header-display":"","ast-banner-title-visibility":"","ast-main-header-display":"","ast-hfb-above-header-display":"","ast-hfb-below-header-display":"","ast-hfb-mobile-header-display":"","site-post-title":"","ast-breadcrumbs-content":"","ast-featured-img":"","footer-sml-layout":"","ast-disable-related-posts":"","theme-transparent-header-meta":"default","adv-header-id-meta":"","stick-header-meta":"","header-above-stick-meta":"","header-main-stick-meta":"","header-below-stick-meta":"","astra-migrate-meta-layouts":"default","ast-page-background-enabled":"default","ast-page-background-meta":{"desktop":{"background-color":"","background-image":"","background-repeat":"repeat","background-position":"center center","background-size":"auto","background-attachment":"scroll","background-type":"","background-media":"","overlay-type":"","overlay-color":"","overlay-opacity":"","overlay-gradient":""},"tablet":{"background-color":"","background-image":"","background-repeat":"repeat","background-position":"center center","background-size":"auto","background-attachment":"scroll","background-type":"","background-media":"","overlay-type":"","overlay-color":"","overlay-opacity":"","overlay-gradient":""},"mobile":{"background-color":"","background-image":"","background-repeat":"repeat","background-position":"center center","background-size":"auto","background-attachment":"scroll","background-type":"","background-media":"","overlay-type":"","overlay-color":"","overlay-opacity":"","overlay-gradient":""}},"ast-content-background-meta":{"desktop":{"background-color":"var(--ast-global-color-5)","background-image":"","background-repeat":"repeat","background-position":"center center","background-size":"auto","background-attachment":"scroll","background-type":"","background-media":"","overlay-type":"","overlay-color":"","overlay-opacity":"","overlay-gradient":""},"tablet":{"background-color":"var(--ast-global-color-5)","background-image":"","background-repeat":"repeat","background-position":"center center","background-size":"auto","background-attachment":"scroll","background-type":"","background-media":"","overlay-type":"","overlay-color":"","overlay-opacity":"","overlay-gradient":""},"mobile":{"background-color":"var(--ast-global-color-5)","background-image":"","background-repeat":"repeat","background-position":"center center","background-size":"auto","background-attachment":"scroll","background-type":"","background-media":"","overlay-type":"","overlay-color":"","overlay-opacity":"","overlay-gradient":""}}},"product_brand":[],"product_cat":[24],"product_tag":[],"class_list":{"0":"post-2080","1":"product","2":"type-product","3":"status-publish","4":"has-post-thumbnail","6":"product_cat-tank-truck","7":"desktop-align-left","8":"tablet-align-left","9":"mobile-align-left","11":"first","12":"instock","13":"shipping-taxable","14":"product-type-simple"},"_links":{"self":[{"href":"https:\/\/satisfybot.com\/es\/wp-json\/wp\/v2\/product\/2080","targetHints":{"allow":["GET"]}}],"collection":[{"href":"https:\/\/satisfybot.com\/es\/wp-json\/wp\/v2\/product"}],"about":[{"href":"https:\/\/satisfybot.com\/es\/wp-json\/wp\/v2\/types\/product"}],"version-history":[{"count":0,"href":"https:\/\/satisfybot.com\/es\/wp-json\/wp\/v2\/product\/2080\/revisions"}],"wp:featuredmedia":[{"embeddable":true,"href":"https:\/\/satisfybot.com\/es\/wp-json\/wp\/v2\/media\/2082"}],"wp:attachment":[{"href":"https:\/\/satisfybot.com\/es\/wp-json\/wp\/v2\/media?parent=2080"}],"wp:term":[{"taxonomy":"product_brand","embeddable":true,"href":"https:\/\/satisfybot.com\/es\/wp-json\/wp\/v2\/product_brand?post=2080"},{"taxonomy":"product_cat","embeddable":true,"href":"https:\/\/satisfybot.com\/es\/wp-json\/wp\/v2\/product_cat?post=2080"},{"taxonomy":"product_tag","embeddable":true,"href":"https:\/\/satisfybot.com\/es\/wp-json\/wp\/v2\/product_tag?post=2080"}],"curies":[{"name":"wp","href":"https:\/\/api.w.org\/{rel}","templated":true}]}}