{"id":2087,"date":"2023-06-25T14:02:11","date_gmt":"2023-06-25T14:02:11","guid":{"rendered":"https:\/\/satisfybot.com\/?post_type=product&#038;p=2087"},"modified":"2023-06-25T14:02:12","modified_gmt":"2023-06-25T14:02:12","slug":"beiben-8x4-tractor-unit","status":"publish","type":"product","link":"https:\/\/satisfybot.com\/es\/producto\/beiben-8x4-tractor-unit\/","title":{"rendered":"Cabeza tractora Beiben 8\u00d74"},"content":{"rendered":"<p>Ofrecemos cabezas tractoras Beiben 8\u00d74 a la venta. Hemos tenido un gran \u00e9xito en Senegal, Mali, Guinea, Sierra Leona, Burkina Faso, Liberia, Benin, Camer\u00fan, Togo y la Rep\u00fablica Democr\u00e1tica del Congo.<\/p>\n<p>La cabeza tractora Beiben 8\u00d74 tiene una estructura confiable, gran capacidad de carga y energ\u00eda cin\u00e9tica completa. Es adecuado para remolcar varios semirremolques utilizados en el negocio de log\u00edstica, obras de construcci\u00f3n y \u00e1reas mineras. Puede cumplir con los requisitos de varias condiciones de la carretera.<\/p>\n<p><strong>Especificaci\u00f3n de la unidad tractora Beiben 8 \u00d7 4<\/strong><\/p>\n<p>&nbsp;<\/p>\n<table border=\"1\" cellspacing=\"0\" cellpadding=\"0\" align=\"center\">\n<tbody>\n<tr>\n<td class=\"et3\" width=\"459\" height=\"18\">Marca<\/td>\n<td class=\"et3\" width=\"358\">Cabeza de cami\u00f3n Beiben<\/td>\n<\/tr>\n<tr>\n<td class=\"et3\" width=\"459\" height=\"18\">Dimensi\u00f3n<\/td>\n<td class=\"et3\" width=\"358\">7135 \u00d7 2495 \u00d7 3180 (mm)<\/td>\n<\/tr>\n<tr>\n<td class=\"et3\" width=\"459\" height=\"18\">\u00c1ngulo de aproximaci\u00f3n\/\u00e1ngulo de salida<\/td>\n<td class=\"et3\" width=\"358\">26\/64\u00b0<\/td>\n<\/tr>\n<tr>\n<td class=\"et3\" width=\"459\" height=\"18\">Voladizo (delantero\/trasero)<\/td>\n<td class=\"et3\" width=\"358\">1410\/825 mm<\/td>\n<\/tr>\n<tr>\n<td class=\"et3\" width=\"459\" height=\"18\">Distancia entre ejes<\/td>\n<td class=\"et3\" width=\"358\">3450+1450mm<\/td>\n<\/tr>\n<tr>\n<td class=\"et3\" width=\"459\" height=\"18\">m\u00e1xima velocidad<\/td>\n<td class=\"et3\" width=\"358\">99 kmh<\/td>\n<\/tr>\n<tr>\n<td class=\"et3\" width=\"459\" height=\"18\">Bater\u00eda<\/td>\n<td class=\"et3\" width=\"358\">2X12V\/135Ah<\/td>\n<\/tr>\n<tr>\n<td class=\"et3\" width=\"459\" height=\"18\">Generador<\/td>\n<td class=\"et3\" width=\"358\">28V-35A<\/td>\n<\/tr>\n<tr>\n<td class=\"et3\" width=\"459\" height=\"36\">Embrague<\/td>\n<td class=\"et3\" width=\"358\">\u222e430, disco friccional seco simple\uff0crefuerzo hidr\u00e1ulico<\/td>\n<\/tr>\n<tr>\n<td class=\"et3\" width=\"459\" height=\"18\">Sistema de frenos<\/td>\n<td class=\"et3\" width=\"358\">Freno de servicio, Asistente de freno, Freno de estacionamiento<\/td>\n<\/tr>\n<tr>\n<td class=\"et3\" width=\"459\" height=\"36\">Sistema de suspensi\u00f3n trasera<\/td>\n<td class=\"et3\" width=\"358\">Resorte de estabilizaci\u00f3n no independiente, sistema de suspensi\u00f3n de equilibrio, 13 piezas<\/td>\n<\/tr>\n<tr>\n<td class=\"et3\" width=\"459\" height=\"54\">Sistema de suspensi\u00f3n delantera<\/td>\n<td class=\"et3\" width=\"358\">Ballesta no independiente, amortiguador telesc\u00f3pico con suspensi\u00f3n de barra estabilizadora, 13 piezas<\/td>\n<\/tr>\n<\/tbody>\n<\/table>\n<p>&nbsp;<\/p>\n<h2><strong>Nuestro servicio<\/strong><\/h2>\n<p>(1) Garant\u00eda: Cada producto est\u00e1 cubierto por un per\u00edodo de garant\u00eda de un a\u00f1o\/2000 horas-hombre, durante el cual, si hay un defecto en el material o en la mano de obra, y la pieza de repuesto funciona correctamente, repararemos o reemplazaremos la pieza defectuosa sin cargo.<\/p>\n<p>(2) Repuestos: Nos comprometemos a proporcionar a nuestros clientes repuestos originales de la m\u00e1s alta calidad, ajuste preciso y funci\u00f3n adecuada.<\/p>\n<p>(3) Instalaci\u00f3n y mantenimiento: podemos proporcionar la instalaci\u00f3n general de maquinaria compleja, lo que le permite iniciar la soluci\u00f3n para el funcionamiento normal de <span class=\"keywords_replace\">Maquinaria de construcci\u00f3n<\/span>. Despu\u00e9s de la instalaci\u00f3n, inspeccionaremos toda la m\u00e1quina y el equipo operativo, y le proporcionaremos un informe de datos de prueba de instalaci\u00f3n y operaci\u00f3n.<\/p>\n<p>(4) Capacitaci\u00f3n: Brindamos instalaciones completas y un ambiente c\u00f3modo, y podemos brindar servicios de capacitaci\u00f3n para diferentes usuarios. Los cursos de capacitaci\u00f3n incluyen capacitaci\u00f3n sobre productos, capacitaci\u00f3n sobre operaciones, conocimientos de mantenimiento, capacitaci\u00f3n sobre conocimientos t\u00e9cnicos, capacitaci\u00f3n sobre normas, leyes y reglamentos, y otra capacitaci\u00f3n, todo lo cual se adapta a sus necesidades individuales.<\/p>","protected":false},"excerpt":{"rendered":"<p>We offer Beiben 8&#215;4 tractor units for sale. We have had great success in Senegal, Mali, Guinea, Sierra Leone, Burkina Faso, Liberia, Benin, Cameroon, Togo, and the Democratic Republic of the Congo. The Beiben 8&#215;4 tractor unit has a reliable structure, strong carrying capacity, and full kinetic energy. It is suitable for towing various semi-trailers [&hellip;]<\/p>","protected":false},"featured_media":2088,"template":"","meta":{"site-sidebar-layout":"default","site-content-layout":"default","ast-site-content-layout":"default","site-content-style":"default","site-sidebar-style":"default","ast-global-header-display":"","ast-banner-title-visibility":"","ast-main-header-display":"","ast-hfb-above-header-display":"","ast-hfb-below-header-display":"","ast-hfb-mobile-header-display":"","site-post-title":"","ast-breadcrumbs-content":"","ast-featured-img":"","footer-sml-layout":"","ast-disable-related-posts":"","theme-transparent-header-meta":"default","adv-header-id-meta":"","stick-header-meta":"","header-above-stick-meta":"","header-main-stick-meta":"","header-below-stick-meta":"","astra-migrate-meta-layouts":"default","ast-page-background-enabled":"default","ast-page-background-meta":{"desktop":{"background-color":"","background-image":"","background-repeat":"repeat","background-position":"center center","background-size":"auto","background-attachment":"scroll","background-type":"","background-media":"","overlay-type":"","overlay-color":"","overlay-opacity":"","overlay-gradient":""},"tablet":{"background-color":"","background-image":"","background-repeat":"repeat","background-position":"center center","background-size":"auto","background-attachment":"scroll","background-type":"","background-media":"","overlay-type":"","overlay-color":"","overlay-opacity":"","overlay-gradient":""},"mobile":{"background-color":"","background-image":"","background-repeat":"repeat","background-position":"center center","background-size":"auto","background-attachment":"scroll","background-type":"","background-media":"","overlay-type":"","overlay-color":"","overlay-opacity":"","overlay-gradient":""}},"ast-content-background-meta":{"desktop":{"background-color":"var(--ast-global-color-5)","background-image":"","background-repeat":"repeat","background-position":"center center","background-size":"auto","background-attachment":"scroll","background-type":"","background-media":"","overlay-type":"","overlay-color":"","overlay-opacity":"","overlay-gradient":""},"tablet":{"background-color":"var(--ast-global-color-5)","background-image":"","background-repeat":"repeat","background-position":"center center","background-size":"auto","background-attachment":"scroll","background-type":"","background-media":"","overlay-type":"","overlay-color":"","overlay-opacity":"","overlay-gradient":""},"mobile":{"background-color":"var(--ast-global-color-5)","background-image":"","background-repeat":"repeat","background-position":"center center","background-size":"auto","background-attachment":"scroll","background-type":"","background-media":"","overlay-type":"","overlay-color":"","overlay-opacity":"","overlay-gradient":""}}},"product_brand":[],"product_cat":[25],"product_tag":[],"class_list":{"0":"post-2087","1":"product","2":"type-product","3":"status-publish","4":"has-post-thumbnail","6":"product_cat-tractor-truck","7":"desktop-align-left","8":"tablet-align-left","9":"mobile-align-left","11":"first","12":"instock","13":"shipping-taxable","14":"product-type-simple"},"_links":{"self":[{"href":"https:\/\/satisfybot.com\/es\/wp-json\/wp\/v2\/product\/2087","targetHints":{"allow":["GET"]}}],"collection":[{"href":"https:\/\/satisfybot.com\/es\/wp-json\/wp\/v2\/product"}],"about":[{"href":"https:\/\/satisfybot.com\/es\/wp-json\/wp\/v2\/types\/product"}],"version-history":[{"count":0,"href":"https:\/\/satisfybot.com\/es\/wp-json\/wp\/v2\/product\/2087\/revisions"}],"wp:featuredmedia":[{"embeddable":true,"href":"https:\/\/satisfybot.com\/es\/wp-json\/wp\/v2\/media\/2088"}],"wp:attachment":[{"href":"https:\/\/satisfybot.com\/es\/wp-json\/wp\/v2\/media?parent=2087"}],"wp:term":[{"taxonomy":"product_brand","embeddable":true,"href":"https:\/\/satisfybot.com\/es\/wp-json\/wp\/v2\/product_brand?post=2087"},{"taxonomy":"product_cat","embeddable":true,"href":"https:\/\/satisfybot.com\/es\/wp-json\/wp\/v2\/product_cat?post=2087"},{"taxonomy":"product_tag","embeddable":true,"href":"https:\/\/satisfybot.com\/es\/wp-json\/wp\/v2\/product_tag?post=2087"}],"curies":[{"name":"wp","href":"https:\/\/api.w.org\/{rel}","templated":true}]}}