{"id":2092,"date":"2023-06-25T14:05:14","date_gmt":"2023-06-25T14:05:14","guid":{"rendered":"https:\/\/satisfybot.com\/?post_type=product&#038;p=2092"},"modified":"2023-06-25T14:05:14","modified_gmt":"2023-06-25T14:05:14","slug":"beiben-8x4-tractor-unit-2","status":"publish","type":"product","link":"https:\/\/satisfybot.com\/es\/producto\/beiben-8x4-tractor-unit-2\/","title":{"rendered":"Cabeza tractora Beiben 8\u00d74"},"content":{"rendered":"<p>El cabezal del tractor Shacman, Shaanxi Steam Dragon es un veh\u00edculo de servicio pesado de alta gama, es un reemplazo real para los productos importados. Este maniqu\u00ed es el maniqu\u00ed de la cooperaci\u00f3n t\u00e9cnica chino-alemana, el autom\u00f3vil completo est\u00e1 dise\u00f1ado utilizando la empresa alemana, mostrando el estilo europeo. Conocido como &quot;re\u00fane tecnolog\u00eda alemana, informa la tendencia del transporte&quot;.<\/p>\n<p><img decoding=\"async\" class=\"aligncenter\" title=\"Cabeza tractora Shacman 2 Jpg\" src=\"https:\/\/bsg-i.nbxc.com\/product\/88\/56\/a3\/fb64b45237eb9430f24e0cc0f3.jpg\" alt=\"Shacman Tractor Head 2 Jpg\" \/><\/p>\n<p>Shacman\u00a0<span class=\"keywords_replace\">cami\u00f3n tractor<\/span>\u00a0El Instituto de Investigaci\u00f3n de Ingenier\u00eda de Autom\u00f3viles de Shaanxi ha llevado a cabo de manera eficaz el prop\u00f3sito del boceto liviano del tractor F3000 a trav\u00e9s de un an\u00e1lisis sistem\u00e1tico. Bajo las necesidades de generalizaci\u00f3n, serializaci\u00f3n y no alterar m\u00e1s la configuraci\u00f3n y estructura \u00fanicas del autom\u00f3vil, el Instituto de Investigaci\u00f3n de Ingenier\u00eda Automotriz del Autom\u00f3vil de Shaanxi ha disminuido el peso del autom\u00f3vil a trav\u00e9s de la optimizaci\u00f3n de la topolog\u00eda y la evaluaci\u00f3n de la presi\u00f3n de las piezas del autom\u00f3vil. El peso del SX4187NR361 se redujo en 400 kg, el SX4257NR279 en 670 kg y el SX4257NR324 en 750 kg mediante el ajuste estructural de las piezas del autom\u00f3vil, el uso de nuevos materiales, el \u00faltimo diagrama de correspondencia de la transmisi\u00f3n y la utilidad del an\u00e1lisis de electricidad CAE. Entre ellos, la demanda del mercado del tractor 6\u00d74 es el m\u00e1s apremiante. Al evaluar el peso antes y despu\u00e9s de la transformaci\u00f3n del veh\u00edculo modelo, el peso real del modelo es de 8,59 t (con rueda de repuesto y sill\u00edn, alrededor de 100 l de combustible), y la configuraci\u00f3n general antes del descuento de peso es de aproximadamente 9,4 t. El descuento de peso adecuado del tractor 6\u00d74 es de 760 kg.<\/p>\n<p><img decoding=\"async\" class=\"aligncenter\" title=\"cabeza tractora shacman\" src=\"https:\/\/bsg-i.nbxc.com\/product\/ab\/ca\/fb\/7a02024740477f259fee5fb277.jpg\" alt=\"shacman tractor head\" \/><\/p>\n<p>Shacman tractor truck diagrama de cabina excesiva con aire acondicionado. Por lo general, se utiliza para el transporte de largo plazo. Asiento hidr\u00e1ulico importante, cabina con suspensi\u00f3n hidr\u00e1ulica de cuatro puntos, m\u00e1quina de ventana de agitaci\u00f3n manual, giro de la gu\u00eda de la cabina, aire caliente diario, control del eje de crecimiento, filtro de aire normal, sistema de enfriamiento F3000, silenciador rectangular, sill\u00edn diario noventa, placa de montaje plana, bater\u00eda libre de mantenimiento de 165 Ah, parachoques met\u00e1lico, pedal con bisagras, logotipo de SHACMAN, Letreros en ingl\u00e9s.<\/p>\n<p><img decoding=\"async\" class=\"aligncenter\" title=\"cabeza tractora shacman\" src=\"https:\/\/bsg-i.nbxc.com\/product\/f1\/db\/1f\/3017c014f7b0c7ee8cf04b922f.jpg\" alt=\"shacman tractor head\" \/><\/p>\n<p><strong><u>Especificaci\u00f3n<\/u><\/strong><\/p>\n<p>&nbsp;<\/p>\n<table class=\"ke-zeroborder\" border=\"0\" width=\"577\" cellspacing=\"0\" cellpadding=\"0\">\n<tbody>\n<tr>\n<td class=\"et2\" colspan=\"2\" width=\"577\" height=\"34\">Shacman X3000 550hp\u00a0<span class=\"keywords_replace\">Cami\u00f3n tractor 6\u00d74<\/span><\/td>\n<\/tr>\n<tr>\n<td class=\"et4\" height=\"27\">Velocidad m\u00e1xima:<\/td>\n<td class=\"et4\">110 km\/h<\/td>\n<\/tr>\n<tr>\n<td class=\"et4\" height=\"27\">Capacidad de carga:<\/td>\n<td class=\"et4\">40000kg<\/td>\n<\/tr>\n<tr>\n<td class=\"et4\" height=\"27\">Tipo de cabina:<\/td>\n<td class=\"et4\">Alto<\/td>\n<\/tr>\n<tr>\n<td class=\"et4\" height=\"27\">Gente:<\/td>\n<td class=\"et4\">3<\/td>\n<\/tr>\n<tr>\n<td class=\"et4\" height=\"27\">Motor:<\/td>\n<td class=\"et4\">WeichaiWP13.550E501<\/td>\n<\/tr>\n<tr>\n<td class=\"et4\" height=\"27\">Fuerza de motor:<\/td>\n<td class=\"et4\">405kw<\/td>\n<\/tr>\n<tr>\n<td class=\"et4\" height=\"27\">Par m\u00e1ximo:<\/td>\n<td class=\"et4\">2550N\u00b7m<\/td>\n<\/tr>\n<tr>\n<td class=\"et4\" height=\"27\">Caballos de fuerza:<\/td>\n<td class=\"et4\">550hp<\/td>\n<\/tr>\n<tr>\n<td class=\"et4\" height=\"27\">Emisi\u00f3n:<\/td>\n<td class=\"et4\">5 euros<\/td>\n<\/tr>\n<\/tbody>\n<\/table>","protected":false},"excerpt":{"rendered":"<p>Shacman tractor head,Shaanxi Steam Dragon is a high-end heavy obligation vehicle, is a actual replacement for imported products. This mannequin is the mannequin of Sino-German technical cooperation, the complete automobile is designed by using the German man company, displaying the European style. Known as &#8220;gather German technology, information the transport trend.&#8221; Shacman\u00a0Tractor Truck\u00a0Shaanxi Automobile Engineering [&hellip;]<\/p>","protected":false},"featured_media":2095,"template":"","meta":{"site-sidebar-layout":"default","site-content-layout":"default","ast-site-content-layout":"default","site-content-style":"default","site-sidebar-style":"default","ast-global-header-display":"","ast-banner-title-visibility":"","ast-main-header-display":"","ast-hfb-above-header-display":"","ast-hfb-below-header-display":"","ast-hfb-mobile-header-display":"","site-post-title":"","ast-breadcrumbs-content":"","ast-featured-img":"","footer-sml-layout":"","ast-disable-related-posts":"","theme-transparent-header-meta":"default","adv-header-id-meta":"","stick-header-meta":"","header-above-stick-meta":"","header-main-stick-meta":"","header-below-stick-meta":"","astra-migrate-meta-layouts":"default","ast-page-background-enabled":"default","ast-page-background-meta":{"desktop":{"background-color":"","background-image":"","background-repeat":"repeat","background-position":"center center","background-size":"auto","background-attachment":"scroll","background-type":"","background-media":"","overlay-type":"","overlay-color":"","overlay-opacity":"","overlay-gradient":""},"tablet":{"background-color":"","background-image":"","background-repeat":"repeat","background-position":"center center","background-size":"auto","background-attachment":"scroll","background-type":"","background-media":"","overlay-type":"","overlay-color":"","overlay-opacity":"","overlay-gradient":""},"mobile":{"background-color":"","background-image":"","background-repeat":"repeat","background-position":"center center","background-size":"auto","background-attachment":"scroll","background-type":"","background-media":"","overlay-type":"","overlay-color":"","overlay-opacity":"","overlay-gradient":""}},"ast-content-background-meta":{"desktop":{"background-color":"var(--ast-global-color-5)","background-image":"","background-repeat":"repeat","background-position":"center center","background-size":"auto","background-attachment":"scroll","background-type":"","background-media":"","overlay-type":"","overlay-color":"","overlay-opacity":"","overlay-gradient":""},"tablet":{"background-color":"var(--ast-global-color-5)","background-image":"","background-repeat":"repeat","background-position":"center center","background-size":"auto","background-attachment":"scroll","background-type":"","background-media":"","overlay-type":"","overlay-color":"","overlay-opacity":"","overlay-gradient":""},"mobile":{"background-color":"var(--ast-global-color-5)","background-image":"","background-repeat":"repeat","background-position":"center center","background-size":"auto","background-attachment":"scroll","background-type":"","background-media":"","overlay-type":"","overlay-color":"","overlay-opacity":"","overlay-gradient":""}}},"product_brand":[],"product_cat":[25],"product_tag":[],"class_list":{"0":"post-2092","1":"product","2":"type-product","3":"status-publish","4":"has-post-thumbnail","6":"product_cat-tractor-truck","7":"desktop-align-left","8":"tablet-align-left","9":"mobile-align-left","11":"first","12":"instock","13":"shipping-taxable","14":"product-type-simple"},"_links":{"self":[{"href":"https:\/\/satisfybot.com\/es\/wp-json\/wp\/v2\/product\/2092","targetHints":{"allow":["GET"]}}],"collection":[{"href":"https:\/\/satisfybot.com\/es\/wp-json\/wp\/v2\/product"}],"about":[{"href":"https:\/\/satisfybot.com\/es\/wp-json\/wp\/v2\/types\/product"}],"version-history":[{"count":0,"href":"https:\/\/satisfybot.com\/es\/wp-json\/wp\/v2\/product\/2092\/revisions"}],"wp:featuredmedia":[{"embeddable":true,"href":"https:\/\/satisfybot.com\/es\/wp-json\/wp\/v2\/media\/2095"}],"wp:attachment":[{"href":"https:\/\/satisfybot.com\/es\/wp-json\/wp\/v2\/media?parent=2092"}],"wp:term":[{"taxonomy":"product_brand","embeddable":true,"href":"https:\/\/satisfybot.com\/es\/wp-json\/wp\/v2\/product_brand?post=2092"},{"taxonomy":"product_cat","embeddable":true,"href":"https:\/\/satisfybot.com\/es\/wp-json\/wp\/v2\/product_cat?post=2092"},{"taxonomy":"product_tag","embeddable":true,"href":"https:\/\/satisfybot.com\/es\/wp-json\/wp\/v2\/product_tag?post=2092"}],"curies":[{"name":"wp","href":"https:\/\/api.w.org\/{rel}","templated":true}]}}