{"id":2097,"date":"2023-06-25T14:10:45","date_gmt":"2023-06-25T14:10:45","guid":{"rendered":"https:\/\/satisfybot.com\/?post_type=product&#038;p=2097"},"modified":"2023-06-25T14:14:10","modified_gmt":"2023-06-25T14:14:10","slug":"dongfeng-tractor-head","status":"publish","type":"product","link":"https:\/\/satisfybot.com\/es\/producto\/dongfeng-tractor-head\/","title":{"rendered":"Cabeza tractora Dongfeng"},"content":{"rendered":"<h3 style=\"font-weight: 400; text-align: center;\">Cabeza tractora Dongfeng<\/h3>\n<p><img fetchpriority=\"high\" decoding=\"async\" class=\"aligncenter wp-image-2098\" src=\"https:\/\/satisfybot.com\/wp-content\/uploads\/2023\/06\/0af6af46250b108dad27858126.jpg\" alt=\"Dongfeng Tractor Head\" width=\"1200\" height=\"800\" srcset=\"https:\/\/satisfybot.com\/wp-content\/uploads\/2023\/06\/0af6af46250b108dad27858126.jpg 800w, https:\/\/satisfybot.com\/wp-content\/uploads\/2023\/06\/0af6af46250b108dad27858126-600x400.jpg 600w, https:\/\/satisfybot.com\/wp-content\/uploads\/2023\/06\/0af6af46250b108dad27858126-300x200.jpg 300w, https:\/\/satisfybot.com\/wp-content\/uploads\/2023\/06\/0af6af46250b108dad27858126-768x512.jpg 768w\" sizes=\"(max-width: 1200px) 100vw, 1200px\" \/><\/p>\n<p style=\"font-weight: 400;\">Dongfeng Tractor Truck adopta un dise\u00f1o de ballestas de hojas m\u00faltiples y puede equiparse con un motor Weichai de 300~480 hP, que esencialmente puede satisfacer sus diversas necesidades de autom\u00f3viles. Los veh\u00edculos Dongfeng Tractor Truck comprados a trav\u00e9s de nuestra empresa ahora no solo consisten en Dongfeng Tractor Truck, Dongfeng Tractor Truck volquetes de servicio pesado, sino tambi\u00e9n camionetas volquete a la venta.<\/p>\n<p><img decoding=\"async\" class=\"aligncenter wp-image-2100\" src=\"https:\/\/satisfybot.com\/wp-content\/uploads\/2023\/06\/9179e5a127c7baa63b6c52e842.jpg\" alt=\"Dongfeng Tractor Head\" width=\"1100\" height=\"744\" srcset=\"https:\/\/satisfybot.com\/wp-content\/uploads\/2023\/06\/9179e5a127c7baa63b6c52e842.jpg 686w, https:\/\/satisfybot.com\/wp-content\/uploads\/2023\/06\/9179e5a127c7baa63b6c52e842-600x406.jpg 600w, https:\/\/satisfybot.com\/wp-content\/uploads\/2023\/06\/9179e5a127c7baa63b6c52e842-300x203.jpg 300w\" sizes=\"(max-width: 1100px) 100vw, 1100px\" \/><\/p>\n<p><b><strong>Caracter\u00edsticas y ventajas de\u00a0<\/strong><\/b><b><strong>Cami\u00f3n tractor Dongfeng<\/strong><\/b><br \/>\n1. El cami\u00f3n tractor Dongfeng utiliza un motor Weichai de alta potencia, un compresor de aire de descarga de dos cilindros y una gran potencia.<br \/>\n2. La cabina del cami\u00f3n tractor Dongfeng utiliza un nuevo dise\u00f1o de cabina de estilo europeo, optimizaci\u00f3n CFD completa y menor resistencia.<br \/>\n3. El eje Hande de 7,5 toneladas y el eje 2.714 de 13 toneladas sin mantenimiento tienen una capacidad de carga superior que el eje de reducci\u00f3n simple.<br \/>\n4. El cami\u00f3n volquete Dongfeng Tractor Truck se ensambla a partir de las mejores piezas del mundo.<\/p>\n<p><b><strong>Especificaciones<\/strong><\/b><\/p>\n<table>\n<tbody>\n<tr>\n<td colspan=\"4\" width=\"978\">Motor<\/td>\n<\/tr>\n<tr>\n<td width=\"192\">Modelo<\/td>\n<td width=\"295\">WP10.340E32<\/td>\n<td width=\"175\">Marca<\/td>\n<td width=\"316\">Cami\u00f3n tractor Dongfeng<\/td>\n<\/tr>\n<tr>\n<td width=\"192\">Emisi\u00f3n<\/td>\n<td width=\"295\">euro II<\/td>\n<td width=\"175\">Marca del motor<\/td>\n<td width=\"316\">WEICHAI<\/td>\n<\/tr>\n<tr>\n<td width=\"192\">Tipo de combustible<\/td>\n<td width=\"295\">Diesel<\/td>\n<td width=\"175\">Desplazamiento del motor<\/td>\n<td width=\"316\">11.596 litros<\/td>\n<\/tr>\n<tr>\n<td colspan=\"4\" width=\"978\">Chasis<\/td>\n<\/tr>\n<tr>\n<td width=\"192\">Eje<\/td>\n<td width=\"295\">Eje MAN delantero de 7,5 toneladas<\/td>\n<td colspan=\"2\" width=\"491\">Eje trasero de doble reducci\u00f3n STR de 13 toneladas, relaci\u00f3n: 5,73<\/td>\n<\/tr>\n<tr>\n<td width=\"192\">Cabina<\/td>\n<td width=\"295\">Dongfeng Tractor Truck Flat Cabin, una cama, aire acondicionado<\/td>\n<td width=\"175\">m\u00e1x. velocidad de carrera (km\/h)<\/td>\n<td width=\"316\">77<\/td>\n<\/tr>\n<\/tbody>\n<\/table>\n<p><b><strong>PAG<\/strong><\/b><b><strong>golpeando y S<\/strong><\/b><b><strong>hipping<\/strong><\/b><\/p>\n<p><img decoding=\"async\" class=\"aligncenter wp-image-2099\" src=\"https:\/\/satisfybot.com\/wp-content\/uploads\/2023\/06\/0d9312e54956a736606398b78c-1024x418.jpg\" alt=\"Dongfeng Tractor Head\" width=\"1200\" height=\"490\" srcset=\"https:\/\/satisfybot.com\/wp-content\/uploads\/2023\/06\/0d9312e54956a736606398b78c-1024x418.jpg 1024w, https:\/\/satisfybot.com\/wp-content\/uploads\/2023\/06\/0d9312e54956a736606398b78c-600x245.jpg 600w, https:\/\/satisfybot.com\/wp-content\/uploads\/2023\/06\/0d9312e54956a736606398b78c-300x123.jpg 300w, https:\/\/satisfybot.com\/wp-content\/uploads\/2023\/06\/0d9312e54956a736606398b78c-768x314.jpg 768w, https:\/\/satisfybot.com\/wp-content\/uploads\/2023\/06\/0d9312e54956a736606398b78c.jpg 1200w\" sizes=\"(max-width: 1200px) 100vw, 1200px\" \/><\/p>\n<p><b><strong>Por lo general, nuestros camiones volquete se pueden transportar en camiones rodantes, graneleros o contenedores.<\/strong><\/b><br \/>\n<b><strong>Detalles de Empaque: Ro-Ro o Granel en barcos y puertos de su pa\u00eds. Si el cami\u00f3n est\u00e1 en la cubierta, rociaremos pintura antioxidante de forma gratuita. Normalmente pondremos el cami\u00f3n en la cabina.<\/strong><\/b><\/p>","protected":false},"excerpt":{"rendered":"<p>Dongfeng Tractor Head Dongfeng\u00a0Tractor Truck\u00a0adopts multi-leaf spring design, and can be geared up with 300~480 hP Weichai engine, which can essentially meet your a variety of automobile needs.Dongfeng Tractor Truck\u00a0vehicles bought via our enterprise now not solely consist of\u00a0Dongfeng Tractor Truck,\u00a0Dongfeng Tractor Truck\u00a0heavy-duty dump trucks, however additionally dump vans on sale. Features and advantages of\u00a0Dongfeng [&hellip;]<\/p>","protected":false},"featured_media":2101,"template":"","meta":{"site-sidebar-layout":"default","site-content-layout":"default","ast-site-content-layout":"default","site-content-style":"default","site-sidebar-style":"default","ast-global-header-display":"","ast-banner-title-visibility":"","ast-main-header-display":"","ast-hfb-above-header-display":"","ast-hfb-below-header-display":"","ast-hfb-mobile-header-display":"","site-post-title":"","ast-breadcrumbs-content":"","ast-featured-img":"","footer-sml-layout":"","ast-disable-related-posts":"","theme-transparent-header-meta":"default","adv-header-id-meta":"","stick-header-meta":"","header-above-stick-meta":"","header-main-stick-meta":"","header-below-stick-meta":"","astra-migrate-meta-layouts":"default","ast-page-background-enabled":"default","ast-page-background-meta":{"desktop":{"background-color":"","background-image":"","background-repeat":"repeat","background-position":"center center","background-size":"auto","background-attachment":"scroll","background-type":"","background-media":"","overlay-type":"","overlay-color":"","overlay-opacity":"","overlay-gradient":""},"tablet":{"background-color":"","background-image":"","background-repeat":"repeat","background-position":"center center","background-size":"auto","background-attachment":"scroll","background-type":"","background-media":"","overlay-type":"","overlay-color":"","overlay-opacity":"","overlay-gradient":""},"mobile":{"background-color":"","background-image":"","background-repeat":"repeat","background-position":"center center","background-size":"auto","background-attachment":"scroll","background-type":"","background-media":"","overlay-type":"","overlay-color":"","overlay-opacity":"","overlay-gradient":""}},"ast-content-background-meta":{"desktop":{"background-color":"var(--ast-global-color-5)","background-image":"","background-repeat":"repeat","background-position":"center center","background-size":"auto","background-attachment":"scroll","background-type":"","background-media":"","overlay-type":"","overlay-color":"","overlay-opacity":"","overlay-gradient":""},"tablet":{"background-color":"var(--ast-global-color-5)","background-image":"","background-repeat":"repeat","background-position":"center center","background-size":"auto","background-attachment":"scroll","background-type":"","background-media":"","overlay-type":"","overlay-color":"","overlay-opacity":"","overlay-gradient":""},"mobile":{"background-color":"var(--ast-global-color-5)","background-image":"","background-repeat":"repeat","background-position":"center center","background-size":"auto","background-attachment":"scroll","background-type":"","background-media":"","overlay-type":"","overlay-color":"","overlay-opacity":"","overlay-gradient":""}}},"product_brand":[],"product_cat":[25],"product_tag":[],"class_list":{"0":"post-2097","1":"product","2":"type-product","3":"status-publish","4":"has-post-thumbnail","6":"product_cat-tractor-truck","7":"desktop-align-left","8":"tablet-align-left","9":"mobile-align-left","11":"first","12":"instock","13":"shipping-taxable","14":"product-type-simple"},"_links":{"self":[{"href":"https:\/\/satisfybot.com\/es\/wp-json\/wp\/v2\/product\/2097","targetHints":{"allow":["GET"]}}],"collection":[{"href":"https:\/\/satisfybot.com\/es\/wp-json\/wp\/v2\/product"}],"about":[{"href":"https:\/\/satisfybot.com\/es\/wp-json\/wp\/v2\/types\/product"}],"version-history":[{"count":0,"href":"https:\/\/satisfybot.com\/es\/wp-json\/wp\/v2\/product\/2097\/revisions"}],"wp:featuredmedia":[{"embeddable":true,"href":"https:\/\/satisfybot.com\/es\/wp-json\/wp\/v2\/media\/2101"}],"wp:attachment":[{"href":"https:\/\/satisfybot.com\/es\/wp-json\/wp\/v2\/media?parent=2097"}],"wp:term":[{"taxonomy":"product_brand","embeddable":true,"href":"https:\/\/satisfybot.com\/es\/wp-json\/wp\/v2\/product_brand?post=2097"},{"taxonomy":"product_cat","embeddable":true,"href":"https:\/\/satisfybot.com\/es\/wp-json\/wp\/v2\/product_cat?post=2097"},{"taxonomy":"product_tag","embeddable":true,"href":"https:\/\/satisfybot.com\/es\/wp-json\/wp\/v2\/product_tag?post=2097"}],"curies":[{"name":"wp","href":"https:\/\/api.w.org\/{rel}","templated":true}]}}