{"id":2109,"date":"2023-06-25T14:16:56","date_gmt":"2023-06-25T14:16:56","guid":{"rendered":"https:\/\/satisfybot.com\/?post_type=product&#038;p=2109"},"modified":"2023-06-25T14:17:09","modified_gmt":"2023-06-25T14:17:09","slug":"howo-a7-420-tractor-truck","status":"publish","type":"product","link":"https:\/\/satisfybot.com\/es\/producto\/howo-a7-420-tractor-truck\/","title":{"rendered":"Cami\u00f3n tractor Howo A7 420"},"content":{"rendered":"<p>Suministramos Howo A7 420\u00a0<span class=\"keywords_replace\">Camiones Tractores en Venta<\/span>. Hemos logrado un gran \u00e9xito en Senegal, Burkina Faso, Guinea, Sierra Leona, Liberia, Benin, Camer\u00fan, Togo, la Rep\u00fablica Democr\u00e1tica del Congo y la Rep\u00fablica Democr\u00e1tica del Congo.<\/p>\n<p>El Howo A7 420\u00a0<span class=\"keywords_replace\">cami\u00f3n tractor<\/span>\u00a0es un producto probado de Sinotruck, que presenta una estructura confiable, gran capacidad de carga, excelente potencia de 420 hp y rendimiento confiable. Este modelo puede cumplir con los requisitos de diferentes condiciones de la carretera. Este modelo puede satisfacer su necesidad de transporte por carretera de larga distancia.<\/p>\n<h2><strong>Especificaci\u00f3n del cami\u00f3n tractor Howo A7 420<\/strong><\/h2>\n<p>&nbsp;<\/p>\n<table border=\"1\" cellspacing=\"0\" cellpadding=\"0\" align=\"center\">\n<tbody>\n<tr>\n<td class=\"et2\" width=\"235\" height=\"54\">Cabina<\/td>\n<td class=\"et3\" width=\"459\">Tipo de conducci\u00f3n 6\u00d74 LHD<\/td>\n<td class=\"et3\" width=\"358\">Cabina est\u00e1ndar, con una cama y aire acondicionado, inclinable hidr\u00e1ulicamente 70\u00b0 hacia el frente como se adjunta en la foto de la ref.<\/td>\n<\/tr>\n<tr>\n<td class=\"et2\" rowspan=\"3\" height=\"54\">Dimensiones principales del veh\u00edculo<\/td>\n<td class=\"et3\" width=\"459\">Dimensiones totales (L x An x Al) mm<\/td>\n<td class=\"et3\" width=\"358\">6900x2500x3350<\/td>\n<\/tr>\n<tr>\n<td class=\"et3\" width=\"459\">Distancia entre ejes (mm)<\/td>\n<td class=\"et3\" width=\"358\">3200+1400<\/td>\n<\/tr>\n<tr>\n<td class=\"et3\" width=\"459\">Distancia entre ruedas (delantera\/trasera) (mm)<\/td>\n<td class=\"et3\" width=\"358\">2022\/1830<\/td>\n<\/tr>\n<tr>\n<td class=\"et2\" rowspan=\"4\" height=\"72\">Peso en KGS<\/td>\n<td class=\"et3\" width=\"459\">Peso de tara<\/td>\n<td class=\"et3\" width=\"358\">9210<\/td>\n<\/tr>\n<tr>\n<td class=\"et3\" width=\"459\">Capacidad de acarreo<\/td>\n<td class=\"et3\" width=\"358\">45000<\/td>\n<\/tr>\n<tr>\n<td class=\"et3\" width=\"459\">Capacidad de carga de los ejes delanteros<\/td>\n<td class=\"et3\" width=\"358\">1&#215;9000<\/td>\n<\/tr>\n<tr>\n<td class=\"et3\" width=\"459\">Capacidad de carga de los ejes traseros<\/td>\n<td class=\"et3\" width=\"358\">2&#215;16000<\/td>\n<\/tr>\n<tr>\n<td class=\"et2\" rowspan=\"5\" height=\"126\">Motor<\/td>\n<td class=\"et3\" width=\"459\">Marca<\/td>\n<td class=\"et3\" width=\"358\">Sinotruk<\/td>\n<\/tr>\n<tr>\n<td class=\"et3\" width=\"459\">Modelo<\/td>\n<td class=\"et3\" width=\"358\">WD615.47<\/td>\n<\/tr>\n<tr>\n<td class=\"et3\" width=\"459\">Tipo<\/td>\n<td class=\"et3\" width=\"358\">Inyecci\u00f3n directa de 4 tiempos, 6 cilindros en l\u00ednea con refrigeraci\u00f3n por agua, turboalimentaci\u00f3n e interrefrigeraci\u00f3n<\/td>\n<\/tr>\n<tr>\n<td class=\"et3\" width=\"459\">Caballos de fuerza (HP)<\/td>\n<td class=\"et3\" width=\"358\">371HP<\/td>\n<\/tr>\n<tr>\n<td class=\"et3\" width=\"459\">Est\u00e1ndar de emisi\u00f3n<\/td>\n<td class=\"et3\" width=\"358\">2 euros<\/td>\n<\/tr>\n<tr>\n<td class=\"et2\" height=\"18\">Caja de cambios<\/td>\n<td class=\"et3\" colspan=\"2\" width=\"817\">HW19710, 10 marchas adelante y 2 marchas atr\u00e1s<\/td>\n<\/tr>\n<tr>\n<td class=\"et2\" height=\"18\">Embrague<\/td>\n<td class=\"et3\" colspan=\"2\" width=\"817\">Embrague de diafragma reforzado, di\u00e1metro 430 mm<\/td>\n<\/tr>\n<tr>\n<td class=\"et2\" height=\"18\">Aparato de gobierno<\/td>\n<td class=\"et3\" colspan=\"2\" width=\"817\">ZF 8098, direcci\u00f3n asistida, direcci\u00f3n hidr\u00e1ulica con asistencia el\u00e9ctrica<\/td>\n<\/tr>\n<tr>\n<td class=\"et2\" height=\"18\">Tanque de combustible (L)<\/td>\n<td class=\"et3\" colspan=\"2\" width=\"817\">400<\/td>\n<\/tr>\n<tr>\n<td class=\"et2\" height=\"18\">Neum\u00e1tico<\/td>\n<td class=\"et3\" colspan=\"2\" width=\"817\">Neum\u00e1tico 12R22.5 11 piezas, incluido un neum\u00e1tico de repuesto,<\/td>\n<\/tr>\n<tr>\n<td class=\"et2\" height=\"18\">Frenos<\/td>\n<td class=\"et3\" colspan=\"2\" width=\"817\">Freno de servicio: freno de aire comprimido de doble circuito<br \/>\nFreno de estacionamiento: (freno de emergencia): energ\u00eda de resorte, aire comprimido que funciona en las ruedas traseras<br \/>\nFreno auxiliar: freno de escape del motor<\/td>\n<\/tr>\n<\/tbody>\n<\/table>\n<p>&nbsp;<\/p>\n<h2><strong>Embalaje y env\u00edo<\/strong><\/h2>\n<p>1) Cera: para evitar que el agua de mar corroa el cuerpo en el proceso de transporte, la cera se roc\u00eda.<br \/>\n2) Transporte: los proveedores de carga conocidos brindan servicios de log\u00edstica confiables. El proceso de transporte es seguro y oportuno.<\/p>\n<p><img fetchpriority=\"high\" decoding=\"async\" class=\"aligncenter size-large wp-image-2099\" src=\"https:\/\/satisfybot.com\/wp-content\/uploads\/2023\/06\/0d9312e54956a736606398b78c-1024x418.jpg\" alt=\"Dongfeng Tractor Head\" width=\"1024\" height=\"418\" srcset=\"https:\/\/satisfybot.com\/wp-content\/uploads\/2023\/06\/0d9312e54956a736606398b78c-1024x418.jpg 1024w, https:\/\/satisfybot.com\/wp-content\/uploads\/2023\/06\/0d9312e54956a736606398b78c-600x245.jpg 600w, https:\/\/satisfybot.com\/wp-content\/uploads\/2023\/06\/0d9312e54956a736606398b78c-300x123.jpg 300w, https:\/\/satisfybot.com\/wp-content\/uploads\/2023\/06\/0d9312e54956a736606398b78c-768x314.jpg 768w, https:\/\/satisfybot.com\/wp-content\/uploads\/2023\/06\/0d9312e54956a736606398b78c.jpg 1200w\" sizes=\"(max-width: 1024px) 100vw, 1024px\" \/><\/p>\n<h2><strong>Nuestra ventaja<\/strong><\/h2>\n<p>1. F\u00e1brica: tenemos nuestra propia f\u00e1brica y trabajadores calificados, un equipo de dise\u00f1o rico y experimentado y un buen servicio postventa<br \/>\n2. Calidad y Precio: Certificaci\u00f3n de Calidad de Productos SGS CCC ISO. Y asegure la alta calidad de sus productos requeridos. Adem\u00e1s, logramos controlar el costo y ahorrar hasta el \u00faltimo centavo para tu fiesta.<br \/>\n3. Personalizado: podemos proporcionar varios tipos de camiones y remolques especiales y varias m\u00e1quinas para sus opciones. Adem\u00e1s, podemos personalizarlo seg\u00fan sus requisitos espec\u00edficos.<\/p>\n<p>4. Experiencia: M\u00e1s de 20 a\u00f1os de experiencia como fabricante.<\/p>","protected":false},"excerpt":{"rendered":"<p>We supply Howo A7 420\u00a0Tractor Trucks for Sale. We have achieved great success in Senegal, Burkina Faso, Guinea, Sierra Leone, Liberia, Benin, Cameroon, Togo, the Democratic Republic of Congo, and the Democratic Republic of Congo. The Howo A7 420\u00a0Tractor Truck\u00a0is a proven product of Sinotruck, which features a reliable structure, great loading capacity, excellent power [&hellip;]<\/p>","protected":false},"featured_media":2110,"template":"","meta":{"site-sidebar-layout":"default","site-content-layout":"default","ast-site-content-layout":"default","site-content-style":"default","site-sidebar-style":"default","ast-global-header-display":"","ast-banner-title-visibility":"","ast-main-header-display":"","ast-hfb-above-header-display":"","ast-hfb-below-header-display":"","ast-hfb-mobile-header-display":"","site-post-title":"","ast-breadcrumbs-content":"","ast-featured-img":"","footer-sml-layout":"","ast-disable-related-posts":"","theme-transparent-header-meta":"default","adv-header-id-meta":"","stick-header-meta":"","header-above-stick-meta":"","header-main-stick-meta":"","header-below-stick-meta":"","astra-migrate-meta-layouts":"default","ast-page-background-enabled":"default","ast-page-background-meta":{"desktop":{"background-color":"","background-image":"","background-repeat":"repeat","background-position":"center center","background-size":"auto","background-attachment":"scroll","background-type":"","background-media":"","overlay-type":"","overlay-color":"","overlay-opacity":"","overlay-gradient":""},"tablet":{"background-color":"","background-image":"","background-repeat":"repeat","background-position":"center center","background-size":"auto","background-attachment":"scroll","background-type":"","background-media":"","overlay-type":"","overlay-color":"","overlay-opacity":"","overlay-gradient":""},"mobile":{"background-color":"","background-image":"","background-repeat":"repeat","background-position":"center center","background-size":"auto","background-attachment":"scroll","background-type":"","background-media":"","overlay-type":"","overlay-color":"","overlay-opacity":"","overlay-gradient":""}},"ast-content-background-meta":{"desktop":{"background-color":"var(--ast-global-color-5)","background-image":"","background-repeat":"repeat","background-position":"center center","background-size":"auto","background-attachment":"scroll","background-type":"","background-media":"","overlay-type":"","overlay-color":"","overlay-opacity":"","overlay-gradient":""},"tablet":{"background-color":"var(--ast-global-color-5)","background-image":"","background-repeat":"repeat","background-position":"center center","background-size":"auto","background-attachment":"scroll","background-type":"","background-media":"","overlay-type":"","overlay-color":"","overlay-opacity":"","overlay-gradient":""},"mobile":{"background-color":"var(--ast-global-color-5)","background-image":"","background-repeat":"repeat","background-position":"center center","background-size":"auto","background-attachment":"scroll","background-type":"","background-media":"","overlay-type":"","overlay-color":"","overlay-opacity":"","overlay-gradient":""}}},"product_brand":[],"product_cat":[25],"product_tag":[],"class_list":{"0":"post-2109","1":"product","2":"type-product","3":"status-publish","4":"has-post-thumbnail","6":"product_cat-tractor-truck","7":"desktop-align-left","8":"tablet-align-left","9":"mobile-align-left","11":"first","12":"instock","13":"shipping-taxable","14":"product-type-simple"},"_links":{"self":[{"href":"https:\/\/satisfybot.com\/es\/wp-json\/wp\/v2\/product\/2109","targetHints":{"allow":["GET"]}}],"collection":[{"href":"https:\/\/satisfybot.com\/es\/wp-json\/wp\/v2\/product"}],"about":[{"href":"https:\/\/satisfybot.com\/es\/wp-json\/wp\/v2\/types\/product"}],"version-history":[{"count":0,"href":"https:\/\/satisfybot.com\/es\/wp-json\/wp\/v2\/product\/2109\/revisions"}],"wp:featuredmedia":[{"embeddable":true,"href":"https:\/\/satisfybot.com\/es\/wp-json\/wp\/v2\/media\/2110"}],"wp:attachment":[{"href":"https:\/\/satisfybot.com\/es\/wp-json\/wp\/v2\/media?parent=2109"}],"wp:term":[{"taxonomy":"product_brand","embeddable":true,"href":"https:\/\/satisfybot.com\/es\/wp-json\/wp\/v2\/product_brand?post=2109"},{"taxonomy":"product_cat","embeddable":true,"href":"https:\/\/satisfybot.com\/es\/wp-json\/wp\/v2\/product_cat?post=2109"},{"taxonomy":"product_tag","embeddable":true,"href":"https:\/\/satisfybot.com\/es\/wp-json\/wp\/v2\/product_tag?post=2109"}],"curies":[{"name":"wp","href":"https:\/\/api.w.org\/{rel}","templated":true}]}}