{"id":2124,"date":"2023-06-25T14:29:44","date_gmt":"2023-06-25T14:29:44","guid":{"rendered":"https:\/\/satisfybot.com\/?post_type=product&#038;p=2124"},"modified":"2023-06-25T14:29:45","modified_gmt":"2023-06-25T14:29:45","slug":"3-axles-side-wall-grain-farm-fence-trailer","status":"publish","type":"product","link":"https:\/\/satisfybot.com\/es\/producto\/3-axles-side-wall-grain-farm-fence-trailer\/","title":{"rendered":"Remolque de valla de granja de grano de pared lateral de 3 ejes"},"content":{"rendered":"<p><strong>Remolque de valla de granja de grano de pared lateral abatible de 3 ejes 40T 60T<\/strong><\/p>\n<p><strong>Descripci\u00f3n del Producto:<\/strong><\/p>\n<p>Los remolques de transporte de granos son remolques que se utilizan para transportar productos a granel, como granos, que son arrastrados por camiones tractores. Estos remolques se utilizan ampliamente en toda \u00c1frica para transportar productos agr\u00edcolas y cualquier otra mercanc\u00eda que pueda transportarse y manipularse a granel mediante remolques. Chengda, la viga es de acero estructural de alta resistencia Q345B, la viga transversal se suelda autom\u00e1ticamente por arco sumergido y la estructura principal de la viga longitudinal tiene el mejor efecto de soporte. Y contamos con ejes y sistemas de suspensi\u00f3n de reconocida marca, de alto desempe\u00f1o y uso confiable, garantizan el buen desempe\u00f1o de todo el veh\u00edculo.<\/p>\n<p>Remolques de valla de 3 ejes 40T con valla alta (abajo)<\/p>\n<p><img fetchpriority=\"high\" decoding=\"async\" class=\"aligncenter size-full wp-image-2128\" src=\"https:\/\/satisfybot.com\/wp-content\/uploads\/2023\/06\/4283bc1a34bc8f0218f6273f69.jpg\" alt=\"Advantages:1. The frame body is Q345B high-strength structural steel, the cross-beam is automatically submerged arc welding, and the main longitudinal beam structure has the best bearing effect.2. Well-known brand axles and suspension systems, high performance and reliable use, guarantee the good performance of the whole vehicle.3. The trailers floor is checker plate, this will keep the other bulk cargo more stable, like the bags, or long stuff.4. We offer Fence trailers with various customization options.Specification:Overall dimension 11500*2500*3600mmLoading capacity 40TTyre and quantity 12R22.5 12setsLanding gear 28TPlatform plate 3mm Checkered steel plateBrake system Dual Line braking system ,none ABS.Brake air chamber Four double and two single chamberPacking and Delievery:We provide Roro shipment and Bulk shipment, anyone you can choose.\" width=\"1000\" height=\"1000\" srcset=\"https:\/\/satisfybot.com\/wp-content\/uploads\/2023\/06\/4283bc1a34bc8f0218f6273f69.jpg 1000w, https:\/\/satisfybot.com\/wp-content\/uploads\/2023\/06\/4283bc1a34bc8f0218f6273f69-300x300.jpg 300w, https:\/\/satisfybot.com\/wp-content\/uploads\/2023\/06\/4283bc1a34bc8f0218f6273f69-100x100.jpg 100w, https:\/\/satisfybot.com\/wp-content\/uploads\/2023\/06\/4283bc1a34bc8f0218f6273f69-600x600.jpg 600w, https:\/\/satisfybot.com\/wp-content\/uploads\/2023\/06\/4283bc1a34bc8f0218f6273f69-150x150.jpg 150w, https:\/\/satisfybot.com\/wp-content\/uploads\/2023\/06\/4283bc1a34bc8f0218f6273f69-768x768.jpg 768w\" sizes=\"(max-width: 1000px) 100vw, 1000px\" \/><\/p>\n<p><strong>ventajas:<\/strong><br \/>\n1. El cuerpo del marco es de acero estructural de alta resistencia Q345B, la viga transversal se suelda autom\u00e1ticamente por arco sumergido y la estructura principal de la viga longitudinal tiene el mejor efecto de soporte.<br \/>\n2. Ejes y sistemas de suspensi\u00f3n de marcas reconocidas, alto rendimiento y uso confiable, garantizan el buen desempe\u00f1o de todo el veh\u00edculo.<\/p>\n<p>3. El piso del remolque es una placa de control, esto mantendr\u00e1 la otra carga a granel m\u00e1s estable, como las bolsas o cosas largas.<br \/>\n4. Ofrecemos remolques de valla con varias opciones de personalizaci\u00f3n.<\/p>\n<p><strong>Especificaci\u00f3n:<\/strong><\/p>\n<p>Dimensi\u00f3n total 11500*2500*3600mm<br \/>\nCapacidad de carga 40T<br \/>\nNeum\u00e1tico y cantidad 12R22.5 12sets<\/p>\n<p>Tren de aterrizaje 28T<br \/>\nPlaca de plataforma Placa de acero a cuadros de 3 mm<br \/>\nSistema de frenos Sistema de frenos Dual Line, sin ABS.<\/p>\n<p>C\u00e1mara de aire de freno Cuatro c\u00e1maras dobles y dos c\u00e1maras individuales<\/p>\n<p><strong>Embalaje y entrega:<\/strong><\/p>\n<p>Proporcionamos env\u00edo Roro y env\u00edo a granel, cualquiera que pueda elegir.<\/p>\n<p><img decoding=\"async\" class=\"aligncenter size-large wp-image-2099\" src=\"https:\/\/satisfybot.com\/wp-content\/uploads\/2023\/06\/0d9312e54956a736606398b78c-1024x418.jpg\" alt=\"Dongfeng Tractor Head\" width=\"1024\" height=\"418\" srcset=\"https:\/\/satisfybot.com\/wp-content\/uploads\/2023\/06\/0d9312e54956a736606398b78c-1024x418.jpg 1024w, https:\/\/satisfybot.com\/wp-content\/uploads\/2023\/06\/0d9312e54956a736606398b78c-600x245.jpg 600w, https:\/\/satisfybot.com\/wp-content\/uploads\/2023\/06\/0d9312e54956a736606398b78c-300x123.jpg 300w, https:\/\/satisfybot.com\/wp-content\/uploads\/2023\/06\/0d9312e54956a736606398b78c-768x314.jpg 768w, https:\/\/satisfybot.com\/wp-content\/uploads\/2023\/06\/0d9312e54956a736606398b78c.jpg 1200w\" sizes=\"(max-width: 1024px) 100vw, 1024px\" \/><\/p>","protected":false},"excerpt":{"rendered":"<p>3 Axles 40T 60T Drop Side Wall Grain Farm Fence Trailer Product Description: Grain transport trailers are trailers used to transport bulk commodities such as grains that are pulled by truck tractors. These trailers are widely used throughout Africa to transport agricultural products and any other commodities that can be transported and handled in bulk [&hellip;]<\/p>","protected":false},"featured_media":2125,"template":"","meta":{"site-sidebar-layout":"default","site-content-layout":"default","ast-site-content-layout":"default","site-content-style":"default","site-sidebar-style":"default","ast-global-header-display":"","ast-banner-title-visibility":"","ast-main-header-display":"","ast-hfb-above-header-display":"","ast-hfb-below-header-display":"","ast-hfb-mobile-header-display":"","site-post-title":"","ast-breadcrumbs-content":"","ast-featured-img":"","footer-sml-layout":"","ast-disable-related-posts":"","theme-transparent-header-meta":"default","adv-header-id-meta":"","stick-header-meta":"","header-above-stick-meta":"","header-main-stick-meta":"","header-below-stick-meta":"","astra-migrate-meta-layouts":"default","ast-page-background-enabled":"default","ast-page-background-meta":{"desktop":{"background-color":"","background-image":"","background-repeat":"repeat","background-position":"center center","background-size":"auto","background-attachment":"scroll","background-type":"","background-media":"","overlay-type":"","overlay-color":"","overlay-opacity":"","overlay-gradient":""},"tablet":{"background-color":"","background-image":"","background-repeat":"repeat","background-position":"center center","background-size":"auto","background-attachment":"scroll","background-type":"","background-media":"","overlay-type":"","overlay-color":"","overlay-opacity":"","overlay-gradient":""},"mobile":{"background-color":"","background-image":"","background-repeat":"repeat","background-position":"center center","background-size":"auto","background-attachment":"scroll","background-type":"","background-media":"","overlay-type":"","overlay-color":"","overlay-opacity":"","overlay-gradient":""}},"ast-content-background-meta":{"desktop":{"background-color":"var(--ast-global-color-5)","background-image":"","background-repeat":"repeat","background-position":"center center","background-size":"auto","background-attachment":"scroll","background-type":"","background-media":"","overlay-type":"","overlay-color":"","overlay-opacity":"","overlay-gradient":""},"tablet":{"background-color":"var(--ast-global-color-5)","background-image":"","background-repeat":"repeat","background-position":"center center","background-size":"auto","background-attachment":"scroll","background-type":"","background-media":"","overlay-type":"","overlay-color":"","overlay-opacity":"","overlay-gradient":""},"mobile":{"background-color":"var(--ast-global-color-5)","background-image":"","background-repeat":"repeat","background-position":"center center","background-size":"auto","background-attachment":"scroll","background-type":"","background-media":"","overlay-type":"","overlay-color":"","overlay-opacity":"","overlay-gradient":""}}},"product_brand":[],"product_cat":[26],"product_tag":[],"class_list":{"0":"post-2124","1":"product","2":"type-product","3":"status-publish","4":"has-post-thumbnail","6":"product_cat-cargo-truck","7":"desktop-align-left","8":"tablet-align-left","9":"mobile-align-left","11":"first","12":"instock","13":"shipping-taxable","14":"product-type-simple"},"_links":{"self":[{"href":"https:\/\/satisfybot.com\/es\/wp-json\/wp\/v2\/product\/2124","targetHints":{"allow":["GET"]}}],"collection":[{"href":"https:\/\/satisfybot.com\/es\/wp-json\/wp\/v2\/product"}],"about":[{"href":"https:\/\/satisfybot.com\/es\/wp-json\/wp\/v2\/types\/product"}],"version-history":[{"count":0,"href":"https:\/\/satisfybot.com\/es\/wp-json\/wp\/v2\/product\/2124\/revisions"}],"wp:featuredmedia":[{"embeddable":true,"href":"https:\/\/satisfybot.com\/es\/wp-json\/wp\/v2\/media\/2125"}],"wp:attachment":[{"href":"https:\/\/satisfybot.com\/es\/wp-json\/wp\/v2\/media?parent=2124"}],"wp:term":[{"taxonomy":"product_brand","embeddable":true,"href":"https:\/\/satisfybot.com\/es\/wp-json\/wp\/v2\/product_brand?post=2124"},{"taxonomy":"product_cat","embeddable":true,"href":"https:\/\/satisfybot.com\/es\/wp-json\/wp\/v2\/product_cat?post=2124"},{"taxonomy":"product_tag","embeddable":true,"href":"https:\/\/satisfybot.com\/es\/wp-json\/wp\/v2\/product_tag?post=2124"}],"curies":[{"name":"wp","href":"https:\/\/api.w.org\/{rel}","templated":true}]}}