{"id":2140,"date":"2023-06-25T14:47:33","date_gmt":"2023-06-25T14:47:33","guid":{"rendered":"https:\/\/satisfybot.com\/?post_type=product&#038;p=2140"},"modified":"2023-06-25T14:47:34","modified_gmt":"2023-06-25T14:47:34","slug":"howo-transit-mixer-truck","status":"publish","type":"product","link":"https:\/\/satisfybot.com\/es\/producto\/howo-transit-mixer-truck\/","title":{"rendered":"Cami\u00f3n hormigonera Howo Transit"},"content":{"rendered":"<p>El cami\u00f3n mezclador de tr\u00e1nsito Sinotruk Howo es un veh\u00edculo de prop\u00f3sito especial para mantener la consistencia del concreto cuando se transporta concreto o en el sitio de construcci\u00f3n.<\/p>\n<h2><strong>Caracter\u00edsticas del cami\u00f3n mezclador de tr\u00e1nsito Howo<\/strong><\/h2>\n<p>El cami\u00f3n hormigonera Howo adopta el chasis HOWO, equipado con cabina HW76 de una sola litera o cabina HW70, dedicada a la exportaci\u00f3n. Equipado con Euro 2 o common rail electr\u00f3nico, motor Euro III y Euro IV de desarrollo propio de Sinotruk, direcci\u00f3n ZF importada de Alemania est\u00e1ndar, cajas de cambios HOWO 10 y 12, eje delantero HF9-ton, eje trasero HC16 o AC16, con gran capacidad de carga para satisfacer las necesidades de los clientes.<\/p>\n<p>El tanque de mezcla est\u00e1 hecho de una placa de acero resistente al desgaste de alta resistencia, y el molde de la jaula est\u00e1 formado integralmente para garantizar la coaxialidad y el descentramiento circunferencial de la brida, el cilindro de secci\u00f3n transversal y el rodamiento, y garantizar el buen funcionamiento del veh\u00edculo. El cuerpo del tanque adopta hojas helicoidales dobles con densidad moderada. La compuerta frontal c\u00f3nica es sim\u00e9trica con la placa de agitaci\u00f3n y las cuchillas y las cuchillas gu\u00eda est\u00e1n instaladas en la boca del tanque para acelerar el material.<\/p>\n<p>Nuestros camiones mezcladores adoptan sistemas hidr\u00e1ulicos importados, como bombas y motores americanos, y reductores de marca italiana. F\u00e1cil de reparar y mantener.<\/p>","protected":false},"excerpt":{"rendered":"<p>Sinotruk Howo transit mixer truck is a special-purpose vehicle to keep the consistency of concrete when transporting concrete or at the construction site. Features of Howo transit mixer truck Howo transit mixer truck adopts HOWO chassis, equipped with HW76 single-berth cab or HW70 cab, dedicated for export Equipped with Euro 2 or electronic common rail, [&hellip;]<\/p>","protected":false},"featured_media":2143,"template":"","meta":{"site-sidebar-layout":"default","site-content-layout":"default","ast-site-content-layout":"default","site-content-style":"default","site-sidebar-style":"default","ast-global-header-display":"","ast-banner-title-visibility":"","ast-main-header-display":"","ast-hfb-above-header-display":"","ast-hfb-below-header-display":"","ast-hfb-mobile-header-display":"","site-post-title":"","ast-breadcrumbs-content":"","ast-featured-img":"","footer-sml-layout":"","ast-disable-related-posts":"","theme-transparent-header-meta":"default","adv-header-id-meta":"","stick-header-meta":"","header-above-stick-meta":"","header-main-stick-meta":"","header-below-stick-meta":"","astra-migrate-meta-layouts":"default","ast-page-background-enabled":"default","ast-page-background-meta":{"desktop":{"background-color":"","background-image":"","background-repeat":"repeat","background-position":"center center","background-size":"auto","background-attachment":"scroll","background-type":"","background-media":"","overlay-type":"","overlay-color":"","overlay-opacity":"","overlay-gradient":""},"tablet":{"background-color":"","background-image":"","background-repeat":"repeat","background-position":"center center","background-size":"auto","background-attachment":"scroll","background-type":"","background-media":"","overlay-type":"","overlay-color":"","overlay-opacity":"","overlay-gradient":""},"mobile":{"background-color":"","background-image":"","background-repeat":"repeat","background-position":"center center","background-size":"auto","background-attachment":"scroll","background-type":"","background-media":"","overlay-type":"","overlay-color":"","overlay-opacity":"","overlay-gradient":""}},"ast-content-background-meta":{"desktop":{"background-color":"var(--ast-global-color-5)","background-image":"","background-repeat":"repeat","background-position":"center center","background-size":"auto","background-attachment":"scroll","background-type":"","background-media":"","overlay-type":"","overlay-color":"","overlay-opacity":"","overlay-gradient":""},"tablet":{"background-color":"var(--ast-global-color-5)","background-image":"","background-repeat":"repeat","background-position":"center center","background-size":"auto","background-attachment":"scroll","background-type":"","background-media":"","overlay-type":"","overlay-color":"","overlay-opacity":"","overlay-gradient":""},"mobile":{"background-color":"var(--ast-global-color-5)","background-image":"","background-repeat":"repeat","background-position":"center center","background-size":"auto","background-attachment":"scroll","background-type":"","background-media":"","overlay-type":"","overlay-color":"","overlay-opacity":"","overlay-gradient":""}}},"product_brand":[],"product_cat":[27],"product_tag":[],"class_list":{"0":"post-2140","1":"product","2":"type-product","3":"status-publish","4":"has-post-thumbnail","6":"product_cat-cement-truck","7":"desktop-align-left","8":"tablet-align-left","9":"mobile-align-left","11":"first","12":"instock","13":"shipping-taxable","14":"product-type-simple"},"_links":{"self":[{"href":"https:\/\/satisfybot.com\/es\/wp-json\/wp\/v2\/product\/2140","targetHints":{"allow":["GET"]}}],"collection":[{"href":"https:\/\/satisfybot.com\/es\/wp-json\/wp\/v2\/product"}],"about":[{"href":"https:\/\/satisfybot.com\/es\/wp-json\/wp\/v2\/types\/product"}],"version-history":[{"count":0,"href":"https:\/\/satisfybot.com\/es\/wp-json\/wp\/v2\/product\/2140\/revisions"}],"wp:featuredmedia":[{"embeddable":true,"href":"https:\/\/satisfybot.com\/es\/wp-json\/wp\/v2\/media\/2143"}],"wp:attachment":[{"href":"https:\/\/satisfybot.com\/es\/wp-json\/wp\/v2\/media?parent=2140"}],"wp:term":[{"taxonomy":"product_brand","embeddable":true,"href":"https:\/\/satisfybot.com\/es\/wp-json\/wp\/v2\/product_brand?post=2140"},{"taxonomy":"product_cat","embeddable":true,"href":"https:\/\/satisfybot.com\/es\/wp-json\/wp\/v2\/product_cat?post=2140"},{"taxonomy":"product_tag","embeddable":true,"href":"https:\/\/satisfybot.com\/es\/wp-json\/wp\/v2\/product_tag?post=2140"}],"curies":[{"name":"wp","href":"https:\/\/api.w.org\/{rel}","templated":true}]}}