{"id":2144,"date":"2023-06-25T14:50:34","date_gmt":"2023-06-25T14:50:34","guid":{"rendered":"https:\/\/satisfybot.com\/?post_type=product&#038;p=2144"},"modified":"2023-06-25T14:50:37","modified_gmt":"2023-06-25T14:50:37","slug":"howo-concrete-mixer-truck","status":"publish","type":"product","link":"https:\/\/satisfybot.com\/es\/producto\/howo-concrete-mixer-truck\/","title":{"rendered":"Cami\u00f3n hormigonera Howo"},"content":{"rendered":"<p>el howo\u00a0<span class=\"keywords_replace\">Cami\u00f3n hormigonera<\/span>\u00a0se compone de un chasis de cami\u00f3n y un dispositivo de mezcla y transporte de hormig\u00f3n, y el tanque de mezcla sigue rodando durante el transporte. Es un veh\u00edculo especial que combina las funciones de mezcla y transporte de hormig\u00f3n.<\/p>\n<h2><strong>Caracter\u00edsticas del cami\u00f3n hormigonera Howo<\/strong><\/h2>\n<p>1. El cami\u00f3n mezclador de concreto Howo tiene una apariencia hermosa, mezcla uniforme, velocidad de alimentaci\u00f3n y descarga m\u00e1s r\u00e1pida y una tasa residual baja, lo que garantiza completamente la calidad del concreto.<br \/>\n2. La configuraci\u00f3n de los tres componentes hidr\u00e1ulicos tambi\u00e9n es muy alta. Se utiliza el reductor, bomba de aceite hidr\u00e1ulico, motor, radiador heat pipe, etc. de marcas internacionales y mundialmente reconocidas. Tiene las ventajas de un rendimiento confiable, una larga vida \u00fatil y una alta eficiencia de trabajo.<\/p>\n<div><img decoding=\"async\" class=\"aligncenter\" title=\"Cami\u00f3n hormigonera Howo\" src=\"https:\/\/bsg-i.nbxc.com\/product\/3d\/07\/77\/5787f6b391d4d2b14d2b11cb97.jpg\" alt=\"Howo Concrete Mixer Truck\" \/><\/div>\n<h2><strong>Especificaci\u00f3n del cami\u00f3n hormigonera Howo<\/strong><\/h2>\n<table border=\"1\" cellspacing=\"0\" cellpadding=\"0\" align=\"center\">\n<tbody>\n<tr>\n<td width=\"226\" height=\"18\">Nombre del producto<\/td>\n<td class=\"et2\" width=\"460\">cami\u00f3n hormigonera howo<\/td>\n<\/tr>\n<tr>\n<td height=\"18\">N \u00ba de Modelo.<\/td>\n<td class=\"et2\">ZZ1257N3847<\/td>\n<\/tr>\n<tr>\n<td height=\"18\">Motor<\/td>\n<td class=\"et2\">336 CV (EURO II), 340 CV (EURO III), 340 CV (EURO IV)<\/td>\n<\/tr>\n<tr>\n<td height=\"18\">caja de cambios<\/td>\n<td class=\"et2\">HW19710, 10 adelante y 2 atr\u00e1s<\/td>\n<\/tr>\n<tr>\n<td height=\"18\">Direccion<\/td>\n<td class=\"et2\">Direcci\u00f3n hidr\u00e1ulica ZF8118 con asistencia el\u00e9ctrica<\/td>\n<\/tr>\n<tr>\n<td height=\"18\">Eje motriz<\/td>\n<td class=\"et2\">HC16, 16 toneladas doble reducci\u00f3n<\/td>\n<\/tr>\n<tr>\n<td height=\"18\">Distancia entre ejes (mm)<\/td>\n<td class=\"et2\">3800+1350<\/td>\n<\/tr>\n<tr>\n<td height=\"18\">Neum\u00e1tico<\/td>\n<td class=\"et2\">12.00.R20 Neum\u00e1tico radial, 11 unidades, uno de repuesto<\/td>\n<\/tr>\n<tr>\n<td height=\"18\">Eje frontal<\/td>\n<td class=\"et2\">HF9 9000Kgs<\/td>\n<\/tr>\n<tr>\n<td height=\"18\">Desplazamiento<\/td>\n<td class=\"et2\">9.726L<\/td>\n<\/tr>\n<tr>\n<td height=\"18\">Dimensi\u00f3n total (L*W*H)<\/td>\n<td class=\"et2\">9025*2496*3950mm<\/td>\n<\/tr>\n<tr>\n<td height=\"18\">Velocidad m\u00e1xima (km\/h)<\/td>\n<td class=\"et2\">90<\/td>\n<\/tr>\n<tr>\n<td height=\"18\">Capacidad del tanque de combustible (L)<\/td>\n<td class=\"et2\">300<\/td>\n<\/tr>\n<tr>\n<td height=\"18\">Color<\/td>\n<td class=\"et2\">Rojo, verde, azul, amarillo, blanco, etc.<\/td>\n<\/tr>\n<tr>\n<td height=\"18\">Volumen Geom\u00e9trico<\/td>\n<td class=\"et2\">16,5m3<\/td>\n<\/tr>\n<tr>\n<td height=\"18\">Capacidad de agitaci\u00f3n<\/td>\n<td class=\"et2\">10m3<\/td>\n<\/tr>\n<tr>\n<td height=\"18\">Tambor giratorio<\/td>\n<td class=\"et2\">14\u00b0<\/td>\n<\/tr>\n<tr>\n<td height=\"18\">Velocidad de rotaci\u00f3n del agitador<\/td>\n<td class=\"et2\">0-14r\/min<\/td>\n<\/tr>\n<tr>\n<td height=\"18\">Velocidad de alimentaci\u00f3n<\/td>\n<td class=\"et2\">&gt;3,5 m3\/min<\/td>\n<\/tr>\n<tr>\n<td height=\"18\">Volumen del tanque de agua<\/td>\n<td class=\"et2\">400L<\/td>\n<\/tr>\n<tr>\n<td height=\"18\">Relaci\u00f3n de descarga restante<\/td>\n<td class=\"et2\">&lt;0.2%<\/td>\n<\/tr>\n<\/tbody>\n<\/table>","protected":false},"excerpt":{"rendered":"<p>The Howo\u00a0Concrete Mixer Truck\u00a0is composed of a truck chassis and a concrete mixing and conveying device, and the mixing tank keeps rolling during transportation. It is a special-purpose vehicle that combines the functions of concrete mixing and conveying. Features of Howo Concrete Mixer Truck 1. The Howo concrete mixer truck has a beautiful appearance, even [&hellip;]<\/p>","protected":false},"featured_media":2148,"template":"","meta":{"site-sidebar-layout":"default","site-content-layout":"default","ast-site-content-layout":"default","site-content-style":"default","site-sidebar-style":"default","ast-global-header-display":"","ast-banner-title-visibility":"","ast-main-header-display":"","ast-hfb-above-header-display":"","ast-hfb-below-header-display":"","ast-hfb-mobile-header-display":"","site-post-title":"","ast-breadcrumbs-content":"","ast-featured-img":"","footer-sml-layout":"","ast-disable-related-posts":"","theme-transparent-header-meta":"default","adv-header-id-meta":"","stick-header-meta":"","header-above-stick-meta":"","header-main-stick-meta":"","header-below-stick-meta":"","astra-migrate-meta-layouts":"default","ast-page-background-enabled":"default","ast-page-background-meta":{"desktop":{"background-color":"","background-image":"","background-repeat":"repeat","background-position":"center center","background-size":"auto","background-attachment":"scroll","background-type":"","background-media":"","overlay-type":"","overlay-color":"","overlay-opacity":"","overlay-gradient":""},"tablet":{"background-color":"","background-image":"","background-repeat":"repeat","background-position":"center center","background-size":"auto","background-attachment":"scroll","background-type":"","background-media":"","overlay-type":"","overlay-color":"","overlay-opacity":"","overlay-gradient":""},"mobile":{"background-color":"","background-image":"","background-repeat":"repeat","background-position":"center center","background-size":"auto","background-attachment":"scroll","background-type":"","background-media":"","overlay-type":"","overlay-color":"","overlay-opacity":"","overlay-gradient":""}},"ast-content-background-meta":{"desktop":{"background-color":"var(--ast-global-color-5)","background-image":"","background-repeat":"repeat","background-position":"center center","background-size":"auto","background-attachment":"scroll","background-type":"","background-media":"","overlay-type":"","overlay-color":"","overlay-opacity":"","overlay-gradient":""},"tablet":{"background-color":"var(--ast-global-color-5)","background-image":"","background-repeat":"repeat","background-position":"center center","background-size":"auto","background-attachment":"scroll","background-type":"","background-media":"","overlay-type":"","overlay-color":"","overlay-opacity":"","overlay-gradient":""},"mobile":{"background-color":"var(--ast-global-color-5)","background-image":"","background-repeat":"repeat","background-position":"center center","background-size":"auto","background-attachment":"scroll","background-type":"","background-media":"","overlay-type":"","overlay-color":"","overlay-opacity":"","overlay-gradient":""}}},"product_brand":[],"product_cat":[27],"product_tag":[],"class_list":{"0":"post-2144","1":"product","2":"type-product","3":"status-publish","4":"has-post-thumbnail","6":"product_cat-cement-truck","7":"desktop-align-left","8":"tablet-align-left","9":"mobile-align-left","11":"first","12":"instock","13":"shipping-taxable","14":"product-type-simple"},"_links":{"self":[{"href":"https:\/\/satisfybot.com\/es\/wp-json\/wp\/v2\/product\/2144","targetHints":{"allow":["GET"]}}],"collection":[{"href":"https:\/\/satisfybot.com\/es\/wp-json\/wp\/v2\/product"}],"about":[{"href":"https:\/\/satisfybot.com\/es\/wp-json\/wp\/v2\/types\/product"}],"version-history":[{"count":0,"href":"https:\/\/satisfybot.com\/es\/wp-json\/wp\/v2\/product\/2144\/revisions"}],"wp:featuredmedia":[{"embeddable":true,"href":"https:\/\/satisfybot.com\/es\/wp-json\/wp\/v2\/media\/2148"}],"wp:attachment":[{"href":"https:\/\/satisfybot.com\/es\/wp-json\/wp\/v2\/media?parent=2144"}],"wp:term":[{"taxonomy":"product_brand","embeddable":true,"href":"https:\/\/satisfybot.com\/es\/wp-json\/wp\/v2\/product_brand?post=2144"},{"taxonomy":"product_cat","embeddable":true,"href":"https:\/\/satisfybot.com\/es\/wp-json\/wp\/v2\/product_cat?post=2144"},{"taxonomy":"product_tag","embeddable":true,"href":"https:\/\/satisfybot.com\/es\/wp-json\/wp\/v2\/product_tag?post=2144"}],"curies":[{"name":"wp","href":"https:\/\/api.w.org\/{rel}","templated":true}]}}