{"id":2149,"date":"2023-06-25T14:53:33","date_gmt":"2023-06-25T14:53:33","guid":{"rendered":"https:\/\/satisfybot.com\/?post_type=product&#038;p=2149"},"modified":"2023-06-25T14:53:34","modified_gmt":"2023-06-25T14:53:34","slug":"ready-mix-concrete-truck","status":"publish","type":"product","link":"https:\/\/satisfybot.com\/es\/producto\/ready-mix-concrete-truck\/","title":{"rendered":"Cami\u00f3n de concreto premezclado"},"content":{"rendered":"<p><span class=\"keywords_replace\">Cami\u00f3n de hormig\u00f3n premezclado Howo<\/span>\u00a0Adopta un alto coeficiente de reabastecimiento del tambor de acero y un dise\u00f1o perfecto de cuchilla mezcladora para mejorar el efecto de mezcla de concreto. El centro de gravedad inferior del\u00a0<span class=\"keywords_replace\">Cami\u00f3n de cemento<\/span>\u00a0garantiza una mejor posici\u00f3n de conducci\u00f3n y una distribuci\u00f3n de la carga m\u00e1s equilibrada.<\/p>\n<div><img fetchpriority=\"high\" decoding=\"async\" class=\"aligncenter\" title=\"cami\u00f3n de concreto premezclado\" src=\"https:\/\/bsg-i.nbxc.com\/product\/6e\/11\/3d\/38be382ac9a32c9f1f4604913d.jpg\" alt=\"ready mix concrete truck\" width=\"700\" height=\"572\" \/><\/div>\n<p><strong>listo\u00a0<span class=\"keywords_replace\">Cami\u00f3n de hormig\u00f3n mixto<\/span>\u00a0caracter\u00edsticas<\/strong><br \/>\n1. El material del cami\u00f3n cisterna del HOWO\u00a0<span class=\"keywords_replace\">Cami\u00f3n hormigonera<\/span>\u00a0adopta una placa de acero especial resistente al desgaste, que garantiza completamente la resistencia al desgaste de la cisterna.<br \/>\n2. El cami\u00f3n mezclador de concreto HOWO presenta tecnolog\u00eda avanzada y estilos populares de Europa para hacer que todo el veh\u00edculo sea \u00fanico. El cami\u00f3n hormigonera HOWO tiene una estructura compacta y razonable.<br \/>\n3. El cami\u00f3n hormigonera tiene una apariencia hermosa y un funcionamiento estable.<br \/>\n4. El tambor mezclador puede seguir girando para evitar la ocurrencia de fen\u00f3menos indeseables como la dispersi\u00f3n y precipitaci\u00f3n de la lechada de cemento.<\/p>\n<div><img decoding=\"async\" class=\"aligncenter\" title=\"cami\u00f3n de concreto premezclado\" src=\"https:\/\/bsg-i.nbxc.com\/product\/da\/96\/00\/99344a6232e9a59b79b296d824.jpg\" alt=\"ready mix concrete truck\" width=\"700\" height=\"700\" \/><\/div>\n<div><\/div>\n<h2><\/h2>\n<h2><strong>Par\u00e1metros del cami\u00f3n de concreto premezclado<\/strong><\/h2>\n<table border=\"1\" cellspacing=\"0\" cellpadding=\"0\" align=\"center\">\n<tbody>\n<tr>\n<td width=\"226\" height=\"18\">Tipo<\/td>\n<td class=\"et2\" width=\"460\">cami\u00f3n hormigonera howo<\/td>\n<\/tr>\n<tr>\n<td height=\"18\">Dimensi\u00f3n global<\/td>\n<td class=\"et2\">8800\u00d72490\u00d73800mm<\/td>\n<\/tr>\n<tr>\n<td height=\"18\">bomba mezcladora<\/td>\n<td class=\"et2\">Eaton (marca de EE. UU.)<\/td>\n<\/tr>\n<tr>\n<td height=\"18\">Reductor de velocidad<\/td>\n<td class=\"et2\">Bonfiglioli (marca de Italia)<\/td>\n<\/tr>\n<tr>\n<td height=\"18\">Emisi\u00f3n<\/td>\n<td class=\"et2\">ERUO2, EURO3, EURO 4<\/td>\n<\/tr>\n<tr>\n<td height=\"18\">Conducir<\/td>\n<td class=\"et2\">Conducci\u00f3n a la izquierda o conducci\u00f3n a la derecha<\/td>\n<\/tr>\n<tr>\n<td height=\"18\">Neum\u00e1tico<\/td>\n<td class=\"et2\">1200R20<\/td>\n<\/tr>\n<tr>\n<td height=\"18\">Tanque de aceite<\/td>\n<td class=\"et2\">400L<\/td>\n<\/tr>\n<tr>\n<td height=\"18\">Taxi<\/td>\n<td class=\"et2\">Cabina HW76, un dormitorio con aire acondicionado<\/td>\n<\/tr>\n<tr>\n<td height=\"18\">Color<\/td>\n<td class=\"et2\">Opcional<\/td>\n<\/tr>\n<\/tbody>\n<\/table>\n<p>&nbsp;<\/p>\n<p>&nbsp;<\/p>","protected":false},"excerpt":{"rendered":"<p>Howo Ready Mix Concrete Truck\u00a0adopts a high steel drum replenishment coefficient and perfect mixing blade design to make the concrete mixing effect better. The lower center of gravity of the\u00a0Cement Truck\u00a0ensures a better driving position and a more balanced load distribution. Howo ready\u00a0Mix Concrete Truck\u00a0features 1. The tanker material of the HOWO\u00a0Concrete Mixer Truck\u00a0adopts a [&hellip;]<\/p>","protected":false},"featured_media":2153,"template":"","meta":{"site-sidebar-layout":"default","site-content-layout":"default","ast-site-content-layout":"default","site-content-style":"default","site-sidebar-style":"default","ast-global-header-display":"","ast-banner-title-visibility":"","ast-main-header-display":"","ast-hfb-above-header-display":"","ast-hfb-below-header-display":"","ast-hfb-mobile-header-display":"","site-post-title":"","ast-breadcrumbs-content":"","ast-featured-img":"","footer-sml-layout":"","ast-disable-related-posts":"","theme-transparent-header-meta":"default","adv-header-id-meta":"","stick-header-meta":"","header-above-stick-meta":"","header-main-stick-meta":"","header-below-stick-meta":"","astra-migrate-meta-layouts":"default","ast-page-background-enabled":"default","ast-page-background-meta":{"desktop":{"background-color":"","background-image":"","background-repeat":"repeat","background-position":"center center","background-size":"auto","background-attachment":"scroll","background-type":"","background-media":"","overlay-type":"","overlay-color":"","overlay-opacity":"","overlay-gradient":""},"tablet":{"background-color":"","background-image":"","background-repeat":"repeat","background-position":"center center","background-size":"auto","background-attachment":"scroll","background-type":"","background-media":"","overlay-type":"","overlay-color":"","overlay-opacity":"","overlay-gradient":""},"mobile":{"background-color":"","background-image":"","background-repeat":"repeat","background-position":"center center","background-size":"auto","background-attachment":"scroll","background-type":"","background-media":"","overlay-type":"","overlay-color":"","overlay-opacity":"","overlay-gradient":""}},"ast-content-background-meta":{"desktop":{"background-color":"var(--ast-global-color-5)","background-image":"","background-repeat":"repeat","background-position":"center center","background-size":"auto","background-attachment":"scroll","background-type":"","background-media":"","overlay-type":"","overlay-color":"","overlay-opacity":"","overlay-gradient":""},"tablet":{"background-color":"var(--ast-global-color-5)","background-image":"","background-repeat":"repeat","background-position":"center center","background-size":"auto","background-attachment":"scroll","background-type":"","background-media":"","overlay-type":"","overlay-color":"","overlay-opacity":"","overlay-gradient":""},"mobile":{"background-color":"var(--ast-global-color-5)","background-image":"","background-repeat":"repeat","background-position":"center center","background-size":"auto","background-attachment":"scroll","background-type":"","background-media":"","overlay-type":"","overlay-color":"","overlay-opacity":"","overlay-gradient":""}}},"product_brand":[],"product_cat":[27],"product_tag":[],"class_list":{"0":"post-2149","1":"product","2":"type-product","3":"status-publish","4":"has-post-thumbnail","6":"product_cat-cement-truck","7":"desktop-align-left","8":"tablet-align-left","9":"mobile-align-left","11":"first","12":"instock","13":"shipping-taxable","14":"product-type-simple"},"_links":{"self":[{"href":"https:\/\/satisfybot.com\/es\/wp-json\/wp\/v2\/product\/2149","targetHints":{"allow":["GET"]}}],"collection":[{"href":"https:\/\/satisfybot.com\/es\/wp-json\/wp\/v2\/product"}],"about":[{"href":"https:\/\/satisfybot.com\/es\/wp-json\/wp\/v2\/types\/product"}],"version-history":[{"count":0,"href":"https:\/\/satisfybot.com\/es\/wp-json\/wp\/v2\/product\/2149\/revisions"}],"wp:featuredmedia":[{"embeddable":true,"href":"https:\/\/satisfybot.com\/es\/wp-json\/wp\/v2\/media\/2153"}],"wp:attachment":[{"href":"https:\/\/satisfybot.com\/es\/wp-json\/wp\/v2\/media?parent=2149"}],"wp:term":[{"taxonomy":"product_brand","embeddable":true,"href":"https:\/\/satisfybot.com\/es\/wp-json\/wp\/v2\/product_brand?post=2149"},{"taxonomy":"product_cat","embeddable":true,"href":"https:\/\/satisfybot.com\/es\/wp-json\/wp\/v2\/product_cat?post=2149"},{"taxonomy":"product_tag","embeddable":true,"href":"https:\/\/satisfybot.com\/es\/wp-json\/wp\/v2\/product_tag?post=2149"}],"curies":[{"name":"wp","href":"https:\/\/api.w.org\/{rel}","templated":true}]}}