{"id":2154,"date":"2023-06-25T14:57:19","date_gmt":"2023-06-25T14:57:19","guid":{"rendered":"https:\/\/satisfybot.com\/?post_type=product&#038;p=2154"},"modified":"2023-06-25T14:57:20","modified_gmt":"2023-06-25T14:57:20","slug":"lorry-cement","status":"publish","type":"product","link":"https:\/\/satisfybot.com\/es\/producto\/lorry-cement\/","title":{"rendered":"cami\u00f3n de cemento"},"content":{"rendered":"<p>Nuestras materias primas y piezas OEM, incluidos ejes, suspensiones y neum\u00e1ticos, son compradas centralmente por Chengda Group, y cada nodo ser\u00e1 estrictamente inspeccionado. Adem\u00e1s, se emplean equipos avanzados, no solo trabajadores, durante todo el proceso de producci\u00f3n para garantizar la calidad de la soldadura.<\/p>\n<p>Modelo de jaula: el cilindro est\u00e1 hecho de acero resistente al desgaste de alta resistencia, y la forma general del molde de la jaula garantiza la coaxialidad de la brida, el cilindro del segmento, la pista de rodadura y la rotonda para garantizar el buen funcionamiento del veh\u00edculo.<\/p>\n<p>Cuchillas helicoidales dobles: se utilizan cuchillas helicoidales dobles en el tanque, con densidad moderada, la bola de la compuerta en el cono frontal es sim\u00e9trica, y las cuchillas dobles y las cuchillas gu\u00eda de descarga se instalan en la boca del tanque para que el material sea m\u00e1s uniforme y la la velocidad es m\u00e1s r\u00e1pida.<\/p>\n<p>Bomba mezcladora de marca reconocida, reductor, motor: bomba mezcladora Eaton (marca americana), motor Eaton (marca americana), reductor Bonfiglioli (marca italiana)<\/p>\n<h2><strong>Par\u00e1metros del cami\u00f3n de cemento.<\/strong><\/h2>\n<table border=\"1\" cellspacing=\"0\" cellpadding=\"0\" align=\"center\">\n<tbody>\n<tr>\n<td width=\"226\" height=\"18\">Tipo<\/td>\n<td class=\"et2\" width=\"460\">cami\u00f3n de cemento howo<\/td>\n<\/tr>\n<tr>\n<td height=\"18\">Dimensi\u00f3n global<\/td>\n<td class=\"et2\">8800\u00d72490\u00d73800mm<\/td>\n<\/tr>\n<tr>\n<td height=\"18\">bomba mezcladora<\/td>\n<td class=\"et2\">Eaton (marca de EE. UU.)<\/td>\n<\/tr>\n<tr>\n<td height=\"18\">Reductor de velocidad<\/td>\n<td class=\"et2\">Bonfiglioli (marca de Italia)<\/td>\n<\/tr>\n<tr>\n<td height=\"18\">Emisi\u00f3n<\/td>\n<td class=\"et2\">ERUO2, EURO3, EURO 4<\/td>\n<\/tr>\n<tr>\n<td height=\"18\">Conducir<\/td>\n<td class=\"et2\">Conducci\u00f3n a la izquierda o conducci\u00f3n a la derecha<\/td>\n<\/tr>\n<tr>\n<td height=\"18\">Neum\u00e1tico<\/td>\n<td class=\"et2\">1200R20<\/td>\n<\/tr>\n<tr>\n<td height=\"18\">Tanque de aceite<\/td>\n<td class=\"et2\">400L<\/td>\n<\/tr>\n<tr>\n<td height=\"18\">Taxi<\/td>\n<td class=\"et2\">Cabina HW76, un dormitorio con aire acondicionado<\/td>\n<\/tr>\n<tr>\n<td height=\"18\">Color<\/td>\n<td class=\"et2\">Opcional<\/td>\n<\/tr>\n<\/tbody>\n<\/table>\n<p><strong>Embalaje y env\u00edo<\/strong><\/p>\n<p>Transportamos cemento en camiones a granel, contenedores o ro to ro. Nuestra f\u00e1brica tiene una cooperaci\u00f3n a largo plazo con las agencias de env\u00edo y puede proporcionarle el flete m\u00e1s bajo.<\/p>\n<p>&nbsp;<\/p>\n<p><img fetchpriority=\"high\" decoding=\"async\" class=\"aligncenter\" title=\"cami\u00f3n de cemento\" src=\"https:\/\/bsg-i.nbxc.com\/product\/5e\/c2\/fc\/ad8760bb5ce6acaaaae3e755a5.jpg\" alt=\"lorry cement\" width=\"700\" height=\"221\" \/><\/p>","protected":false},"excerpt":{"rendered":"<p>Our raw materials and OEM parts, including axles, suspensions, and tires, are centrally purchased by Chengda Group, and every node will be strictly inspected. In addition, advanced equipment, not just workers, is employed throughout the production process to ensure welding quality. Cage model: The cylinder is made of high-strength wear-resistant steel, and the overall shape [&hellip;]<\/p>","protected":false},"featured_media":2155,"template":"","meta":{"site-sidebar-layout":"default","site-content-layout":"default","ast-site-content-layout":"default","site-content-style":"default","site-sidebar-style":"default","ast-global-header-display":"","ast-banner-title-visibility":"","ast-main-header-display":"","ast-hfb-above-header-display":"","ast-hfb-below-header-display":"","ast-hfb-mobile-header-display":"","site-post-title":"","ast-breadcrumbs-content":"","ast-featured-img":"","footer-sml-layout":"","ast-disable-related-posts":"","theme-transparent-header-meta":"default","adv-header-id-meta":"","stick-header-meta":"","header-above-stick-meta":"","header-main-stick-meta":"","header-below-stick-meta":"","astra-migrate-meta-layouts":"default","ast-page-background-enabled":"default","ast-page-background-meta":{"desktop":{"background-color":"","background-image":"","background-repeat":"repeat","background-position":"center center","background-size":"auto","background-attachment":"scroll","background-type":"","background-media":"","overlay-type":"","overlay-color":"","overlay-opacity":"","overlay-gradient":""},"tablet":{"background-color":"","background-image":"","background-repeat":"repeat","background-position":"center center","background-size":"auto","background-attachment":"scroll","background-type":"","background-media":"","overlay-type":"","overlay-color":"","overlay-opacity":"","overlay-gradient":""},"mobile":{"background-color":"","background-image":"","background-repeat":"repeat","background-position":"center center","background-size":"auto","background-attachment":"scroll","background-type":"","background-media":"","overlay-type":"","overlay-color":"","overlay-opacity":"","overlay-gradient":""}},"ast-content-background-meta":{"desktop":{"background-color":"var(--ast-global-color-5)","background-image":"","background-repeat":"repeat","background-position":"center center","background-size":"auto","background-attachment":"scroll","background-type":"","background-media":"","overlay-type":"","overlay-color":"","overlay-opacity":"","overlay-gradient":""},"tablet":{"background-color":"var(--ast-global-color-5)","background-image":"","background-repeat":"repeat","background-position":"center center","background-size":"auto","background-attachment":"scroll","background-type":"","background-media":"","overlay-type":"","overlay-color":"","overlay-opacity":"","overlay-gradient":""},"mobile":{"background-color":"var(--ast-global-color-5)","background-image":"","background-repeat":"repeat","background-position":"center center","background-size":"auto","background-attachment":"scroll","background-type":"","background-media":"","overlay-type":"","overlay-color":"","overlay-opacity":"","overlay-gradient":""}}},"product_brand":[],"product_cat":[27],"product_tag":[],"class_list":{"0":"post-2154","1":"product","2":"type-product","3":"status-publish","4":"has-post-thumbnail","6":"product_cat-cement-truck","7":"desktop-align-left","8":"tablet-align-left","9":"mobile-align-left","11":"first","12":"instock","13":"shipping-taxable","14":"product-type-simple"},"_links":{"self":[{"href":"https:\/\/satisfybot.com\/es\/wp-json\/wp\/v2\/product\/2154","targetHints":{"allow":["GET"]}}],"collection":[{"href":"https:\/\/satisfybot.com\/es\/wp-json\/wp\/v2\/product"}],"about":[{"href":"https:\/\/satisfybot.com\/es\/wp-json\/wp\/v2\/types\/product"}],"version-history":[{"count":0,"href":"https:\/\/satisfybot.com\/es\/wp-json\/wp\/v2\/product\/2154\/revisions"}],"wp:featuredmedia":[{"embeddable":true,"href":"https:\/\/satisfybot.com\/es\/wp-json\/wp\/v2\/media\/2155"}],"wp:attachment":[{"href":"https:\/\/satisfybot.com\/es\/wp-json\/wp\/v2\/media?parent=2154"}],"wp:term":[{"taxonomy":"product_brand","embeddable":true,"href":"https:\/\/satisfybot.com\/es\/wp-json\/wp\/v2\/product_brand?post=2154"},{"taxonomy":"product_cat","embeddable":true,"href":"https:\/\/satisfybot.com\/es\/wp-json\/wp\/v2\/product_cat?post=2154"},{"taxonomy":"product_tag","embeddable":true,"href":"https:\/\/satisfybot.com\/es\/wp-json\/wp\/v2\/product_tag?post=2154"}],"curies":[{"name":"wp","href":"https:\/\/api.w.org\/{rel}","templated":true}]}}