{"id":2159,"date":"2023-06-25T15:01:36","date_gmt":"2023-06-25T15:01:36","guid":{"rendered":"https:\/\/satisfybot.com\/?post_type=product&#038;p=2159"},"modified":"2023-06-25T15:01:50","modified_gmt":"2023-06-25T15:01:50","slug":"cement-mixer-lorry","status":"publish","type":"product","link":"https:\/\/satisfybot.com\/es\/producto\/cement-mixer-lorry\/","title":{"rendered":"cami\u00f3n hormigonera"},"content":{"rendered":"<p>Podemos producir camiones mezcladores de concreto Foton, camiones mezcladores de concreto serie Dongfeng, camiones mezcladores de concreto Faw, Steyr, Howo y camiones mezcladores de concreto Benbei.\u00a0<span class=\"keywords_replace\">Cami\u00f3n hormigonera<\/span>\u00a0tambi\u00e9n nombra cami\u00f3n hormigonera. Tenemos la ventaja de la tecnolog\u00eda y podemos proporcionar camiones mezcladores de buena calidad.<\/p>\n<h2>Caracter\u00edsticas del cami\u00f3n hormigonera Foton<\/h2>\n<p>El cami\u00f3n hormigonera es c\u00f3modo de conducir. Gire el cuerpo con un nuevo cintur\u00f3n de moda de baja resistencia. La baja resistencia al viento da como resultado un menor consumo de energ\u00eda y una mayor econom\u00eda de combustible. Los \u00e1ngulos de visi\u00f3n izquierdo y derecho del vidrio templado curvo panor\u00e1mico son 15 grados m\u00e1s amplios que los modelos similares. El cuerpo del tanque del tanque mezclador est\u00e1 hecho de acero aleado al manganeso (Q345) con alta resistencia. La hoja mezcladora es una hoja de doble h\u00e9lice engrosada logar\u00edtmicamente, que es m\u00e1s resistente al desgaste. La hoja interior est\u00e1 hecha de aleaci\u00f3n de acero de grano fino (520JJ) con un dise\u00f1o de \u00e1ngulo \u00fanico para una mezcla m\u00e1s uniforme y un menor rendimiento de escoria. Cabeza de acero de aleaci\u00f3n resistente al desgaste de alta calidad engrosada, m\u00e1s estable y densa.<\/p>\n<p>El tanque de combustible del cami\u00f3n mezclador es liso y de gran tama\u00f1o, y el cuerpo del tanque es liso y sin brusquedad. El suministro de agua neum\u00e1tico se utiliza para la limpieza oportuna del exterior del tambor mezclador y la tolva de alimentaci\u00f3n, as\u00ed como para la limpieza del cuerpo. El autom\u00f3vil est\u00e1 equipado con una manguera de 15 m de largo para facilitar la limpieza del tanque de combustible; tambi\u00e9n hay una manguera de agua detr\u00e1s del cuerpo, que est\u00e1 conectada al tanque de agua y lista para uso externo.<\/p>\n<div><img decoding=\"async\" class=\"aligncenter\" title=\"cami\u00f3n hormigonera\" src=\"https:\/\/bsg-i.nbxc.com\/product\/6a\/d9\/9f\/7d8b56b003eda6356c3f1b5ca5.jpg\" alt=\"cement mixer lorry\" \/><\/div>\n<p>La palanca de control del cami\u00f3n hormigonera es flexible y tres en uno. Las barras de control izquierda y derecha y las manijas de operaci\u00f3n en la cola tambi\u00e9n est\u00e1n instaladas en la cabina para controlar la direcci\u00f3n hacia adelante y hacia atr\u00e1s y la velocidad del tambor agitador, para completar las acciones de alimentaci\u00f3n, descarga y agitaci\u00f3n. La palanca de control es flexible y conveniente para operar y realiza la operaci\u00f3n tres en uno de los puertos izquierdo, derecho y de alimentaci\u00f3n.<\/p>\n<p>La alimentaci\u00f3n auxiliar de la escalera mec\u00e1nica de seguridad del cami\u00f3n hormigonera es segura y fiable. Est\u00e1 hecho de materiales seguros y de alta calidad. La escalera mec\u00e1nica de seguridad est\u00e1 equipada con pasamanos de seguridad superior e inferior para facilitar la operaci\u00f3n de alimentaci\u00f3n y el lavado del conducto de la tolva de alimentaci\u00f3n, etc., para verificar el estado del tanque y otras operaciones de seguridad.<\/p>\n<p><img decoding=\"async\" class=\"aligncenter\" title=\"cami\u00f3n hormigonera\" src=\"https:\/\/bsg-i.nbxc.com\/product\/db\/26\/ea\/22962043b8a9e08069269d18dd.jpg\" alt=\"cement mixer lorry\" \/><\/p>\n<h2>Par\u00e1metros del cami\u00f3n hormigonera<\/h2>\n<table border=\"1\" cellspacing=\"0\" cellpadding=\"0\" align=\"center\">\n<tbody>\n<tr>\n<td class=\"et2\" width=\"110\" height=\"18\">Descripci\u00f3n<\/td>\n<td class=\"et2\" width=\"235\">Hormigonera FOTON 10cbm<\/td>\n<td class=\"et2\" width=\"92\">Modelo<\/td>\n<td class=\"et2\" width=\"181\">hormigonera 10cbm<\/td>\n<\/tr>\n<tr>\n<td class=\"et2\" height=\"18\">Motor<\/td>\n<td class=\"et2\">Weichai 336hp<\/td>\n<td class=\"et2\">Dimensi\u00f3n<\/td>\n<td class=\"et2\">8500x2500x3850mm<\/td>\n<\/tr>\n<tr>\n<td class=\"et2\" height=\"18\">Transmisi\u00f3n<\/td>\n<td class=\"et2\">9 reenviador+2reversor<\/td>\n<td class=\"et2\">Volumen<\/td>\n<td class=\"et2\">hormigonera 10cbm<\/td>\n<\/tr>\n<tr>\n<td class=\"et2\" height=\"18\">Eje frontal<\/td>\n<td class=\"et2\">7,5 toneladas<\/td>\n<td class=\"et2\">Cabina<\/td>\n<td class=\"et2\">Shacman F3000<\/td>\n<\/tr>\n<tr>\n<td class=\"et2\" height=\"18\">Eje posterior<\/td>\n<td class=\"et2\">16 toneladas<\/td>\n<td class=\"et2\">Freno<\/td>\n<td class=\"et2\">Freno de aire<\/td>\n<\/tr>\n<tr>\n<td class=\"et2\" height=\"18\">Distancia entre ejes<\/td>\n<td class=\"et2\">3850+1350mm<\/td>\n<td class=\"et2\">Direccion<\/td>\n<td class=\"et2\">Asistente de direcci\u00f3n<\/td>\n<\/tr>\n<tr>\n<td class=\"et2\" height=\"18\">Eje<\/td>\n<td class=\"et2\">3 (eje)<\/td>\n<td class=\"et2\">Velocidad<\/td>\n<td class=\"et2\">83 (km\/h)<\/td>\n<\/tr>\n<tr>\n<td class=\"et2\" height=\"18\">Modelo de unidad<\/td>\n<td class=\"et2\">(6\u00d74)<\/td>\n<td class=\"et2\">Opci\u00f3n<\/td>\n<td class=\"et2\">abdominales<\/td>\n<\/tr>\n<tr>\n<td class=\"et2\" height=\"18\">N\u00ba de neum\u00e1ticos<\/td>\n<td class=\"et2\">11<\/td>\n<td class=\"et2\">Modelo de neum\u00e1tico<\/td>\n<td class=\"et2\">12.00R20\/12.00-20<\/td>\n<\/tr>\n<\/tbody>\n<\/table>\n<h2>Aplicaci\u00f3n de cami\u00f3n hormigonera<\/h2>\n<p>Como veh\u00edculo de transporte especial, la funci\u00f3n principal del cami\u00f3n mezclador de cemento es mezclar cemento, arena y agua a trav\u00e9s del tanque mezclador y entregar el hormig\u00f3n prefabricado al sitio de construcci\u00f3n. Al mismo tiempo, se debe garantizar la calidad del hormig\u00f3n.<\/p>\n<p><img decoding=\"async\" class=\"aligncenter\" title=\"cami\u00f3n hormigonera\" src=\"https:\/\/bsg-i.nbxc.com\/product\/03\/a0\/d3\/e85133b5df53975e1e3af6f55a.jpg\" alt=\"cement mixer lorry\" \/><\/p>\n<h2>\u00bfPor qu\u00e9 elegirnos?<\/h2>\n<p>1. M\u00e1s de 15 a\u00f1os de experiencia como fabricante profesional.<br \/>\n2. Protocolo CCC ISO9001.<br \/>\n3. Se aceptan pedidos peque\u00f1os.<br \/>\n4. Aceptamos la inspecci\u00f3n 100%, bienvenido a nuestra f\u00e1brica en cualquier momento.<br \/>\nPer\u00edodo de garant\u00eda de calidad de 5,12 meses.<\/p>","protected":false},"excerpt":{"rendered":"<p>We can produce Foton Concrete mixer trucks, Dongfeng series Concrete mixer trucks, Faw, Steyr, Howo concrete mixer trucks, and Benbei Concrete Mixer trucks.\u00a0Concrete Mixer Truck\u00a0also names cement mixer lorry. We have an advantage of technology and can provide good quality mixer trucks. Features of Foton\u00a0cement mixer lorry The cement mixer lorry is comfortable to ride. [&hellip;]<\/p>","protected":false},"featured_media":2163,"template":"","meta":{"site-sidebar-layout":"default","site-content-layout":"default","ast-site-content-layout":"default","site-content-style":"default","site-sidebar-style":"default","ast-global-header-display":"","ast-banner-title-visibility":"","ast-main-header-display":"","ast-hfb-above-header-display":"","ast-hfb-below-header-display":"","ast-hfb-mobile-header-display":"","site-post-title":"","ast-breadcrumbs-content":"","ast-featured-img":"","footer-sml-layout":"","ast-disable-related-posts":"","theme-transparent-header-meta":"default","adv-header-id-meta":"","stick-header-meta":"","header-above-stick-meta":"","header-main-stick-meta":"","header-below-stick-meta":"","astra-migrate-meta-layouts":"default","ast-page-background-enabled":"default","ast-page-background-meta":{"desktop":{"background-color":"","background-image":"","background-repeat":"repeat","background-position":"center center","background-size":"auto","background-attachment":"scroll","background-type":"","background-media":"","overlay-type":"","overlay-color":"","overlay-opacity":"","overlay-gradient":""},"tablet":{"background-color":"","background-image":"","background-repeat":"repeat","background-position":"center center","background-size":"auto","background-attachment":"scroll","background-type":"","background-media":"","overlay-type":"","overlay-color":"","overlay-opacity":"","overlay-gradient":""},"mobile":{"background-color":"","background-image":"","background-repeat":"repeat","background-position":"center center","background-size":"auto","background-attachment":"scroll","background-type":"","background-media":"","overlay-type":"","overlay-color":"","overlay-opacity":"","overlay-gradient":""}},"ast-content-background-meta":{"desktop":{"background-color":"var(--ast-global-color-5)","background-image":"","background-repeat":"repeat","background-position":"center center","background-size":"auto","background-attachment":"scroll","background-type":"","background-media":"","overlay-type":"","overlay-color":"","overlay-opacity":"","overlay-gradient":""},"tablet":{"background-color":"var(--ast-global-color-5)","background-image":"","background-repeat":"repeat","background-position":"center center","background-size":"auto","background-attachment":"scroll","background-type":"","background-media":"","overlay-type":"","overlay-color":"","overlay-opacity":"","overlay-gradient":""},"mobile":{"background-color":"var(--ast-global-color-5)","background-image":"","background-repeat":"repeat","background-position":"center center","background-size":"auto","background-attachment":"scroll","background-type":"","background-media":"","overlay-type":"","overlay-color":"","overlay-opacity":"","overlay-gradient":""}}},"product_brand":[],"product_cat":[27],"product_tag":[],"class_list":{"0":"post-2159","1":"product","2":"type-product","3":"status-publish","4":"has-post-thumbnail","6":"product_cat-cement-truck","7":"desktop-align-left","8":"tablet-align-left","9":"mobile-align-left","11":"first","12":"instock","13":"shipping-taxable","14":"product-type-simple"},"_links":{"self":[{"href":"https:\/\/satisfybot.com\/es\/wp-json\/wp\/v2\/product\/2159","targetHints":{"allow":["GET"]}}],"collection":[{"href":"https:\/\/satisfybot.com\/es\/wp-json\/wp\/v2\/product"}],"about":[{"href":"https:\/\/satisfybot.com\/es\/wp-json\/wp\/v2\/types\/product"}],"version-history":[{"count":0,"href":"https:\/\/satisfybot.com\/es\/wp-json\/wp\/v2\/product\/2159\/revisions"}],"wp:featuredmedia":[{"embeddable":true,"href":"https:\/\/satisfybot.com\/es\/wp-json\/wp\/v2\/media\/2163"}],"wp:attachment":[{"href":"https:\/\/satisfybot.com\/es\/wp-json\/wp\/v2\/media?parent=2159"}],"wp:term":[{"taxonomy":"product_brand","embeddable":true,"href":"https:\/\/satisfybot.com\/es\/wp-json\/wp\/v2\/product_brand?post=2159"},{"taxonomy":"product_cat","embeddable":true,"href":"https:\/\/satisfybot.com\/es\/wp-json\/wp\/v2\/product_cat?post=2159"},{"taxonomy":"product_tag","embeddable":true,"href":"https:\/\/satisfybot.com\/es\/wp-json\/wp\/v2\/product_tag?post=2159"}],"curies":[{"name":"wp","href":"https:\/\/api.w.org\/{rel}","templated":true}]}}