{"id":2186,"date":"2023-06-25T15:23:00","date_gmt":"2023-06-25T15:23:00","guid":{"rendered":"https:\/\/satisfybot.com\/?post_type=product&#038;p=2186"},"modified":"2023-06-25T15:23:01","modified_gmt":"2023-06-25T15:23:01","slug":"tipper-semi-trailer","status":"publish","type":"product","link":"https:\/\/satisfybot.com\/es\/producto\/tipper-semi-trailer\/","title":{"rendered":"Semirremolque volquete"},"content":{"rendered":"<p>Semirremolque basculante<\/p>\n<p>Capacidad de carga 40-80 toneladas<\/p>\n<p>Eje 3-6 piezas, eje 13T\/16T FUWA\/BPW opcional<\/p>\n<p>Neum\u00e1tico 12.00R20\/ 315\/80R22.5\/ 12R22.5\/ 13R22.5 opcional<\/p>\n<p>Dimensiones (LxAnxAl) 9750 a 12000 mm x 2500 x 3200 mm, opcional<\/p>\n<p>Peso de tara 10 toneladas a 12 toneladas<\/p>\n<p>Llantas 8.5-20, 9.0-20<\/p>\n<p>Sistema de suspensi\u00f3n Suspensi\u00f3n de ballestas \/ suspensi\u00f3n neum\u00e1tica, opcional<\/p>\n<p>Sistema de frenos Sistema de frenos neum\u00e1ticos de doble l\u00ednea con v\u00e1lvula rel\u00e9 de emergencia WABCO<\/p>\n<p>Altura de la viga principal 500 mm Q345<\/p>\n<p>Chasis superior 14mm, inferior 16mm. Red media de 12 mm, opcional<\/p>\n<p>Espesor de la caja de descarga Parte inferior 8 mm Lado 6 mm, opcional<\/p>\n<p>Cilindro hidr\u00e1ulico marca HYVA<\/p>\n<p>Kingpin 2\u2032 o 3.5\u2032 intercambiable<\/p>\n<p>Tren de aterrizaje de 28 toneladas, operaci\u00f3n manual de dos velocidades<\/p>\n<p>Sistema el\u00e9ctrico 1. Voltaje: 24v 2. Recept\u00e1culo: 7 v\u00edas (arn\u00e9s de 7 cables) est\u00e1ndar alem\u00e1n<\/p>\n<p>Luces y reflectores Luz trasera, reflector trasero, luz indicadora de giro, reflector lateral, luz antiniebla, luz de matr\u00edcula<\/p>\n<p>Pintura Granallado seg\u00fan el est\u00e1ndar SA 2.5 antes de la aplicaci\u00f3n de la imprimaci\u00f3n, capa superior de poliuretano. DFT total no menos de 100 \u03bcm; cualquier color estar\u00e1 disponible<\/p>\n<p>Caja de herramientas Una caja de herramientas con un juego de herramientas est\u00e1ndar para remolque<\/p>\n<p>Portador de llanta de refacci\u00f3n Una pieza o dos piezas<\/p>","protected":false},"excerpt":{"rendered":"<p>Art\u00edculos Semirremolque volquete Capacidad de carga 40-80 toneladas Eje 3-6 piezas, eje 13T\/16T FUWA\/BPW opcional Neum\u00e1tico 12.00R20\/315\/80R22.5\/12R22.5\/13R22.5 opcional Dimensiones (LxAnxAl) 9750 a 12000 mm x 2500 x 3200 mm, opcional Peso tara 10 toneladas a 12 toneladas Llantas 8.5-20, 9.0-20 Sistema de suspensi\u00f3n Suspensi\u00f3n de ballesta\/suspensi\u00f3n neum\u00e1tica, opcional Sistema de frenos Sistema de freno neum\u00e1tico de doble l\u00ednea con v\u00e1lvula de rel\u00e9 de emergencia WABCO Altura de la viga principal 500 mm Q345 Chasis superior 14 mm, inferior 16 mm. Banda media de 12 mm, opcional Grosor de la caja de descarga Inferior 8 mm Lateral 6 mm, opcional Cilindro hidr\u00e1ulico Kingpin marca HYVA Tren de aterrizaje intercambiable de 2\u2032 o 3.5\u2032 28 toneladas, operaci\u00f3n manual de dos velocidades Sistema el\u00e9ctrico 1. Voltaje: 24v 2. Recept\u00e1culo: 7 v\u00edas (arn\u00e9s de 7 cables) Est\u00e1ndar alem\u00e1n Luces y reflectores Luz trasera, reflector trasero, luz indicadora de giro, reflector lateral, faro antiniebla, luz de matr\u00edcula Pintura Granallado seg\u00fan el est\u00e1ndar SA 2.5 antes de la aplicaci\u00f3n de la imprimaci\u00f3n, capa superior de poliuretano. DFT total no inferior a 100 \u03bcm; cualquier color estar\u00e1 disponible Caja de herramientas Una caja de herramientas con un juego de herramientas de remolque est\u00e1ndar Porta llantas de repuesto Una o dos piezas<\/p>","protected":false},"featured_media":2187,"template":"","meta":{"site-sidebar-layout":"default","site-content-layout":"default","ast-site-content-layout":"default","site-content-style":"default","site-sidebar-style":"default","ast-global-header-display":"","ast-banner-title-visibility":"","ast-main-header-display":"","ast-hfb-above-header-display":"","ast-hfb-below-header-display":"","ast-hfb-mobile-header-display":"","site-post-title":"","ast-breadcrumbs-content":"","ast-featured-img":"","footer-sml-layout":"","ast-disable-related-posts":"","theme-transparent-header-meta":"default","adv-header-id-meta":"","stick-header-meta":"","header-above-stick-meta":"","header-main-stick-meta":"","header-below-stick-meta":"","astra-migrate-meta-layouts":"default","ast-page-background-enabled":"default","ast-page-background-meta":{"desktop":{"background-color":"","background-image":"","background-repeat":"repeat","background-position":"center center","background-size":"auto","background-attachment":"scroll","background-type":"","background-media":"","overlay-type":"","overlay-color":"","overlay-opacity":"","overlay-gradient":""},"tablet":{"background-color":"","background-image":"","background-repeat":"repeat","background-position":"center center","background-size":"auto","background-attachment":"scroll","background-type":"","background-media":"","overlay-type":"","overlay-color":"","overlay-opacity":"","overlay-gradient":""},"mobile":{"background-color":"","background-image":"","background-repeat":"repeat","background-position":"center center","background-size":"auto","background-attachment":"scroll","background-type":"","background-media":"","overlay-type":"","overlay-color":"","overlay-opacity":"","overlay-gradient":""}},"ast-content-background-meta":{"desktop":{"background-color":"var(--ast-global-color-5)","background-image":"","background-repeat":"repeat","background-position":"center center","background-size":"auto","background-attachment":"scroll","background-type":"","background-media":"","overlay-type":"","overlay-color":"","overlay-opacity":"","overlay-gradient":""},"tablet":{"background-color":"var(--ast-global-color-5)","background-image":"","background-repeat":"repeat","background-position":"center center","background-size":"auto","background-attachment":"scroll","background-type":"","background-media":"","overlay-type":"","overlay-color":"","overlay-opacity":"","overlay-gradient":""},"mobile":{"background-color":"var(--ast-global-color-5)","background-image":"","background-repeat":"repeat","background-position":"center center","background-size":"auto","background-attachment":"scroll","background-type":"","background-media":"","overlay-type":"","overlay-color":"","overlay-opacity":"","overlay-gradient":""}}},"product_brand":[],"product_cat":[30],"product_tag":[],"class_list":{"0":"post-2186","1":"product","2":"type-product","3":"status-publish","4":"has-post-thumbnail","6":"product_cat-semi-trailer","7":"desktop-align-left","8":"tablet-align-left","9":"mobile-align-left","11":"first","12":"instock","13":"shipping-taxable","14":"product-type-simple"},"_links":{"self":[{"href":"https:\/\/satisfybot.com\/es\/wp-json\/wp\/v2\/product\/2186","targetHints":{"allow":["GET"]}}],"collection":[{"href":"https:\/\/satisfybot.com\/es\/wp-json\/wp\/v2\/product"}],"about":[{"href":"https:\/\/satisfybot.com\/es\/wp-json\/wp\/v2\/types\/product"}],"version-history":[{"count":0,"href":"https:\/\/satisfybot.com\/es\/wp-json\/wp\/v2\/product\/2186\/revisions"}],"wp:featuredmedia":[{"embeddable":true,"href":"https:\/\/satisfybot.com\/es\/wp-json\/wp\/v2\/media\/2187"}],"wp:attachment":[{"href":"https:\/\/satisfybot.com\/es\/wp-json\/wp\/v2\/media?parent=2186"}],"wp:term":[{"taxonomy":"product_brand","embeddable":true,"href":"https:\/\/satisfybot.com\/es\/wp-json\/wp\/v2\/product_brand?post=2186"},{"taxonomy":"product_cat","embeddable":true,"href":"https:\/\/satisfybot.com\/es\/wp-json\/wp\/v2\/product_cat?post=2186"},{"taxonomy":"product_tag","embeddable":true,"href":"https:\/\/satisfybot.com\/es\/wp-json\/wp\/v2\/product_tag?post=2186"}],"curies":[{"name":"wp","href":"https:\/\/api.w.org\/{rel}","templated":true}]}}