{"id":2191,"date":"2023-06-25T15:26:53","date_gmt":"2023-06-25T15:26:53","guid":{"rendered":"https:\/\/satisfybot.com\/?post_type=product&#038;p=2191"},"modified":"2023-06-25T15:26:54","modified_gmt":"2023-06-25T15:26:54","slug":"flat-bed-4-axles-semi-trailer-for-sale","status":"publish","type":"product","link":"https:\/\/satisfybot.com\/es\/producto\/flat-bed-4-axles-semi-trailer-for-sale\/","title":{"rendered":"Semirremolque de cama plana de 4 ejes a la venta"},"content":{"rendered":"<p><strong>Semirremolque de cama plana de 4 ejes a la venta<\/strong><\/p>\n<p>Especificaci\u00f3n:<\/p>\n<p><strong>Dimensi\u00f3n<\/strong><\/p>\n<p>(L*An*Al\/mm) 12400*2500*1500<\/p>\n<p><strong>Haz principal<\/strong><\/p>\n<p>\u2606Dise\u00f1o resistente y de mayor durabilidad, optando por acero de alta resistencia Q345.<\/p>\n<p>\u2606500 mm de altura; Brida superior 16*140 mm; Brida central 6 mm; Brida inferior 16*140mm, Viga lateral 18<\/p>\n<p><strong>Peso de tara<\/strong>: debe estar entre 5800 y 6200 kg<\/p>\n<p><strong>Piso de acero<\/strong>\u00a03 mm.<\/p>\n<p><strong>Capacidad<\/strong>: 40T<\/p>\n<p><strong>perno rey<\/strong>\u00a0\u2606 JOST marca 2\u2033 estilo soldado est\u00e1ndar<\/p>\n<p><strong>Tren de aterrizaje<\/strong>\u00a0\u2606FUWA 19\u2033tren de aterrizaje pesado<\/p>\n<p><strong>Eje<\/strong>\u00a0\u2606 Cuatro piezas FUWA marca 13T eje, 10 agujeros.<\/p>\n<p><strong>Suspensi\u00f3n<\/strong>\u00a0\u2606Sistema americano 90*16mm, 10 piezas<\/p>\n<p><strong>Neum\u00e1tico (llanta de rueda)<\/strong><\/p>\n<p>\u26069 unidades de neum\u00e1ticos de acero 10.00R20, incluyen un neum\u00e1tico de repuesto.<\/p>\n<p>\u26069 unidades de llanta 7.5-20<\/p>\n<p><strong>Cerradura de la torcedura<\/strong>\u00a0\u2606 12 n\u00fameros de bloqueo de giro ISO para 2 * 20 pies; Contenedor de 1 * 40 pies, contenedor de 1 * 20 &#039;, se pueden colocar las cerraduras centrales.<\/p>\n<p><strong>Freno<\/strong><\/p>\n<p>\u2606Una unidad de v\u00e1lvula rel\u00e9 WABCO RE 6; dos unidades de c\u00e1mara de freno de resorte T30\/30; dos unidades de T30<\/p>\n<p>C\u00e1mara de freno de resorte.<\/p>\n<p>\u2606Una unidad de tanque de aire confiable de marca local de 45L.<\/p>\n<p><strong>El\u00e9ctrico:<\/strong>\u00a0\u2606Circuito est\u00e1ndar internacional de 24v Enchufe ISO de 7 pines; Luz trasera con se\u00f1al de giro, luz de freno y reflector,<\/p>\n<p>l\u00e1mpara lateral, etc. Un cable est\u00e1ndar de 6 n\u00facleos.<\/p>\n<p><strong>Cuadro:<\/strong><\/p>\n<p>\u2606Procesamiento de chorro de arena para limpiar el \u00f3xido<\/p>\n<p>\u26061 capa de imprimaci\u00f3n anticorrosiva, 2 capas de pintura de acabado de uretano<\/p>\n<p>\u2606color: amarillo<\/p>\n<p><strong>Otro:\u00a0<\/strong>\u2606Un soporte para llanta de refacci\u00f3n;<\/p>\n<p>\u2606Distancia del King pin a la parte delantera: 450mm<\/p>\n<p><strong>Embalaje<\/strong><strong>\u00a0<\/strong>\u2606Corte la parte trasera del remolque y c\u00e1rguelo en un contenedor de 40 HQ, atorn\u00edllelo en el destino.<\/p>\n<p>\u2606Un contenedor lleva\u00a0<strong>dos unidades<\/strong>.<\/p>\n<p><strong>Plazo de pago<\/strong>: T\/T 30% del valor total como anticipo y 70% por LC en el momento de la entrega.<\/p>","protected":false},"excerpt":{"rendered":"<p>Flat Bed 4 Axles Semi Trailer for sale Specification: Dimension (L*W*H\/mm) 12400*2500*1500 Main Beam \u2606Heavy duty and extra durability designed, opting for high tensile steel Q345. \u2606500mm height; Top flange 16*140mm; Middle flange 6mm; Bottom flange 16*140mm, Side beam 18 Tare Weight: should be within 5800 to 6200kg Floor Steel\u00a03mm. Capacity: 40T King pin\u00a0\u2606JOST brand [&hellip;]<\/p>","protected":false},"featured_media":2193,"template":"","meta":{"site-sidebar-layout":"default","site-content-layout":"default","ast-site-content-layout":"default","site-content-style":"default","site-sidebar-style":"default","ast-global-header-display":"","ast-banner-title-visibility":"","ast-main-header-display":"","ast-hfb-above-header-display":"","ast-hfb-below-header-display":"","ast-hfb-mobile-header-display":"","site-post-title":"","ast-breadcrumbs-content":"","ast-featured-img":"","footer-sml-layout":"","ast-disable-related-posts":"","theme-transparent-header-meta":"default","adv-header-id-meta":"","stick-header-meta":"","header-above-stick-meta":"","header-main-stick-meta":"","header-below-stick-meta":"","astra-migrate-meta-layouts":"default","ast-page-background-enabled":"default","ast-page-background-meta":{"desktop":{"background-color":"","background-image":"","background-repeat":"repeat","background-position":"center center","background-size":"auto","background-attachment":"scroll","background-type":"","background-media":"","overlay-type":"","overlay-color":"","overlay-opacity":"","overlay-gradient":""},"tablet":{"background-color":"","background-image":"","background-repeat":"repeat","background-position":"center center","background-size":"auto","background-attachment":"scroll","background-type":"","background-media":"","overlay-type":"","overlay-color":"","overlay-opacity":"","overlay-gradient":""},"mobile":{"background-color":"","background-image":"","background-repeat":"repeat","background-position":"center center","background-size":"auto","background-attachment":"scroll","background-type":"","background-media":"","overlay-type":"","overlay-color":"","overlay-opacity":"","overlay-gradient":""}},"ast-content-background-meta":{"desktop":{"background-color":"var(--ast-global-color-5)","background-image":"","background-repeat":"repeat","background-position":"center center","background-size":"auto","background-attachment":"scroll","background-type":"","background-media":"","overlay-type":"","overlay-color":"","overlay-opacity":"","overlay-gradient":""},"tablet":{"background-color":"var(--ast-global-color-5)","background-image":"","background-repeat":"repeat","background-position":"center center","background-size":"auto","background-attachment":"scroll","background-type":"","background-media":"","overlay-type":"","overlay-color":"","overlay-opacity":"","overlay-gradient":""},"mobile":{"background-color":"var(--ast-global-color-5)","background-image":"","background-repeat":"repeat","background-position":"center center","background-size":"auto","background-attachment":"scroll","background-type":"","background-media":"","overlay-type":"","overlay-color":"","overlay-opacity":"","overlay-gradient":""}}},"product_brand":[],"product_cat":[30],"product_tag":[],"class_list":{"0":"post-2191","1":"product","2":"type-product","3":"status-publish","4":"has-post-thumbnail","6":"product_cat-semi-trailer","7":"desktop-align-left","8":"tablet-align-left","9":"mobile-align-left","11":"first","12":"instock","13":"shipping-taxable","14":"product-type-simple"},"_links":{"self":[{"href":"https:\/\/satisfybot.com\/es\/wp-json\/wp\/v2\/product\/2191","targetHints":{"allow":["GET"]}}],"collection":[{"href":"https:\/\/satisfybot.com\/es\/wp-json\/wp\/v2\/product"}],"about":[{"href":"https:\/\/satisfybot.com\/es\/wp-json\/wp\/v2\/types\/product"}],"version-history":[{"count":0,"href":"https:\/\/satisfybot.com\/es\/wp-json\/wp\/v2\/product\/2191\/revisions"}],"wp:featuredmedia":[{"embeddable":true,"href":"https:\/\/satisfybot.com\/es\/wp-json\/wp\/v2\/media\/2193"}],"wp:attachment":[{"href":"https:\/\/satisfybot.com\/es\/wp-json\/wp\/v2\/media?parent=2191"}],"wp:term":[{"taxonomy":"product_brand","embeddable":true,"href":"https:\/\/satisfybot.com\/es\/wp-json\/wp\/v2\/product_brand?post=2191"},{"taxonomy":"product_cat","embeddable":true,"href":"https:\/\/satisfybot.com\/es\/wp-json\/wp\/v2\/product_cat?post=2191"},{"taxonomy":"product_tag","embeddable":true,"href":"https:\/\/satisfybot.com\/es\/wp-json\/wp\/v2\/product_tag?post=2191"}],"curies":[{"name":"wp","href":"https:\/\/api.w.org\/{rel}","templated":true}]}}